{"id":6854,"date":"2025-12-05T05:09:23","date_gmt":"2025-12-05T05:09:23","guid":{"rendered":"https:\/\/www.kaiyuexcavator.com\/?post_type=product&#038;p=6854"},"modified":"2026-03-11T01:34:04","modified_gmt":"2026-03-11T01:34:04","slug":"escavadora-de-lagartas-cat-320d-320d-em-segunda-mao-cat320d-325c-320c-escavadora-usada-original-japao-escavadora-caterpillar-usada","status":"publish","type":"product","link":"https:\/\/www.kaiyuexcavator.com\/pt\/product\/escavadora-de-lagartas-cat-320d-320d-em-segunda-mao-cat320d-325c-320c-escavadora-usada-original-japao-escavadora-caterpillar-usada\/","title":{"rendered":"Escavadora de lagartas CAT 320D 320D em segunda m\u00e3o CAT320d 325C 320C Escavadora usada Original Jap\u00e3o Escavadora Caterpillar usada"},"content":{"rendered":"<h2><strong>Principais atributos<\/strong><\/h2>\n<p><strong>Atributos espec\u00edficos do sector<\/strong><\/p>\n<table width=\"362\">\n<tbody>\n<tr>\n<td width=\"181\">Ano<\/td>\n<td width=\"181\">2025<\/td>\n<\/tr>\n<tr>\n<td>Peso operacional<\/td>\n<td>20TON<\/td>\n<\/tr>\n<tr>\n<td>Capacidade do balde<\/td>\n<td>1M\u00b3<\/td>\n<\/tr>\n<tr>\n<td>Peso da m\u00e1quina<\/td>\n<td>20000KG<\/td>\n<\/tr>\n<tr>\n<td>Pot\u00eancia<\/td>\n<td>112kw<\/td>\n<\/tr>\n<tr>\n<td>Hor\u00e1rio de trabalho<\/td>\n<td>500 horas<\/td>\n<\/tr>\n<tr>\n<td>Estado<\/td>\n<td>90% Novo<\/td>\n<\/tr>\n<tr>\n<td>Marca do cilindro hidr\u00e1ulico<\/td>\n<td>Original<\/td>\n<\/tr>\n<tr>\n<td>Componentes principais<\/td>\n<td>Motor, bomba, caixa de velocidades, motor<\/td>\n<\/tr>\n<tr>\n<td>Profundidade m\u00e1xima de escava\u00e7\u00e3o<\/td>\n<td>6720mm<\/td>\n<\/tr>\n<tr>\n<td>Altura m\u00e1xima de escava\u00e7\u00e3o<\/td>\n<td>9490mm<\/td>\n<\/tr>\n<tr>\n<td>Raio m\u00e1ximo de escava\u00e7\u00e3o<\/td>\n<td>9890mm<\/td>\n<\/tr>\n<\/tbody>\n<\/table>\n<h2><strong>Apresenta\u00e7\u00e3o do produto<\/strong><\/h2>\n<p><img fetchpriority=\"high\" decoding=\"async\" class=\"alignnone wp-image-6856 size-full\" src=\"https:\/\/www.kaiyuexcavator.com\/wp-content\/uploads\/2025\/12\/13404980679439589.jpeg\" alt=\"\" width=\"1600\" height=\"1600\" srcset=\"https:\/\/www.kaiyuexcavator.com\/wp-content\/uploads\/2025\/12\/13404980679439589.jpeg 1600w, https:\/\/www.kaiyuexcavator.com\/wp-content\/uploads\/2025\/12\/13404980679439589-768x768.jpeg 768w, https:\/\/www.kaiyuexcavator.com\/wp-content\/uploads\/2025\/12\/13404980679439589-1536x1536.jpeg 1536w, https:\/\/www.kaiyuexcavator.com\/wp-content\/uploads\/2025\/12\/13404980679439589-300x300.jpeg 300w, https:\/\/www.kaiyuexcavator.com\/wp-content\/uploads\/2025\/12\/13404980679439589-600x600.jpeg 600w, https:\/\/www.kaiyuexcavator.com\/wp-content\/uploads\/2025\/12\/13404980679439589-100x100.jpeg 100w\" sizes=\"(max-width: 1600px) 100vw, 1600px\" \/> <img decoding=\"async\" class=\"alignnone wp-image-6859 size-full\" src=\"https:\/\/www.kaiyuexcavator.com\/wp-content\/uploads\/2025\/12\/13404980703251301.jpeg\" alt=\"\" width=\"1600\" height=\"1600\" srcset=\"https:\/\/www.kaiyuexcavator.com\/wp-content\/uploads\/2025\/12\/13404980703251301.jpeg 1600w, https:\/\/www.kaiyuexcavator.com\/wp-content\/uploads\/2025\/12\/13404980703251301-768x768.jpeg 768w, https:\/\/www.kaiyuexcavator.com\/wp-content\/uploads\/2025\/12\/13404980703251301-1536x1536.jpeg 1536w, https:\/\/www.kaiyuexcavator.com\/wp-content\/uploads\/2025\/12\/13404980703251301-300x300.jpeg 300w, https:\/\/www.kaiyuexcavator.com\/wp-content\/uploads\/2025\/12\/13404980703251301-600x600.jpeg 600w, https:\/\/www.kaiyuexcavator.com\/wp-content\/uploads\/2025\/12\/13404980703251301-100x100.jpeg 100w\" sizes=\"(max-width: 1600px) 100vw, 1600px\" \/> <img decoding=\"async\" class=\"alignnone wp-image-6858 size-full\" src=\"https:\/\/www.kaiyuexcavator.com\/wp-content\/uploads\/2025\/12\/13404980690044362.jpeg\" alt=\"\" width=\"1600\" height=\"1600\" srcset=\"https:\/\/www.kaiyuexcavator.com\/wp-content\/uploads\/2025\/12\/13404980690044362.jpeg 1600w, https:\/\/www.kaiyuexcavator.com\/wp-content\/uploads\/2025\/12\/13404980690044362-768x768.jpeg 768w, https:\/\/www.kaiyuexcavator.com\/wp-content\/uploads\/2025\/12\/13404980690044362-1536x1536.jpeg 1536w, https:\/\/www.kaiyuexcavator.com\/wp-content\/uploads\/2025\/12\/13404980690044362-300x300.jpeg 300w, https:\/\/www.kaiyuexcavator.com\/wp-content\/uploads\/2025\/12\/13404980690044362-600x600.jpeg 600w, https:\/\/www.kaiyuexcavator.com\/wp-content\/uploads\/2025\/12\/13404980690044362-100x100.jpeg 100w\" sizes=\"(max-width: 1600px) 100vw, 1600px\" \/> <img loading=\"lazy\" decoding=\"async\" class=\"alignnone wp-image-6860 size-full\" src=\"https:\/\/www.kaiyuexcavator.com\/wp-content\/uploads\/2025\/12\/13404980747652338.jpeg\" alt=\"\" width=\"1600\" height=\"1600\" srcset=\"https:\/\/www.kaiyuexcavator.com\/wp-content\/uploads\/2025\/12\/13404980747652338.jpeg 1600w, https:\/\/www.kaiyuexcavator.com\/wp-content\/uploads\/2025\/12\/13404980747652338-768x768.jpeg 768w, https:\/\/www.kaiyuexcavator.com\/wp-content\/uploads\/2025\/12\/13404980747652338-1536x1536.jpeg 1536w, https:\/\/www.kaiyuexcavator.com\/wp-content\/uploads\/2025\/12\/13404980747652338-300x300.jpeg 300w, https:\/\/www.kaiyuexcavator.com\/wp-content\/uploads\/2025\/12\/13404980747652338-600x600.jpeg 600w, https:\/\/www.kaiyuexcavator.com\/wp-content\/uploads\/2025\/12\/13404980747652338-100x100.jpeg 100w\" sizes=\"(max-width: 1600px) 100vw, 1600px\" \/><\/p>","protected":false},"excerpt":{"rendered":"<table width=\"362\">\n<tbody>\n<tr>\n<td width=\"181\">1 - 2 unidades<\/td>\n<td width=\"181\">&gt;= 3 unidades<\/td>\n<\/tr>\n<tr>\n<td>USD$25000<\/td>\n<td>USD$22000<\/td>\n<\/tr>\n<\/tbody>\n<\/table>\n<table style=\"font-size: 16px;font-style: normal\" width=\"362\">\n<tbody>\n<tr>\n<td width=\"181\">Nome do produto<\/td>\n<td width=\"181\">Escavadora de lagartas CAT320D usada<\/td>\n<\/tr>\n<tr>\n<td>Min. Encomenda<\/td>\n<td>1 unidade<\/td>\n<\/tr>\n<tr>\n<td>Peso<\/td>\n<td>20 TONELADAS<\/td>\n<\/tr>\n<tr>\n<td>Ano<\/td>\n<td>2025<\/td>\n<\/tr>\n<tr>\n<td>Hor\u00e1rio de trabalho<\/td>\n<td>500 horas<\/td>\n<\/tr>\n<\/tbody>\n<\/table>","protected":false},"featured_media":6856,"comment_status":"open","ping_status":"closed","template":"","meta":{"_acf_changed":false,"site-sidebar-layout":"default","site-content-layout":"","ast-site-content-layout":"default","site-content-style":"default","site-sidebar-style":"default","ast-global-header-display":"","ast-banner-title-visibility":"","ast-main-header-display":"","ast-hfb-above-header-display":"","ast-hfb-below-header-display":"","ast-hfb-mobile-header-display":"","site-post-title":"disabled","ast-breadcrumbs-content":"","ast-featured-img":"disabled","footer-sml-layout":"","theme-transparent-header-meta":"default","adv-header-id-meta":"","stick-header-meta":"default","header-above-stick-meta":"","header-main-stick-meta":"","header-below-stick-meta":"","astra-migrate-meta-layouts":"set","ast-page-background-enabled":"default","ast-page-background-meta":{"desktop":{"background-color":"var(--ast-global-color-4)","background-image":"","background-repeat":"repeat","background-position":"center center","background-size":"auto","background-attachment":"scroll","background-type":"","background-media":"","overlay-type":"","overlay-color":"","overlay-opacity":"","overlay-gradient":""},"tablet":{"background-color":"","background-image":"","background-repeat":"repeat","background-position":"center center","background-size":"auto","background-attachment":"scroll","background-type":"","background-media":"","overlay-type":"","overlay-color":"","overlay-opacity":"","overlay-gradient":""},"mobile":{"background-color":"","background-image":"","background-repeat":"repeat","background-position":"center center","background-size":"auto","background-attachment":"scroll","background-type":"","background-media":"","overlay-type":"","overlay-color":"","overlay-opacity":"","overlay-gradient":""}},"ast-content-background-meta":{"desktop":{"background-color":"var(--ast-global-color-5)","background-image":"","background-repeat":"repeat","background-position":"center center","background-size":"auto","background-attachment":"scroll","background-type":"","background-media":"","overlay-type":"","overlay-color":"","overlay-opacity":"","overlay-gradient":""},"tablet":{"background-color":"var(--ast-global-color-5)","background-image":"","background-repeat":"repeat","background-position":"center center","background-size":"auto","background-attachment":"scroll","background-type":"","background-media":"","overlay-type":"","overlay-color":"","overlay-opacity":"","overlay-gradient":""},"mobile":{"background-color":"var(--ast-global-color-5)","background-image":"","background-repeat":"repeat","background-position":"center center","background-size":"auto","background-attachment":"scroll","background-type":"","background-media":"","overlay-type":"","overlay-color":"","overlay-opacity":"","overlay-gradient":""}}},"product_cat":[87,60],"product_tag":[],"class_list":{"0":"post-6854","1":"product","2":"type-product","3":"status-publish","4":"has-post-thumbnail","6":"product_cat-caterpillar","7":"product_cat-excavator","8":"desktop-align-left","9":"tablet-align-left","10":"mobile-align-left","11":"ast-product-gallery-layout-horizontal-slider","12":"ast-product-tabs-layout-horizontal","14":"first","15":"instock","16":"shipping-taxable","17":"product-type-simple"},"acf":[],"_links":{"self":[{"href":"https:\/\/www.kaiyuexcavator.com\/pt\/wp-json\/wp\/v2\/product\/6854","targetHints":{"allow":["GET"]}}],"collection":[{"href":"https:\/\/www.kaiyuexcavator.com\/pt\/wp-json\/wp\/v2\/product"}],"about":[{"href":"https:\/\/www.kaiyuexcavator.com\/pt\/wp-json\/wp\/v2\/types\/product"}],"replies":[{"embeddable":true,"href":"https:\/\/www.kaiyuexcavator.com\/pt\/wp-json\/wp\/v2\/comments?post=6854"}],"version-history":[{"count":4,"href":"https:\/\/www.kaiyuexcavator.com\/pt\/wp-json\/wp\/v2\/product\/6854\/revisions"}],"predecessor-version":[{"id":6998,"href":"https:\/\/www.kaiyuexcavator.com\/pt\/wp-json\/wp\/v2\/product\/6854\/revisions\/6998"}],"wp:featuredmedia":[{"embeddable":true,"href":"https:\/\/www.kaiyuexcavator.com\/pt\/wp-json\/wp\/v2\/media\/6856"}],"wp:attachment":[{"href":"https:\/\/www.kaiyuexcavator.com\/pt\/wp-json\/wp\/v2\/media?parent=6854"}],"wp:term":[{"taxonomy":"product_cat","embeddable":true,"href":"https:\/\/www.kaiyuexcavator.com\/pt\/wp-json\/wp\/v2\/product_cat?post=6854"},{"taxonomy":"product_tag","embeddable":true,"href":"https:\/\/www.kaiyuexcavator.com\/pt\/wp-json\/wp\/v2\/product_tag?post=6854"}],"curies":[{"name":"wp","href":"https:\/\/api.w.org\/{rel}","templated":true}]}}