{"id":6759,"date":"2025-10-28T06:50:56","date_gmt":"2025-10-28T06:50:56","guid":{"rendered":"https:\/\/www.kaiyuexcavator.com\/?post_type=product&#038;p=6759"},"modified":"2025-10-28T06:56:52","modified_gmt":"2025-10-28T06:56:52","slug":"used-doosan-dx60-9c-mini-excavator-used-excavator-great-price-crawler-good-condition-dx60-9c-for-sale-construction-industry","status":"publish","type":"product","link":"https:\/\/www.kaiyuexcavator.com\/pt\/product\/used-doosan-dx60-9c-mini-excavator-used-excavator-great-price-crawler-good-condition-dx60-9c-for-sale-construction-industry\/","title":{"rendered":"Used Doosan DX60-9C Mini Excavator Used Excavator Great Price Crawler Good Condition DX60-9C for Sale Construction Industry"},"content":{"rendered":"<h2 class=\"wp-block-heading\"><strong>Principais atributos<\/strong><\/h2>\n<p><strong>Atributos espec\u00edficos do sector<\/strong><\/p>\n<table width=\"362\">\n<tbody>\n<tr>\n<td width=\"181\">Ano<\/td>\n<td width=\"181\">2024<\/td>\n<\/tr>\n<tr>\n<td>Peso operacional<\/td>\n<td>6TON<\/td>\n<\/tr>\n<tr>\n<td>Capacidade do balde<\/td>\n<td>0.15M\u00b3<\/td>\n<\/tr>\n<tr>\n<td>Peso da m\u00e1quina<\/td>\n<td>6TON<\/td>\n<\/tr>\n<tr>\n<td>Pot\u00eancia<\/td>\n<td>39,7kw<\/td>\n<\/tr>\n<tr>\n<td>Hor\u00e1rio de trabalho<\/td>\n<td>600 horas<\/td>\n<\/tr>\n<tr>\n<td>Estado<\/td>\n<td>90% Novo<\/td>\n<\/tr>\n<tr>\n<td>Marca do cilindro hidr\u00e1ulico<\/td>\n<td>Original<\/td>\n<\/tr>\n<tr>\n<td>Componentes principais<\/td>\n<td>Motor, bomba, caixa de velocidades, motor<\/td>\n<\/tr>\n<tr>\n<td>Profundidade m\u00e1xima de escava\u00e7\u00e3o<\/td>\n<td>3800mm<\/td>\n<\/tr>\n<tr>\n<td>Altura m\u00e1xima de escava\u00e7\u00e3o<\/td>\n<td>5788mm<\/td>\n<\/tr>\n<tr>\n<td>Raio m\u00e1ximo de escava\u00e7\u00e3o<\/td>\n<td>6136mm<\/td>\n<\/tr>\n<\/tbody>\n<\/table>\n<h2><strong>Apresenta\u00e7\u00e3o do produto<\/strong><\/h2>\n<p><img fetchpriority=\"high\" decoding=\"async\" class=\"alignnone wp-image-6760 size-full\" src=\"https:\/\/www.kaiyuexcavator.com\/wp-content\/uploads\/2025\/10\/13404980887623503.jpeg\" alt=\"\" width=\"1600\" height=\"1600\" srcset=\"https:\/\/www.kaiyuexcavator.com\/wp-content\/uploads\/2025\/10\/13404980887623503.jpeg 1600w, https:\/\/www.kaiyuexcavator.com\/wp-content\/uploads\/2025\/10\/13404980887623503-768x768.jpeg 768w, https:\/\/www.kaiyuexcavator.com\/wp-content\/uploads\/2025\/10\/13404980887623503-1536x1536.jpeg 1536w, https:\/\/www.kaiyuexcavator.com\/wp-content\/uploads\/2025\/10\/13404980887623503-300x300.jpeg 300w, https:\/\/www.kaiyuexcavator.com\/wp-content\/uploads\/2025\/10\/13404980887623503-600x600.jpeg 600w, https:\/\/www.kaiyuexcavator.com\/wp-content\/uploads\/2025\/10\/13404980887623503-100x100.jpeg 100w\" sizes=\"(max-width: 1600px) 100vw, 1600px\" \/> <img decoding=\"async\" class=\"alignnone wp-image-6761 size-full\" src=\"https:\/\/www.kaiyuexcavator.com\/wp-content\/uploads\/2025\/10\/13404980865055214.jpeg\" alt=\"\" width=\"1600\" height=\"1600\" srcset=\"https:\/\/www.kaiyuexcavator.com\/wp-content\/uploads\/2025\/10\/13404980865055214.jpeg 1600w, https:\/\/www.kaiyuexcavator.com\/wp-content\/uploads\/2025\/10\/13404980865055214-768x768.jpeg 768w, https:\/\/www.kaiyuexcavator.com\/wp-content\/uploads\/2025\/10\/13404980865055214-1536x1536.jpeg 1536w, https:\/\/www.kaiyuexcavator.com\/wp-content\/uploads\/2025\/10\/13404980865055214-300x300.jpeg 300w, https:\/\/www.kaiyuexcavator.com\/wp-content\/uploads\/2025\/10\/13404980865055214-600x600.jpeg 600w, https:\/\/www.kaiyuexcavator.com\/wp-content\/uploads\/2025\/10\/13404980865055214-100x100.jpeg 100w\" sizes=\"(max-width: 1600px) 100vw, 1600px\" \/> <img decoding=\"async\" class=\"alignnone wp-image-6763 size-full\" src=\"https:\/\/www.kaiyuexcavator.com\/wp-content\/uploads\/2025\/10\/13404980894537091.jpeg\" alt=\"\" width=\"1600\" height=\"1600\" srcset=\"https:\/\/www.kaiyuexcavator.com\/wp-content\/uploads\/2025\/10\/13404980894537091.jpeg 1600w, https:\/\/www.kaiyuexcavator.com\/wp-content\/uploads\/2025\/10\/13404980894537091-768x768.jpeg 768w, https:\/\/www.kaiyuexcavator.com\/wp-content\/uploads\/2025\/10\/13404980894537091-1536x1536.jpeg 1536w, https:\/\/www.kaiyuexcavator.com\/wp-content\/uploads\/2025\/10\/13404980894537091-300x300.jpeg 300w, https:\/\/www.kaiyuexcavator.com\/wp-content\/uploads\/2025\/10\/13404980894537091-600x600.jpeg 600w, https:\/\/www.kaiyuexcavator.com\/wp-content\/uploads\/2025\/10\/13404980894537091-100x100.jpeg 100w\" sizes=\"(max-width: 1600px) 100vw, 1600px\" \/> <img loading=\"lazy\" decoding=\"async\" class=\"alignnone wp-image-6764 size-full\" src=\"https:\/\/www.kaiyuexcavator.com\/wp-content\/uploads\/2025\/10\/13404980908397034.jpeg\" alt=\"\" width=\"1600\" height=\"1600\" srcset=\"https:\/\/www.kaiyuexcavator.com\/wp-content\/uploads\/2025\/10\/13404980908397034.jpeg 1600w, https:\/\/www.kaiyuexcavator.com\/wp-content\/uploads\/2025\/10\/13404980908397034-768x768.jpeg 768w, https:\/\/www.kaiyuexcavator.com\/wp-content\/uploads\/2025\/10\/13404980908397034-1536x1536.jpeg 1536w, https:\/\/www.kaiyuexcavator.com\/wp-content\/uploads\/2025\/10\/13404980908397034-300x300.jpeg 300w, https:\/\/www.kaiyuexcavator.com\/wp-content\/uploads\/2025\/10\/13404980908397034-600x600.jpeg 600w, https:\/\/www.kaiyuexcavator.com\/wp-content\/uploads\/2025\/10\/13404980908397034-100x100.jpeg 100w\" sizes=\"(max-width: 1600px) 100vw, 1600px\" \/><\/p>","protected":false},"excerpt":{"rendered":"<table width=\"362\">\n<tbody>\n<tr>\n<td width=\"181\">1 - 2 unidades<\/td>\n<td width=\"181\">&gt;= 3 unidades<\/td>\n<\/tr>\n<tr>\n<td>USD$15000<\/td>\n<td>USD$14000<\/td>\n<\/tr>\n<\/tbody>\n<\/table>\n<table style=\"font-size: 16px;font-style: normal\" width=\"362\">\n<tbody>\n<tr>\n<td width=\"181\">Nome do produto<\/td>\n<td width=\"181\">Escavadora Doosan DX60-9C usada<\/td>\n<\/tr>\n<tr>\n<td>Min. Encomenda<\/td>\n<td>1 unidade<\/td>\n<\/tr>\n<tr>\n<td>Peso<\/td>\n<td>6TON<\/td>\n<\/tr>\n<tr>\n<td>Ano<\/td>\n<td>2024<\/td>\n<\/tr>\n<tr>\n<td>Hor\u00e1rio de trabalho<\/td>\n<td>600 horas<\/td>\n<\/tr>\n<\/tbody>\n<\/table>","protected":false},"featured_media":6760,"comment_status":"open","ping_status":"closed","template":"","meta":{"_acf_changed":false,"site-sidebar-layout":"default","site-content-layout":"","ast-site-content-layout":"default","site-content-style":"default","site-sidebar-style":"default","ast-global-header-display":"","ast-banner-title-visibility":"","ast-main-header-display":"","ast-hfb-above-header-display":"","ast-hfb-below-header-display":"","ast-hfb-mobile-header-display":"","site-post-title":"disabled","ast-breadcrumbs-content":"","ast-featured-img":"disabled","footer-sml-layout":"","theme-transparent-header-meta":"default","adv-header-id-meta":"","stick-header-meta":"default","header-above-stick-meta":"","header-main-stick-meta":"","header-below-stick-meta":"","astra-migrate-meta-layouts":"set","ast-page-background-enabled":"default","ast-page-background-meta":{"desktop":{"background-color":"var(--ast-global-color-4)","background-image":"","background-repeat":"repeat","background-position":"center center","background-size":"auto","background-attachment":"scroll","background-type":"","background-media":"","overlay-type":"","overlay-color":"","overlay-opacity":"","overlay-gradient":""},"tablet":{"background-color":"","background-image":"","background-repeat":"repeat","background-position":"center center","background-size":"auto","background-attachment":"scroll","background-type":"","background-media":"","overlay-type":"","overlay-color":"","overlay-opacity":"","overlay-gradient":""},"mobile":{"background-color":"","background-image":"","background-repeat":"repeat","background-position":"center center","background-size":"auto","background-attachment":"scroll","background-type":"","background-media":"","overlay-type":"","overlay-color":"","overlay-opacity":"","overlay-gradient":""}},"ast-content-background-meta":{"desktop":{"background-color":"var(--ast-global-color-5)","background-image":"","background-repeat":"repeat","background-position":"center center","background-size":"auto","background-attachment":"scroll","background-type":"","background-media":"","overlay-type":"","overlay-color":"","overlay-opacity":"","overlay-gradient":""},"tablet":{"background-color":"var(--ast-global-color-5)","background-image":"","background-repeat":"repeat","background-position":"center center","background-size":"auto","background-attachment":"scroll","background-type":"","background-media":"","overlay-type":"","overlay-color":"","overlay-opacity":"","overlay-gradient":""},"mobile":{"background-color":"var(--ast-global-color-5)","background-image":"","background-repeat":"repeat","background-position":"center center","background-size":"auto","background-attachment":"scroll","background-type":"","background-media":"","overlay-type":"","overlay-color":"","overlay-opacity":"","overlay-gradient":""}}},"product_cat":[92,60],"product_tag":[],"class_list":{"0":"post-6759","1":"product","2":"type-product","3":"status-publish","4":"has-post-thumbnail","6":"product_cat-doosan","7":"product_cat-excavator","8":"desktop-align-left","9":"tablet-align-left","10":"mobile-align-left","11":"ast-product-gallery-layout-horizontal-slider","12":"ast-product-tabs-layout-horizontal","14":"first","15":"instock","16":"shipping-taxable","17":"product-type-simple"},"acf":[],"_links":{"self":[{"href":"https:\/\/www.kaiyuexcavator.com\/pt\/wp-json\/wp\/v2\/product\/6759","targetHints":{"allow":["GET"]}}],"collection":[{"href":"https:\/\/www.kaiyuexcavator.com\/pt\/wp-json\/wp\/v2\/product"}],"about":[{"href":"https:\/\/www.kaiyuexcavator.com\/pt\/wp-json\/wp\/v2\/types\/product"}],"replies":[{"embeddable":true,"href":"https:\/\/www.kaiyuexcavator.com\/pt\/wp-json\/wp\/v2\/comments?post=6759"}],"version-history":[{"count":1,"href":"https:\/\/www.kaiyuexcavator.com\/pt\/wp-json\/wp\/v2\/product\/6759\/revisions"}],"predecessor-version":[{"id":6765,"href":"https:\/\/www.kaiyuexcavator.com\/pt\/wp-json\/wp\/v2\/product\/6759\/revisions\/6765"}],"wp:featuredmedia":[{"embeddable":true,"href":"https:\/\/www.kaiyuexcavator.com\/pt\/wp-json\/wp\/v2\/media\/6760"}],"wp:attachment":[{"href":"https:\/\/www.kaiyuexcavator.com\/pt\/wp-json\/wp\/v2\/media?parent=6759"}],"wp:term":[{"taxonomy":"product_cat","embeddable":true,"href":"https:\/\/www.kaiyuexcavator.com\/pt\/wp-json\/wp\/v2\/product_cat?post=6759"},{"taxonomy":"product_tag","embeddable":true,"href":"https:\/\/www.kaiyuexcavator.com\/pt\/wp-json\/wp\/v2\/product_tag?post=6759"}],"curies":[{"name":"wp","href":"https:\/\/api.w.org\/{rel}","templated":true}]}}