{"id":6700,"date":"2025-09-26T06:21:16","date_gmt":"2025-09-26T06:21:16","guid":{"rendered":"https:\/\/www.kaiyuexcavator.com\/?post_type=product&#038;p=6700"},"modified":"2025-09-26T06:31:38","modified_gmt":"2025-09-26T06:31:38","slug":"escavadora-pequena-hitachi-zx120-escavadora-de-alta-eficiencia-usada-escavadora-original-japonesa-usada-escavadora-em-segunda-mao-para-venda","status":"publish","type":"product","link":"https:\/\/www.kaiyuexcavator.com\/pt\/product\/escavadora-pequena-hitachi-zx120-escavadora-de-alta-eficiencia-usada-escavadora-original-japonesa-usada-escavadora-em-segunda-mao-para-venda\/","title":{"rendered":"Escavadeira Hitachi ZX120 pequena de alta efici\u00eancia usada Escavadeira original japonesa usada Escavadeira de segunda m\u00e3o para venda"},"content":{"rendered":"<h2 class=\"wp-block-heading\"><strong>Principais atributos<\/strong><\/h2>\n<p><strong>Atributos espec\u00edficos do sector<\/strong><\/p>\n<table width=\"362\">\n<tbody>\n<tr>\n<td width=\"181\">Ano<\/td>\n<td width=\"181\">2024<\/td>\n<\/tr>\n<tr>\n<td>Peso operacional<\/td>\n<td>12TON<\/td>\n<\/tr>\n<tr>\n<td>Capacidade do balde<\/td>\n<td>1.2M\u00b3<\/td>\n<\/tr>\n<tr>\n<td>Peso da m\u00e1quina<\/td>\n<td>12000KG<\/td>\n<\/tr>\n<tr>\n<td>Pot\u00eancia<\/td>\n<td>99kw<\/td>\n<\/tr>\n<tr>\n<td>Hor\u00e1rio de trabalho<\/td>\n<td>500 horas<\/td>\n<\/tr>\n<tr>\n<td>Estado<\/td>\n<td>95% Novo<\/td>\n<\/tr>\n<tr>\n<td>Marca do cilindro hidr\u00e1ulico<\/td>\n<td>Original<\/td>\n<\/tr>\n<tr>\n<td>Componentes principais<\/td>\n<td>Motor, bomba, caixa de velocidades, motor<\/td>\n<\/tr>\n<tr>\n<td>Profundidade m\u00e1xima de escava\u00e7\u00e3o<\/td>\n<td>5150mm<\/td>\n<\/tr>\n<tr>\n<td>Altura m\u00e1xima de escava\u00e7\u00e3o<\/td>\n<td>8570mm<\/td>\n<\/tr>\n<tr>\n<td>Raio m\u00e1ximo de escava\u00e7\u00e3o<\/td>\n<td>8270mm<\/td>\n<\/tr>\n<\/tbody>\n<\/table>\n<h2><strong>Apresenta\u00e7\u00e3o do produto<\/strong><\/h2>\n<figure id=\"attachment_6701\" aria-describedby=\"caption-attachment-6701\" style=\"width: 2560px\" class=\"wp-caption alignnone\"><img fetchpriority=\"high\" decoding=\"async\" class=\"wp-image-6701 size-full\" src=\"https:\/\/www.kaiyuexcavator.com\/wp-content\/uploads\/2025\/09\/\u5fae\u4fe1\u56fe\u7247_20231020093839-scaled.jpg\" alt=\"\" width=\"2560\" height=\"2560\" srcset=\"https:\/\/www.kaiyuexcavator.com\/wp-content\/uploads\/2025\/09\/\u5fae\u4fe1\u56fe\u7247_20231020093839-scaled.jpg 2560w, https:\/\/www.kaiyuexcavator.com\/wp-content\/uploads\/2025\/09\/\u5fae\u4fe1\u56fe\u7247_20231020093839-768x768.jpg 768w, https:\/\/www.kaiyuexcavator.com\/wp-content\/uploads\/2025\/09\/\u5fae\u4fe1\u56fe\u7247_20231020093839-1536x1536.jpg 1536w, https:\/\/www.kaiyuexcavator.com\/wp-content\/uploads\/2025\/09\/\u5fae\u4fe1\u56fe\u7247_20231020093839-2048x2048.jpg 2048w, https:\/\/www.kaiyuexcavator.com\/wp-content\/uploads\/2025\/09\/\u5fae\u4fe1\u56fe\u7247_20231020093839-300x300.jpg 300w, https:\/\/www.kaiyuexcavator.com\/wp-content\/uploads\/2025\/09\/\u5fae\u4fe1\u56fe\u7247_20231020093839-600x600.jpg 600w, https:\/\/www.kaiyuexcavator.com\/wp-content\/uploads\/2025\/09\/\u5fae\u4fe1\u56fe\u7247_20231020093839-100x100.jpg 100w\" sizes=\"(max-width: 2560px) 100vw, 2560px\" \/><figcaption id=\"caption-attachment-6701\" class=\"wp-caption-text\">inteligente<\/figcaption><\/figure>\n<figure id=\"attachment_6703\" aria-describedby=\"caption-attachment-6703\" style=\"width: 2560px\" class=\"wp-caption alignnone\"><img decoding=\"async\" class=\"wp-image-6703 size-full\" src=\"https:\/\/www.kaiyuexcavator.com\/wp-content\/uploads\/2025\/09\/\u5fae\u4fe1\u56fe\u7247_20231020093835-scaled.jpg\" alt=\"\" width=\"2560\" height=\"2560\" srcset=\"https:\/\/www.kaiyuexcavator.com\/wp-content\/uploads\/2025\/09\/\u5fae\u4fe1\u56fe\u7247_20231020093835-scaled.jpg 2560w, https:\/\/www.kaiyuexcavator.com\/wp-content\/uploads\/2025\/09\/\u5fae\u4fe1\u56fe\u7247_20231020093835-768x768.jpg 768w, https:\/\/www.kaiyuexcavator.com\/wp-content\/uploads\/2025\/09\/\u5fae\u4fe1\u56fe\u7247_20231020093835-1536x1536.jpg 1536w, https:\/\/www.kaiyuexcavator.com\/wp-content\/uploads\/2025\/09\/\u5fae\u4fe1\u56fe\u7247_20231020093835-2048x2048.jpg 2048w, https:\/\/www.kaiyuexcavator.com\/wp-content\/uploads\/2025\/09\/\u5fae\u4fe1\u56fe\u7247_20231020093835-300x300.jpg 300w, https:\/\/www.kaiyuexcavator.com\/wp-content\/uploads\/2025\/09\/\u5fae\u4fe1\u56fe\u7247_20231020093835-600x600.jpg 600w, https:\/\/www.kaiyuexcavator.com\/wp-content\/uploads\/2025\/09\/\u5fae\u4fe1\u56fe\u7247_20231020093835-100x100.jpg 100w\" sizes=\"(max-width: 2560px) 100vw, 2560px\" \/><figcaption id=\"caption-attachment-6703\" class=\"wp-caption-text\">inteligente<\/figcaption><\/figure>\n<figure id=\"attachment_6702\" aria-describedby=\"caption-attachment-6702\" style=\"width: 2560px\" class=\"wp-caption alignnone\"><img decoding=\"async\" class=\"wp-image-6702 size-full\" src=\"https:\/\/www.kaiyuexcavator.com\/wp-content\/uploads\/2025\/09\/\u5fae\u4fe1\u56fe\u7247_20231020093816-scaled.jpg\" alt=\"\" width=\"2560\" height=\"2560\" srcset=\"https:\/\/www.kaiyuexcavator.com\/wp-content\/uploads\/2025\/09\/\u5fae\u4fe1\u56fe\u7247_20231020093816-scaled.jpg 2560w, https:\/\/www.kaiyuexcavator.com\/wp-content\/uploads\/2025\/09\/\u5fae\u4fe1\u56fe\u7247_20231020093816-768x768.jpg 768w, https:\/\/www.kaiyuexcavator.com\/wp-content\/uploads\/2025\/09\/\u5fae\u4fe1\u56fe\u7247_20231020093816-1536x1536.jpg 1536w, https:\/\/www.kaiyuexcavator.com\/wp-content\/uploads\/2025\/09\/\u5fae\u4fe1\u56fe\u7247_20231020093816-2048x2048.jpg 2048w, https:\/\/www.kaiyuexcavator.com\/wp-content\/uploads\/2025\/09\/\u5fae\u4fe1\u56fe\u7247_20231020093816-300x300.jpg 300w, https:\/\/www.kaiyuexcavator.com\/wp-content\/uploads\/2025\/09\/\u5fae\u4fe1\u56fe\u7247_20231020093816-600x600.jpg 600w, https:\/\/www.kaiyuexcavator.com\/wp-content\/uploads\/2025\/09\/\u5fae\u4fe1\u56fe\u7247_20231020093816-100x100.jpg 100w\" sizes=\"(max-width: 2560px) 100vw, 2560px\" \/><figcaption id=\"caption-attachment-6702\" class=\"wp-caption-text\">inteligente<\/figcaption><\/figure>\n<figure id=\"attachment_6705\" aria-describedby=\"caption-attachment-6705\" style=\"width: 2560px\" class=\"wp-caption alignnone\"><img loading=\"lazy\" decoding=\"async\" class=\"wp-image-6705 size-full\" src=\"https:\/\/www.kaiyuexcavator.com\/wp-content\/uploads\/2025\/09\/\u5fae\u4fe1\u56fe\u7247_20231020093849-scaled.jpg\" alt=\"\" width=\"2560\" height=\"2560\" srcset=\"https:\/\/www.kaiyuexcavator.com\/wp-content\/uploads\/2025\/09\/\u5fae\u4fe1\u56fe\u7247_20231020093849-scaled.jpg 2560w, https:\/\/www.kaiyuexcavator.com\/wp-content\/uploads\/2025\/09\/\u5fae\u4fe1\u56fe\u7247_20231020093849-768x768.jpg 768w, https:\/\/www.kaiyuexcavator.com\/wp-content\/uploads\/2025\/09\/\u5fae\u4fe1\u56fe\u7247_20231020093849-1536x1536.jpg 1536w, https:\/\/www.kaiyuexcavator.com\/wp-content\/uploads\/2025\/09\/\u5fae\u4fe1\u56fe\u7247_20231020093849-2048x2048.jpg 2048w, https:\/\/www.kaiyuexcavator.com\/wp-content\/uploads\/2025\/09\/\u5fae\u4fe1\u56fe\u7247_20231020093849-300x300.jpg 300w, https:\/\/www.kaiyuexcavator.com\/wp-content\/uploads\/2025\/09\/\u5fae\u4fe1\u56fe\u7247_20231020093849-600x600.jpg 600w, https:\/\/www.kaiyuexcavator.com\/wp-content\/uploads\/2025\/09\/\u5fae\u4fe1\u56fe\u7247_20231020093849-100x100.jpg 100w\" sizes=\"(max-width: 2560px) 100vw, 2560px\" \/><figcaption id=\"caption-attachment-6705\" class=\"wp-caption-text\">inteligente<\/figcaption><\/figure>","protected":false},"excerpt":{"rendered":"<table width=\"362\">\n<tbody>\n<tr>\n<td width=\"181\">1 - 2 unidades<\/td>\n<td width=\"181\">&gt;= 3 unidades<\/td>\n<\/tr>\n<tr>\n<td>USD$21000<\/td>\n<td>USD$16000<\/td>\n<\/tr>\n<\/tbody>\n<\/table>\n<table style=\"font-size: 16px;font-style: normal\" width=\"362\">\n<tbody>\n<tr>\n<td width=\"181\">Nome do produto<\/td>\n<td width=\"181\">Escavadora Hitachi ZX120 usada<\/td>\n<\/tr>\n<tr>\n<td>Min. Encomenda<\/td>\n<td>1 unidade<\/td>\n<\/tr>\n<tr>\n<td>Peso<\/td>\n<td>12 TONELADAS<\/td>\n<\/tr>\n<tr>\n<td>Ano<\/td>\n<td>2024<\/td>\n<\/tr>\n<tr>\n<td>Hor\u00e1rio de trabalho<\/td>\n<td>500 horas<\/td>\n<\/tr>\n<\/tbody>\n<\/table>","protected":false},"featured_media":6701,"comment_status":"open","ping_status":"closed","template":"","meta":{"_acf_changed":false,"site-sidebar-layout":"default","site-content-layout":"","ast-site-content-layout":"default","site-content-style":"default","site-sidebar-style":"default","ast-global-header-display":"","ast-banner-title-visibility":"","ast-main-header-display":"","ast-hfb-above-header-display":"","ast-hfb-below-header-display":"","ast-hfb-mobile-header-display":"","site-post-title":"disabled","ast-breadcrumbs-content":"","ast-featured-img":"disabled","footer-sml-layout":"","theme-transparent-header-meta":"default","adv-header-id-meta":"","stick-header-meta":"default","header-above-stick-meta":"","header-main-stick-meta":"","header-below-stick-meta":"","astra-migrate-meta-layouts":"set","ast-page-background-enabled":"default","ast-page-background-meta":{"desktop":{"background-color":"var(--ast-global-color-4)","background-image":"","background-repeat":"repeat","background-position":"center center","background-size":"auto","background-attachment":"scroll","background-type":"","background-media":"","overlay-type":"","overlay-color":"","overlay-opacity":"","overlay-gradient":""},"tablet":{"background-color":"","background-image":"","background-repeat":"repeat","background-position":"center center","background-size":"auto","background-attachment":"scroll","background-type":"","background-media":"","overlay-type":"","overlay-color":"","overlay-opacity":"","overlay-gradient":""},"mobile":{"background-color":"","background-image":"","background-repeat":"repeat","background-position":"center center","background-size":"auto","background-attachment":"scroll","background-type":"","background-media":"","overlay-type":"","overlay-color":"","overlay-opacity":"","overlay-gradient":""}},"ast-content-background-meta":{"desktop":{"background-color":"var(--ast-global-color-5)","background-image":"","background-repeat":"repeat","background-position":"center center","background-size":"auto","background-attachment":"scroll","background-type":"","background-media":"","overlay-type":"","overlay-color":"","overlay-opacity":"","overlay-gradient":""},"tablet":{"background-color":"var(--ast-global-color-5)","background-image":"","background-repeat":"repeat","background-position":"center center","background-size":"auto","background-attachment":"scroll","background-type":"","background-media":"","overlay-type":"","overlay-color":"","overlay-opacity":"","overlay-gradient":""},"mobile":{"background-color":"var(--ast-global-color-5)","background-image":"","background-repeat":"repeat","background-position":"center center","background-size":"auto","background-attachment":"scroll","background-type":"","background-media":"","overlay-type":"","overlay-color":"","overlay-opacity":"","overlay-gradient":""}}},"product_cat":[60,89],"product_tag":[],"class_list":{"0":"post-6700","1":"product","2":"type-product","3":"status-publish","4":"has-post-thumbnail","6":"product_cat-excavator","7":"product_cat-hitachi","8":"desktop-align-left","9":"tablet-align-left","10":"mobile-align-left","11":"ast-product-gallery-layout-horizontal-slider","12":"ast-product-tabs-layout-horizontal","14":"first","15":"instock","16":"shipping-taxable","17":"product-type-simple"},"acf":[],"_links":{"self":[{"href":"https:\/\/www.kaiyuexcavator.com\/pt\/wp-json\/wp\/v2\/product\/6700","targetHints":{"allow":["GET"]}}],"collection":[{"href":"https:\/\/www.kaiyuexcavator.com\/pt\/wp-json\/wp\/v2\/product"}],"about":[{"href":"https:\/\/www.kaiyuexcavator.com\/pt\/wp-json\/wp\/v2\/types\/product"}],"replies":[{"embeddable":true,"href":"https:\/\/www.kaiyuexcavator.com\/pt\/wp-json\/wp\/v2\/comments?post=6700"}],"version-history":[{"count":1,"href":"https:\/\/www.kaiyuexcavator.com\/pt\/wp-json\/wp\/v2\/product\/6700\/revisions"}],"predecessor-version":[{"id":6706,"href":"https:\/\/www.kaiyuexcavator.com\/pt\/wp-json\/wp\/v2\/product\/6700\/revisions\/6706"}],"wp:featuredmedia":[{"embeddable":true,"href":"https:\/\/www.kaiyuexcavator.com\/pt\/wp-json\/wp\/v2\/media\/6701"}],"wp:attachment":[{"href":"https:\/\/www.kaiyuexcavator.com\/pt\/wp-json\/wp\/v2\/media?parent=6700"}],"wp:term":[{"taxonomy":"product_cat","embeddable":true,"href":"https:\/\/www.kaiyuexcavator.com\/pt\/wp-json\/wp\/v2\/product_cat?post=6700"},{"taxonomy":"product_tag","embeddable":true,"href":"https:\/\/www.kaiyuexcavator.com\/pt\/wp-json\/wp\/v2\/product_tag?post=6700"}],"curies":[{"name":"wp","href":"https:\/\/api.w.org\/{rel}","templated":true}]}}