{"id":6690,"date":"2025-09-24T02:09:43","date_gmt":"2025-09-24T02:09:43","guid":{"rendered":"https:\/\/www.kaiyuexcavator.com\/?post_type=product&#038;p=6690"},"modified":"2025-09-24T02:12:02","modified_gmt":"2025-09-24T02:12:02","slug":"6ton-komatsu-pc60-escavadora-usada-em-segunda-mao-escavadora-hidraulica-de-lagartas-komatsu-pc20mr-pc30mr-pc35mr-mini-escavadora-para-venda","status":"publish","type":"product","link":"https:\/\/www.kaiyuexcavator.com\/pt\/product\/6ton-komatsu-pc60-escavadora-usada-em-segunda-mao-escavadora-hidraulica-de-lagartas-komatsu-pc20mr-pc30mr-pc35mr-mini-escavadora-para-venda\/","title":{"rendered":"6ton Komatsu PC60 Escavadeira hidr\u00e1ulica de segunda m\u00e3o Komatsu PC20mr Pc30mr Pc35mr Escavadeira Mini Digger para venda"},"content":{"rendered":"<h2 class=\"wp-block-heading\"><strong>Principais atributos<\/strong><\/h2>\n<p><strong>Atributos espec\u00edficos do sector<\/strong><\/p>\n<table width=\"362\">\n<tbody>\n<tr>\n<td width=\"181\">Ano<\/td>\n<td width=\"181\">2024<\/td>\n<\/tr>\n<tr>\n<td>Peso operacional<\/td>\n<td>6 TONELADAS<\/td>\n<\/tr>\n<tr>\n<td>Capacidade do balde<\/td>\n<td>0.37M\u00b3<\/td>\n<\/tr>\n<tr>\n<td>Peso da m\u00e1quina<\/td>\n<td>6TON<\/td>\n<\/tr>\n<tr>\n<td>Pot\u00eancia<\/td>\n<td>40kw<\/td>\n<\/tr>\n<tr>\n<td>Hor\u00e1rio de trabalho<\/td>\n<td>400 horas<\/td>\n<\/tr>\n<tr>\n<td>Estado<\/td>\n<td>90% Novo<\/td>\n<\/tr>\n<tr>\n<td>Marca do cilindro hidr\u00e1ulico<\/td>\n<td>Original<\/td>\n<\/tr>\n<tr>\n<td>Componentes principais<\/td>\n<td>Motor, bomba, caixa de velocidades, motor<\/td>\n<\/tr>\n<tr>\n<td>Profundidade m\u00e1xima de escava\u00e7\u00e3o<\/td>\n<td>4100 mm<\/td>\n<\/tr>\n<tr>\n<td>Altura m\u00e1xima de escava\u00e7\u00e3o<\/td>\n<td>7150 mm<\/td>\n<\/tr>\n<tr>\n<td>Raio m\u00e1ximo de escava\u00e7\u00e3o<\/td>\n<td>6360 mm<\/td>\n<\/tr>\n<\/tbody>\n<\/table>\n<h2><strong>Apresenta\u00e7\u00e3o do produto<\/strong><\/h2>\n<h2><strong> <img fetchpriority=\"high\" decoding=\"async\" class=\"alignnone wp-image-6670 size-full\" src=\"https:\/\/www.kaiyuexcavator.com\/wp-content\/uploads\/2025\/09\/\u5fae\u4fe1\u56fe\u7247_2025-07-26_144301_110.jpg\" alt=\"\" width=\"1276\" height=\"1276\" srcset=\"https:\/\/www.kaiyuexcavator.com\/wp-content\/uploads\/2025\/09\/\u5fae\u4fe1\u56fe\u7247_2025-07-26_144301_110.jpg 1276w, https:\/\/www.kaiyuexcavator.com\/wp-content\/uploads\/2025\/09\/\u5fae\u4fe1\u56fe\u7247_2025-07-26_144301_110-768x768.jpg 768w, https:\/\/www.kaiyuexcavator.com\/wp-content\/uploads\/2025\/09\/\u5fae\u4fe1\u56fe\u7247_2025-07-26_144301_110-300x300.jpg 300w, https:\/\/www.kaiyuexcavator.com\/wp-content\/uploads\/2025\/09\/\u5fae\u4fe1\u56fe\u7247_2025-07-26_144301_110-600x600.jpg 600w, https:\/\/www.kaiyuexcavator.com\/wp-content\/uploads\/2025\/09\/\u5fae\u4fe1\u56fe\u7247_2025-07-26_144301_110-100x100.jpg 100w\" sizes=\"(max-width: 1276px) 100vw, 1276px\" \/> <img decoding=\"async\" class=\"alignnone wp-image-6667 size-full\" src=\"https:\/\/www.kaiyuexcavator.com\/wp-content\/uploads\/2025\/09\/\u5fae\u4fe1\u56fe\u7247_2025-07-26_151501_126-2.jpg\" alt=\"\" width=\"1276\" height=\"1276\" srcset=\"https:\/\/www.kaiyuexcavator.com\/wp-content\/uploads\/2025\/09\/\u5fae\u4fe1\u56fe\u7247_2025-07-26_151501_126-2.jpg 1276w, https:\/\/www.kaiyuexcavator.com\/wp-content\/uploads\/2025\/09\/\u5fae\u4fe1\u56fe\u7247_2025-07-26_151501_126-2-768x768.jpg 768w, https:\/\/www.kaiyuexcavator.com\/wp-content\/uploads\/2025\/09\/\u5fae\u4fe1\u56fe\u7247_2025-07-26_151501_126-2-300x300.jpg 300w, https:\/\/www.kaiyuexcavator.com\/wp-content\/uploads\/2025\/09\/\u5fae\u4fe1\u56fe\u7247_2025-07-26_151501_126-2-600x600.jpg 600w, https:\/\/www.kaiyuexcavator.com\/wp-content\/uploads\/2025\/09\/\u5fae\u4fe1\u56fe\u7247_2025-07-26_151501_126-2-100x100.jpg 100w\" sizes=\"(max-width: 1276px) 100vw, 1276px\" \/> <img decoding=\"async\" class=\"alignnone wp-image-6665 size-full\" src=\"https:\/\/www.kaiyuexcavator.com\/wp-content\/uploads\/2025\/09\/\u5fae\u4fe1\u56fe\u7247_2025-07-26_151504_013.jpg\" alt=\"\" width=\"1276\" height=\"1276\" srcset=\"https:\/\/www.kaiyuexcavator.com\/wp-content\/uploads\/2025\/09\/\u5fae\u4fe1\u56fe\u7247_2025-07-26_151504_013.jpg 1276w, https:\/\/www.kaiyuexcavator.com\/wp-content\/uploads\/2025\/09\/\u5fae\u4fe1\u56fe\u7247_2025-07-26_151504_013-768x768.jpg 768w, https:\/\/www.kaiyuexcavator.com\/wp-content\/uploads\/2025\/09\/\u5fae\u4fe1\u56fe\u7247_2025-07-26_151504_013-300x300.jpg 300w, https:\/\/www.kaiyuexcavator.com\/wp-content\/uploads\/2025\/09\/\u5fae\u4fe1\u56fe\u7247_2025-07-26_151504_013-600x600.jpg 600w, https:\/\/www.kaiyuexcavator.com\/wp-content\/uploads\/2025\/09\/\u5fae\u4fe1\u56fe\u7247_2025-07-26_151504_013-100x100.jpg 100w\" sizes=\"(max-width: 1276px) 100vw, 1276px\" \/> <img loading=\"lazy\" decoding=\"async\" class=\"alignnone wp-image-6669 size-full\" src=\"https:\/\/www.kaiyuexcavator.com\/wp-content\/uploads\/2025\/09\/\u5fae\u4fe1\u56fe\u7247_2025-07-26_151510_277-1.jpg\" alt=\"\" width=\"1276\" height=\"1276\" srcset=\"https:\/\/www.kaiyuexcavator.com\/wp-content\/uploads\/2025\/09\/\u5fae\u4fe1\u56fe\u7247_2025-07-26_151510_277-1.jpg 1276w, https:\/\/www.kaiyuexcavator.com\/wp-content\/uploads\/2025\/09\/\u5fae\u4fe1\u56fe\u7247_2025-07-26_151510_277-1-768x768.jpg 768w, https:\/\/www.kaiyuexcavator.com\/wp-content\/uploads\/2025\/09\/\u5fae\u4fe1\u56fe\u7247_2025-07-26_151510_277-1-300x300.jpg 300w, https:\/\/www.kaiyuexcavator.com\/wp-content\/uploads\/2025\/09\/\u5fae\u4fe1\u56fe\u7247_2025-07-26_151510_277-1-600x600.jpg 600w, https:\/\/www.kaiyuexcavator.com\/wp-content\/uploads\/2025\/09\/\u5fae\u4fe1\u56fe\u7247_2025-07-26_151510_277-1-100x100.jpg 100w\" sizes=\"(max-width: 1276px) 100vw, 1276px\" \/><\/strong><\/h2>","protected":false},"excerpt":{"rendered":"<table width=\"362\">\n<tbody>\n<tr>\n<td width=\"181\">1 - 2 unidades<\/td>\n<td width=\"181\">&gt;= 3 unidades<\/td>\n<\/tr>\n<tr>\n<td>USD$21000<\/td>\n<td>USD$11550<\/td>\n<\/tr>\n<\/tbody>\n<\/table>\n<table style=\"font-size: 16px;font-style: normal\" width=\"362\">\n<tbody>\n<tr>\n<td width=\"181\">Nome do produto<\/td>\n<td width=\"181\">Escavadora Komatsu PC60 usada<\/td>\n<\/tr>\n<tr>\n<td>Min. Encomenda<\/td>\n<td>1 unidade<\/td>\n<\/tr>\n<tr>\n<td>Peso<\/td>\n<td>6TON<\/td>\n<\/tr>\n<tr>\n<td>Ano<\/td>\n<td>2024<\/td>\n<\/tr>\n<tr>\n<td>Hor\u00e1rio de trabalho<\/td>\n<td>400 horas<\/td>\n<\/tr>\n<\/tbody>\n<\/table>","protected":false},"featured_media":6693,"comment_status":"open","ping_status":"closed","template":"","meta":{"_acf_changed":false,"site-sidebar-layout":"default","site-content-layout":"","ast-site-content-layout":"default","site-content-style":"default","site-sidebar-style":"default","ast-global-header-display":"","ast-banner-title-visibility":"","ast-main-header-display":"","ast-hfb-above-header-display":"","ast-hfb-below-header-display":"","ast-hfb-mobile-header-display":"","site-post-title":"disabled","ast-breadcrumbs-content":"","ast-featured-img":"disabled","footer-sml-layout":"","theme-transparent-header-meta":"default","adv-header-id-meta":"","stick-header-meta":"default","header-above-stick-meta":"","header-main-stick-meta":"","header-below-stick-meta":"","astra-migrate-meta-layouts":"set","ast-page-background-enabled":"default","ast-page-background-meta":{"desktop":{"background-color":"var(--ast-global-color-4)","background-image":"","background-repeat":"repeat","background-position":"center center","background-size":"auto","background-attachment":"scroll","background-type":"","background-media":"","overlay-type":"","overlay-color":"","overlay-opacity":"","overlay-gradient":""},"tablet":{"background-color":"","background-image":"","background-repeat":"repeat","background-position":"center center","background-size":"auto","background-attachment":"scroll","background-type":"","background-media":"","overlay-type":"","overlay-color":"","overlay-opacity":"","overlay-gradient":""},"mobile":{"background-color":"","background-image":"","background-repeat":"repeat","background-position":"center center","background-size":"auto","background-attachment":"scroll","background-type":"","background-media":"","overlay-type":"","overlay-color":"","overlay-opacity":"","overlay-gradient":""}},"ast-content-background-meta":{"desktop":{"background-color":"var(--ast-global-color-5)","background-image":"","background-repeat":"repeat","background-position":"center center","background-size":"auto","background-attachment":"scroll","background-type":"","background-media":"","overlay-type":"","overlay-color":"","overlay-opacity":"","overlay-gradient":""},"tablet":{"background-color":"var(--ast-global-color-5)","background-image":"","background-repeat":"repeat","background-position":"center center","background-size":"auto","background-attachment":"scroll","background-type":"","background-media":"","overlay-type":"","overlay-color":"","overlay-opacity":"","overlay-gradient":""},"mobile":{"background-color":"var(--ast-global-color-5)","background-image":"","background-repeat":"repeat","background-position":"center center","background-size":"auto","background-attachment":"scroll","background-type":"","background-media":"","overlay-type":"","overlay-color":"","overlay-opacity":"","overlay-gradient":""}}},"product_cat":[60,88],"product_tag":[],"class_list":{"0":"post-6690","1":"product","2":"type-product","3":"status-publish","4":"has-post-thumbnail","6":"product_cat-excavator","7":"product_cat-komatsu","8":"desktop-align-left","9":"tablet-align-left","10":"mobile-align-left","11":"ast-product-gallery-layout-horizontal-slider","12":"ast-product-tabs-layout-horizontal","14":"first","15":"instock","16":"shipping-taxable","17":"product-type-simple"},"acf":[],"_links":{"self":[{"href":"https:\/\/www.kaiyuexcavator.com\/pt\/wp-json\/wp\/v2\/product\/6690","targetHints":{"allow":["GET"]}}],"collection":[{"href":"https:\/\/www.kaiyuexcavator.com\/pt\/wp-json\/wp\/v2\/product"}],"about":[{"href":"https:\/\/www.kaiyuexcavator.com\/pt\/wp-json\/wp\/v2\/types\/product"}],"replies":[{"embeddable":true,"href":"https:\/\/www.kaiyuexcavator.com\/pt\/wp-json\/wp\/v2\/comments?post=6690"}],"version-history":[{"count":1,"href":"https:\/\/www.kaiyuexcavator.com\/pt\/wp-json\/wp\/v2\/product\/6690\/revisions"}],"predecessor-version":[{"id":6697,"href":"https:\/\/www.kaiyuexcavator.com\/pt\/wp-json\/wp\/v2\/product\/6690\/revisions\/6697"}],"wp:featuredmedia":[{"embeddable":true,"href":"https:\/\/www.kaiyuexcavator.com\/pt\/wp-json\/wp\/v2\/media\/6693"}],"wp:attachment":[{"href":"https:\/\/www.kaiyuexcavator.com\/pt\/wp-json\/wp\/v2\/media?parent=6690"}],"wp:term":[{"taxonomy":"product_cat","embeddable":true,"href":"https:\/\/www.kaiyuexcavator.com\/pt\/wp-json\/wp\/v2\/product_cat?post=6690"},{"taxonomy":"product_tag","embeddable":true,"href":"https:\/\/www.kaiyuexcavator.com\/pt\/wp-json\/wp\/v2\/product_tag?post=6690"}],"curies":[{"name":"wp","href":"https:\/\/api.w.org\/{rel}","templated":true}]}}