{"id":6434,"date":"2025-06-25T02:44:51","date_gmt":"2025-06-25T02:44:51","guid":{"rendered":"https:\/\/www.kaiyuexcavator.com\/?post_type=product&#038;p=6434"},"modified":"2025-06-25T02:58:18","modified_gmt":"2025-06-25T02:58:18","slug":"mini-escavadora-usada-komatsu-pc50mr-escavadora-em-segunda-mao-pc18-20-30-35-55-60-70-78-110-120-130-160-engenharia-construcao-minas-maquinas-de-construcao","status":"publish","type":"product","link":"https:\/\/www.kaiyuexcavator.com\/pt\/product\/mini-escavadora-usada-komatsu-pc50mr-escavadora-em-segunda-mao-pc18-20-30-35-55-60-70-78-110-120-130-160-engenharia-construcao-minas-maquinas-de-construcao\/","title":{"rendered":"Mini escavadora usada Komatsu PC50MR Escavadora de segunda m\u00e3o PC18 20 30 35 55 60 70 78 110 120 130 160 Engenharia Constru\u00e7\u00e3o Mina Maquinaria de constru\u00e7\u00e3o"},"content":{"rendered":"<h2 class=\"wp-block-heading\"><strong>Principais atributos<\/strong><\/h2>\n<p><strong>Atributos espec\u00edficos do sector<\/strong><\/p>\n<table width=\"362\">\n<tbody>\n<tr>\n<td width=\"181\">Ano<\/td>\n<td width=\"181\">2024<\/td>\n<\/tr>\n<tr>\n<td>Peso operacional<\/td>\n<td>5 TONELADAS<\/td>\n<\/tr>\n<tr>\n<td>Capacidade do balde<\/td>\n<td>0.2 M\u00b3<\/td>\n<\/tr>\n<tr>\n<td>Peso da m\u00e1quina<\/td>\n<td>5 TONELADAS<\/td>\n<\/tr>\n<tr>\n<td>Pot\u00eancia<\/td>\n<td>29,4 kw<\/td>\n<\/tr>\n<tr>\n<td>Hor\u00e1rio de trabalho<\/td>\n<td>400 horas<\/td>\n<\/tr>\n<tr>\n<td>Estado<\/td>\n<td>90% Novo<\/td>\n<\/tr>\n<tr>\n<td>Marca do cilindro hidr\u00e1ulico<\/td>\n<td>Original<\/td>\n<\/tr>\n<tr>\n<td>Componentes principais<\/td>\n<td>Motor, bomba, caixa de velocidades, motor<\/td>\n<\/tr>\n<tr>\n<td>Velocidade de corrida<\/td>\n<td>2,6~4,3 km\/h<\/td>\n<\/tr>\n<tr>\n<td>Desloca\u00e7\u00e3o<\/td>\n<td>2.189 L<\/td>\n<\/tr>\n<tr>\n<td>Especifica\u00e7\u00e3o<\/td>\n<td>5590*1960*2660 mm<\/td>\n<\/tr>\n<\/tbody>\n<\/table>\n<h2><strong>Apresenta\u00e7\u00e3o do produto<\/strong><\/h2>\n<p><img fetchpriority=\"high\" decoding=\"async\" class=\"alignnone size-full wp-image-6435\" src=\"https:\/\/www.kaiyuexcavator.com\/wp-content\/uploads\/2025\/06\/Komatsu-PC50MR.jpg\" alt=\"\" width=\"1276\" height=\"1276\" srcset=\"https:\/\/www.kaiyuexcavator.com\/wp-content\/uploads\/2025\/06\/Komatsu-PC50MR.jpg 1276w, https:\/\/www.kaiyuexcavator.com\/wp-content\/uploads\/2025\/06\/Komatsu-PC50MR-768x768.jpg 768w, https:\/\/www.kaiyuexcavator.com\/wp-content\/uploads\/2025\/06\/Komatsu-PC50MR-300x300.jpg 300w, https:\/\/www.kaiyuexcavator.com\/wp-content\/uploads\/2025\/06\/Komatsu-PC50MR-600x600.jpg 600w, https:\/\/www.kaiyuexcavator.com\/wp-content\/uploads\/2025\/06\/Komatsu-PC50MR-100x100.jpg 100w\" sizes=\"(max-width: 1276px) 100vw, 1276px\" \/> <img decoding=\"async\" class=\"alignnone size-full wp-image-6436\" src=\"https:\/\/www.kaiyuexcavator.com\/wp-content\/uploads\/2025\/06\/\u5fae\u4fe1\u56fe\u7247_2025-04-17_165331_804.jpg\" alt=\"\" width=\"1276\" height=\"1276\" srcset=\"https:\/\/www.kaiyuexcavator.com\/wp-content\/uploads\/2025\/06\/\u5fae\u4fe1\u56fe\u7247_2025-04-17_165331_804.jpg 1276w, https:\/\/www.kaiyuexcavator.com\/wp-content\/uploads\/2025\/06\/\u5fae\u4fe1\u56fe\u7247_2025-04-17_165331_804-768x768.jpg 768w, https:\/\/www.kaiyuexcavator.com\/wp-content\/uploads\/2025\/06\/\u5fae\u4fe1\u56fe\u7247_2025-04-17_165331_804-300x300.jpg 300w, https:\/\/www.kaiyuexcavator.com\/wp-content\/uploads\/2025\/06\/\u5fae\u4fe1\u56fe\u7247_2025-04-17_165331_804-600x600.jpg 600w, https:\/\/www.kaiyuexcavator.com\/wp-content\/uploads\/2025\/06\/\u5fae\u4fe1\u56fe\u7247_2025-04-17_165331_804-100x100.jpg 100w\" sizes=\"(max-width: 1276px) 100vw, 1276px\" \/> <img decoding=\"async\" class=\"alignnone size-full wp-image-6438\" src=\"https:\/\/www.kaiyuexcavator.com\/wp-content\/uploads\/2025\/06\/\u5fae\u4fe1\u56fe\u7247_2025-04-17_165339_436.jpg\" alt=\"\" width=\"1276\" height=\"1276\" srcset=\"https:\/\/www.kaiyuexcavator.com\/wp-content\/uploads\/2025\/06\/\u5fae\u4fe1\u56fe\u7247_2025-04-17_165339_436.jpg 1276w, https:\/\/www.kaiyuexcavator.com\/wp-content\/uploads\/2025\/06\/\u5fae\u4fe1\u56fe\u7247_2025-04-17_165339_436-768x768.jpg 768w, https:\/\/www.kaiyuexcavator.com\/wp-content\/uploads\/2025\/06\/\u5fae\u4fe1\u56fe\u7247_2025-04-17_165339_436-300x300.jpg 300w, https:\/\/www.kaiyuexcavator.com\/wp-content\/uploads\/2025\/06\/\u5fae\u4fe1\u56fe\u7247_2025-04-17_165339_436-600x600.jpg 600w, https:\/\/www.kaiyuexcavator.com\/wp-content\/uploads\/2025\/06\/\u5fae\u4fe1\u56fe\u7247_2025-04-17_165339_436-100x100.jpg 100w\" sizes=\"(max-width: 1276px) 100vw, 1276px\" \/> <img loading=\"lazy\" decoding=\"async\" class=\"alignnone size-full wp-image-6439\" src=\"https:\/\/www.kaiyuexcavator.com\/wp-content\/uploads\/2025\/06\/\u5fae\u4fe1\u56fe\u7247_2025-04-17_165348_492.jpg\" alt=\"\" width=\"1276\" height=\"1276\" srcset=\"https:\/\/www.kaiyuexcavator.com\/wp-content\/uploads\/2025\/06\/\u5fae\u4fe1\u56fe\u7247_2025-04-17_165348_492.jpg 1276w, https:\/\/www.kaiyuexcavator.com\/wp-content\/uploads\/2025\/06\/\u5fae\u4fe1\u56fe\u7247_2025-04-17_165348_492-768x768.jpg 768w, https:\/\/www.kaiyuexcavator.com\/wp-content\/uploads\/2025\/06\/\u5fae\u4fe1\u56fe\u7247_2025-04-17_165348_492-300x300.jpg 300w, https:\/\/www.kaiyuexcavator.com\/wp-content\/uploads\/2025\/06\/\u5fae\u4fe1\u56fe\u7247_2025-04-17_165348_492-600x600.jpg 600w, https:\/\/www.kaiyuexcavator.com\/wp-content\/uploads\/2025\/06\/\u5fae\u4fe1\u56fe\u7247_2025-04-17_165348_492-100x100.jpg 100w\" sizes=\"(max-width: 1276px) 100vw, 1276px\" \/><\/p>","protected":false},"excerpt":{"rendered":"<table width=\"362\">\n<tbody>\n<tr>\n<td width=\"181\">1 - 2 unidades<\/td>\n<td width=\"181\">&gt;= 3 unidades<\/td>\n<\/tr>\n<tr>\n<td>USD$15000<\/td>\n<td>USD$14000<\/td>\n<\/tr>\n<\/tbody>\n<\/table>\n<table style=\"font-size: 16px;font-style: normal\" width=\"362\">\n<tbody>\n<tr>\n<td width=\"181\">Nome do produto<\/td>\n<td width=\"181\">Escavadora Komatsu PC50MR usada<\/td>\n<\/tr>\n<tr>\n<td>Min. Encomenda<\/td>\n<td>1 unidade<\/td>\n<\/tr>\n<tr>\n<td>Peso<\/td>\n<td>5 TONELADAS<\/td>\n<\/tr>\n<tr>\n<td>Ano<\/td>\n<td>2024<\/td>\n<\/tr>\n<tr>\n<td>Hor\u00e1rio de trabalho<\/td>\n<td>400 horas<\/td>\n<\/tr>\n<\/tbody>\n<\/table>","protected":false},"featured_media":6436,"comment_status":"open","ping_status":"closed","template":"","meta":{"_acf_changed":false,"site-sidebar-layout":"default","site-content-layout":"","ast-site-content-layout":"default","site-content-style":"default","site-sidebar-style":"default","ast-global-header-display":"","ast-banner-title-visibility":"","ast-main-header-display":"","ast-hfb-above-header-display":"","ast-hfb-below-header-display":"","ast-hfb-mobile-header-display":"","site-post-title":"disabled","ast-breadcrumbs-content":"","ast-featured-img":"disabled","footer-sml-layout":"","theme-transparent-header-meta":"default","adv-header-id-meta":"","stick-header-meta":"default","header-above-stick-meta":"","header-main-stick-meta":"","header-below-stick-meta":"","astra-migrate-meta-layouts":"set","ast-page-background-enabled":"default","ast-page-background-meta":{"desktop":{"background-color":"var(--ast-global-color-4)","background-image":"","background-repeat":"repeat","background-position":"center center","background-size":"auto","background-attachment":"scroll","background-type":"","background-media":"","overlay-type":"","overlay-color":"","overlay-opacity":"","overlay-gradient":""},"tablet":{"background-color":"","background-image":"","background-repeat":"repeat","background-position":"center center","background-size":"auto","background-attachment":"scroll","background-type":"","background-media":"","overlay-type":"","overlay-color":"","overlay-opacity":"","overlay-gradient":""},"mobile":{"background-color":"","background-image":"","background-repeat":"repeat","background-position":"center center","background-size":"auto","background-attachment":"scroll","background-type":"","background-media":"","overlay-type":"","overlay-color":"","overlay-opacity":"","overlay-gradient":""}},"ast-content-background-meta":{"desktop":{"background-color":"var(--ast-global-color-5)","background-image":"","background-repeat":"repeat","background-position":"center center","background-size":"auto","background-attachment":"scroll","background-type":"","background-media":"","overlay-type":"","overlay-color":"","overlay-opacity":"","overlay-gradient":""},"tablet":{"background-color":"var(--ast-global-color-5)","background-image":"","background-repeat":"repeat","background-position":"center center","background-size":"auto","background-attachment":"scroll","background-type":"","background-media":"","overlay-type":"","overlay-color":"","overlay-opacity":"","overlay-gradient":""},"mobile":{"background-color":"var(--ast-global-color-5)","background-image":"","background-repeat":"repeat","background-position":"center center","background-size":"auto","background-attachment":"scroll","background-type":"","background-media":"","overlay-type":"","overlay-color":"","overlay-opacity":"","overlay-gradient":""}}},"product_cat":[60,88],"product_tag":[],"class_list":{"0":"post-6434","1":"product","2":"type-product","3":"status-publish","4":"has-post-thumbnail","6":"product_cat-excavator","7":"product_cat-komatsu","8":"desktop-align-left","9":"tablet-align-left","10":"mobile-align-left","11":"ast-product-gallery-layout-horizontal-slider","12":"ast-product-tabs-layout-horizontal","14":"first","15":"instock","16":"shipping-taxable","17":"product-type-simple"},"acf":[],"_links":{"self":[{"href":"https:\/\/www.kaiyuexcavator.com\/pt\/wp-json\/wp\/v2\/product\/6434","targetHints":{"allow":["GET"]}}],"collection":[{"href":"https:\/\/www.kaiyuexcavator.com\/pt\/wp-json\/wp\/v2\/product"}],"about":[{"href":"https:\/\/www.kaiyuexcavator.com\/pt\/wp-json\/wp\/v2\/types\/product"}],"replies":[{"embeddable":true,"href":"https:\/\/www.kaiyuexcavator.com\/pt\/wp-json\/wp\/v2\/comments?post=6434"}],"version-history":[{"count":2,"href":"https:\/\/www.kaiyuexcavator.com\/pt\/wp-json\/wp\/v2\/product\/6434\/revisions"}],"predecessor-version":[{"id":6441,"href":"https:\/\/www.kaiyuexcavator.com\/pt\/wp-json\/wp\/v2\/product\/6434\/revisions\/6441"}],"wp:featuredmedia":[{"embeddable":true,"href":"https:\/\/www.kaiyuexcavator.com\/pt\/wp-json\/wp\/v2\/media\/6436"}],"wp:attachment":[{"href":"https:\/\/www.kaiyuexcavator.com\/pt\/wp-json\/wp\/v2\/media?parent=6434"}],"wp:term":[{"taxonomy":"product_cat","embeddable":true,"href":"https:\/\/www.kaiyuexcavator.com\/pt\/wp-json\/wp\/v2\/product_cat?post=6434"},{"taxonomy":"product_tag","embeddable":true,"href":"https:\/\/www.kaiyuexcavator.com\/pt\/wp-json\/wp\/v2\/product_tag?post=6434"}],"curies":[{"name":"wp","href":"https:\/\/api.w.org\/{rel}","templated":true}]}}