{"id":6187,"date":"2025-06-04T02:19:51","date_gmt":"2025-06-04T02:19:51","guid":{"rendered":"https:\/\/www.kaiyuexcavator.com\/?post_type=product&#038;p=6187"},"modified":"2025-06-04T02:22:49","modified_gmt":"2025-06-04T02:22:49","slug":"used-caterpillar-cat323d2l-crawler-excavators-original-construction-equipment-for-sale-cat320d2l-324d2l-325d2l-326d2l-330d2l-336gc-340d2l","status":"publish","type":"product","link":"https:\/\/www.kaiyuexcavator.com\/pt\/product\/used-caterpillar-cat323d2l-crawler-excavators-original-construction-equipment-for-sale-cat320d2l-324d2l-325d2l-326d2l-330d2l-336gc-340d2l\/","title":{"rendered":"Used Caterpillar Cat323D2L Crawler Excavators Original Construction Equipment for Sale CAT320D2L 324D2L 325D2L 326D2L 330D2L 336GC 340D2L"},"content":{"rendered":"<h2 class=\"wp-block-heading\"><strong>Principais atributos<\/strong><\/h2>\n<p><strong>Atributos espec\u00edficos do sector<\/strong><\/p>\n<table width=\"362\">\n<tbody>\n<tr>\n<td width=\"181\">Ano<\/td>\n<td width=\"181\">2024<\/td>\n<\/tr>\n<tr>\n<td>Peso operacional<\/td>\n<td>23TON<\/td>\n<\/tr>\n<tr>\n<td>Capacidade do balde<\/td>\n<td>1.19M\u00b3<\/td>\n<\/tr>\n<tr>\n<td>Peso da m\u00e1quina<\/td>\n<td>23300KG<\/td>\n<\/tr>\n<tr>\n<td>Pot\u00eancia<\/td>\n<td>118kw<\/td>\n<\/tr>\n<tr>\n<td>Hor\u00e1rio de trabalho<\/td>\n<td>600 horas<\/td>\n<\/tr>\n<tr>\n<td>Estado<\/td>\n<td>95% Novo<\/td>\n<\/tr>\n<tr>\n<td>Marca do cilindro hidr\u00e1ulico<\/td>\n<td>Original<\/td>\n<\/tr>\n<tr>\n<td>Componentes principais<\/td>\n<td>Motor, bomba, caixa de velocidades, motor<\/td>\n<\/tr>\n<tr>\n<td>Profundidade m\u00e1xima de escava\u00e7\u00e3o<\/td>\n<td>9490mm<\/td>\n<\/tr>\n<tr>\n<td>Altura m\u00e1xima de escava\u00e7\u00e3o<\/td>\n<td>6720mm<\/td>\n<\/tr>\n<tr>\n<td>Raio m\u00e1ximo de escava\u00e7\u00e3o<\/td>\n<td>9860mm<\/td>\n<\/tr>\n<\/tbody>\n<\/table>\n<h2><strong>Apresenta\u00e7\u00e3o do produto<\/strong><\/h2>\n<p><img fetchpriority=\"high\" decoding=\"async\" class=\"alignnone size-full wp-image-6188\" src=\"https:\/\/www.kaiyuexcavator.com\/wp-content\/uploads\/2025\/06\/1.jpg\" alt=\"\" width=\"1280\" height=\"1280\" srcset=\"https:\/\/www.kaiyuexcavator.com\/wp-content\/uploads\/2025\/06\/1.jpg 1280w, https:\/\/www.kaiyuexcavator.com\/wp-content\/uploads\/2025\/06\/1-768x768.jpg 768w, https:\/\/www.kaiyuexcavator.com\/wp-content\/uploads\/2025\/06\/1-300x300.jpg 300w, https:\/\/www.kaiyuexcavator.com\/wp-content\/uploads\/2025\/06\/1-600x600.jpg 600w, https:\/\/www.kaiyuexcavator.com\/wp-content\/uploads\/2025\/06\/1-100x100.jpg 100w\" sizes=\"(max-width: 1280px) 100vw, 1280px\" \/> <img decoding=\"async\" class=\"alignnone size-full wp-image-6189\" src=\"https:\/\/www.kaiyuexcavator.com\/wp-content\/uploads\/2025\/06\/2.jpg\" alt=\"\" width=\"1280\" height=\"1280\" srcset=\"https:\/\/www.kaiyuexcavator.com\/wp-content\/uploads\/2025\/06\/2.jpg 1280w, https:\/\/www.kaiyuexcavator.com\/wp-content\/uploads\/2025\/06\/2-768x768.jpg 768w, https:\/\/www.kaiyuexcavator.com\/wp-content\/uploads\/2025\/06\/2-300x300.jpg 300w, https:\/\/www.kaiyuexcavator.com\/wp-content\/uploads\/2025\/06\/2-600x600.jpg 600w, https:\/\/www.kaiyuexcavator.com\/wp-content\/uploads\/2025\/06\/2-100x100.jpg 100w\" sizes=\"(max-width: 1280px) 100vw, 1280px\" \/> <img decoding=\"async\" class=\"alignnone size-full wp-image-6191\" src=\"https:\/\/www.kaiyuexcavator.com\/wp-content\/uploads\/2025\/06\/4.jpg\" alt=\"\" width=\"1280\" height=\"1280\" srcset=\"https:\/\/www.kaiyuexcavator.com\/wp-content\/uploads\/2025\/06\/4.jpg 1280w, https:\/\/www.kaiyuexcavator.com\/wp-content\/uploads\/2025\/06\/4-768x768.jpg 768w, https:\/\/www.kaiyuexcavator.com\/wp-content\/uploads\/2025\/06\/4-300x300.jpg 300w, https:\/\/www.kaiyuexcavator.com\/wp-content\/uploads\/2025\/06\/4-600x600.jpg 600w, https:\/\/www.kaiyuexcavator.com\/wp-content\/uploads\/2025\/06\/4-100x100.jpg 100w\" sizes=\"(max-width: 1280px) 100vw, 1280px\" \/> <img loading=\"lazy\" decoding=\"async\" class=\"alignnone size-full wp-image-6192\" src=\"https:\/\/www.kaiyuexcavator.com\/wp-content\/uploads\/2025\/06\/5.jpg\" alt=\"\" width=\"1280\" height=\"1280\" srcset=\"https:\/\/www.kaiyuexcavator.com\/wp-content\/uploads\/2025\/06\/5.jpg 1280w, https:\/\/www.kaiyuexcavator.com\/wp-content\/uploads\/2025\/06\/5-768x768.jpg 768w, https:\/\/www.kaiyuexcavator.com\/wp-content\/uploads\/2025\/06\/5-300x300.jpg 300w, https:\/\/www.kaiyuexcavator.com\/wp-content\/uploads\/2025\/06\/5-600x600.jpg 600w, https:\/\/www.kaiyuexcavator.com\/wp-content\/uploads\/2025\/06\/5-100x100.jpg 100w\" sizes=\"(max-width: 1280px) 100vw, 1280px\" \/><\/p>","protected":false},"excerpt":{"rendered":"<table width=\"362\">\n<tbody>\n<tr>\n<td width=\"181\">1 - 2 unidades<\/td>\n<td width=\"181\">&gt;= 3 unidades<\/td>\n<\/tr>\n<tr>\n<td>USD$25700<\/td>\n<td>USD$24000<\/td>\n<\/tr>\n<\/tbody>\n<\/table>\n<table style=\"font-size: 16px;font-style: normal\" width=\"362\">\n<tbody>\n<tr>\n<td width=\"181\">Nome do produto<\/td>\n<td width=\"181\">Escavadora Caterpillar 323D2L usada<\/td>\n<\/tr>\n<tr>\n<td>Min. Encomenda<\/td>\n<td>1 unidade<\/td>\n<\/tr>\n<tr>\n<td>Peso<\/td>\n<td>23 TONELADAS<\/td>\n<\/tr>\n<tr>\n<td>Ano<\/td>\n<td>2024<\/td>\n<\/tr>\n<tr>\n<td>Hor\u00e1rio de trabalho<\/td>\n<td>600 horas<\/td>\n<\/tr>\n<\/tbody>\n<\/table>","protected":false},"featured_media":6188,"comment_status":"open","ping_status":"closed","template":"","meta":{"_acf_changed":false,"site-sidebar-layout":"default","site-content-layout":"","ast-site-content-layout":"default","site-content-style":"default","site-sidebar-style":"default","ast-global-header-display":"","ast-banner-title-visibility":"","ast-main-header-display":"","ast-hfb-above-header-display":"","ast-hfb-below-header-display":"","ast-hfb-mobile-header-display":"","site-post-title":"disabled","ast-breadcrumbs-content":"","ast-featured-img":"disabled","footer-sml-layout":"","theme-transparent-header-meta":"default","adv-header-id-meta":"","stick-header-meta":"default","header-above-stick-meta":"","header-main-stick-meta":"","header-below-stick-meta":"","astra-migrate-meta-layouts":"set","ast-page-background-enabled":"default","ast-page-background-meta":{"desktop":{"background-color":"var(--ast-global-color-4)","background-image":"","background-repeat":"repeat","background-position":"center center","background-size":"auto","background-attachment":"scroll","background-type":"","background-media":"","overlay-type":"","overlay-color":"","overlay-opacity":"","overlay-gradient":""},"tablet":{"background-color":"","background-image":"","background-repeat":"repeat","background-position":"center center","background-size":"auto","background-attachment":"scroll","background-type":"","background-media":"","overlay-type":"","overlay-color":"","overlay-opacity":"","overlay-gradient":""},"mobile":{"background-color":"","background-image":"","background-repeat":"repeat","background-position":"center center","background-size":"auto","background-attachment":"scroll","background-type":"","background-media":"","overlay-type":"","overlay-color":"","overlay-opacity":"","overlay-gradient":""}},"ast-content-background-meta":{"desktop":{"background-color":"var(--ast-global-color-5)","background-image":"","background-repeat":"repeat","background-position":"center center","background-size":"auto","background-attachment":"scroll","background-type":"","background-media":"","overlay-type":"","overlay-color":"","overlay-opacity":"","overlay-gradient":""},"tablet":{"background-color":"var(--ast-global-color-5)","background-image":"","background-repeat":"repeat","background-position":"center center","background-size":"auto","background-attachment":"scroll","background-type":"","background-media":"","overlay-type":"","overlay-color":"","overlay-opacity":"","overlay-gradient":""},"mobile":{"background-color":"var(--ast-global-color-5)","background-image":"","background-repeat":"repeat","background-position":"center center","background-size":"auto","background-attachment":"scroll","background-type":"","background-media":"","overlay-type":"","overlay-color":"","overlay-opacity":"","overlay-gradient":""}}},"product_cat":[87,60],"product_tag":[],"class_list":{"0":"post-6187","1":"product","2":"type-product","3":"status-publish","4":"has-post-thumbnail","6":"product_cat-caterpillar","7":"product_cat-excavator","8":"desktop-align-left","9":"tablet-align-left","10":"mobile-align-left","11":"ast-product-gallery-layout-horizontal-slider","12":"ast-product-tabs-layout-horizontal","14":"first","15":"instock","16":"shipping-taxable","17":"product-type-simple"},"acf":[],"_links":{"self":[{"href":"https:\/\/www.kaiyuexcavator.com\/pt\/wp-json\/wp\/v2\/product\/6187","targetHints":{"allow":["GET"]}}],"collection":[{"href":"https:\/\/www.kaiyuexcavator.com\/pt\/wp-json\/wp\/v2\/product"}],"about":[{"href":"https:\/\/www.kaiyuexcavator.com\/pt\/wp-json\/wp\/v2\/types\/product"}],"replies":[{"embeddable":true,"href":"https:\/\/www.kaiyuexcavator.com\/pt\/wp-json\/wp\/v2\/comments?post=6187"}],"version-history":[{"count":1,"href":"https:\/\/www.kaiyuexcavator.com\/pt\/wp-json\/wp\/v2\/product\/6187\/revisions"}],"predecessor-version":[{"id":6194,"href":"https:\/\/www.kaiyuexcavator.com\/pt\/wp-json\/wp\/v2\/product\/6187\/revisions\/6194"}],"wp:featuredmedia":[{"embeddable":true,"href":"https:\/\/www.kaiyuexcavator.com\/pt\/wp-json\/wp\/v2\/media\/6188"}],"wp:attachment":[{"href":"https:\/\/www.kaiyuexcavator.com\/pt\/wp-json\/wp\/v2\/media?parent=6187"}],"wp:term":[{"taxonomy":"product_cat","embeddable":true,"href":"https:\/\/www.kaiyuexcavator.com\/pt\/wp-json\/wp\/v2\/product_cat?post=6187"},{"taxonomy":"product_tag","embeddable":true,"href":"https:\/\/www.kaiyuexcavator.com\/pt\/wp-json\/wp\/v2\/product_tag?post=6187"}],"curies":[{"name":"wp","href":"https:\/\/api.w.org\/{rel}","templated":true}]}}