{"id":5942,"date":"2025-03-27T02:50:42","date_gmt":"2025-03-27T02:50:42","guid":{"rendered":"https:\/\/www.kaiyuexcavator.com\/?post_type=product&#038;p=5942"},"modified":"2025-03-27T03:06:15","modified_gmt":"2025-03-27T03:06:15","slug":"bulldozers-cat-usados-d8r-caterpillar-dozer-japao-original-d6g-d7g-d8r-maquinaria-de-construcao-de-alto-desempenho","status":"publish","type":"product","link":"https:\/\/www.kaiyuexcavator.com\/pt\/product\/bulldozers-cat-usados-d8r-caterpillar-dozer-japao-original-d6g-d7g-d8r-maquinaria-de-construcao-de-alto-desempenho\/","title":{"rendered":"Escavadoras CAT D8R Usado Escavadora Caterpillar Jap\u00e3o Original D6G D7G D8R Maquinaria de constru\u00e7\u00e3o de alto desempenho"},"content":{"rendered":"<h2 class=\"wp-block-heading\"><strong>Principais atributos<\/strong><\/h2>\n<p><strong>Atributos espec\u00edficos do sector<\/strong><\/p>\n<table width=\"362\">\n<tbody>\n<tr>\n<td width=\"181\">Ano<\/td>\n<td width=\"181\">2024<\/td>\n<\/tr>\n<tr>\n<td>Peso operacional<\/td>\n<td>35 TONELADAS<\/td>\n<\/tr>\n<tr>\n<td>Capacidade de dozing<\/td>\n<td>10 M\u00b3<\/td>\n<\/tr>\n<tr>\n<td>Peso da m\u00e1quina<\/td>\n<td>35000 KG<\/td>\n<\/tr>\n<tr>\n<td>Pot\u00eancia<\/td>\n<td>228 kw<\/td>\n<\/tr>\n<tr>\n<td>Hor\u00e1rio de trabalho<\/td>\n<td>800 horas<\/td>\n<\/tr>\n<tr>\n<td>Estado<\/td>\n<td>95% Novo<\/td>\n<\/tr>\n<tr>\n<td>Marca do motor hidr\u00e1ulico<\/td>\n<td>Original<\/td>\n<\/tr>\n<tr>\n<td>Componentes principais<\/td>\n<td>Motor, bomba, caixa de velocidades, motor<\/td>\n<\/tr>\n<tr>\n<td>Localiza\u00e7\u00e3o<\/td>\n<td>Hefei, China<\/td>\n<\/tr>\n<tr>\n<td>Tipo de movimento<\/td>\n<td>Bulldozer de lagartas<\/td>\n<\/tr>\n<tr>\n<td>Prazo de entrega<\/td>\n<td>15-30 dias<\/td>\n<\/tr>\n<\/tbody>\n<\/table>\n<h2><strong>Apresenta\u00e7\u00e3o do produto<\/strong><\/h2>\n<p><img fetchpriority=\"high\" decoding=\"async\" class=\"alignnone size-full wp-image-5945\" src=\"https:\/\/www.kaiyuexcavator.com\/wp-content\/uploads\/2025\/03\/\u5fae\u4fe1\u56fe\u7247_20241213131218.jpg\" alt=\"\" width=\"1080\" height=\"1080\" srcset=\"https:\/\/www.kaiyuexcavator.com\/wp-content\/uploads\/2025\/03\/\u5fae\u4fe1\u56fe\u7247_20241213131218.jpg 1080w, https:\/\/www.kaiyuexcavator.com\/wp-content\/uploads\/2025\/03\/\u5fae\u4fe1\u56fe\u7247_20241213131218-768x768.jpg 768w, https:\/\/www.kaiyuexcavator.com\/wp-content\/uploads\/2025\/03\/\u5fae\u4fe1\u56fe\u7247_20241213131218-300x300.jpg 300w, https:\/\/www.kaiyuexcavator.com\/wp-content\/uploads\/2025\/03\/\u5fae\u4fe1\u56fe\u7247_20241213131218-600x600.jpg 600w, https:\/\/www.kaiyuexcavator.com\/wp-content\/uploads\/2025\/03\/\u5fae\u4fe1\u56fe\u7247_20241213131218-100x100.jpg 100w\" sizes=\"(max-width: 1080px) 100vw, 1080px\" \/> <img decoding=\"async\" class=\"alignnone size-full wp-image-5946\" src=\"https:\/\/www.kaiyuexcavator.com\/wp-content\/uploads\/2025\/03\/\u5fae\u4fe1\u56fe\u7247_20241213131221.jpg\" alt=\"\" width=\"1080\" height=\"1080\" srcset=\"https:\/\/www.kaiyuexcavator.com\/wp-content\/uploads\/2025\/03\/\u5fae\u4fe1\u56fe\u7247_20241213131221.jpg 1080w, https:\/\/www.kaiyuexcavator.com\/wp-content\/uploads\/2025\/03\/\u5fae\u4fe1\u56fe\u7247_20241213131221-768x768.jpg 768w, https:\/\/www.kaiyuexcavator.com\/wp-content\/uploads\/2025\/03\/\u5fae\u4fe1\u56fe\u7247_20241213131221-300x300.jpg 300w, https:\/\/www.kaiyuexcavator.com\/wp-content\/uploads\/2025\/03\/\u5fae\u4fe1\u56fe\u7247_20241213131221-600x600.jpg 600w, https:\/\/www.kaiyuexcavator.com\/wp-content\/uploads\/2025\/03\/\u5fae\u4fe1\u56fe\u7247_20241213131221-100x100.jpg 100w\" sizes=\"(max-width: 1080px) 100vw, 1080px\" \/> <img decoding=\"async\" class=\"alignnone size-full wp-image-5944\" src=\"https:\/\/www.kaiyuexcavator.com\/wp-content\/uploads\/2025\/03\/\u5fae\u4fe1\u56fe\u7247_20241213131215.jpg\" alt=\"\" width=\"1080\" height=\"1080\" srcset=\"https:\/\/www.kaiyuexcavator.com\/wp-content\/uploads\/2025\/03\/\u5fae\u4fe1\u56fe\u7247_20241213131215.jpg 1080w, https:\/\/www.kaiyuexcavator.com\/wp-content\/uploads\/2025\/03\/\u5fae\u4fe1\u56fe\u7247_20241213131215-768x768.jpg 768w, https:\/\/www.kaiyuexcavator.com\/wp-content\/uploads\/2025\/03\/\u5fae\u4fe1\u56fe\u7247_20241213131215-300x300.jpg 300w, https:\/\/www.kaiyuexcavator.com\/wp-content\/uploads\/2025\/03\/\u5fae\u4fe1\u56fe\u7247_20241213131215-600x600.jpg 600w, https:\/\/www.kaiyuexcavator.com\/wp-content\/uploads\/2025\/03\/\u5fae\u4fe1\u56fe\u7247_20241213131215-100x100.jpg 100w\" sizes=\"(max-width: 1080px) 100vw, 1080px\" \/> <img loading=\"lazy\" decoding=\"async\" class=\"alignnone size-full wp-image-5943\" src=\"https:\/\/www.kaiyuexcavator.com\/wp-content\/uploads\/2025\/03\/\u5fae\u4fe1\u56fe\u7247_20241213131150.jpg\" alt=\"\" width=\"1080\" height=\"1080\" srcset=\"https:\/\/www.kaiyuexcavator.com\/wp-content\/uploads\/2025\/03\/\u5fae\u4fe1\u56fe\u7247_20241213131150.jpg 1080w, https:\/\/www.kaiyuexcavator.com\/wp-content\/uploads\/2025\/03\/\u5fae\u4fe1\u56fe\u7247_20241213131150-768x768.jpg 768w, https:\/\/www.kaiyuexcavator.com\/wp-content\/uploads\/2025\/03\/\u5fae\u4fe1\u56fe\u7247_20241213131150-300x300.jpg 300w, https:\/\/www.kaiyuexcavator.com\/wp-content\/uploads\/2025\/03\/\u5fae\u4fe1\u56fe\u7247_20241213131150-600x600.jpg 600w, https:\/\/www.kaiyuexcavator.com\/wp-content\/uploads\/2025\/03\/\u5fae\u4fe1\u56fe\u7247_20241213131150-100x100.jpg 100w\" sizes=\"(max-width: 1080px) 100vw, 1080px\" \/><\/p>","protected":false},"excerpt":{"rendered":"<table width=\"362\">\n<tbody>\n<tr>\n<td width=\"181\">1 - 2 unidades<\/td>\n<td width=\"181\">&gt;= 3 unidades<\/td>\n<\/tr>\n<tr>\n<td>USD$55000<\/td>\n<td>USD$52000<\/td>\n<\/tr>\n<\/tbody>\n<\/table>\n<table style=\"font-size: 16px;font-style: normal\" width=\"362\">\n<tbody>\n<tr>\n<td width=\"181\">Nome do produto<\/td>\n<td width=\"181\">Escavadora CAT D8R usada<\/td>\n<\/tr>\n<tr>\n<td>Min. Encomenda<\/td>\n<td>1 unidade<\/td>\n<\/tr>\n<tr>\n<td>Peso<\/td>\n<td>35 TONELADAS<\/td>\n<\/tr>\n<tr>\n<td>Ano<\/td>\n<td>2024<\/td>\n<\/tr>\n<tr>\n<td>Hor\u00e1rio de trabalho<\/td>\n<td>800 horas<\/td>\n<\/tr>\n<\/tbody>\n<\/table>","protected":false},"featured_media":5944,"comment_status":"open","ping_status":"closed","template":"","meta":{"_acf_changed":false,"site-sidebar-layout":"default","site-content-layout":"","ast-site-content-layout":"default","site-content-style":"default","site-sidebar-style":"default","ast-global-header-display":"","ast-banner-title-visibility":"","ast-main-header-display":"","ast-hfb-above-header-display":"","ast-hfb-below-header-display":"","ast-hfb-mobile-header-display":"","site-post-title":"disabled","ast-breadcrumbs-content":"","ast-featured-img":"disabled","footer-sml-layout":"","theme-transparent-header-meta":"default","adv-header-id-meta":"","stick-header-meta":"default","header-above-stick-meta":"","header-main-stick-meta":"","header-below-stick-meta":"","astra-migrate-meta-layouts":"set","ast-page-background-enabled":"default","ast-page-background-meta":{"desktop":{"background-color":"var(--ast-global-color-4)","background-image":"","background-repeat":"repeat","background-position":"center center","background-size":"auto","background-attachment":"scroll","background-type":"","background-media":"","overlay-type":"","overlay-color":"","overlay-opacity":"","overlay-gradient":""},"tablet":{"background-color":"","background-image":"","background-repeat":"repeat","background-position":"center center","background-size":"auto","background-attachment":"scroll","background-type":"","background-media":"","overlay-type":"","overlay-color":"","overlay-opacity":"","overlay-gradient":""},"mobile":{"background-color":"","background-image":"","background-repeat":"repeat","background-position":"center center","background-size":"auto","background-attachment":"scroll","background-type":"","background-media":"","overlay-type":"","overlay-color":"","overlay-opacity":"","overlay-gradient":""}},"ast-content-background-meta":{"desktop":{"background-color":"var(--ast-global-color-5)","background-image":"","background-repeat":"repeat","background-position":"center center","background-size":"auto","background-attachment":"scroll","background-type":"","background-media":"","overlay-type":"","overlay-color":"","overlay-opacity":"","overlay-gradient":""},"tablet":{"background-color":"var(--ast-global-color-5)","background-image":"","background-repeat":"repeat","background-position":"center center","background-size":"auto","background-attachment":"scroll","background-type":"","background-media":"","overlay-type":"","overlay-color":"","overlay-opacity":"","overlay-gradient":""},"mobile":{"background-color":"var(--ast-global-color-5)","background-image":"","background-repeat":"repeat","background-position":"center center","background-size":"auto","background-attachment":"scroll","background-type":"","background-media":"","overlay-type":"","overlay-color":"","overlay-opacity":"","overlay-gradient":""}}},"product_cat":[85,86],"product_tag":[],"class_list":{"0":"post-5942","1":"product","2":"type-product","3":"status-publish","4":"has-post-thumbnail","6":"product_cat-bulldozer","7":"product_cat-other","8":"desktop-align-left","9":"tablet-align-left","10":"mobile-align-left","11":"ast-product-gallery-layout-horizontal-slider","12":"ast-product-tabs-layout-horizontal","14":"first","15":"instock","16":"shipping-taxable","17":"product-type-simple"},"acf":[],"_links":{"self":[{"href":"https:\/\/www.kaiyuexcavator.com\/pt\/wp-json\/wp\/v2\/product\/5942","targetHints":{"allow":["GET"]}}],"collection":[{"href":"https:\/\/www.kaiyuexcavator.com\/pt\/wp-json\/wp\/v2\/product"}],"about":[{"href":"https:\/\/www.kaiyuexcavator.com\/pt\/wp-json\/wp\/v2\/types\/product"}],"replies":[{"embeddable":true,"href":"https:\/\/www.kaiyuexcavator.com\/pt\/wp-json\/wp\/v2\/comments?post=5942"}],"version-history":[{"count":1,"href":"https:\/\/www.kaiyuexcavator.com\/pt\/wp-json\/wp\/v2\/product\/5942\/revisions"}],"predecessor-version":[{"id":5947,"href":"https:\/\/www.kaiyuexcavator.com\/pt\/wp-json\/wp\/v2\/product\/5942\/revisions\/5947"}],"wp:featuredmedia":[{"embeddable":true,"href":"https:\/\/www.kaiyuexcavator.com\/pt\/wp-json\/wp\/v2\/media\/5944"}],"wp:attachment":[{"href":"https:\/\/www.kaiyuexcavator.com\/pt\/wp-json\/wp\/v2\/media?parent=5942"}],"wp:term":[{"taxonomy":"product_cat","embeddable":true,"href":"https:\/\/www.kaiyuexcavator.com\/pt\/wp-json\/wp\/v2\/product_cat?post=5942"},{"taxonomy":"product_tag","embeddable":true,"href":"https:\/\/www.kaiyuexcavator.com\/pt\/wp-json\/wp\/v2\/product_tag?post=5942"}],"curies":[{"name":"wp","href":"https:\/\/api.w.org\/{rel}","templated":true}]}}