{"id":5886,"date":"2025-03-17T06:20:22","date_gmt":"2025-03-17T06:20:22","guid":{"rendered":"https:\/\/www.kaiyuexcavator.com\/?post_type=product&#038;p=5886"},"modified":"2025-06-04T01:40:07","modified_gmt":"2025-06-04T01:40:07","slug":"95new-sany245h-crawler-used-excavator-sy245h-track-digger-construction-machine-sy60-75-95-125-135-155-205-215-235-265-305","status":"publish","type":"product","link":"https:\/\/www.kaiyuexcavator.com\/pt\/product\/95new-sany245h-crawler-used-excavator-sy245h-track-digger-construction-machine-sy60-75-95-125-135-155-205-215-235-265-305\/","title":{"rendered":"95%Nova escavadora de lagartas Sany245H usada SY245H Track Digger M\u00e1quina de constru\u00e7\u00e3o SY60 75 95 125 135 155 205 215 235 265 305"},"content":{"rendered":"<h2 class=\"wp-block-heading\"><strong>Principais atributos<\/strong><\/h2>\n<p><strong>Atributos espec\u00edficos do sector<\/strong><\/p>\n<table width=\"362\">\n<tbody>\n<tr>\n<td width=\"181\">Ano<\/td>\n<td width=\"181\">2024<\/td>\n<\/tr>\n<tr>\n<td>Peso operacional<\/td>\n<td>25,5 TONELADAS<\/td>\n<\/tr>\n<tr>\n<td>Capacidade do balde<\/td>\n<td>1.2 M\u00b3<\/td>\n<\/tr>\n<tr>\n<td>Peso da m\u00e1quina<\/td>\n<td>24000 KG<\/td>\n<\/tr>\n<tr>\n<td>Pot\u00eancia<\/td>\n<td>147 kw<\/td>\n<\/tr>\n<tr>\n<td>Hor\u00e1rio de trabalho<\/td>\n<td>800 horas<\/td>\n<\/tr>\n<tr>\n<td>Estado<\/td>\n<td>95% Novo<\/td>\n<\/tr>\n<tr>\n<td>Marca do cilindro hidr\u00e1ulico<\/td>\n<td>Original<\/td>\n<\/tr>\n<tr>\n<td>Componentes principais<\/td>\n<td>Motor, bomba, caixa de velocidades, motor<\/td>\n<\/tr>\n<tr>\n<td>Profundidade m\u00e1xima de escava\u00e7\u00e3o<\/td>\n<td>10225 mm<\/td>\n<\/tr>\n<tr>\n<td>Altura m\u00e1xima de escava\u00e7\u00e3o<\/td>\n<td>6705 mm<\/td>\n<\/tr>\n<tr>\n<td>Raio m\u00e1ximo de escava\u00e7\u00e3o<\/td>\n<td>9745 mm<\/td>\n<\/tr>\n<\/tbody>\n<\/table>\n<h2><strong>Apresenta\u00e7\u00e3o do produto<\/strong><\/h2>\n<p><img fetchpriority=\"high\" decoding=\"async\" class=\"alignnone size-full wp-image-5888\" src=\"https:\/\/www.kaiyuexcavator.com\/wp-content\/uploads\/2025\/03\/\u5fae\u4fe1\u56fe\u7247_20250102134735.jpg\" alt=\"\" width=\"1280\" height=\"1280\" srcset=\"https:\/\/www.kaiyuexcavator.com\/wp-content\/uploads\/2025\/03\/\u5fae\u4fe1\u56fe\u7247_20250102134735.jpg 1280w, https:\/\/www.kaiyuexcavator.com\/wp-content\/uploads\/2025\/03\/\u5fae\u4fe1\u56fe\u7247_20250102134735-768x768.jpg 768w, https:\/\/www.kaiyuexcavator.com\/wp-content\/uploads\/2025\/03\/\u5fae\u4fe1\u56fe\u7247_20250102134735-300x300.jpg 300w, https:\/\/www.kaiyuexcavator.com\/wp-content\/uploads\/2025\/03\/\u5fae\u4fe1\u56fe\u7247_20250102134735-600x600.jpg 600w, https:\/\/www.kaiyuexcavator.com\/wp-content\/uploads\/2025\/03\/\u5fae\u4fe1\u56fe\u7247_20250102134735-100x100.jpg 100w\" sizes=\"(max-width: 1280px) 100vw, 1280px\" \/> <img decoding=\"async\" class=\"alignnone size-full wp-image-5889\" src=\"https:\/\/www.kaiyuexcavator.com\/wp-content\/uploads\/2025\/03\/\u5fae\u4fe1\u56fe\u7247_20250102134742.jpg\" alt=\"\" width=\"1280\" height=\"1280\" srcset=\"https:\/\/www.kaiyuexcavator.com\/wp-content\/uploads\/2025\/03\/\u5fae\u4fe1\u56fe\u7247_20250102134742.jpg 1280w, https:\/\/www.kaiyuexcavator.com\/wp-content\/uploads\/2025\/03\/\u5fae\u4fe1\u56fe\u7247_20250102134742-768x768.jpg 768w, https:\/\/www.kaiyuexcavator.com\/wp-content\/uploads\/2025\/03\/\u5fae\u4fe1\u56fe\u7247_20250102134742-300x300.jpg 300w, https:\/\/www.kaiyuexcavator.com\/wp-content\/uploads\/2025\/03\/\u5fae\u4fe1\u56fe\u7247_20250102134742-600x600.jpg 600w, https:\/\/www.kaiyuexcavator.com\/wp-content\/uploads\/2025\/03\/\u5fae\u4fe1\u56fe\u7247_20250102134742-100x100.jpg 100w\" sizes=\"(max-width: 1280px) 100vw, 1280px\" \/> <img decoding=\"async\" class=\"alignnone size-full wp-image-5887\" src=\"https:\/\/www.kaiyuexcavator.com\/wp-content\/uploads\/2025\/03\/\u5fae\u4fe1\u56fe\u7247_20250102134728.jpg\" alt=\"\" width=\"1280\" height=\"1280\" srcset=\"https:\/\/www.kaiyuexcavator.com\/wp-content\/uploads\/2025\/03\/\u5fae\u4fe1\u56fe\u7247_20250102134728.jpg 1280w, https:\/\/www.kaiyuexcavator.com\/wp-content\/uploads\/2025\/03\/\u5fae\u4fe1\u56fe\u7247_20250102134728-768x768.jpg 768w, https:\/\/www.kaiyuexcavator.com\/wp-content\/uploads\/2025\/03\/\u5fae\u4fe1\u56fe\u7247_20250102134728-300x300.jpg 300w, https:\/\/www.kaiyuexcavator.com\/wp-content\/uploads\/2025\/03\/\u5fae\u4fe1\u56fe\u7247_20250102134728-600x600.jpg 600w, https:\/\/www.kaiyuexcavator.com\/wp-content\/uploads\/2025\/03\/\u5fae\u4fe1\u56fe\u7247_20250102134728-100x100.jpg 100w\" sizes=\"(max-width: 1280px) 100vw, 1280px\" \/> <img loading=\"lazy\" decoding=\"async\" class=\"alignnone size-full wp-image-5890\" src=\"https:\/\/www.kaiyuexcavator.com\/wp-content\/uploads\/2025\/03\/\u5fae\u4fe1\u56fe\u7247_20250102134749.jpg\" alt=\"\" width=\"1280\" height=\"1280\" srcset=\"https:\/\/www.kaiyuexcavator.com\/wp-content\/uploads\/2025\/03\/\u5fae\u4fe1\u56fe\u7247_20250102134749.jpg 1280w, https:\/\/www.kaiyuexcavator.com\/wp-content\/uploads\/2025\/03\/\u5fae\u4fe1\u56fe\u7247_20250102134749-768x768.jpg 768w, https:\/\/www.kaiyuexcavator.com\/wp-content\/uploads\/2025\/03\/\u5fae\u4fe1\u56fe\u7247_20250102134749-300x300.jpg 300w, https:\/\/www.kaiyuexcavator.com\/wp-content\/uploads\/2025\/03\/\u5fae\u4fe1\u56fe\u7247_20250102134749-600x600.jpg 600w, https:\/\/www.kaiyuexcavator.com\/wp-content\/uploads\/2025\/03\/\u5fae\u4fe1\u56fe\u7247_20250102134749-100x100.jpg 100w\" sizes=\"(max-width: 1280px) 100vw, 1280px\" \/><\/p>","protected":false},"excerpt":{"rendered":"<table width=\"362\">\n<tbody>\n<tr>\n<td width=\"181\">1 - 2 unidades<\/td>\n<td width=\"181\">&gt;= 3 unidades<\/td>\n<\/tr>\n<tr>\n<td>USD$36000<\/td>\n<td>USD$35000<\/td>\n<\/tr>\n<\/tbody>\n<\/table>\n<table style=\"font-size: 16px;font-style: normal\" width=\"362\">\n<tbody>\n<tr>\n<td width=\"181\">Nome do produto<\/td>\n<td width=\"181\">Escavadora Sany SY245H usada<\/td>\n<\/tr>\n<tr>\n<td>Min. Encomenda<\/td>\n<td>1 unidade<\/td>\n<\/tr>\n<tr>\n<td>Peso<\/td>\n<td>25,5 TONELADAS<\/td>\n<\/tr>\n<tr>\n<td>Ano<\/td>\n<td>2024<\/td>\n<\/tr>\n<tr>\n<td>Hor\u00e1rio de trabalho<\/td>\n<td>800 horas<\/td>\n<\/tr>\n<\/tbody>\n<\/table>","protected":false},"featured_media":5888,"comment_status":"open","ping_status":"closed","template":"","meta":{"_acf_changed":false,"site-sidebar-layout":"default","site-content-layout":"","ast-site-content-layout":"default","site-content-style":"default","site-sidebar-style":"default","ast-global-header-display":"","ast-banner-title-visibility":"","ast-main-header-display":"","ast-hfb-above-header-display":"","ast-hfb-below-header-display":"","ast-hfb-mobile-header-display":"","site-post-title":"disabled","ast-breadcrumbs-content":"","ast-featured-img":"disabled","footer-sml-layout":"","theme-transparent-header-meta":"default","adv-header-id-meta":"","stick-header-meta":"default","header-above-stick-meta":"","header-main-stick-meta":"","header-below-stick-meta":"","astra-migrate-meta-layouts":"set","ast-page-background-enabled":"default","ast-page-background-meta":{"desktop":{"background-color":"var(--ast-global-color-4)","background-image":"","background-repeat":"repeat","background-position":"center center","background-size":"auto","background-attachment":"scroll","background-type":"","background-media":"","overlay-type":"","overlay-color":"","overlay-opacity":"","overlay-gradient":""},"tablet":{"background-color":"","background-image":"","background-repeat":"repeat","background-position":"center center","background-size":"auto","background-attachment":"scroll","background-type":"","background-media":"","overlay-type":"","overlay-color":"","overlay-opacity":"","overlay-gradient":""},"mobile":{"background-color":"","background-image":"","background-repeat":"repeat","background-position":"center center","background-size":"auto","background-attachment":"scroll","background-type":"","background-media":"","overlay-type":"","overlay-color":"","overlay-opacity":"","overlay-gradient":""}},"ast-content-background-meta":{"desktop":{"background-color":"var(--ast-global-color-5)","background-image":"","background-repeat":"repeat","background-position":"center center","background-size":"auto","background-attachment":"scroll","background-type":"","background-media":"","overlay-type":"","overlay-color":"","overlay-opacity":"","overlay-gradient":""},"tablet":{"background-color":"var(--ast-global-color-5)","background-image":"","background-repeat":"repeat","background-position":"center center","background-size":"auto","background-attachment":"scroll","background-type":"","background-media":"","overlay-type":"","overlay-color":"","overlay-opacity":"","overlay-gradient":""},"mobile":{"background-color":"var(--ast-global-color-5)","background-image":"","background-repeat":"repeat","background-position":"center center","background-size":"auto","background-attachment":"scroll","background-type":"","background-media":"","overlay-type":"","overlay-color":"","overlay-opacity":"","overlay-gradient":""}}},"product_cat":[60,91],"product_tag":[],"class_list":{"0":"post-5886","1":"product","2":"type-product","3":"status-publish","4":"has-post-thumbnail","6":"product_cat-excavator","7":"product_cat-sany","8":"desktop-align-left","9":"tablet-align-left","10":"mobile-align-left","11":"ast-product-gallery-layout-horizontal-slider","12":"ast-product-tabs-layout-horizontal","14":"first","15":"instock","16":"shipping-taxable","17":"product-type-simple"},"acf":[],"_links":{"self":[{"href":"https:\/\/www.kaiyuexcavator.com\/pt\/wp-json\/wp\/v2\/product\/5886","targetHints":{"allow":["GET"]}}],"collection":[{"href":"https:\/\/www.kaiyuexcavator.com\/pt\/wp-json\/wp\/v2\/product"}],"about":[{"href":"https:\/\/www.kaiyuexcavator.com\/pt\/wp-json\/wp\/v2\/types\/product"}],"replies":[{"embeddable":true,"href":"https:\/\/www.kaiyuexcavator.com\/pt\/wp-json\/wp\/v2\/comments?post=5886"}],"version-history":[{"count":2,"href":"https:\/\/www.kaiyuexcavator.com\/pt\/wp-json\/wp\/v2\/product\/5886\/revisions"}],"predecessor-version":[{"id":6175,"href":"https:\/\/www.kaiyuexcavator.com\/pt\/wp-json\/wp\/v2\/product\/5886\/revisions\/6175"}],"wp:featuredmedia":[{"embeddable":true,"href":"https:\/\/www.kaiyuexcavator.com\/pt\/wp-json\/wp\/v2\/media\/5888"}],"wp:attachment":[{"href":"https:\/\/www.kaiyuexcavator.com\/pt\/wp-json\/wp\/v2\/media?parent=5886"}],"wp:term":[{"taxonomy":"product_cat","embeddable":true,"href":"https:\/\/www.kaiyuexcavator.com\/pt\/wp-json\/wp\/v2\/product_cat?post=5886"},{"taxonomy":"product_tag","embeddable":true,"href":"https:\/\/www.kaiyuexcavator.com\/pt\/wp-json\/wp\/v2\/product_tag?post=5886"}],"curies":[{"name":"wp","href":"https:\/\/api.w.org\/{rel}","templated":true}]}}