{"id":5829,"date":"2025-03-04T07:20:15","date_gmt":"2025-03-04T07:20:15","guid":{"rendered":"https:\/\/www.kaiyuexcavator.com\/?post_type=product&#038;p=5829"},"modified":"2025-03-04T08:18:03","modified_gmt":"2025-03-04T08:18:03","slug":"escavadora-de-lagartas-komatsu-pc300-usada-japao-maquina-pesada-pc220-pc240-cpc270-pc350-pc360-pc400-pc450-construcao-de-estradas","status":"publish","type":"product","link":"https:\/\/www.kaiyuexcavator.com\/pt\/product\/escavadora-de-lagartas-komatsu-pc300-usada-japao-maquina-pesada-pc220-pc240-cpc270-pc350-pc360-pc400-pc450-construcao-de-estradas\/","title":{"rendered":"Escavadora de lagartas Komatsu PC300 usada Jap\u00e3o M\u00e1quina pesada pc220 pc240 cpc270 pc350 pc360 pc400 pc450 Constru\u00e7\u00e3o de estradas"},"content":{"rendered":"<h2 class=\"wp-block-heading\"><strong>Principais atributos<\/strong><\/h2>\n<p><strong>Atributos espec\u00edficos do sector<\/strong><\/p>\n<table width=\"362\">\n<tbody>\n<tr>\n<td width=\"181\">Ano<\/td>\n<td width=\"181\">2023<\/td>\n<\/tr>\n<tr>\n<td>Peso operacional<\/td>\n<td>32 TONELADAS<\/td>\n<\/tr>\n<tr>\n<td>Capacidade do balde<\/td>\n<td>1.6 M\u00b3<\/td>\n<\/tr>\n<tr>\n<td>Peso da m\u00e1quina<\/td>\n<td>32 TONELADAS<\/td>\n<\/tr>\n<tr>\n<td>Pot\u00eancia<\/td>\n<td>187 kw<\/td>\n<\/tr>\n<tr>\n<td>Hor\u00e1rio de trabalho<\/td>\n<td>900 horas<\/td>\n<\/tr>\n<tr>\n<td>Estado<\/td>\n<td>90% Novo<\/td>\n<\/tr>\n<tr>\n<td>Marca do cilindro hidr\u00e1ulico<\/td>\n<td>Original<\/td>\n<\/tr>\n<tr>\n<td>Componentes principais<\/td>\n<td>Motor, bomba, caixa de velocidades, motor<\/td>\n<\/tr>\n<tr>\n<td>Profundidade m\u00e1xima de escava\u00e7\u00e3o<\/td>\n<td>7005 mm<\/td>\n<\/tr>\n<tr>\n<td>Altura m\u00e1xima de escava\u00e7\u00e3o<\/td>\n<td>9845 mm<\/td>\n<\/tr>\n<tr>\n<td>Raio m\u00e1ximo de escava\u00e7\u00e3o<\/td>\n<td>10765 mm<\/td>\n<\/tr>\n<\/tbody>\n<\/table>\n<h2><strong>Apresenta\u00e7\u00e3o do produto<\/strong><\/h2>\n<p>&nbsp;<\/p>\n<p><img fetchpriority=\"high\" decoding=\"async\" class=\"alignnone size-full wp-image-5831\" src=\"https:\/\/www.kaiyuexcavator.com\/wp-content\/uploads\/2025\/03\/2_1.jpg\" alt=\"\" width=\"1080\" height=\"1080\" srcset=\"https:\/\/www.kaiyuexcavator.com\/wp-content\/uploads\/2025\/03\/2_1.jpg 1080w, https:\/\/www.kaiyuexcavator.com\/wp-content\/uploads\/2025\/03\/2_1-768x768.jpg 768w, https:\/\/www.kaiyuexcavator.com\/wp-content\/uploads\/2025\/03\/2_1-300x300.jpg 300w, https:\/\/www.kaiyuexcavator.com\/wp-content\/uploads\/2025\/03\/2_1-600x600.jpg 600w, https:\/\/www.kaiyuexcavator.com\/wp-content\/uploads\/2025\/03\/2_1-100x100.jpg 100w\" sizes=\"(max-width: 1080px) 100vw, 1080px\" \/> <img decoding=\"async\" class=\"alignnone size-full wp-image-5830\" src=\"https:\/\/www.kaiyuexcavator.com\/wp-content\/uploads\/2025\/03\/1_1.jpg\" alt=\"\" width=\"1080\" height=\"1080\" srcset=\"https:\/\/www.kaiyuexcavator.com\/wp-content\/uploads\/2025\/03\/1_1.jpg 1080w, https:\/\/www.kaiyuexcavator.com\/wp-content\/uploads\/2025\/03\/1_1-768x768.jpg 768w, https:\/\/www.kaiyuexcavator.com\/wp-content\/uploads\/2025\/03\/1_1-300x300.jpg 300w, https:\/\/www.kaiyuexcavator.com\/wp-content\/uploads\/2025\/03\/1_1-600x600.jpg 600w, https:\/\/www.kaiyuexcavator.com\/wp-content\/uploads\/2025\/03\/1_1-100x100.jpg 100w\" sizes=\"(max-width: 1080px) 100vw, 1080px\" \/> <img decoding=\"async\" class=\"alignnone size-full wp-image-5834\" src=\"https:\/\/www.kaiyuexcavator.com\/wp-content\/uploads\/2025\/03\/5_1.jpg\" alt=\"\" width=\"1080\" height=\"1080\" srcset=\"https:\/\/www.kaiyuexcavator.com\/wp-content\/uploads\/2025\/03\/5_1.jpg 1080w, https:\/\/www.kaiyuexcavator.com\/wp-content\/uploads\/2025\/03\/5_1-768x768.jpg 768w, https:\/\/www.kaiyuexcavator.com\/wp-content\/uploads\/2025\/03\/5_1-300x300.jpg 300w, https:\/\/www.kaiyuexcavator.com\/wp-content\/uploads\/2025\/03\/5_1-600x600.jpg 600w, https:\/\/www.kaiyuexcavator.com\/wp-content\/uploads\/2025\/03\/5_1-100x100.jpg 100w\" sizes=\"(max-width: 1080px) 100vw, 1080px\" \/> <img loading=\"lazy\" decoding=\"async\" class=\"alignnone size-full wp-image-5832\" src=\"https:\/\/www.kaiyuexcavator.com\/wp-content\/uploads\/2025\/03\/3_1.jpg\" alt=\"\" width=\"1080\" height=\"1080\" srcset=\"https:\/\/www.kaiyuexcavator.com\/wp-content\/uploads\/2025\/03\/3_1.jpg 1080w, https:\/\/www.kaiyuexcavator.com\/wp-content\/uploads\/2025\/03\/3_1-768x768.jpg 768w, https:\/\/www.kaiyuexcavator.com\/wp-content\/uploads\/2025\/03\/3_1-300x300.jpg 300w, https:\/\/www.kaiyuexcavator.com\/wp-content\/uploads\/2025\/03\/3_1-600x600.jpg 600w, https:\/\/www.kaiyuexcavator.com\/wp-content\/uploads\/2025\/03\/3_1-100x100.jpg 100w\" sizes=\"(max-width: 1080px) 100vw, 1080px\" \/><\/p>","protected":false},"excerpt":{"rendered":"<table width=\"362\">\n<tbody>\n<tr>\n<td width=\"181\">1 - 2 unidades<\/td>\n<td width=\"181\">&gt;= 3 unidades<\/td>\n<\/tr>\n<tr>\n<td>USD$31000<\/td>\n<td>USD$30000<\/td>\n<\/tr>\n<\/tbody>\n<\/table>\n<table style=\"font-size: 16px;font-style: normal\" width=\"362\">\n<tbody>\n<tr>\n<td width=\"181\">Nome do produto<\/td>\n<td width=\"181\">Escavadora Komatsu PC300 usada<\/td>\n<\/tr>\n<tr>\n<td>Min. Encomenda<\/td>\n<td>1 unidade<\/td>\n<\/tr>\n<tr>\n<td>Peso<\/td>\n<td>32 TONELADAS<\/td>\n<\/tr>\n<tr>\n<td>Ano<\/td>\n<td>2023<\/td>\n<\/tr>\n<tr>\n<td>Hor\u00e1rio de trabalho<\/td>\n<td>900 horas<\/td>\n<\/tr>\n<\/tbody>\n<\/table>","protected":false},"featured_media":5833,"comment_status":"open","ping_status":"closed","template":"","meta":{"_acf_changed":false,"site-sidebar-layout":"default","site-content-layout":"","ast-site-content-layout":"default","site-content-style":"default","site-sidebar-style":"default","ast-global-header-display":"","ast-banner-title-visibility":"","ast-main-header-display":"","ast-hfb-above-header-display":"","ast-hfb-below-header-display":"","ast-hfb-mobile-header-display":"","site-post-title":"disabled","ast-breadcrumbs-content":"","ast-featured-img":"disabled","footer-sml-layout":"","theme-transparent-header-meta":"default","adv-header-id-meta":"","stick-header-meta":"default","header-above-stick-meta":"","header-main-stick-meta":"","header-below-stick-meta":"","astra-migrate-meta-layouts":"set","ast-page-background-enabled":"default","ast-page-background-meta":{"desktop":{"background-color":"var(--ast-global-color-4)","background-image":"","background-repeat":"repeat","background-position":"center center","background-size":"auto","background-attachment":"scroll","background-type":"","background-media":"","overlay-type":"","overlay-color":"","overlay-opacity":"","overlay-gradient":""},"tablet":{"background-color":"","background-image":"","background-repeat":"repeat","background-position":"center center","background-size":"auto","background-attachment":"scroll","background-type":"","background-media":"","overlay-type":"","overlay-color":"","overlay-opacity":"","overlay-gradient":""},"mobile":{"background-color":"","background-image":"","background-repeat":"repeat","background-position":"center center","background-size":"auto","background-attachment":"scroll","background-type":"","background-media":"","overlay-type":"","overlay-color":"","overlay-opacity":"","overlay-gradient":""}},"ast-content-background-meta":{"desktop":{"background-color":"var(--ast-global-color-5)","background-image":"","background-repeat":"repeat","background-position":"center center","background-size":"auto","background-attachment":"scroll","background-type":"","background-media":"","overlay-type":"","overlay-color":"","overlay-opacity":"","overlay-gradient":""},"tablet":{"background-color":"var(--ast-global-color-5)","background-image":"","background-repeat":"repeat","background-position":"center center","background-size":"auto","background-attachment":"scroll","background-type":"","background-media":"","overlay-type":"","overlay-color":"","overlay-opacity":"","overlay-gradient":""},"mobile":{"background-color":"var(--ast-global-color-5)","background-image":"","background-repeat":"repeat","background-position":"center center","background-size":"auto","background-attachment":"scroll","background-type":"","background-media":"","overlay-type":"","overlay-color":"","overlay-opacity":"","overlay-gradient":""}}},"product_cat":[60,88],"product_tag":[],"class_list":{"0":"post-5829","1":"product","2":"type-product","3":"status-publish","4":"has-post-thumbnail","6":"product_cat-excavator","7":"product_cat-komatsu","8":"desktop-align-left","9":"tablet-align-left","10":"mobile-align-left","11":"ast-product-gallery-layout-horizontal-slider","12":"ast-product-tabs-layout-horizontal","14":"first","15":"instock","16":"shipping-taxable","17":"product-type-simple"},"acf":[],"_links":{"self":[{"href":"https:\/\/www.kaiyuexcavator.com\/pt\/wp-json\/wp\/v2\/product\/5829","targetHints":{"allow":["GET"]}}],"collection":[{"href":"https:\/\/www.kaiyuexcavator.com\/pt\/wp-json\/wp\/v2\/product"}],"about":[{"href":"https:\/\/www.kaiyuexcavator.com\/pt\/wp-json\/wp\/v2\/types\/product"}],"replies":[{"embeddable":true,"href":"https:\/\/www.kaiyuexcavator.com\/pt\/wp-json\/wp\/v2\/comments?post=5829"}],"version-history":[{"count":1,"href":"https:\/\/www.kaiyuexcavator.com\/pt\/wp-json\/wp\/v2\/product\/5829\/revisions"}],"predecessor-version":[{"id":5835,"href":"https:\/\/www.kaiyuexcavator.com\/pt\/wp-json\/wp\/v2\/product\/5829\/revisions\/5835"}],"wp:featuredmedia":[{"embeddable":true,"href":"https:\/\/www.kaiyuexcavator.com\/pt\/wp-json\/wp\/v2\/media\/5833"}],"wp:attachment":[{"href":"https:\/\/www.kaiyuexcavator.com\/pt\/wp-json\/wp\/v2\/media?parent=5829"}],"wp:term":[{"taxonomy":"product_cat","embeddable":true,"href":"https:\/\/www.kaiyuexcavator.com\/pt\/wp-json\/wp\/v2\/product_cat?post=5829"},{"taxonomy":"product_tag","embeddable":true,"href":"https:\/\/www.kaiyuexcavator.com\/pt\/wp-json\/wp\/v2\/product_tag?post=5829"}],"curies":[{"name":"wp","href":"https:\/\/api.w.org\/{rel}","templated":true}]}}