{"id":5491,"date":"2025-01-06T07:51:04","date_gmt":"2025-01-06T07:51:04","guid":{"rendered":"https:\/\/www.kaiyuexcavator.com\/?post_type=product&#038;p=5491"},"modified":"2025-01-06T07:53:50","modified_gmt":"2025-01-06T07:53:50","slug":"escavadora-de-lagartas-hidraulica-cat312d2gc-usada-maquinaria-de-engenharia-cat303-5-305-5-306-307-308-315-320-330-336","status":"publish","type":"product","link":"https:\/\/www.kaiyuexcavator.com\/pt\/product\/escavadora-de-lagartas-hidraulica-cat312d2gc-usada-maquinaria-de-engenharia-cat303-5-305-5-306-307-308-315-320-330-336\/","title":{"rendered":"Usado Escavadora de lagartas hidr\u00e1ulica Cat312D2GC M\u00e1quinas de engenharia cat303.5 305.5 306 307 308 315 320 330 336"},"content":{"rendered":"<h2 class=\"wp-block-heading\"><strong>Principais atributos<\/strong><\/h2>\n<p><strong>Atributos espec\u00edficos do sector<\/strong><\/p>\n<table width=\"362\">\n<tbody>\n<tr>\n<td width=\"181\">Ano<\/td>\n<td width=\"181\">2022<\/td>\n<\/tr>\n<tr>\n<td>Peso operacional<\/td>\n<td>12,5TONELADAS<\/td>\n<\/tr>\n<tr>\n<td>Capacidade do balde<\/td>\n<td>0.53M\u00b3<\/td>\n<\/tr>\n<tr>\n<td>Peso da m\u00e1quina<\/td>\n<td>12000KG<\/td>\n<\/tr>\n<tr>\n<td>Pot\u00eancia<\/td>\n<td>59kw<\/td>\n<\/tr>\n<tr>\n<td>Hor\u00e1rio de trabalho<\/td>\n<td>1000 horas<\/td>\n<\/tr>\n<tr>\n<td>Estado<\/td>\n<td>95% Novo<\/td>\n<\/tr>\n<tr>\n<td>Marca do cilindro hidr\u00e1ulico<\/td>\n<td>Original<\/td>\n<\/tr>\n<tr>\n<td>Componentes principais<\/td>\n<td>Motor, bomba, caixa de velocidades, motor<\/td>\n<\/tr>\n<tr>\n<td>Profundidade m\u00e1xima de escava\u00e7\u00e3o<\/td>\n<td>5548mm<\/td>\n<\/tr>\n<tr>\n<td>Altura m\u00e1xima de escava\u00e7\u00e3o<\/td>\n<td>8490mm<\/td>\n<\/tr>\n<tr>\n<td>Raio m\u00e1ximo de escava\u00e7\u00e3o<\/td>\n<td>8180mm<\/td>\n<\/tr>\n<\/tbody>\n<\/table>\n<h2><strong>Apresenta\u00e7\u00e3o do produto<\/strong><\/h2>\n<p>&nbsp;<\/p>\n<p><img fetchpriority=\"high\" decoding=\"async\" class=\"alignnone size-full wp-image-5492\" src=\"https:\/\/www.kaiyuexcavator.com\/wp-content\/uploads\/2025\/01\/\u5fae\u4fe1\u56fe\u7247_20250102104743.webp\" alt=\"\" width=\"800\" height=\"800\" srcset=\"https:\/\/www.kaiyuexcavator.com\/wp-content\/uploads\/2025\/01\/\u5fae\u4fe1\u56fe\u7247_20250102104743.webp 800w, https:\/\/www.kaiyuexcavator.com\/wp-content\/uploads\/2025\/01\/\u5fae\u4fe1\u56fe\u7247_20250102104743-768x768.webp 768w, https:\/\/www.kaiyuexcavator.com\/wp-content\/uploads\/2025\/01\/\u5fae\u4fe1\u56fe\u7247_20250102104743-300x300.webp 300w, https:\/\/www.kaiyuexcavator.com\/wp-content\/uploads\/2025\/01\/\u5fae\u4fe1\u56fe\u7247_20250102104743-600x600.webp 600w, https:\/\/www.kaiyuexcavator.com\/wp-content\/uploads\/2025\/01\/\u5fae\u4fe1\u56fe\u7247_20250102104743-100x100.webp 100w\" sizes=\"(max-width: 800px) 100vw, 800px\" \/> <img decoding=\"async\" class=\"alignnone size-full wp-image-5495\" src=\"https:\/\/www.kaiyuexcavator.com\/wp-content\/uploads\/2025\/01\/\u5fae\u4fe1\u56fe\u7247_20250102104823.webp\" alt=\"\" width=\"800\" height=\"800\" srcset=\"https:\/\/www.kaiyuexcavator.com\/wp-content\/uploads\/2025\/01\/\u5fae\u4fe1\u56fe\u7247_20250102104823.webp 800w, https:\/\/www.kaiyuexcavator.com\/wp-content\/uploads\/2025\/01\/\u5fae\u4fe1\u56fe\u7247_20250102104823-768x768.webp 768w, https:\/\/www.kaiyuexcavator.com\/wp-content\/uploads\/2025\/01\/\u5fae\u4fe1\u56fe\u7247_20250102104823-300x300.webp 300w, https:\/\/www.kaiyuexcavator.com\/wp-content\/uploads\/2025\/01\/\u5fae\u4fe1\u56fe\u7247_20250102104823-600x600.webp 600w, https:\/\/www.kaiyuexcavator.com\/wp-content\/uploads\/2025\/01\/\u5fae\u4fe1\u56fe\u7247_20250102104823-100x100.webp 100w\" sizes=\"(max-width: 800px) 100vw, 800px\" \/> <img decoding=\"async\" class=\"alignnone size-full wp-image-5494\" src=\"https:\/\/www.kaiyuexcavator.com\/wp-content\/uploads\/2025\/01\/\u5fae\u4fe1\u56fe\u7247_20250102104819.webp\" alt=\"\" width=\"800\" height=\"800\" srcset=\"https:\/\/www.kaiyuexcavator.com\/wp-content\/uploads\/2025\/01\/\u5fae\u4fe1\u56fe\u7247_20250102104819.webp 800w, https:\/\/www.kaiyuexcavator.com\/wp-content\/uploads\/2025\/01\/\u5fae\u4fe1\u56fe\u7247_20250102104819-768x768.webp 768w, https:\/\/www.kaiyuexcavator.com\/wp-content\/uploads\/2025\/01\/\u5fae\u4fe1\u56fe\u7247_20250102104819-300x300.webp 300w, https:\/\/www.kaiyuexcavator.com\/wp-content\/uploads\/2025\/01\/\u5fae\u4fe1\u56fe\u7247_20250102104819-600x600.webp 600w, https:\/\/www.kaiyuexcavator.com\/wp-content\/uploads\/2025\/01\/\u5fae\u4fe1\u56fe\u7247_20250102104819-100x100.webp 100w\" sizes=\"(max-width: 800px) 100vw, 800px\" \/> <img loading=\"lazy\" decoding=\"async\" class=\"alignnone size-full wp-image-5496\" src=\"https:\/\/www.kaiyuexcavator.com\/wp-content\/uploads\/2025\/01\/\u5fae\u4fe1\u56fe\u7247_20250102104826.webp\" alt=\"\" width=\"800\" height=\"800\" srcset=\"https:\/\/www.kaiyuexcavator.com\/wp-content\/uploads\/2025\/01\/\u5fae\u4fe1\u56fe\u7247_20250102104826.webp 800w, https:\/\/www.kaiyuexcavator.com\/wp-content\/uploads\/2025\/01\/\u5fae\u4fe1\u56fe\u7247_20250102104826-768x768.webp 768w, https:\/\/www.kaiyuexcavator.com\/wp-content\/uploads\/2025\/01\/\u5fae\u4fe1\u56fe\u7247_20250102104826-300x300.webp 300w, https:\/\/www.kaiyuexcavator.com\/wp-content\/uploads\/2025\/01\/\u5fae\u4fe1\u56fe\u7247_20250102104826-600x600.webp 600w, https:\/\/www.kaiyuexcavator.com\/wp-content\/uploads\/2025\/01\/\u5fae\u4fe1\u56fe\u7247_20250102104826-100x100.webp 100w\" sizes=\"(max-width: 800px) 100vw, 800px\" \/><\/p>","protected":false},"excerpt":{"rendered":"<table width=\"362\">\n<tbody>\n<tr>\n<td width=\"181\">1 - 2 unidades<\/td>\n<td width=\"181\">&gt;= 3 unidades<\/td>\n<\/tr>\n<tr>\n<td>USD$25600<\/td>\n<td>USD$24500<\/td>\n<\/tr>\n<\/tbody>\n<\/table>\n<table style=\"font-size: 16px;font-style: normal\" width=\"362\">\n<tbody>\n<tr>\n<td width=\"181\">Nome do produto<\/td>\n<td width=\"181\">Escavadora Cat 312D2GC usada<\/td>\n<\/tr>\n<tr>\n<td>Min. Encomenda<\/td>\n<td>1 unidade<\/td>\n<\/tr>\n<tr>\n<td>Peso<\/td>\n<td>12,5 TONELADAS<\/td>\n<\/tr>\n<tr>\n<td>Ano<\/td>\n<td>2022<\/td>\n<\/tr>\n<tr>\n<td>Hor\u00e1rio de trabalho<\/td>\n<td>1000 horas<\/td>\n<\/tr>\n<\/tbody>\n<\/table>","protected":false},"featured_media":5492,"comment_status":"open","ping_status":"closed","template":"","meta":{"_acf_changed":false,"site-sidebar-layout":"default","site-content-layout":"","ast-site-content-layout":"default","site-content-style":"default","site-sidebar-style":"default","ast-global-header-display":"","ast-banner-title-visibility":"","ast-main-header-display":"","ast-hfb-above-header-display":"","ast-hfb-below-header-display":"","ast-hfb-mobile-header-display":"","site-post-title":"disabled","ast-breadcrumbs-content":"","ast-featured-img":"disabled","footer-sml-layout":"","theme-transparent-header-meta":"default","adv-header-id-meta":"","stick-header-meta":"default","header-above-stick-meta":"","header-main-stick-meta":"","header-below-stick-meta":"","astra-migrate-meta-layouts":"set","ast-page-background-enabled":"default","ast-page-background-meta":{"desktop":{"background-color":"var(--ast-global-color-4)","background-image":"","background-repeat":"repeat","background-position":"center center","background-size":"auto","background-attachment":"scroll","background-type":"","background-media":"","overlay-type":"","overlay-color":"","overlay-opacity":"","overlay-gradient":""},"tablet":{"background-color":"","background-image":"","background-repeat":"repeat","background-position":"center center","background-size":"auto","background-attachment":"scroll","background-type":"","background-media":"","overlay-type":"","overlay-color":"","overlay-opacity":"","overlay-gradient":""},"mobile":{"background-color":"","background-image":"","background-repeat":"repeat","background-position":"center center","background-size":"auto","background-attachment":"scroll","background-type":"","background-media":"","overlay-type":"","overlay-color":"","overlay-opacity":"","overlay-gradient":""}},"ast-content-background-meta":{"desktop":{"background-color":"var(--ast-global-color-5)","background-image":"","background-repeat":"repeat","background-position":"center center","background-size":"auto","background-attachment":"scroll","background-type":"","background-media":"","overlay-type":"","overlay-color":"","overlay-opacity":"","overlay-gradient":""},"tablet":{"background-color":"var(--ast-global-color-5)","background-image":"","background-repeat":"repeat","background-position":"center center","background-size":"auto","background-attachment":"scroll","background-type":"","background-media":"","overlay-type":"","overlay-color":"","overlay-opacity":"","overlay-gradient":""},"mobile":{"background-color":"var(--ast-global-color-5)","background-image":"","background-repeat":"repeat","background-position":"center center","background-size":"auto","background-attachment":"scroll","background-type":"","background-media":"","overlay-type":"","overlay-color":"","overlay-opacity":"","overlay-gradient":""}}},"product_cat":[87,60],"product_tag":[],"class_list":{"0":"post-5491","1":"product","2":"type-product","3":"status-publish","4":"has-post-thumbnail","6":"product_cat-caterpillar","7":"product_cat-excavator","8":"desktop-align-left","9":"tablet-align-left","10":"mobile-align-left","11":"ast-product-gallery-layout-horizontal-slider","12":"ast-product-tabs-layout-horizontal","14":"first","15":"instock","16":"shipping-taxable","17":"product-type-simple"},"acf":[],"_links":{"self":[{"href":"https:\/\/www.kaiyuexcavator.com\/pt\/wp-json\/wp\/v2\/product\/5491","targetHints":{"allow":["GET"]}}],"collection":[{"href":"https:\/\/www.kaiyuexcavator.com\/pt\/wp-json\/wp\/v2\/product"}],"about":[{"href":"https:\/\/www.kaiyuexcavator.com\/pt\/wp-json\/wp\/v2\/types\/product"}],"replies":[{"embeddable":true,"href":"https:\/\/www.kaiyuexcavator.com\/pt\/wp-json\/wp\/v2\/comments?post=5491"}],"version-history":[{"count":1,"href":"https:\/\/www.kaiyuexcavator.com\/pt\/wp-json\/wp\/v2\/product\/5491\/revisions"}],"predecessor-version":[{"id":5497,"href":"https:\/\/www.kaiyuexcavator.com\/pt\/wp-json\/wp\/v2\/product\/5491\/revisions\/5497"}],"wp:featuredmedia":[{"embeddable":true,"href":"https:\/\/www.kaiyuexcavator.com\/pt\/wp-json\/wp\/v2\/media\/5492"}],"wp:attachment":[{"href":"https:\/\/www.kaiyuexcavator.com\/pt\/wp-json\/wp\/v2\/media?parent=5491"}],"wp:term":[{"taxonomy":"product_cat","embeddable":true,"href":"https:\/\/www.kaiyuexcavator.com\/pt\/wp-json\/wp\/v2\/product_cat?post=5491"},{"taxonomy":"product_tag","embeddable":true,"href":"https:\/\/www.kaiyuexcavator.com\/pt\/wp-json\/wp\/v2\/product_tag?post=5491"}],"curies":[{"name":"wp","href":"https:\/\/api.w.org\/{rel}","templated":true}]}}