{"id":5211,"date":"2024-12-10T05:27:03","date_gmt":"2024-12-10T05:27:03","guid":{"rendered":"https:\/\/www.kaiyuexcavator.com\/?post_type=product&#038;p=5211"},"modified":"2025-07-11T05:51:01","modified_gmt":"2025-07-11T05:51:01","slug":"venda-quente-hyundai-220-9s-escavadora-usada-maquina-de-rastos-60w-150w-210w-220-305-330-escavadora-de-rodas-equipamento-de-construcao","status":"publish","type":"product","link":"https:\/\/www.kaiyuexcavator.com\/pt\/product\/venda-quente-hyundai-220-9s-escavadora-usada-maquina-de-rastos-60w-150w-210w-220-305-330-escavadora-de-rodas-equipamento-de-construcao\/","title":{"rendered":"Venda quente da escavadeira Hyundai 220-9S M\u00e1quina sobre esteiras usada 60W 150W 210W 220 305 330 Escavadeira de rodas Equipamento de constru\u00e7\u00e3o"},"content":{"rendered":"<h2 class=\"wp-block-heading\"><strong>Principais atributos<\/strong><\/h2>\n<p><strong>Atributos espec\u00edficos do sector<\/strong><\/p>\n<h6><\/h6>\n<figure class=\"wp-block-table\">\n<table>\n<tbody>\n<tr>\n<td>Ano<\/td>\n<td>2024<\/td>\n<\/tr>\n<tr>\n<td>Peso operacional<\/td>\n<td>22 Toneladas<\/td>\n<\/tr>\n<tr>\n<td>Capacidade do balde<\/td>\n<td>1.0 M\u00b3<\/td>\n<\/tr>\n<tr>\n<td>Peso da m\u00e1quina<\/td>\n<td>22000 KG<\/td>\n<\/tr>\n<tr>\n<td>Marca do cilindro hidr\u00e1ulico<\/td>\n<td>Original<\/td>\n<\/tr>\n<tr>\n<td>Pot\u00eancia<\/td>\n<td>110 kw<\/td>\n<\/tr>\n<tr>\n<td>Componentes principais<\/td>\n<td>Motor, bomba, caixa de velocidades, motor<\/td>\n<\/tr>\n<tr>\n<td>Hor\u00e1rio de trabalho<\/td>\n<td>600 horas<\/td>\n<\/tr>\n<tr>\n<td>Profundidade\/altura\/raio m\u00e1ximo de escava\u00e7\u00e3o<\/td>\n<td>6940mm\/7179mm\/6172mm<\/td>\n<\/tr>\n<tr>\n<td>Estado<\/td>\n<td>90%NEW<\/td>\n<\/tr>\n<\/tbody>\n<\/table>\n<\/figure>\n<h3><strong>Embalagem e entrega<\/strong><\/h3>\n<figure class=\"wp-block-table\">\n<table>\n<tbody>\n<tr>\n<td style=\"text-align: center\">Detalhes da embalagem<\/td>\n<td>1. A estrutura plana \u00e9 mais adequada para equipamento de constru\u00e7\u00e3o de grandes dimens\u00f5es sem desmontagem.<br \/>\n2. Os contentores s\u00e3o os mais baratos e mais r\u00e1pidos.<br \/>\n3. Os graneleiros s\u00e3o mais adequados para o equipamento de constru\u00e7\u00e3o de grandes dimens\u00f5es.<br \/>\n4. O transporte ro-ro \u00e9 r\u00e1pido e adequado para todos os tipos de m\u00e1quinas, pode escolher qualquer modo de transporte de acordo com as suas necessidades<\/td>\n<\/tr>\n<tr>\n<td style=\"text-align: center\">Porto<\/td>\n<td>Porto de Xangai; porto de Ningbo; porto de Qingdao<\/td>\n<\/tr>\n<\/tbody>\n<\/table>\n<\/figure>\n<h2><strong>Prazo de execu\u00e7\u00e3o<\/strong><\/h2>\n<figure class=\"wp-block-table\">\n<table>\n<tbody>\n<tr>\n<td>Quantidade (unidades)<\/td>\n<td>1 - 1<\/td>\n<td>2 - 5<\/td>\n<td>2 - 5<\/td>\n<\/tr>\n<tr>\n<td>Prazo de execu\u00e7\u00e3o (dias)<\/td>\n<td>3<\/td>\n<td>5<\/td>\n<td>A ser negociado<\/td>\n<\/tr>\n<\/tbody>\n<\/table>\n<\/figure>\n<h2><strong>Apresenta\u00e7\u00e3o do produto<\/strong><\/h2>\n<figure class=\"wp-block-gallery has-nested-images columns-default is-cropped wp-block-gallery-1 is-layout-flex wp-block-gallery-is-layout-flex\">\n<figure class=\"wp-block-image size-full\"><img fetchpriority=\"high\" decoding=\"async\" class=\"wp-image-2559\" title=\"Made In Korea Escavadeira sobre esteiras Usada Escavadeira Hyundai 220-9s com boa condi\u00e7\u00e3o de funcionamento 1\" src=\"https:\/\/kaiyuexcavator.com\/wp-content\/uploads\/2024\/11\/E5BEAEE4BFA1E59BBEE78987_20240627160942.jpg\" alt=\"Made In Korea Escavadeira sobre esteiras Usada Escavadeira Hyundai 220-9s com boa condi\u00e7\u00e3o de funcionamento\" width=\"800\" height=\"800\" data-id=\"2559\" \/><\/figure>\n<figure class=\"wp-block-image size-full\"><img decoding=\"async\" class=\"wp-image-2558\" title=\"Made In Korea Escavadeira sobre esteiras Usada Escavadeira Hyundai 220-9s com boa condi\u00e7\u00e3o de funcionamento 2\" src=\"https:\/\/kaiyuexcavator.com\/wp-content\/uploads\/2024\/11\/E5BEAEE4BFA1E59BBEE78987_20240627160921.jpg\" alt=\"Made In Korea Escavadeira sobre esteiras Usada Escavadeira Hyundai 220-9s com boa condi\u00e7\u00e3o de funcionamento\" width=\"800\" height=\"800\" data-id=\"2558\" \/><\/figure>\n<\/figure>\n<figure class=\"wp-block-gallery has-nested-images columns-default is-cropped wp-block-gallery-2 is-layout-flex wp-block-gallery-is-layout-flex\">\n<figure class=\"wp-block-image size-full\"><img decoding=\"async\" class=\"wp-image-2560\" title=\"Escavadora de lagartas fabricada na Coreia Escavadora de lagartas usada Hyundai 220-9s com boa condi\u00e7\u00e3o de funcionamento 3\" src=\"https:\/\/kaiyuexcavator.com\/wp-content\/uploads\/2024\/11\/E5BEAEE4BFA1E59BBEE78987_20240627160950.jpg\" alt=\"Made In Korea Escavadeira sobre esteiras Usada Escavadeira Hyundai 220-9s com boa condi\u00e7\u00e3o de funcionamento\" width=\"800\" height=\"800\" data-id=\"2560\" \/><\/figure>\n<figure class=\"wp-block-image size-full\"><img loading=\"lazy\" decoding=\"async\" class=\"wp-image-2354\" title=\"Made In Korea Escavadeira sobre esteiras Usada Escavadeira Hyundai 220-9s com boa condi\u00e7\u00e3o de funcionamento 4\" src=\"https:\/\/kaiyuexcavator.com\/wp-content\/uploads\/2024\/11\/E5BEAEE4BFA1E59BBEE78987_20240611145940.jpg\" alt=\"Made In Korea Escavadeira sobre esteiras Usada Escavadeira Hyundai 220-9s com boa condi\u00e7\u00e3o de funcionamento\" width=\"800\" height=\"800\" data-id=\"2354\" \/><\/figure>\n<\/figure>","protected":false},"excerpt":{"rendered":"<div class=\"txt\">\n<table>\n<tbody>\n<tr>\n<td>1 - 2 unidades<\/td>\n<td>&gt;= 3 pe\u00e7as<\/td>\n<\/tr>\n<tr>\n<td><strong>USD$25000<\/strong><\/td>\n<td><strong>USD$24000<\/strong><\/td>\n<\/tr>\n<\/tbody>\n<\/table>\n<p>&nbsp;<\/p>\n<table class=\"all magic-5\">\n<tbody>\n<tr>\n<td>\n<div class=\"magic-6\">\n<div class=\"magic-7\" data-spm-anchor-id=\"a2700.custom-template.0.i54.6e4e33333hV8ac\">Nome do produto<\/div>\n<\/div>\n<\/td>\n<td>\n<div class=\"magic-8\">\n<div class=\"magic-7\" data-spm-anchor-id=\"a2700.custom-template.0.i66.6e4e33333hV8ac\">Escavadora Hyundai 220-9S usada<\/div>\n<\/div>\n<\/td>\n<\/tr>\n<tr>\n<td>\n<div class=\"magic-6\">\n<div class=\"magic-7\">Peso operacional<\/div>\n<\/div>\n<\/td>\n<td>\n<div class=\"magic-8\">\n<div class=\"magic-7\" data-spm-anchor-id=\"a2700.custom-template.0.i87.6e4e33333hV8ac\">22 Toneladas<\/div>\n<\/div>\n<\/td>\n<\/tr>\n<tr>\n<td>\n<div class=\"magic-6\">\n<div class=\"magic-7\" data-spm-anchor-id=\"a2700.custom-template.0.i100.6e4e33333hV8ac\">Relat\u00f3rio de ensaio de m\u00e1quinas<\/div>\n<\/div>\n<\/td>\n<td>\n<div class=\"magic-8\">\n<div class=\"magic-7\" data-spm-anchor-id=\"a2700.custom-template.0.i105.6e4e33333hV8ac\">Fornecido<\/div>\n<\/div>\n<\/td>\n<\/tr>\n<tr>\n<td>\n<div class=\"magic-6\">\n<div class=\"magic-7\" data-spm-anchor-id=\"a2700.custom-template.0.i71.6e4e33333hV8ac\">Ano<\/div>\n<\/div>\n<\/td>\n<td>\n<div class=\"magic-8\">\n<div class=\"magic-7\" data-spm-anchor-id=\"a2700.custom-template.0.i74.6e4e33333hV8ac\">2024<\/div>\n<\/div>\n<\/td>\n<\/tr>\n<tr>\n<td>\n<div class=\"magic-6\">\n<div class=\"magic-7\" data-spm-anchor-id=\"a2700.custom-template.0.i101.6e4e33333hV8ac\">Hor\u00e1rio de trabalho<\/div>\n<\/div>\n<\/td>\n<td>\n<div class=\"magic-8\">\n<div class=\"magic-7\" data-spm-anchor-id=\"a2700.pc-decorate.0.i16.4b8e3333hOwQ41\">600 horas<\/div>\n<\/div>\n<\/td>\n<\/tr>\n<tr>\n<td>\n<div class=\"magic-6\">\n<div class=\"magic-7\" data-spm-anchor-id=\"a2700.custom-template.0.i95.6e4e33333hV8ac\">Componentes principais<\/div>\n<\/div>\n<\/td>\n<td>\n<div class=\"magic-8\">\n<div class=\"magic-7\" data-spm-anchor-id=\"a2700.custom-template.0.i103.6e4e33333hV8ac\">Motor, motor, bomba, engrenagem<\/div>\n<\/div>\n<\/td>\n<\/tr>\n<tr>\n<td>\n<div class=\"magic-6\">\n<div class=\"magic-7\" data-spm-anchor-id=\"a2700.custom-template.0.i108.6e4e33333hV8ac\">Cilindro hidr\u00e1ulico\/bomba\/v\u00e1lvula<\/div>\n<\/div>\n<\/td>\n<td>\n<div class=\"magic-8\">\n<div class=\"magic-7\" data-spm-anchor-id=\"a2700.custom-template.0.i109.6e4e33333hV8ac\">Original<\/div>\n<\/div>\n<\/td>\n<\/tr>\n<\/tbody>\n<\/table>\n<\/div>","protected":false},"featured_media":6493,"comment_status":"open","ping_status":"closed","template":"","meta":{"_acf_changed":false,"site-sidebar-layout":"no-sidebar","site-content-layout":"","ast-site-content-layout":"full-width-container","site-content-style":"default","site-sidebar-style":"default","ast-global-header-display":"","ast-banner-title-visibility":"","ast-main-header-display":"","ast-hfb-above-header-display":"","ast-hfb-below-header-display":"","ast-hfb-mobile-header-display":"","site-post-title":"disabled","ast-breadcrumbs-content":"","ast-featured-img":"disabled","footer-sml-layout":"","theme-transparent-header-meta":"default","adv-header-id-meta":"","stick-header-meta":"default","header-above-stick-meta":"","header-main-stick-meta":"","header-below-stick-meta":"","astra-migrate-meta-layouts":"set","ast-page-background-enabled":"default","ast-page-background-meta":{"desktop":{"background-color":"var(--ast-global-color-4)","background-image":"","background-repeat":"repeat","background-position":"center center","background-size":"auto","background-attachment":"scroll","background-type":"","background-media":"","overlay-type":"","overlay-color":"","overlay-opacity":"","overlay-gradient":""},"tablet":{"background-color":"","background-image":"","background-repeat":"repeat","background-position":"center center","background-size":"auto","background-attachment":"scroll","background-type":"","background-media":"","overlay-type":"","overlay-color":"","overlay-opacity":"","overlay-gradient":""},"mobile":{"background-color":"","background-image":"","background-repeat":"repeat","background-position":"center center","background-size":"auto","background-attachment":"scroll","background-type":"","background-media":"","overlay-type":"","overlay-color":"","overlay-opacity":"","overlay-gradient":""}},"ast-content-background-meta":{"desktop":{"background-color":"var(--ast-global-color-5)","background-image":"","background-repeat":"repeat","background-position":"center center","background-size":"auto","background-attachment":"scroll","background-type":"","background-media":"","overlay-type":"","overlay-color":"","overlay-opacity":"","overlay-gradient":""},"tablet":{"background-color":"var(--ast-global-color-5)","background-image":"","background-repeat":"repeat","background-position":"center center","background-size":"auto","background-attachment":"scroll","background-type":"","background-media":"","overlay-type":"","overlay-color":"","overlay-opacity":"","overlay-gradient":""},"mobile":{"background-color":"var(--ast-global-color-5)","background-image":"","background-repeat":"repeat","background-position":"center center","background-size":"auto","background-attachment":"scroll","background-type":"","background-media":"","overlay-type":"","overlay-color":"","overlay-opacity":"","overlay-gradient":""}}},"product_cat":[60,96],"product_tag":[],"class_list":{"0":"post-5211","1":"product","2":"type-product","3":"status-publish","4":"has-post-thumbnail","6":"product_cat-excavator","7":"product_cat-hyundai","8":"desktop-align-left","9":"tablet-align-left","10":"mobile-align-left","11":"ast-product-gallery-layout-horizontal-slider","12":"ast-product-tabs-layout-horizontal","14":"first","15":"instock","16":"shipping-taxable","17":"product-type-simple"},"acf":[],"_links":{"self":[{"href":"https:\/\/www.kaiyuexcavator.com\/pt\/wp-json\/wp\/v2\/product\/5211","targetHints":{"allow":["GET"]}}],"collection":[{"href":"https:\/\/www.kaiyuexcavator.com\/pt\/wp-json\/wp\/v2\/product"}],"about":[{"href":"https:\/\/www.kaiyuexcavator.com\/pt\/wp-json\/wp\/v2\/types\/product"}],"replies":[{"embeddable":true,"href":"https:\/\/www.kaiyuexcavator.com\/pt\/wp-json\/wp\/v2\/comments?post=5211"}],"version-history":[{"count":3,"href":"https:\/\/www.kaiyuexcavator.com\/pt\/wp-json\/wp\/v2\/product\/5211\/revisions"}],"predecessor-version":[{"id":6494,"href":"https:\/\/www.kaiyuexcavator.com\/pt\/wp-json\/wp\/v2\/product\/5211\/revisions\/6494"}],"wp:featuredmedia":[{"embeddable":true,"href":"https:\/\/www.kaiyuexcavator.com\/pt\/wp-json\/wp\/v2\/media\/6493"}],"wp:attachment":[{"href":"https:\/\/www.kaiyuexcavator.com\/pt\/wp-json\/wp\/v2\/media?parent=5211"}],"wp:term":[{"taxonomy":"product_cat","embeddable":true,"href":"https:\/\/www.kaiyuexcavator.com\/pt\/wp-json\/wp\/v2\/product_cat?post=5211"},{"taxonomy":"product_tag","embeddable":true,"href":"https:\/\/www.kaiyuexcavator.com\/pt\/wp-json\/wp\/v2\/product_tag?post=5211"}],"curies":[{"name":"wp","href":"https:\/\/api.w.org\/{rel}","templated":true}]}}