{"id":4678,"date":"2024-12-09T03:02:04","date_gmt":"2024-12-09T03:02:04","guid":{"rendered":"https:\/\/www.kaiyuexcavator.com\/?post_type=product&#038;p=4678"},"modified":"2025-06-24T09:42:15","modified_gmt":"2025-06-24T09:42:15","slug":"used-volvo-ec300-excavator-crawler-construction-machine-secondhand-ec210-220-240-250-290-300-350-360-380-480-off-sale","status":"publish","type":"product","link":"https:\/\/www.kaiyuexcavator.com\/pt\/product\/used-volvo-ec300-excavator-crawler-construction-machine-secondhand-ec210-220-240-250-290-300-350-360-380-480-off-sale\/","title":{"rendered":"Used VOLVO EC300 Excavator Crawler Construction Machine Secondhand EC210 220 240 250 290 300 350 360 380 480 off Sale"},"content":{"rendered":"<h2 class=\"wp-block-heading\"><strong>Principais atributos<\/strong><\/h2>\n<p><strong>Atributos espec\u00edficos do sector<\/strong><\/p>\n<table width=\"362\">\n<tbody>\n<tr>\n<td width=\"181\">Ano<\/td>\n<td width=\"181\">2023<\/td>\n<\/tr>\n<tr>\n<td>Peso operacional<\/td>\n<td>30 TONELADAS<\/td>\n<\/tr>\n<tr>\n<td>Capacidade do balde<\/td>\n<td>1.8 M\u00b3<\/td>\n<\/tr>\n<tr>\n<td>Peso da m\u00e1quina<\/td>\n<td>30 TONELADAS<\/td>\n<\/tr>\n<tr>\n<td>Pot\u00eancia<\/td>\n<td>112 kw<\/td>\n<\/tr>\n<tr>\n<td>Hor\u00e1rio de trabalho<\/td>\n<td>600 horas<\/td>\n<\/tr>\n<tr>\n<td>Estado<\/td>\n<td>90% Novo<\/td>\n<\/tr>\n<tr>\n<td>Marca do cilindro hidr\u00e1ulico<\/td>\n<td>Original<\/td>\n<\/tr>\n<tr>\n<td>Componentes principais<\/td>\n<td>Motor, bomba, caixa de velocidades, motor<\/td>\n<\/tr>\n<tr>\n<td>Profundidade m\u00e1xima de escava\u00e7\u00e3o<\/td>\n<td>7040 mm<\/td>\n<\/tr>\n<tr>\n<td>Altura m\u00e1xima de escava\u00e7\u00e3o<\/td>\n<td>9810 mm<\/td>\n<\/tr>\n<tr>\n<td>Raio m\u00e1ximo de escava\u00e7\u00e3o<\/td>\n<td>10220 mm<\/td>\n<\/tr>\n<\/tbody>\n<\/table>\n<h2><strong>Apresenta\u00e7\u00e3o do produto<\/strong><\/h2>\n<h2><strong><img fetchpriority=\"high\" decoding=\"async\" class=\"alignnone size-full wp-image-4679\" src=\"https:\/\/www.kaiyuexcavator.com\/wp-content\/uploads\/2024\/12\/IMG_20241105_101729.webp\" alt=\"\" width=\"800\" height=\"800\" srcset=\"https:\/\/www.kaiyuexcavator.com\/wp-content\/uploads\/2024\/12\/IMG_20241105_101729.webp 800w, https:\/\/www.kaiyuexcavator.com\/wp-content\/uploads\/2024\/12\/IMG_20241105_101729-768x768.webp 768w, https:\/\/www.kaiyuexcavator.com\/wp-content\/uploads\/2024\/12\/IMG_20241105_101729-300x300.webp 300w, https:\/\/www.kaiyuexcavator.com\/wp-content\/uploads\/2024\/12\/IMG_20241105_101729-600x600.webp 600w, https:\/\/www.kaiyuexcavator.com\/wp-content\/uploads\/2024\/12\/IMG_20241105_101729-100x100.webp 100w\" sizes=\"(max-width: 800px) 100vw, 800px\" \/> <img decoding=\"async\" class=\"alignnone size-full wp-image-4680\" src=\"https:\/\/www.kaiyuexcavator.com\/wp-content\/uploads\/2024\/12\/IMG_20241105_101837.webp\" alt=\"\" width=\"800\" height=\"800\" srcset=\"https:\/\/www.kaiyuexcavator.com\/wp-content\/uploads\/2024\/12\/IMG_20241105_101837.webp 800w, https:\/\/www.kaiyuexcavator.com\/wp-content\/uploads\/2024\/12\/IMG_20241105_101837-768x768.webp 768w, https:\/\/www.kaiyuexcavator.com\/wp-content\/uploads\/2024\/12\/IMG_20241105_101837-300x300.webp 300w, https:\/\/www.kaiyuexcavator.com\/wp-content\/uploads\/2024\/12\/IMG_20241105_101837-600x600.webp 600w, https:\/\/www.kaiyuexcavator.com\/wp-content\/uploads\/2024\/12\/IMG_20241105_101837-100x100.webp 100w\" sizes=\"(max-width: 800px) 100vw, 800px\" \/> <img decoding=\"async\" class=\"alignnone size-full wp-image-4681\" src=\"https:\/\/www.kaiyuexcavator.com\/wp-content\/uploads\/2024\/12\/IMG_20241105_101911.webp\" alt=\"\" width=\"800\" height=\"800\" srcset=\"https:\/\/www.kaiyuexcavator.com\/wp-content\/uploads\/2024\/12\/IMG_20241105_101911.webp 800w, https:\/\/www.kaiyuexcavator.com\/wp-content\/uploads\/2024\/12\/IMG_20241105_101911-768x768.webp 768w, https:\/\/www.kaiyuexcavator.com\/wp-content\/uploads\/2024\/12\/IMG_20241105_101911-300x300.webp 300w, https:\/\/www.kaiyuexcavator.com\/wp-content\/uploads\/2024\/12\/IMG_20241105_101911-600x600.webp 600w, https:\/\/www.kaiyuexcavator.com\/wp-content\/uploads\/2024\/12\/IMG_20241105_101911-100x100.webp 100w\" sizes=\"(max-width: 800px) 100vw, 800px\" \/> <img loading=\"lazy\" decoding=\"async\" class=\"alignnone size-full wp-image-4682\" src=\"https:\/\/www.kaiyuexcavator.com\/wp-content\/uploads\/2024\/12\/IMG_20241105_101929.webp\" alt=\"\" width=\"800\" height=\"800\" srcset=\"https:\/\/www.kaiyuexcavator.com\/wp-content\/uploads\/2024\/12\/IMG_20241105_101929.webp 800w, https:\/\/www.kaiyuexcavator.com\/wp-content\/uploads\/2024\/12\/IMG_20241105_101929-768x768.webp 768w, https:\/\/www.kaiyuexcavator.com\/wp-content\/uploads\/2024\/12\/IMG_20241105_101929-300x300.webp 300w, https:\/\/www.kaiyuexcavator.com\/wp-content\/uploads\/2024\/12\/IMG_20241105_101929-600x600.webp 600w, https:\/\/www.kaiyuexcavator.com\/wp-content\/uploads\/2024\/12\/IMG_20241105_101929-100x100.webp 100w\" sizes=\"(max-width: 800px) 100vw, 800px\" \/><\/strong><\/h2>\n<h2><\/h2>","protected":false},"excerpt":{"rendered":"<table width=\"362\">\n<tbody>\n<tr>\n<td width=\"181\">1 - 2 unidades<\/td>\n<td width=\"181\">&gt;= 3 unidades<\/td>\n<\/tr>\n<tr>\n<td>USD$25000<\/td>\n<td>USD$23000<\/td>\n<\/tr>\n<\/tbody>\n<\/table>\n<table style=\"font-size: 16px;font-style: normal\" width=\"362\">\n<tbody>\n<tr>\n<td width=\"181\">Nome do produto<\/td>\n<td width=\"181\">Escavadora Volvo EC300 usada<\/td>\n<\/tr>\n<tr>\n<td>Min. Encomenda<\/td>\n<td>1 unidade<\/td>\n<\/tr>\n<tr>\n<td>Peso<\/td>\n<td>30 TONELADAS<\/td>\n<\/tr>\n<tr>\n<td>Ano<\/td>\n<td>2023<\/td>\n<\/tr>\n<tr>\n<td>Hor\u00e1rio de trabalho<\/td>\n<td>600 horas<\/td>\n<\/tr>\n<\/tbody>\n<\/table>","protected":false},"featured_media":4679,"comment_status":"open","ping_status":"closed","template":"","meta":{"_acf_changed":false,"site-sidebar-layout":"default","site-content-layout":"","ast-site-content-layout":"default","site-content-style":"default","site-sidebar-style":"default","ast-global-header-display":"","ast-banner-title-visibility":"","ast-main-header-display":"","ast-hfb-above-header-display":"","ast-hfb-below-header-display":"","ast-hfb-mobile-header-display":"","site-post-title":"disabled","ast-breadcrumbs-content":"","ast-featured-img":"disabled","footer-sml-layout":"","theme-transparent-header-meta":"default","adv-header-id-meta":"","stick-header-meta":"default","header-above-stick-meta":"","header-main-stick-meta":"","header-below-stick-meta":"","astra-migrate-meta-layouts":"set","ast-page-background-enabled":"default","ast-page-background-meta":{"desktop":{"background-color":"var(--ast-global-color-4)","background-image":"","background-repeat":"repeat","background-position":"center center","background-size":"auto","background-attachment":"scroll","background-type":"","background-media":"","overlay-type":"","overlay-color":"","overlay-opacity":"","overlay-gradient":""},"tablet":{"background-color":"","background-image":"","background-repeat":"repeat","background-position":"center center","background-size":"auto","background-attachment":"scroll","background-type":"","background-media":"","overlay-type":"","overlay-color":"","overlay-opacity":"","overlay-gradient":""},"mobile":{"background-color":"","background-image":"","background-repeat":"repeat","background-position":"center center","background-size":"auto","background-attachment":"scroll","background-type":"","background-media":"","overlay-type":"","overlay-color":"","overlay-opacity":"","overlay-gradient":""}},"ast-content-background-meta":{"desktop":{"background-color":"var(--ast-global-color-5)","background-image":"","background-repeat":"repeat","background-position":"center center","background-size":"auto","background-attachment":"scroll","background-type":"","background-media":"","overlay-type":"","overlay-color":"","overlay-opacity":"","overlay-gradient":""},"tablet":{"background-color":"var(--ast-global-color-5)","background-image":"","background-repeat":"repeat","background-position":"center center","background-size":"auto","background-attachment":"scroll","background-type":"","background-media":"","overlay-type":"","overlay-color":"","overlay-opacity":"","overlay-gradient":""},"mobile":{"background-color":"var(--ast-global-color-5)","background-image":"","background-repeat":"repeat","background-position":"center center","background-size":"auto","background-attachment":"scroll","background-type":"","background-media":"","overlay-type":"","overlay-color":"","overlay-opacity":"","overlay-gradient":""}}},"product_cat":[60,95],"product_tag":[],"class_list":{"0":"post-4678","1":"product","2":"type-product","3":"status-publish","4":"has-post-thumbnail","6":"product_cat-excavator","7":"product_cat-volvo","8":"desktop-align-left","9":"tablet-align-left","10":"mobile-align-left","11":"ast-product-gallery-layout-horizontal-slider","12":"ast-product-tabs-layout-horizontal","14":"first","15":"instock","16":"shipping-taxable","17":"product-type-simple"},"acf":[],"_links":{"self":[{"href":"https:\/\/www.kaiyuexcavator.com\/pt\/wp-json\/wp\/v2\/product\/4678","targetHints":{"allow":["GET"]}}],"collection":[{"href":"https:\/\/www.kaiyuexcavator.com\/pt\/wp-json\/wp\/v2\/product"}],"about":[{"href":"https:\/\/www.kaiyuexcavator.com\/pt\/wp-json\/wp\/v2\/types\/product"}],"replies":[{"embeddable":true,"href":"https:\/\/www.kaiyuexcavator.com\/pt\/wp-json\/wp\/v2\/comments?post=4678"}],"version-history":[{"count":2,"href":"https:\/\/www.kaiyuexcavator.com\/pt\/wp-json\/wp\/v2\/product\/4678\/revisions"}],"predecessor-version":[{"id":6422,"href":"https:\/\/www.kaiyuexcavator.com\/pt\/wp-json\/wp\/v2\/product\/4678\/revisions\/6422"}],"wp:featuredmedia":[{"embeddable":true,"href":"https:\/\/www.kaiyuexcavator.com\/pt\/wp-json\/wp\/v2\/media\/4679"}],"wp:attachment":[{"href":"https:\/\/www.kaiyuexcavator.com\/pt\/wp-json\/wp\/v2\/media?parent=4678"}],"wp:term":[{"taxonomy":"product_cat","embeddable":true,"href":"https:\/\/www.kaiyuexcavator.com\/pt\/wp-json\/wp\/v2\/product_cat?post=4678"},{"taxonomy":"product_tag","embeddable":true,"href":"https:\/\/www.kaiyuexcavator.com\/pt\/wp-json\/wp\/v2\/product_tag?post=4678"}],"curies":[{"name":"wp","href":"https:\/\/api.w.org\/{rel}","templated":true}]}}