{"id":3618,"date":"2024-11-21T07:38:57","date_gmt":"2024-11-21T07:38:57","guid":{"rendered":"https:\/\/kaiyuexcavator.com\/?post_type=product&#038;p=3618"},"modified":"2025-01-15T05:16:19","modified_gmt":"2025-01-15T05:16:19","slug":"escavadora-volvo-ec240-usada-para-trabalhos-pesados-ec140-150-210-250-290-300-350-480-maquina-de-engenharia-de-alta-eficiencia","status":"publish","type":"product","link":"https:\/\/www.kaiyuexcavator.com\/pt\/product\/escavadora-volvo-ec240-usada-para-trabalhos-pesados-ec140-150-210-250-290-300-350-480-maquina-de-engenharia-de-alta-eficiencia\/","title":{"rendered":"Escavadora Volvo EC240 usada EC140 150 210 250 290 300 350 480 M\u00e1quina de engenharia de alta efici\u00eancia"},"content":{"rendered":"<h2 class=\"wp-block-heading\"><strong>Principais atributos<\/strong><\/h2>\n<p><strong>Atributos espec\u00edficos do sector<\/strong><\/p>\n<h6><\/h6>\n<figure class=\"wp-block-table\">\n<table>\n<tbody>\n<tr>\n<td>Ano<\/td>\n<td>2023<\/td>\n<\/tr>\n<tr>\n<td>Peso operacional<\/td>\n<td>24Ton<\/td>\n<\/tr>\n<tr>\n<td>Capacidade do balde<\/td>\n<td>1.2M\u00b3<\/td>\n<\/tr>\n<tr>\n<td>Peso da m\u00e1quina<\/td>\n<td>24000 KG<\/td>\n<\/tr>\n<tr>\n<td>Marca do cilindro hidr\u00e1ulico<\/td>\n<td>Original<\/td>\n<\/tr>\n<tr>\n<td>Pot\u00eancia<\/td>\n<td>130 kw<\/td>\n<\/tr>\n<tr>\n<td>Componentes principais<\/td>\n<td>Motor, bomba, caixa de velocidades, motor<\/td>\n<\/tr>\n<tr>\n<td>Hor\u00e1rio de trabalho<\/td>\n<td>600Hrs<\/td>\n<\/tr>\n<tr>\n<td>Profundidade\/altura\/raio m\u00e1ximo de escava\u00e7\u00e3o<\/td>\n<td>6980 mm\/9690 mm\/10260 mm<\/td>\n<\/tr>\n<tr>\n<td>Estado<\/td>\n<td>90%NEW<\/td>\n<\/tr>\n<\/tbody>\n<\/table>\n<\/figure>\n<h3><strong>Embalagem e entrega<\/strong><\/h3>\n<figure class=\"wp-block-table\">\n<table>\n<tbody>\n<tr>\n<td>Detalhes da embalagem<\/td>\n<td>1. A estrutura plana \u00e9 mais adequada para equipamento de constru\u00e7\u00e3o de grandes dimens\u00f5es sem desmontagem.<br \/>\n2. Os contentores s\u00e3o os mais baratos e mais r\u00e1pidos.<br \/>\n3. Os graneleiros s\u00e3o mais adequados para o equipamento de constru\u00e7\u00e3o de grandes dimens\u00f5es.<br \/>\n4. O transporte ro-ro \u00e9 r\u00e1pido e adequado para todos os tipos de m\u00e1quinas, pode escolher qualquer modo de transporte de acordo com as suas necessidades<\/td>\n<\/tr>\n<tr>\n<td>Porto<\/td>\n<td>porto de xangai porto de ningbo porto de qingdao<\/td>\n<\/tr>\n<\/tbody>\n<\/table>\n<\/figure>\n<h2><strong>Prazo de execu\u00e7\u00e3o<\/strong><\/h2>\n<figure class=\"wp-block-table\">\n<table>\n<tbody>\n<tr>\n<td>Quantidade (unidades)<\/td>\n<td>1 - 1<\/td>\n<td>2 - 5<\/td>\n<td>2 - 5<\/td>\n<\/tr>\n<tr>\n<td>Prazo de execu\u00e7\u00e3o (dias)<\/td>\n<td>3<\/td>\n<td>5<\/td>\n<td>A ser negociado<\/td>\n<\/tr>\n<\/tbody>\n<\/table>\n<\/figure>\n<h2><strong>Apresenta\u00e7\u00e3o do produto<\/strong><\/h2>\n<p>&nbsp;<\/p>\n<p><img fetchpriority=\"high\" decoding=\"async\" class=\"alignnone size-full wp-image-5346\" src=\"https:\/\/www.kaiyuexcavator.com\/wp-content\/uploads\/2024\/11\/\u5fae\u4fe1\u56fe\u7247_20241106134043.webp\" alt=\"\" width=\"800\" height=\"800\" srcset=\"https:\/\/www.kaiyuexcavator.com\/wp-content\/uploads\/2024\/11\/\u5fae\u4fe1\u56fe\u7247_20241106134043.webp 800w, https:\/\/www.kaiyuexcavator.com\/wp-content\/uploads\/2024\/11\/\u5fae\u4fe1\u56fe\u7247_20241106134043-768x768.webp 768w, https:\/\/www.kaiyuexcavator.com\/wp-content\/uploads\/2024\/11\/\u5fae\u4fe1\u56fe\u7247_20241106134043-300x300.webp 300w, https:\/\/www.kaiyuexcavator.com\/wp-content\/uploads\/2024\/11\/\u5fae\u4fe1\u56fe\u7247_20241106134043-600x600.webp 600w, https:\/\/www.kaiyuexcavator.com\/wp-content\/uploads\/2024\/11\/\u5fae\u4fe1\u56fe\u7247_20241106134043-100x100.webp 100w\" sizes=\"(max-width: 800px) 100vw, 800px\" \/> <img decoding=\"async\" class=\"alignnone size-full wp-image-5345\" src=\"https:\/\/www.kaiyuexcavator.com\/wp-content\/uploads\/2024\/11\/\u5fae\u4fe1\u56fe\u7247_20241106134042.webp\" alt=\"\" width=\"800\" height=\"800\" srcset=\"https:\/\/www.kaiyuexcavator.com\/wp-content\/uploads\/2024\/11\/\u5fae\u4fe1\u56fe\u7247_20241106134042.webp 800w, https:\/\/www.kaiyuexcavator.com\/wp-content\/uploads\/2024\/11\/\u5fae\u4fe1\u56fe\u7247_20241106134042-768x768.webp 768w, https:\/\/www.kaiyuexcavator.com\/wp-content\/uploads\/2024\/11\/\u5fae\u4fe1\u56fe\u7247_20241106134042-300x300.webp 300w, https:\/\/www.kaiyuexcavator.com\/wp-content\/uploads\/2024\/11\/\u5fae\u4fe1\u56fe\u7247_20241106134042-600x600.webp 600w, https:\/\/www.kaiyuexcavator.com\/wp-content\/uploads\/2024\/11\/\u5fae\u4fe1\u56fe\u7247_20241106134042-100x100.webp 100w\" sizes=\"(max-width: 800px) 100vw, 800px\" \/> <img decoding=\"async\" class=\"alignnone size-full wp-image-5347\" src=\"https:\/\/www.kaiyuexcavator.com\/wp-content\/uploads\/2024\/11\/\u5fae\u4fe1\u56fe\u7247_20241106134540.webp\" alt=\"\" width=\"800\" height=\"800\" srcset=\"https:\/\/www.kaiyuexcavator.com\/wp-content\/uploads\/2024\/11\/\u5fae\u4fe1\u56fe\u7247_20241106134540.webp 800w, https:\/\/www.kaiyuexcavator.com\/wp-content\/uploads\/2024\/11\/\u5fae\u4fe1\u56fe\u7247_20241106134540-768x768.webp 768w, https:\/\/www.kaiyuexcavator.com\/wp-content\/uploads\/2024\/11\/\u5fae\u4fe1\u56fe\u7247_20241106134540-300x300.webp 300w, https:\/\/www.kaiyuexcavator.com\/wp-content\/uploads\/2024\/11\/\u5fae\u4fe1\u56fe\u7247_20241106134540-600x600.webp 600w, https:\/\/www.kaiyuexcavator.com\/wp-content\/uploads\/2024\/11\/\u5fae\u4fe1\u56fe\u7247_20241106134540-100x100.webp 100w\" sizes=\"(max-width: 800px) 100vw, 800px\" \/> <img loading=\"lazy\" decoding=\"async\" class=\"alignnone size-full wp-image-5349\" src=\"https:\/\/www.kaiyuexcavator.com\/wp-content\/uploads\/2024\/11\/\u5fae\u4fe1\u56fe\u7247_202411061345401.webp\" alt=\"\" width=\"800\" height=\"800\" srcset=\"https:\/\/www.kaiyuexcavator.com\/wp-content\/uploads\/2024\/11\/\u5fae\u4fe1\u56fe\u7247_202411061345401.webp 800w, https:\/\/www.kaiyuexcavator.com\/wp-content\/uploads\/2024\/11\/\u5fae\u4fe1\u56fe\u7247_202411061345401-768x768.webp 768w, https:\/\/www.kaiyuexcavator.com\/wp-content\/uploads\/2024\/11\/\u5fae\u4fe1\u56fe\u7247_202411061345401-300x300.webp 300w, https:\/\/www.kaiyuexcavator.com\/wp-content\/uploads\/2024\/11\/\u5fae\u4fe1\u56fe\u7247_202411061345401-600x600.webp 600w, https:\/\/www.kaiyuexcavator.com\/wp-content\/uploads\/2024\/11\/\u5fae\u4fe1\u56fe\u7247_202411061345401-100x100.webp 100w\" sizes=\"(max-width: 800px) 100vw, 800px\" \/><\/p>","protected":false},"excerpt":{"rendered":"<div class=\"txt\">\n<table>\n<tbody>\n<tr>\n<td>1 - 2 unidades<\/td>\n<td>&gt;= 3 pe\u00e7as<\/td>\n<\/tr>\n<tr>\n<td><strong>USD$19000.00<\/strong><\/td>\n<td><strong>USD$18000.00<\/strong><\/td>\n<\/tr>\n<\/tbody>\n<\/table>\n<p>&nbsp;<\/p>\n<table class=\"all magic-5\">\n<tbody>\n<tr>\n<td>\n<div class=\"magic-6\">\n<div class=\"magic-7\" data-spm-anchor-id=\"a2700.custom-template.0.i54.6e4e33333hV8ac\">Nome do produto<\/div>\n<\/div>\n<\/td>\n<td>\n<div class=\"magic-8\">\n<div class=\"magic-7\" data-spm-anchor-id=\"a2700.custom-template.0.i66.6e4e33333hV8ac\">Escavadora Volvo EC240 usada<\/div>\n<\/div>\n<\/td>\n<\/tr>\n<tr>\n<td>\n<div class=\"magic-6\">\n<div class=\"magic-7\">Peso operacional<\/div>\n<\/div>\n<\/td>\n<td>\n<div class=\"magic-8\">\n<div class=\"magic-7\" data-spm-anchor-id=\"a2700.custom-template.0.i87.6e4e33333hV8ac\">24Ton<\/div>\n<\/div>\n<\/td>\n<\/tr>\n<tr>\n<td>\n<div class=\"magic-6\">\n<div class=\"magic-7\" data-spm-anchor-id=\"a2700.custom-template.0.i100.6e4e33333hV8ac\">Relat\u00f3rio de ensaio de m\u00e1quinas\/horas de trabalho<\/div>\n<\/div>\n<\/td>\n<td>\n<div class=\"magic-8\">\n<div class=\"magic-7\" data-spm-anchor-id=\"a2700.custom-template.0.i105.6e4e33333hV8ac\">Fornecido<\/div>\n<\/div>\n<\/td>\n<\/tr>\n<tr>\n<td>\n<div class=\"magic-6\">\n<div class=\"magic-7\" data-spm-anchor-id=\"a2700.custom-template.0.i71.6e4e33333hV8ac\">Ano<\/div>\n<\/div>\n<\/td>\n<td>\n<div class=\"magic-8\">\n<div class=\"magic-7\" data-spm-anchor-id=\"a2700.custom-template.0.i74.6e4e33333hV8ac\">2023<\/div>\n<\/div>\n<\/td>\n<\/tr>\n<tr>\n<td>\n<div class=\"magic-6\">\n<div class=\"magic-7\" data-spm-anchor-id=\"a2700.custom-template.0.i101.6e4e33333hV8ac\">Hor\u00e1rio de trabalho<\/div>\n<\/div>\n<\/td>\n<td>\n<div class=\"magic-8\">\n<div class=\"magic-7\" data-spm-anchor-id=\"a2700.pc-decorate.0.i16.4b8e3333hOwQ41\">600Hrs<\/div>\n<\/div>\n<\/td>\n<\/tr>\n<tr>\n<td>\n<div class=\"magic-6\">\n<div class=\"magic-7\" data-spm-anchor-id=\"a2700.custom-template.0.i95.6e4e33333hV8ac\">Componentes principais<\/div>\n<\/div>\n<\/td>\n<td>\n<div class=\"magic-8\">\n<div class=\"magic-7\" data-spm-anchor-id=\"a2700.custom-template.0.i103.6e4e33333hV8ac\">Motor, motor, bomba, engrenagem<\/div>\n<\/div>\n<\/td>\n<\/tr>\n<tr>\n<td>\n<div class=\"magic-6\">\n<div class=\"magic-7\" data-spm-anchor-id=\"a2700.custom-template.0.i108.6e4e33333hV8ac\">Marca do cilindro hidr\u00e1ulico\/bomba\/v\u00e1lvula<\/div>\n<\/div>\n<\/td>\n<td>\n<div class=\"magic-8\">\n<div class=\"magic-7\" data-spm-anchor-id=\"a2700.custom-template.0.i109.6e4e33333hV8ac\">Original<\/div>\n<\/div>\n<\/td>\n<\/tr>\n<\/tbody>\n<\/table>\n<\/div>","protected":false},"featured_media":5345,"comment_status":"open","ping_status":"closed","template":"","meta":{"_acf_changed":false,"site-sidebar-layout":"no-sidebar","site-content-layout":"","ast-site-content-layout":"full-width-container","site-content-style":"default","site-sidebar-style":"default","ast-global-header-display":"","ast-banner-title-visibility":"","ast-main-header-display":"","ast-hfb-above-header-display":"","ast-hfb-below-header-display":"","ast-hfb-mobile-header-display":"","site-post-title":"disabled","ast-breadcrumbs-content":"","ast-featured-img":"disabled","footer-sml-layout":"","theme-transparent-header-meta":"default","adv-header-id-meta":"","stick-header-meta":"default","header-above-stick-meta":"","header-main-stick-meta":"","header-below-stick-meta":"","astra-migrate-meta-layouts":"set","ast-page-background-enabled":"default","ast-page-background-meta":{"desktop":{"background-color":"var(--ast-global-color-4)","background-image":"","background-repeat":"repeat","background-position":"center center","background-size":"auto","background-attachment":"scroll","background-type":"","background-media":"","overlay-type":"","overlay-color":"","overlay-opacity":"","overlay-gradient":""},"tablet":{"background-color":"","background-image":"","background-repeat":"repeat","background-position":"center center","background-size":"auto","background-attachment":"scroll","background-type":"","background-media":"","overlay-type":"","overlay-color":"","overlay-opacity":"","overlay-gradient":""},"mobile":{"background-color":"","background-image":"","background-repeat":"repeat","background-position":"center center","background-size":"auto","background-attachment":"scroll","background-type":"","background-media":"","overlay-type":"","overlay-color":"","overlay-opacity":"","overlay-gradient":""}},"ast-content-background-meta":{"desktop":{"background-color":"var(--ast-global-color-5)","background-image":"","background-repeat":"repeat","background-position":"center center","background-size":"auto","background-attachment":"scroll","background-type":"","background-media":"","overlay-type":"","overlay-color":"","overlay-opacity":"","overlay-gradient":""},"tablet":{"background-color":"var(--ast-global-color-5)","background-image":"","background-repeat":"repeat","background-position":"center center","background-size":"auto","background-attachment":"scroll","background-type":"","background-media":"","overlay-type":"","overlay-color":"","overlay-opacity":"","overlay-gradient":""},"mobile":{"background-color":"var(--ast-global-color-5)","background-image":"","background-repeat":"repeat","background-position":"center center","background-size":"auto","background-attachment":"scroll","background-type":"","background-media":"","overlay-type":"","overlay-color":"","overlay-opacity":"","overlay-gradient":""}}},"product_cat":[60,95],"product_tag":[],"class_list":{"0":"post-3618","1":"product","2":"type-product","3":"status-publish","4":"has-post-thumbnail","6":"product_cat-excavator","7":"product_cat-volvo","8":"desktop-align-left","9":"tablet-align-left","10":"mobile-align-left","11":"ast-product-gallery-layout-horizontal-slider","12":"ast-product-tabs-layout-horizontal","14":"first","15":"instock","16":"shipping-taxable","17":"product-type-simple"},"acf":[],"_links":{"self":[{"href":"https:\/\/www.kaiyuexcavator.com\/pt\/wp-json\/wp\/v2\/product\/3618","targetHints":{"allow":["GET"]}}],"collection":[{"href":"https:\/\/www.kaiyuexcavator.com\/pt\/wp-json\/wp\/v2\/product"}],"about":[{"href":"https:\/\/www.kaiyuexcavator.com\/pt\/wp-json\/wp\/v2\/types\/product"}],"replies":[{"embeddable":true,"href":"https:\/\/www.kaiyuexcavator.com\/pt\/wp-json\/wp\/v2\/comments?post=3618"}],"version-history":[{"count":9,"href":"https:\/\/www.kaiyuexcavator.com\/pt\/wp-json\/wp\/v2\/product\/3618\/revisions"}],"predecessor-version":[{"id":5622,"href":"https:\/\/www.kaiyuexcavator.com\/pt\/wp-json\/wp\/v2\/product\/3618\/revisions\/5622"}],"wp:featuredmedia":[{"embeddable":true,"href":"https:\/\/www.kaiyuexcavator.com\/pt\/wp-json\/wp\/v2\/media\/5345"}],"wp:attachment":[{"href":"https:\/\/www.kaiyuexcavator.com\/pt\/wp-json\/wp\/v2\/media?parent=3618"}],"wp:term":[{"taxonomy":"product_cat","embeddable":true,"href":"https:\/\/www.kaiyuexcavator.com\/pt\/wp-json\/wp\/v2\/product_cat?post=3618"},{"taxonomy":"product_tag","embeddable":true,"href":"https:\/\/www.kaiyuexcavator.com\/pt\/wp-json\/wp\/v2\/product_tag?post=3618"}],"curies":[{"name":"wp","href":"https:\/\/api.w.org\/{rel}","templated":true}]}}