{"id":1771,"date":"2024-10-25T01:29:10","date_gmt":"2024-10-25T01:29:10","guid":{"rendered":"https:\/\/kaiyuexcavator.com\/?page_id=1771"},"modified":"2024-10-25T01:35:55","modified_gmt":"2024-10-25T01:35:55","slug":"privacidade","status":"publish","type":"page","link":"https:\/\/www.kaiyuexcavator.com\/pt\/privacidade\/","title":{"rendered":"Privacidade"},"content":{"rendered":"<div data-elementor-type=\"wp-page\" data-elementor-id=\"1771\" class=\"elementor elementor-1771\" data-elementor-post-type=\"page\">\n\t\t\t\t<div class=\"elementor-element elementor-element-ff67b73 e-flex e-con-boxed e-con e-parent\" data-id=\"ff67b73\" data-element_type=\"container\" data-settings=\"{&quot;ekit_has_onepagescroll_dot&quot;:&quot;yes&quot;}\">\n\t\t\t\t\t<div class=\"e-con-inner\">\n\t\t\t\t<div class=\"elementor-element elementor-element-4fdaf6f elementor-widget elementor-widget-heading\" data-id=\"4fdaf6f\" data-element_type=\"widget\" data-settings=\"{&quot;ekit_we_effect_on&quot;:&quot;none&quot;}\" data-widget_type=\"heading.default\">\n\t\t\t\t<div class=\"elementor-widget-container\">\n\t\t\t<h1 class=\"elementor-heading-title elementor-size-default\">Pol\u00edtica de privacidade<\/h1>\t\t<\/div>\n\t\t\t\t<\/div>\n\t\t\t\t<div class=\"elementor-element elementor-element-358b594 elementor-widget elementor-widget-text-editor\" data-id=\"358b594\" data-element_type=\"widget\" data-settings=\"{&quot;ekit_we_effect_on&quot;:&quot;none&quot;}\" data-widget_type=\"text-editor.default\">\n\t\t\t\t<div class=\"elementor-widget-container\">\n\t\t\t\t\t\t\t<p>A privacidade e a seguran\u00e7a das suas informa\u00e7\u00f5es s\u00e3o muito importantes para n\u00f3s.<br \/>Para obter mais informa\u00e7\u00f5es, consulte a pol\u00edtica de privacidade completa abaixo.<br \/>Introdu\u00e7\u00e3o<br \/>Esta pol\u00edtica de privacidade explica como a nossa empresa e as suas filiais recolhem e utilizam as suas informa\u00e7\u00f5es. A nossa pol\u00edtica de privacidade aplica-se a todas as pessoas que visitam e utilizam o nosso s\u00edtio Web, a nossa empresa e os servi\u00e7os em linha, bem como os s\u00edtios Web e os servi\u00e7os em linha fornecidos pelos nossos membros (coletivamente designados por \u201cs\u00edtios\u201d). As empresas afiliadas s\u00e3o entidades direta ou indiretamente detidas pela nossa empresa, ou entidades controladas ou controladas conjuntamente pela nossa empresa. As refer\u00eancias a \u201cbasic health\u201d, \u201cn\u00f3s\u201d, \u201cnosso\u201d ou \u201cnos\u201d nesta pol\u00edtica de privacidade dizem respeito \u00e0 entidade respons\u00e1vel pela recolha e utiliza\u00e7\u00e3o dos seus dados pessoais, normalmente a entidade que obt\u00e9m os seus dados pessoais em cada caso. Esta entidade \u00e9 tamb\u00e9m designada por respons\u00e1vel pelo tratamento dos dados. Esta pol\u00edtica de privacidade n\u00e3o abrange os s\u00edtios Web e os servi\u00e7os em linha operados pela nossa empresa ou pelas nossas empresas afiliadas. Estes s\u00edtios Web e servi\u00e7os em linha t\u00eam pol\u00edticas de privacidade separadas e n\u00e3o est\u00e3o ligados a esta pol\u00edtica de privacidade nem s\u00e3o incorporados por refer\u00eancia. Podem tamb\u00e9m aplicar-se pol\u00edticas de privacidade diferentes a outras partes do nosso s\u00edtio Web, tais como \u00e1reas protegidas por palavra-passe ou p\u00e1ginas Web utilizadas para recrutamento em linha. A nossa pol\u00edtica de privacidade aplica-se apenas \u00e0s actividades que realizamos neste s\u00edtio Web e n\u00e3o se aplica a actividades \u201coffline\u201d ou n\u00e3o relacionadas com este s\u00edtio Web. Esta pol\u00edtica de privacidade foi incorporada nos nossos termos e condi\u00e7\u00f5es, e o mesmo se aplica quando utiliza o nosso s\u00edtio Web. Ao utilizar este s\u00edtio Web e ao fornecer os seus dados pessoais e outras informa\u00e7\u00f5es atrav\u00e9s deste s\u00edtio Web, o utilizador reconhece que os seus dados pessoais ser\u00e3o processados de acordo com os termos desta pol\u00edtica de privacidade. Se n\u00e3o concordar com as pr\u00e1ticas descritas nesta pol\u00edtica de privacidade, n\u00e3o nos forne\u00e7a os seus dados pessoais nem interaja com o s\u00edtio Web de outras formas. Reservamo-nos o direito de modificar esta pol\u00edtica de privacidade em qualquer altura. Se fizermos quaisquer altera\u00e7\u00f5es importantes \u00e0 nossa pol\u00edtica de privacidade, avisaremos neste s\u00edtio Web antes de as altera\u00e7\u00f5es entrarem em vigor. Pode determinar a data da \u00faltima revis\u00e3o desta pol\u00edtica de privacidade consultando a data da \u201c\u00faltima atualiza\u00e7\u00e3o\u201d acima. Pode ver a vers\u00e3o mais recente desta pol\u00edtica de privacidade. Recomendamos que o utilizador consulte regularmente a pol\u00edtica de privacidade para verificar se existem altera\u00e7\u00f5es.<\/p><p>Que dados pessoais recolhemos sobre si?<br \/>Os dados pessoais utilizados nesta pol\u00edtica de privacidade referem-se a qualquer informa\u00e7\u00e3o relacionada com um indiv\u00edduo identificado ou identific\u00e1vel, ou conforme definido pela legisla\u00e7\u00e3o aplic\u00e1vel. Quando o utilizador visita o nosso s\u00edtio Web e interage voluntariamente com ele, recolhemos os seguintes dados pessoais:<br \/>O seu primeiro e \u00faltimo nome;<br \/>Nome da empresa;<br \/>Endere\u00e7o de protocolo Internet (IP);<br \/>Informa\u00e7\u00f5es de contacto (por exemplo, n\u00famero de telefone, endere\u00e7o de correio eletr\u00f3nico);<br \/>ou, Outras informa\u00e7\u00f5es fornecidas voluntariamente pelo utilizador.<\/p><p>Quando \u00e9 que recolhemos dados pessoais sobre o utilizador?<br \/>A menos que o utilizador opte voluntariamente por divulgar essas informa\u00e7\u00f5es, a nossa empresa n\u00e3o recolher\u00e1 quaisquer dados pessoais do utilizador atrav\u00e9s deste s\u00edtio Web. Poderemos pedir-lhe que forne\u00e7a determinados dados pessoais em diferentes momentos e locais do s\u00edtio Web. Em alguns casos, se optar por n\u00e3o nos fornecer os dados pessoais solicitados, poder\u00e1 n\u00e3o conseguir aceder a todo o conte\u00fado deste s\u00edtio Web ou participar em todas as suas fun\u00e7\u00f5es. Por exemplo, podemos recolher dados pessoais do utilizador quando este executa as seguintes ac\u00e7\u00f5es:<br \/>Adquirir produtos da nossa empresa atrav\u00e9s do nosso s\u00edtio Web;<br \/>Abrir ou responder ao nosso correio eletr\u00f3nico;<br \/>Quando nos fornece voluntariamente informa\u00e7\u00f5es atrav\u00e9s de inqu\u00e9ritos aos clientes, podemos associ\u00e1-las aos dados pessoais que recolhemos anteriormente sobre si;<br \/>Contactar o servi\u00e7o de apoio ao cliente, utilizar a nossa fun\u00e7\u00e3o \u201cligar\u201d para falar com os representantes da nossa empresa ou utilizar as nossas ferramentas de apoio ao cliente;<br \/>Ligar, ligar ou \u201cpartilhar\u201d o nosso s\u00edtio Web atrav\u00e9s de s\u00edtios de redes sociais;<br \/>Se o utilizador nos fornecer dados pessoais de terceiros, isso significa que notificou o terceiro e que foi autorizado pelo terceiro a fornecer essas informa\u00e7\u00f5es.<\/p><p>Como \u00e9 que utilizamos os dados pessoais?<br \/>A nossa empresa utiliza os dados pessoais que recolhemos para lhe prestar servi\u00e7os ou celebrar um acordo contratual com o utilizador quando este visita o nosso s\u00edtio Web. Isto inclui:<br \/>Criar uma conta de s\u00edtio Web em linha para si, de acordo com as suas necessidades;<br \/>Prestar servi\u00e7o ao cliente (por exemplo, responder \u00e0s suas perguntas ou responder a pedidos);<br \/>Enviar-lhe lembretes, actualiza\u00e7\u00f5es, apoio, mensagens de gest\u00e3o, an\u00fancios de servi\u00e7o e informa\u00e7\u00f5es solicitadas;<br \/>Utilizaremos os dados pessoais obtidos por terceiros ou por n\u00f3s por raz\u00f5es comerciais leg\u00edtimas, desde que os dados sejam compat\u00edveis com os seus direitos e expectativas de privacidade. Isto inclui:<br \/>Operar, manter e melhorar este s\u00edtio Web, os nossos servi\u00e7os e os nossos produtos;<br \/>Efetuar an\u00e1lises e pesquisas junto dos clientes;<br \/>Verificar a sua capacidade de aceder ou utilizar determinados produtos ou servi\u00e7os que s\u00f3 est\u00e3o dispon\u00edveis para indiv\u00edduos que cumprem determinados requisitos ou normas de qualifica\u00e7\u00e3o, como os profissionais de sa\u00fade;<br \/>Permitir ao utilizador interagir com determinados fornecedores de servi\u00e7os de conte\u00fados de terceiros (por exemplo, para permitir ao utilizador estabelecer liga\u00e7\u00f5es ou visualizar conte\u00fados de s\u00edtios Web de terceiros neste s\u00edtio Web, ou visualizar os nossos conte\u00fados em s\u00edtios Web de terceiros);<br \/>Permitir-lhe optar por participar nas funcionalidades interactivas do nosso s\u00edtio Web;<br \/>Gerir inqu\u00e9ritos online ou ofertas especiais fornecidas por n\u00f3s ou atrav\u00e9s dos nossos parceiros comerciais terceiros;<br \/>Melhorar o nosso s\u00edtio Web, o servi\u00e7o de apoio ao cliente, os produtos e servi\u00e7os e a experi\u00eancia geral do utilizador;<br \/>Melhorar outras informa\u00e7\u00f5es que temos sobre o utilizador para nos ajudar a compreend\u00ea-lo melhor e a determinar os seus interesses;<br \/>Determinar as suas prefer\u00eancias para que possamos notific\u00e1-lo sobre novos produtos ou outros produtos, servi\u00e7os e promo\u00e7\u00f5es que possam ser do seu interesse;<br \/>A nossa empresa tamb\u00e9m tem uma base legal para utilizar os seus dados pessoais:<br \/>Para evitar fraudes, seguran\u00e7a p\u00fablica e para fazer cumprir as obriga\u00e7\u00f5es de comunica\u00e7\u00e3o e os termos e condi\u00e7\u00f5es da nossa empresa, bem como para cumprir leis, regulamentos, ordens judiciais, intima\u00e7\u00f5es ou outros procedimentos legais.<br \/>Sempre que exigido por lei, podemos tamb\u00e9m utilizar as informa\u00e7\u00f5es recolhidas de acordo com esta pol\u00edtica de privacidade com o seu consentimento \u201copt-in\u201d para lhe fornecer bens ou servi\u00e7os que pensamos que possam ser do seu interesse Informa\u00e7\u00f5es.<\/p><p>Como lidar com dados pessoais sens\u00edveis?<br \/>Os dados pessoais sens\u00edveis utilizados na pol\u00edtica de privacidade (tamb\u00e9m designados por \u201ccategorias especiais de dados pessoais\u201d) referem-se a dados relacionados com a sua ra\u00e7a ou etnia, opini\u00f5es pol\u00edticas, religi\u00e3o ou outras convic\u00e7\u00f5es, sa\u00fade, carater\u00edsticas gen\u00e9ticas ou biol\u00f3gicas, vida sexual ou sexualidade. Informa\u00e7\u00f5es sobre orienta\u00e7\u00e3o, antecedentes criminais ou filia\u00e7\u00e3o sindical. A nossa empresa apenas recolhe dados pessoais sens\u00edveis nas seguintes circunst\u00e2ncias limitadas:<br \/>Com o seu consentimento expl\u00edcito;<br \/>Proteger os interesses vitais do utilizador ou de outros se n\u00e3o puder concordar f\u00edsica ou legalmente;<br \/>Se o tratamento for necess\u00e1rio para fins m\u00e9dicos preventivos ou profissionais, prestar cuidados ou tratamentos de sa\u00fade ou sociais ou gerir sistemas e servi\u00e7os de sa\u00fade ou sociais em conformidade com a legisla\u00e7\u00e3o da Uni\u00e3o ou dos Estados-Membros ou em conformidade com contratos com profissionais de sa\u00fade; ou utilizado para estabelecer, exercer ou defender ac\u00e7\u00f5es judiciais, ou na medida do permitido e exigido pela legisla\u00e7\u00e3o aplic\u00e1vel.<br \/>Salvo disposi\u00e7\u00e3o em contr\u00e1rio da legisla\u00e7\u00e3o aplic\u00e1vel, o utilizador n\u00e3o precisa de nos fornecer quaisquer dados pessoais sens\u00edveis quando utiliza o nosso s\u00edtio Web. Se optar por n\u00e3o o fazer, a sua decis\u00e3o n\u00e3o o impedir\u00e1 de utilizar o nosso s\u00edtio Web.<\/p><p>Que outras informa\u00e7\u00f5es recolhemos?<br \/>Tal como muitos outros websites, quando navega e interage com o nosso website, podemos utilizar tecnologia de recolha autom\u00e1tica para recolher determinadas informa\u00e7\u00f5es sobre o seu dispositivo, opera\u00e7\u00f5es de navega\u00e7\u00e3o e padr\u00f5es, incluindo:<br \/>Os detalhes da sua visita ao nosso s\u00edtio Web, incluindo os recursos que visita e utiliza no nosso s\u00edtio Web, dados de tr\u00e1fego, dados de localiza\u00e7\u00e3o, registos, l\u00edngua;<br \/>Data e hora de acesso, frequ\u00eancia e outros dados de comunica\u00e7\u00e3o;<br \/>Informa\u00e7\u00f5es sobre o computador e a liga\u00e7\u00e3o \u00e0 Internet, incluindo o sistema operativo, o dom\u00ednio do anfitri\u00e3o e o tipo de browser (como o Internet Explorer); ou<br \/>Detalhes do s\u00edtio Web recomendado (URL).<br \/>As informa\u00e7\u00f5es que recolhemos automaticamente s\u00e3o dados estat\u00edsticos que nos podem ajudar a melhorar o nosso s\u00edtio Web e a fornecer servi\u00e7os melhores e mais personalizados, incluindo a possibilidade de:<br \/>Determinar os padr\u00f5es de tr\u00e1fego do s\u00edtio Web;<br \/>Contar o n\u00famero de visitas ao local;<br \/>Identificar a origem do tr\u00e1fego para podermos medir e melhorar o desempenho do s\u00edtio Web;<br \/>Partilhar ou vender essas informa\u00e7\u00f5es a terceiros;<br \/>Ajudar-nos a compreender quais as p\u00e1ginas e conte\u00fados mais populares e menos populares; e<br \/>Determinar a frequ\u00eancia e a \u00faltima data da sua visita ao nosso s\u00edtio Web.<\/p><p>Cookies e outras tecnologias<br \/>Quando visita o nosso s\u00edtio Web ou interage com os nossos e-mails, utilizamos cookies, web beacons\/pixel tags e outras tecnologias (coletivamente designadas por \u201ccookies\u201d) para o identificar. Os \u201ccookies\u201d s\u00e3o pequenas quantidades de dados armazenados em cache ou num computador com base na atividade da Internet. Estes cookies podem ser transmitidos no contexto de uma primeira parte ou de uma terceira parte. Por exemplo, podemos recolher informa\u00e7\u00f5es sobre o tipo e a vers\u00e3o do seu browser, o sistema operativo, o idioma do utilizador, o ISP, as p\u00e1ginas Web visualizadas, as liga\u00e7\u00f5es clicadas, o endere\u00e7o IP, a exist\u00eancia ou n\u00e3o de um plug-in \u201cFlash\u201d, a resolu\u00e7\u00e3o do ecr\u00e3 e as informa\u00e7\u00f5es de liga\u00e7\u00e3o. A recolha de informa\u00e7\u00f5es sobre os tipos de produtos, os s\u00edtios Web visitados antes e depois de visitar o nosso s\u00edtio Web, informa\u00e7\u00f5es detalhadas sobre os produtos comprados e os e-mails que envia, reencaminha ou clica para entrar no nosso s\u00edtio Web. Ao recolher estas informa\u00e7\u00f5es, podemos compreender melhor a forma como o utilizador interage com o nosso Web site; proporcionar-lhe uma experi\u00eancia online mais personalizada e optimizada atrav\u00e9s do acompanhamento das suas prefer\u00eancias; melhorar o nosso Web site; executar contratos com os nossos parceiros comerciais; ajudar a confirmar a rece\u00e7\u00e3o e a responder ao nosso e-mail; e prestar um servi\u00e7o de apoio ao cliente mais eficaz. Para obter mais informa\u00e7\u00f5es sobre os cookies que recolhemos e como os desativar, consulte a nossa Pol\u00edtica de Cookies e a sec\u00e7\u00e3o 9 abaixo. Plug-ins de redes sociais. O nosso s\u00edtio Web utiliza os chamados plug-ins sociais (\u201cplug-ins\u201d) das redes sociais Facebook, Twitter e LinkedIn. Estes plug-ins s\u00e3o indicados pelos respectivos log\u00f3tipos das redes sociais. Quando visita o s\u00edtio, o seu navegador estabelece uma liga\u00e7\u00e3o direta com os servidores destas redes sociais. A rede social transfere o conte\u00fado do plug-in diretamente para o seu navegador e depois integra-o no s\u00edtio Web. A integra\u00e7\u00e3o de plug-ins permite que as redes sociais recebam as informa\u00e7\u00f5es que carregou nas p\u00e1ginas correspondentes do s\u00edtio. Por exemplo, se iniciar sess\u00e3o no Facebook, este poder\u00e1 atribuir a sua visita \u00e0 sua conta. Quando visita o nosso s\u00edtio Web, quer interaja ou n\u00e3o com o plug-in, j\u00e1 trocou estas informa\u00e7\u00f5es. Se interagir com o plug-in, as informa\u00e7\u00f5es correspondentes ser\u00e3o enviadas diretamente para o Facebook atrav\u00e9s do seu browser e a\u00ed guardadas. Pode encontrar informa\u00e7\u00f5es sobre a forma como as redes sociais utilizam os dados, bem como os seus direitos e defini\u00e7\u00f5es opcionais nos s\u00edtios de redes sociais para proteger a sua privacidade. Se n\u00e3o quiser que as redes sociais recolham dados sobre si atrav\u00e9s do nosso s\u00edtio Web, deve iniciar sess\u00e3o no dom\u00ednio da rede social antes de visitar o s\u00edtio Web. Para evitar a troca de informa\u00e7\u00f5es com as redes sociais durante a sua visita ao nosso s\u00edtio Web, pode optar por n\u00e3o utilizar cookies atrav\u00e9s das defini\u00e7\u00f5es do seu browser e de outras ferramentas.<\/p><p>Como \u00e9 que partilhamos as informa\u00e7\u00f5es?<br \/>A nossa empresa compromete-se a manter a confidencialidade dos seus dados pessoais. Exceto nos casos previstos nesta pol\u00edtica de privacidade, n\u00e3o venderemos, comercializaremos ou alugaremos a terceiros os seus dados pessoais recolhidos no s\u00edtio Web. Podemos partilhar os seus dados pessoais de acordo com os seguintes requisitos legais ou autoriza\u00e7\u00f5es:<br \/>No processo comercial di\u00e1rio, qualquer empresa afiliada da Anhui Yongsheng Used Excavators. s\u00f3 pode utilizar os seus dados pessoais para os fins descritos na presente pol\u00edtica de privacidade (por exemplo, para responder \u00e0s suas perguntas sobre os nossos produtos e servi\u00e7os);<br \/>Com contratantes, vendedores e fornecedores que nos prestam servi\u00e7os em nosso nome, tais como processamento e cumprimento de encomendas; an\u00e1lise e armazenamento de dados; assist\u00eancia em marketing direto e distribui\u00e7\u00e3o de e-mails e outras comunica\u00e7\u00f5es; servi\u00e7os de preven\u00e7\u00e3o de fraudes; entrega e log\u00edstica; e Completar outros fins da recolha acima referida;<br \/>Se n\u00f3s ou qualquer uma das nossas empresas afiliadas declarar fal\u00eancia ou a transfer\u00eancia de propriedade (ou activos) relacionada com a reorganiza\u00e7\u00e3o empresarial proposta ou completa de qualquer uma das nossas afiliadas, tais como fus\u00f5es reais ou potenciais, aquisi\u00e7\u00f5es ou vendas de unidades de neg\u00f3cio;<br \/>Cumprir as ordens legais e os requisitos governamentais, ou apoiar as fun\u00e7\u00f5es de auditoria, conformidade e governa\u00e7\u00e3o empresarial, conforme necess\u00e1rio;<br \/>Para combater fraudes ou actividades criminosas e para proteger os nossos direitos ou os dos nossos afiliados, utilizadores e parceiros comerciais, ou como parte de procedimentos legais que afectem a nossa empresa, incluindo a aplica\u00e7\u00e3o dos nossos termos e condi\u00e7\u00f5es.<\/p>\t\t\t\t\t\t<\/div>\n\t\t\t\t<\/div>\n\t\t\t\t\t<\/div>\n\t\t\t\t<\/div>\n\t\t\t\t<\/div>","protected":false},"excerpt":{"rendered":"<p>Privacy Policy The privacy and security of your information is very important to us.Please view the full privacy policy below [&hellip;]<\/p>","protected":false},"author":1,"featured_media":0,"parent":0,"menu_order":0,"comment_status":"closed","ping_status":"closed","template":"","meta":{"_acf_changed":false,"site-sidebar-layout":"no-sidebar","site-content-layout":"","ast-site-content-layout":"full-width-container","site-content-style":"default","site-sidebar-style":"default","ast-global-header-display":"","ast-banner-title-visibility":"","ast-main-header-display":"","ast-hfb-above-header-display":"","ast-hfb-below-header-display":"","ast-hfb-mobile-header-display":"","site-post-title":"disabled","ast-breadcrumbs-content":"","ast-featured-img":"disabled","footer-sml-layout":"","theme-transparent-header-meta":"","adv-header-id-meta":"","stick-header-meta":"","header-above-stick-meta":"","header-main-stick-meta":"","header-below-stick-meta":"","astra-migrate-meta-layouts":"default","ast-page-background-enabled":"default","ast-page-background-meta":{"desktop":{"background-color":"var(--ast-global-color-4)","background-image":"","background-repeat":"repeat","background-position":"center center","background-size":"auto","background-attachment":"scroll","background-type":"","background-media":"","overlay-type":"","overlay-color":"","overlay-opacity":"","overlay-gradient":""},"tablet":{"background-color":"","background-image":"","background-repeat":"repeat","background-position":"center center","background-size":"auto","background-attachment":"scroll","background-type":"","background-media":"","overlay-type":"","overlay-color":"","overlay-opacity":"","overlay-gradient":""},"mobile":{"background-color":"","background-image":"","background-repeat":"repeat","background-position":"center center","background-size":"auto","background-attachment":"scroll","background-type":"","background-media":"","overlay-type":"","overlay-color":"","overlay-opacity":"","overlay-gradient":""}},"ast-content-background-meta":{"desktop":{"background-color":"var(--ast-global-color-5)","background-image":"","background-repeat":"repeat","background-position":"center center","background-size":"auto","background-attachment":"scroll","background-type":"","background-media":"","overlay-type":"","overlay-color":"","overlay-opacity":"","overlay-gradient":""},"tablet":{"background-color":"var(--ast-global-color-5)","background-image":"","background-repeat":"repeat","background-position":"center center","background-size":"auto","background-attachment":"scroll","background-type":"","background-media":"","overlay-type":"","overlay-color":"","overlay-opacity":"","overlay-gradient":""},"mobile":{"background-color":"var(--ast-global-color-5)","background-image":"","background-repeat":"repeat","background-position":"center center","background-size":"auto","background-attachment":"scroll","background-type":"","background-media":"","overlay-type":"","overlay-color":"","overlay-opacity":"","overlay-gradient":""}},"footnotes":""},"class_list":["post-1771","page","type-page","status-publish","hentry"],"acf":[],"_links":{"self":[{"href":"https:\/\/www.kaiyuexcavator.com\/pt\/wp-json\/wp\/v2\/pages\/1771","targetHints":{"allow":["GET"]}}],"collection":[{"href":"https:\/\/www.kaiyuexcavator.com\/pt\/wp-json\/wp\/v2\/pages"}],"about":[{"href":"https:\/\/www.kaiyuexcavator.com\/pt\/wp-json\/wp\/v2\/types\/page"}],"author":[{"embeddable":true,"href":"https:\/\/www.kaiyuexcavator.com\/pt\/wp-json\/wp\/v2\/users\/1"}],"replies":[{"embeddable":true,"href":"https:\/\/www.kaiyuexcavator.com\/pt\/wp-json\/wp\/v2\/comments?post=1771"}],"version-history":[{"count":3,"href":"https:\/\/www.kaiyuexcavator.com\/pt\/wp-json\/wp\/v2\/pages\/1771\/revisions"}],"predecessor-version":[{"id":1774,"href":"https:\/\/www.kaiyuexcavator.com\/pt\/wp-json\/wp\/v2\/pages\/1771\/revisions\/1774"}],"wp:attachment":[{"href":"https:\/\/www.kaiyuexcavator.com\/pt\/wp-json\/wp\/v2\/media?parent=1771"}],"curies":[{"name":"wp","href":"https:\/\/api.w.org\/{rel}","templated":true}]}}