{"id":6008,"date":"2025-04-18T02:43:24","date_gmt":"2025-04-18T02:43:24","guid":{"rendered":"https:\/\/www.kaiyuexcavator.com\/?post_type=product&#038;p=6008"},"modified":"2025-04-18T02:49:01","modified_gmt":"2025-04-18T02:49:01","slug":"escavatori-originali-usati-sany-sy215c-di-seconda-mano-escavatore-idraulico-cingolato-sy60-75-95-125-155-205-235-245-265-305-ingegneria-edile","status":"publish","type":"product","link":"https:\/\/www.kaiyuexcavator.com\/it\/product\/escavatori-originali-usati-sany-sy215c-di-seconda-mano-escavatore-idraulico-cingolato-sy60-75-95-125-155-205-235-245-265-305-ingegneria-edile\/","title":{"rendered":"Escavatori originali Usati Sany SY215C di seconda mano Scavatrice idraulica cingolata SY60 75 95 125 155 205 235 245 265 305 Ingegneria edile"},"content":{"rendered":"<h2 class=\"wp-block-heading\"><strong>Attributi chiave<\/strong><\/h2>\n<p><strong>Attributi specifici del settore<\/strong><\/p>\n<figure class=\"wp-block-table\">\n<table>\n<tbody>\n<tr>\n<td>Anno<\/td>\n<td>2024<\/td>\n<\/tr>\n<tr>\n<td>Peso operativo<\/td>\n<td>21,5 tonnellate<\/td>\n<\/tr>\n<tr>\n<td>Capacit\u00e0 della benna<\/td>\n<td>1.2 M\u00b3<\/td>\n<\/tr>\n<tr>\n<td>Peso della macchina<\/td>\n<td>21500 KG<\/td>\n<\/tr>\n<tr>\n<td>Marca del cilindro idraulico<\/td>\n<td>Originale<\/td>\n<\/tr>\n<tr>\n<td>Potenza<\/td>\n<td>110 kw<\/td>\n<\/tr>\n<tr>\n<td>Componenti principali<\/td>\n<td>Motore, pompa, riduttore, motore<\/td>\n<\/tr>\n<tr>\n<td>Orario di lavoro<\/td>\n<td>600 ore<\/td>\n<\/tr>\n<tr>\n<td>Profondit\u00e0\/altezza\/raggio massimo di scavo<\/td>\n<td>6600 mm\/9600 mm\/10280 mm<\/td>\n<\/tr>\n<tr>\n<td>Condizione<\/td>\n<td>90%NEW<\/td>\n<\/tr>\n<\/tbody>\n<\/table>\n<\/figure>\n<h3><strong>Imballaggio e consegna<\/strong><\/h3>\n<p>&nbsp;<\/p>\n<figure class=\"wp-block-table\">\n<table>\n<tbody>\n<tr>\n<td>Dettagli sull'imballaggio<\/td>\n<td>1. Il telaio piatto \u00e8 pi\u00f9 adatto alle grandi attrezzature da costruzione senza smontaggio.<br \/>\n2. I contenitori sono i pi\u00f9 economici e veloci.<br \/>\n3. Le navi portarinfuse sono pi\u00f9 adatte per le grandi attrezzature da costruzione.<br \/>\n4. La spedizione ro-ro \u00e8 veloce e adatta a tutti i tipi di macchine, \u00e8 possibile scegliere qualsiasi modalit\u00e0 di trasporto in base alle proprie esigenze.<\/td>\n<\/tr>\n<tr>\n<td>Porto<\/td>\n<td>porto di shanghai porto di ningbo porto di qingdao<\/td>\n<\/tr>\n<\/tbody>\n<\/table>\n<\/figure>\n<h2><strong>Tempi di consegna<\/strong><\/h2>\n<figure class=\"wp-block-table\">\n<table>\n<tbody>\n<tr>\n<td>Quantit\u00e0 (unit\u00e0)<\/td>\n<td>1 - 1<\/td>\n<td>2 - 5<\/td>\n<td>2 - 5<\/td>\n<\/tr>\n<tr>\n<td>Tempo di esecuzione (giorni)<\/td>\n<td>3<\/td>\n<td>5<\/td>\n<td>Da negoziare<\/td>\n<\/tr>\n<\/tbody>\n<\/table>\n<\/figure>\n<h2><strong>Esposizione del prodotto<\/strong><\/h2>\n<figure class=\"wp-block-gallery has-nested-images columns-default is-cropped wp-block-gallery-1 is-layout-flex wp-block-gallery-is-layout-flex\">\n<figure class=\"wp-block-image size-full\"><\/figure>\n<figure class=\"wp-block-image size-full\"><\/figure>\n<\/figure>\n<figure class=\"wp-block-gallery has-nested-images columns-default is-cropped wp-block-gallery-2 is-layout-flex wp-block-gallery-is-layout-flex\">\n<figure class=\"wp-block-image size-full\"><\/figure>\n<figure class=\"wp-block-image size-full\"><img fetchpriority=\"high\" decoding=\"async\" class=\"alignnone size-full wp-image-6009\" src=\"https:\/\/www.kaiyuexcavator.com\/wp-content\/uploads\/2025\/04\/1-scaled.jpg\" alt=\"\" width=\"2560\" height=\"2560\" srcset=\"https:\/\/www.kaiyuexcavator.com\/wp-content\/uploads\/2025\/04\/1-scaled.jpg 2560w, https:\/\/www.kaiyuexcavator.com\/wp-content\/uploads\/2025\/04\/1-768x768.jpg 768w, https:\/\/www.kaiyuexcavator.com\/wp-content\/uploads\/2025\/04\/1-1536x1536.jpg 1536w, https:\/\/www.kaiyuexcavator.com\/wp-content\/uploads\/2025\/04\/1-2048x2048.jpg 2048w, https:\/\/www.kaiyuexcavator.com\/wp-content\/uploads\/2025\/04\/1-300x300.jpg 300w, https:\/\/www.kaiyuexcavator.com\/wp-content\/uploads\/2025\/04\/1-600x600.jpg 600w, https:\/\/www.kaiyuexcavator.com\/wp-content\/uploads\/2025\/04\/1-100x100.jpg 100w\" sizes=\"(max-width: 2560px) 100vw, 2560px\" \/> <img decoding=\"async\" class=\"alignnone size-full wp-image-6010\" src=\"https:\/\/www.kaiyuexcavator.com\/wp-content\/uploads\/2025\/04\/2-scaled.jpg\" alt=\"\" width=\"2560\" height=\"2560\" srcset=\"https:\/\/www.kaiyuexcavator.com\/wp-content\/uploads\/2025\/04\/2-scaled.jpg 2560w, https:\/\/www.kaiyuexcavator.com\/wp-content\/uploads\/2025\/04\/2-768x768.jpg 768w, https:\/\/www.kaiyuexcavator.com\/wp-content\/uploads\/2025\/04\/2-1536x1536.jpg 1536w, https:\/\/www.kaiyuexcavator.com\/wp-content\/uploads\/2025\/04\/2-2048x2048.jpg 2048w, https:\/\/www.kaiyuexcavator.com\/wp-content\/uploads\/2025\/04\/2-300x300.jpg 300w, https:\/\/www.kaiyuexcavator.com\/wp-content\/uploads\/2025\/04\/2-600x600.jpg 600w, https:\/\/www.kaiyuexcavator.com\/wp-content\/uploads\/2025\/04\/2-100x100.jpg 100w\" sizes=\"(max-width: 2560px) 100vw, 2560px\" \/> <img decoding=\"async\" class=\"alignnone size-full wp-image-6011\" src=\"https:\/\/www.kaiyuexcavator.com\/wp-content\/uploads\/2025\/04\/3-scaled.jpg\" alt=\"\" width=\"2560\" height=\"2560\" srcset=\"https:\/\/www.kaiyuexcavator.com\/wp-content\/uploads\/2025\/04\/3-scaled.jpg 2560w, https:\/\/www.kaiyuexcavator.com\/wp-content\/uploads\/2025\/04\/3-768x768.jpg 768w, https:\/\/www.kaiyuexcavator.com\/wp-content\/uploads\/2025\/04\/3-1536x1536.jpg 1536w, https:\/\/www.kaiyuexcavator.com\/wp-content\/uploads\/2025\/04\/3-2048x2048.jpg 2048w, https:\/\/www.kaiyuexcavator.com\/wp-content\/uploads\/2025\/04\/3-300x300.jpg 300w, https:\/\/www.kaiyuexcavator.com\/wp-content\/uploads\/2025\/04\/3-600x600.jpg 600w, https:\/\/www.kaiyuexcavator.com\/wp-content\/uploads\/2025\/04\/3-100x100.jpg 100w\" sizes=\"(max-width: 2560px) 100vw, 2560px\" \/> <img loading=\"lazy\" decoding=\"async\" class=\"alignnone size-full wp-image-6012\" src=\"https:\/\/www.kaiyuexcavator.com\/wp-content\/uploads\/2025\/04\/4-scaled.jpg\" alt=\"\" width=\"2560\" height=\"2560\" srcset=\"https:\/\/www.kaiyuexcavator.com\/wp-content\/uploads\/2025\/04\/4-scaled.jpg 2560w, https:\/\/www.kaiyuexcavator.com\/wp-content\/uploads\/2025\/04\/4-768x768.jpg 768w, https:\/\/www.kaiyuexcavator.com\/wp-content\/uploads\/2025\/04\/4-1536x1536.jpg 1536w, https:\/\/www.kaiyuexcavator.com\/wp-content\/uploads\/2025\/04\/4-2048x2048.jpg 2048w, https:\/\/www.kaiyuexcavator.com\/wp-content\/uploads\/2025\/04\/4-300x300.jpg 300w, https:\/\/www.kaiyuexcavator.com\/wp-content\/uploads\/2025\/04\/4-600x600.jpg 600w, https:\/\/www.kaiyuexcavator.com\/wp-content\/uploads\/2025\/04\/4-100x100.jpg 100w\" sizes=\"(max-width: 2560px) 100vw, 2560px\" \/><\/figure>\n<\/figure>\n<figure class=\"wp-block-gallery has-nested-images columns-default is-cropped wp-block-gallery-1 is-layout-flex wp-block-gallery-is-layout-flex\">\n<figure class=\"wp-block-image size-full\"><\/figure>\n<figure class=\"wp-block-image size-full\"><\/figure>\n<\/figure>\n<figure class=\"wp-block-gallery has-nested-images columns-default is-cropped wp-block-gallery-2 is-layout-flex wp-block-gallery-is-layout-flex\">\n<figure class=\"wp-block-image size-full\"><\/figure>\n<figure class=\"wp-block-image size-full\"><\/figure>\n<\/figure>\n<figure class=\"wp-block-gallery has-nested-images columns-default is-cropped wp-block-gallery-1 is-layout-flex wp-block-gallery-is-layout-flex\">\n<figure class=\"wp-block-image size-full\"><\/figure>\n<\/figure>","protected":false},"excerpt":{"rendered":"<div class=\"txt\">\n<table>\n<tbody>\n<tr>\n<td>1 - 2 unit\u00e0<\/td>\n<td>&gt;= 3 pezzi<\/td>\n<\/tr>\n<tr>\n<td><strong>USD$17000<\/strong><\/td>\n<td><strong>USD$16000<\/strong><\/td>\n<\/tr>\n<\/tbody>\n<\/table>\n<p>&nbsp;<\/p>\n<table class=\"all magic-5\">\n<tbody>\n<tr>\n<td>\n<div class=\"magic-6\">\n<div class=\"magic-7\" data-spm-anchor-id=\"a2700.custom-template.0.i54.6e4e33333hV8ac\">Nome del prodotto<\/div>\n<\/div>\n<\/td>\n<td>\n<div class=\"magic-8\">\n<div class=\"magic-7\" data-spm-anchor-id=\"a2700.custom-template.0.i66.6e4e33333hV8ac\">\u00a0Escavatore Sany215C<\/div>\n<\/div>\n<\/td>\n<\/tr>\n<tr>\n<td>\n<div class=\"magic-6\">\n<div class=\"magic-7\">Peso operativo<\/div>\n<\/div>\n<\/td>\n<td>\n<div class=\"magic-8\">\n<div class=\"magic-7\" data-spm-anchor-id=\"a2700.custom-template.0.i87.6e4e33333hV8ac\">21,5 tonnellate<\/div>\n<\/div>\n<\/td>\n<\/tr>\n<tr>\n<td>\n<div class=\"magic-6\">\n<div class=\"magic-7\" data-spm-anchor-id=\"a2700.custom-template.0.i100.6e4e33333hV8ac\">Rapporto di prova del macchinario<\/div>\n<\/div>\n<\/td>\n<td>\n<div class=\"magic-8\">\n<div class=\"magic-7\" data-spm-anchor-id=\"a2700.custom-template.0.i105.6e4e33333hV8ac\">Fornito<\/div>\n<\/div>\n<\/td>\n<\/tr>\n<tr>\n<td>\n<div class=\"magic-6\">\n<div class=\"magic-7\" data-spm-anchor-id=\"a2700.custom-template.0.i71.6e4e33333hV8ac\">Anno<\/div>\n<\/div>\n<\/td>\n<td>\n<div class=\"magic-8\">\n<div class=\"magic-7\" data-spm-anchor-id=\"a2700.custom-template.0.i74.6e4e33333hV8ac\">2024<\/div>\n<\/div>\n<\/td>\n<\/tr>\n<tr>\n<td>\n<div class=\"magic-6\">\n<div class=\"magic-7\" data-spm-anchor-id=\"a2700.custom-template.0.i101.6e4e33333hV8ac\">Orario di lavoro<\/div>\n<\/div>\n<\/td>\n<td>\n<div class=\"magic-8\">\n<div class=\"magic-7\" data-spm-anchor-id=\"a2700.pc-decorate.0.i16.4b8e3333hOwQ41\">600 ore<\/div>\n<\/div>\n<\/td>\n<\/tr>\n<tr>\n<td>\n<div class=\"magic-6\">\n<div class=\"magic-7\" data-spm-anchor-id=\"a2700.custom-template.0.i95.6e4e33333hV8ac\">Componenti principali<\/div>\n<\/div>\n<\/td>\n<td>\n<div class=\"magic-8\">\n<div class=\"magic-7\" data-spm-anchor-id=\"a2700.custom-template.0.i103.6e4e33333hV8ac\">Motore, motore, pompa, ingranaggio<\/div>\n<\/div>\n<\/td>\n<\/tr>\n<tr>\n<td>\n<div class=\"magic-6\">\n<div class=\"magic-7\" data-spm-anchor-id=\"a2700.custom-template.0.i108.6e4e33333hV8ac\">Cilindro idraulico\/pompa\/valvola<\/div>\n<\/div>\n<\/td>\n<td>\n<div class=\"magic-8\">\n<div class=\"magic-7\" data-spm-anchor-id=\"a2700.custom-template.0.i109.6e4e33333hV8ac\">Originale<\/div>\n<\/div>\n<\/td>\n<\/tr>\n<\/tbody>\n<\/table>\n<\/div>","protected":false},"featured_media":6009,"comment_status":"open","ping_status":"closed","template":"","meta":{"_acf_changed":false,"site-sidebar-layout":"no-sidebar","site-content-layout":"","ast-site-content-layout":"full-width-container","site-content-style":"default","site-sidebar-style":"default","ast-global-header-display":"","ast-banner-title-visibility":"","ast-main-header-display":"","ast-hfb-above-header-display":"","ast-hfb-below-header-display":"","ast-hfb-mobile-header-display":"","site-post-title":"disabled","ast-breadcrumbs-content":"","ast-featured-img":"disabled","footer-sml-layout":"","theme-transparent-header-meta":"default","adv-header-id-meta":"","stick-header-meta":"default","header-above-stick-meta":"","header-main-stick-meta":"","header-below-stick-meta":"","astra-migrate-meta-layouts":"set","ast-page-background-enabled":"default","ast-page-background-meta":{"desktop":{"background-color":"var(--ast-global-color-4)","background-image":"","background-repeat":"repeat","background-position":"center center","background-size":"auto","background-attachment":"scroll","background-type":"","background-media":"","overlay-type":"","overlay-color":"","overlay-opacity":"","overlay-gradient":""},"tablet":{"background-color":"","background-image":"","background-repeat":"repeat","background-position":"center center","background-size":"auto","background-attachment":"scroll","background-type":"","background-media":"","overlay-type":"","overlay-color":"","overlay-opacity":"","overlay-gradient":""},"mobile":{"background-color":"","background-image":"","background-repeat":"repeat","background-position":"center center","background-size":"auto","background-attachment":"scroll","background-type":"","background-media":"","overlay-type":"","overlay-color":"","overlay-opacity":"","overlay-gradient":""}},"ast-content-background-meta":{"desktop":{"background-color":"var(--ast-global-color-5)","background-image":"","background-repeat":"repeat","background-position":"center center","background-size":"auto","background-attachment":"scroll","background-type":"","background-media":"","overlay-type":"","overlay-color":"","overlay-opacity":"","overlay-gradient":""},"tablet":{"background-color":"var(--ast-global-color-5)","background-image":"","background-repeat":"repeat","background-position":"center center","background-size":"auto","background-attachment":"scroll","background-type":"","background-media":"","overlay-type":"","overlay-color":"","overlay-opacity":"","overlay-gradient":""},"mobile":{"background-color":"var(--ast-global-color-5)","background-image":"","background-repeat":"repeat","background-position":"center center","background-size":"auto","background-attachment":"scroll","background-type":"","background-media":"","overlay-type":"","overlay-color":"","overlay-opacity":"","overlay-gradient":""}}},"product_cat":[60,91],"product_tag":[],"class_list":{"0":"post-6008","1":"product","2":"type-product","3":"status-publish","4":"has-post-thumbnail","6":"product_cat-excavator","7":"product_cat-sany","8":"desktop-align-left","9":"tablet-align-left","10":"mobile-align-left","11":"ast-product-gallery-layout-horizontal-slider","12":"ast-product-tabs-layout-horizontal","14":"first","15":"instock","16":"shipping-taxable","17":"product-type-simple"},"acf":[],"_links":{"self":[{"href":"https:\/\/www.kaiyuexcavator.com\/it\/wp-json\/wp\/v2\/product\/6008","targetHints":{"allow":["GET"]}}],"collection":[{"href":"https:\/\/www.kaiyuexcavator.com\/it\/wp-json\/wp\/v2\/product"}],"about":[{"href":"https:\/\/www.kaiyuexcavator.com\/it\/wp-json\/wp\/v2\/types\/product"}],"replies":[{"embeddable":true,"href":"https:\/\/www.kaiyuexcavator.com\/it\/wp-json\/wp\/v2\/comments?post=6008"}],"version-history":[{"count":1,"href":"https:\/\/www.kaiyuexcavator.com\/it\/wp-json\/wp\/v2\/product\/6008\/revisions"}],"predecessor-version":[{"id":6013,"href":"https:\/\/www.kaiyuexcavator.com\/it\/wp-json\/wp\/v2\/product\/6008\/revisions\/6013"}],"wp:featuredmedia":[{"embeddable":true,"href":"https:\/\/www.kaiyuexcavator.com\/it\/wp-json\/wp\/v2\/media\/6009"}],"wp:attachment":[{"href":"https:\/\/www.kaiyuexcavator.com\/it\/wp-json\/wp\/v2\/media?parent=6008"}],"wp:term":[{"taxonomy":"product_cat","embeddable":true,"href":"https:\/\/www.kaiyuexcavator.com\/it\/wp-json\/wp\/v2\/product_cat?post=6008"},{"taxonomy":"product_tag","embeddable":true,"href":"https:\/\/www.kaiyuexcavator.com\/it\/wp-json\/wp\/v2\/product_tag?post=6008"}],"curies":[{"name":"wp","href":"https:\/\/api.w.org\/{rel}","templated":true}]}}