{"id":3639,"date":"2024-11-21T14:19:51","date_gmt":"2024-11-21T14:19:51","guid":{"rendered":"https:\/\/kaiyuexcavator.com\/?post_type=product&#038;p=3639"},"modified":"2024-11-21T14:35:41","modified_gmt":"2024-11-21T14:35:41","slug":"escavatore-cingolato-made-in-korea-escavatore-usato-hyundai-220-9s-con-buone-condizioni-di-funzionamento","status":"publish","type":"product","link":"https:\/\/www.kaiyuexcavator.com\/it\/product\/escavatore-cingolato-made-in-korea-escavatore-usato-hyundai-220-9s-con-buone-condizioni-di-funzionamento\/","title":{"rendered":"Made In Korea Escavatore cingolato usato Hyundai 220-9s Excavator con buone condizioni di funzionamento"},"content":{"rendered":"<h2 class=\"wp-block-heading\"><strong>Attributi chiave<\/strong><\/h2>\n<p><strong>Attributi specifici del settore<\/strong><\/p>\n<figure class=\"wp-block-table\">\n<table>\n<tbody>\n<tr>\n<td>Anno<\/td>\n<td>2022<\/td>\n<\/tr>\n<\/tbody>\n<\/table>\n<\/figure>\n<p>&nbsp;<\/p>\n<h3><strong>Altri attributi<\/strong><\/h3>\n<p>&nbsp;<\/p>\n<h6><\/h6>\n<figure class=\"wp-block-table\">\n<table>\n<tbody>\n<tr>\n<td>Posizione dello showroom<\/td>\n<td>India, Bangladesh, Altro, Indonesia, Tagikistan, Romania<\/td>\n<\/tr>\n<tr>\n<td>Peso operativo<\/td>\n<td>22Ton<\/td>\n<\/tr>\n<tr>\n<td>Capacit\u00e0 della benna<\/td>\n<td>1.2M\u00b3<\/td>\n<\/tr>\n<tr>\n<td>Peso della macchina<\/td>\n<td>22515 KG<\/td>\n<\/tr>\n<tr>\n<td>Marca del cilindro idraulico<\/td>\n<td>Originale<\/td>\n<\/tr>\n<tr>\n<td>Potenza<\/td>\n<td>107 kw<\/td>\n<\/tr>\n<tr>\n<td>Componenti principali<\/td>\n<td>Motore, pompa, riduttore, motore<\/td>\n<\/tr>\n<tr>\n<td>Orario di lavoro<\/td>\n<td>0-1200 ore<\/td>\n<\/tr>\n<tr>\n<td>Profondit\u00e0 massima di scavo\/Altezza massima di scavo\/Raggio massimo di scavo<\/td>\n<td>6940 mm\/7179 mm\/6172 mm<\/td>\n<\/tr>\n<tr>\n<td>Condizione<\/td>\n<td>90%NEW<\/td>\n<\/tr>\n<\/tbody>\n<\/table>\n<\/figure>\n<h3><strong>Imballaggio e consegna<\/strong><\/h3>\n<p>&nbsp;<\/p>\n<figure class=\"wp-block-table\">\n<table>\n<tbody>\n<tr>\n<td>Dettagli sull'imballaggio<\/td>\n<td>1. Il telaio piatto \u00e8 pi\u00f9 adatto alle grandi attrezzature da costruzione senza smontaggio.<br \/>\n2. I contenitori sono i pi\u00f9 economici e veloci.<br \/>\n3. Le navi portarinfuse sono pi\u00f9 adatte per le grandi attrezzature da costruzione.<br \/>\n4. La spedizione ro-ro \u00e8 veloce e adatta a tutti i tipi di macchine, \u00e8 possibile scegliere qualsiasi modalit\u00e0 di trasporto in base alle proprie esigenze.<\/td>\n<\/tr>\n<tr>\n<td>Porto<\/td>\n<td>porto di shanghai porto di ningbo porto di qingdao<\/td>\n<\/tr>\n<\/tbody>\n<\/table>\n<\/figure>\n<h2><strong>Tempi di consegna<\/strong><\/h2>\n<figure class=\"wp-block-table\">\n<table>\n<tbody>\n<tr>\n<td>Quantit\u00e0 (unit\u00e0)<\/td>\n<td>1 - 1<\/td>\n<td>2 - 5<\/td>\n<td>2 - 5<\/td>\n<\/tr>\n<tr>\n<td>Tempo di esecuzione (giorni)<\/td>\n<td>3<\/td>\n<td>5<\/td>\n<td>Da negoziare<\/td>\n<\/tr>\n<\/tbody>\n<\/table>\n<\/figure>\n<p>&nbsp;<\/p>\n<h3 id=\"customization\" class=\"wp-block-heading\"><strong>Personalizzazione<\/strong><\/h3>\n<p>&nbsp;<\/p>\n<p>Logo personalizzato<br \/>\nOrdine minimo: 3<br \/>\nPersonalizzazione grafica<br \/>\nOrdine minimo: 3<br \/>\nImballaggio personalizzato<br \/>\nOrdine minimo: 3<\/p>\n<h2><strong>Esposizione del prodotto<\/strong><\/h2>\n<figure class=\"wp-block-gallery has-nested-images columns-default is-cropped wp-block-gallery-1 is-layout-flex wp-block-gallery-is-layout-flex\">\n<figure class=\"wp-block-image size-full\"><img fetchpriority=\"high\" decoding=\"async\" class=\"wp-image-2559\" title=\"Made In Korea Escavatore cingolato usato Hyundai 220-9s con buone condizioni di funzionamento 1\" src=\"https:\/\/kaiyuexcavator.com\/wp-content\/uploads\/2024\/11\/E5BEAEE4BFA1E59BBEE78987_20240627160942.jpg\" sizes=\"(max-width: 800px) 100vw, 800px\" srcset=\"https:\/\/kaiyuexcavator.com\/wp-content\/uploads\/2024\/11\/\u5fae\u4fe1\u56fe\u7247_20240627160942.jpg 800w, https:\/\/kaiyuexcavator.com\/wp-content\/uploads\/2024\/11\/1_\u5fae\u4fe1\u56fe\u7247_20240627160942-300x300.jpg 300w, https:\/\/kaiyuexcavator.com\/wp-content\/uploads\/2024\/11\/\u5fae\u4fe1\u56fe\u7247_20240627160942-150x150.jpg 150w, https:\/\/kaiyuexcavator.com\/wp-content\/uploads\/2024\/11\/1_\u5fae\u4fe1\u56fe\u7247_20240627160942-768x768.jpg 768w, https:\/\/kaiyuexcavator.com\/wp-content\/uploads\/2024\/11\/\u5fae\u4fe1\u56fe\u7247_20240627160942-12x12.jpg 12w\" alt=\"Made In Korea Escavatore cingolato usato Hyundai 220-9s Excavator con buone condizioni di funzionamento\" width=\"800\" height=\"800\" data-id=\"2559\" \/><\/figure>\n<figure class=\"wp-block-image size-full\"><img decoding=\"async\" class=\"wp-image-2558\" title=\"Made In Korea Escavatore cingolato usato Hyundai 220-9s con buone condizioni di funzionamento 2\" src=\"https:\/\/kaiyuexcavator.com\/wp-content\/uploads\/2024\/11\/E5BEAEE4BFA1E59BBEE78987_20240627160921.jpg\" sizes=\"(max-width: 800px) 100vw, 800px\" srcset=\"https:\/\/kaiyuexcavator.com\/wp-content\/uploads\/2024\/11\/\u5fae\u4fe1\u56fe\u7247_20240627160921.jpg 800w, https:\/\/kaiyuexcavator.com\/wp-content\/uploads\/2024\/11\/1_\u5fae\u4fe1\u56fe\u7247_20240627160921-300x300.jpg 300w, https:\/\/kaiyuexcavator.com\/wp-content\/uploads\/2024\/11\/\u5fae\u4fe1\u56fe\u7247_20240627160921-150x150.jpg 150w, https:\/\/kaiyuexcavator.com\/wp-content\/uploads\/2024\/11\/1_\u5fae\u4fe1\u56fe\u7247_20240627160921-768x768.jpg 768w, https:\/\/kaiyuexcavator.com\/wp-content\/uploads\/2024\/11\/\u5fae\u4fe1\u56fe\u7247_20240627160921-12x12.jpg 12w\" alt=\"Made In Korea Escavatore cingolato usato Hyundai 220-9s Excavator con buone condizioni di funzionamento\" width=\"800\" height=\"800\" data-id=\"2558\" \/><\/figure>\n<\/figure>\n<figure class=\"wp-block-gallery has-nested-images columns-default is-cropped wp-block-gallery-2 is-layout-flex wp-block-gallery-is-layout-flex\">\n<figure class=\"wp-block-image size-full\"><img decoding=\"async\" class=\"wp-image-2560\" title=\"Made In Korea Escavatore cingolato usato Hyundai 220-9s con buone condizioni di funzionamento 3\" src=\"https:\/\/kaiyuexcavator.com\/wp-content\/uploads\/2024\/11\/E5BEAEE4BFA1E59BBEE78987_20240627160950.jpg\" sizes=\"(max-width: 800px) 100vw, 800px\" srcset=\"https:\/\/kaiyuexcavator.com\/wp-content\/uploads\/2024\/11\/\u5fae\u4fe1\u56fe\u7247_20240627160950.jpg 800w, https:\/\/kaiyuexcavator.com\/wp-content\/uploads\/2024\/11\/1_\u5fae\u4fe1\u56fe\u7247_20240627160950-300x300.jpg 300w, https:\/\/kaiyuexcavator.com\/wp-content\/uploads\/2024\/11\/\u5fae\u4fe1\u56fe\u7247_20240627160950-150x150.jpg 150w, https:\/\/kaiyuexcavator.com\/wp-content\/uploads\/2024\/11\/1_\u5fae\u4fe1\u56fe\u7247_20240627160950-768x768.jpg 768w, https:\/\/kaiyuexcavator.com\/wp-content\/uploads\/2024\/11\/\u5fae\u4fe1\u56fe\u7247_20240627160950-12x12.jpg 12w\" alt=\"Made In Korea Escavatore cingolato usato Hyundai 220-9s Excavator con buone condizioni di funzionamento\" width=\"800\" height=\"800\" data-id=\"2560\" \/><\/figure>\n<figure class=\"wp-block-image size-full\"><img loading=\"lazy\" decoding=\"async\" class=\"wp-image-2354\" title=\"Made In Korea Escavatore cingolato usato Hyundai 220-9s con buone condizioni di funzionamento 4\" src=\"https:\/\/kaiyuexcavator.com\/wp-content\/uploads\/2024\/11\/E5BEAEE4BFA1E59BBEE78987_20240611145940.jpg\" sizes=\"(max-width: 800px) 100vw, 800px\" srcset=\"https:\/\/kaiyuexcavator.com\/wp-content\/uploads\/2024\/11\/\u5fae\u4fe1\u56fe\u7247_20240611145940.jpg 800w, https:\/\/kaiyuexcavator.com\/wp-content\/uploads\/2024\/11\/1_\u5fae\u4fe1\u56fe\u7247_20240611145940-300x300.jpg 300w, https:\/\/kaiyuexcavator.com\/wp-content\/uploads\/2024\/11\/\u5fae\u4fe1\u56fe\u7247_20240611145940-150x150.jpg 150w, https:\/\/kaiyuexcavator.com\/wp-content\/uploads\/2024\/11\/1_\u5fae\u4fe1\u56fe\u7247_20240611145940-768x768.jpg 768w, https:\/\/kaiyuexcavator.com\/wp-content\/uploads\/2024\/11\/\u5fae\u4fe1\u56fe\u7247_20240611145940-12x12.jpg 12w\" alt=\"Made In Korea Escavatore cingolato usato Hyundai 220-9s Excavator con buone condizioni di funzionamento\" width=\"800\" height=\"800\" data-id=\"2354\" \/><\/figure>\n<\/figure>","protected":false},"excerpt":{"rendered":"<div class=\"txt\">\n<table>\n<tbody>\n<tr>\n<td>1 - 4 unit\u00e0<\/td>\n<td>&gt;= 6 pezzi<\/td>\n<\/tr>\n<tr>\n<td><strong>USD$25000.00<\/strong><\/td>\n<td><strong>USD$22800.00<\/strong><\/td>\n<\/tr>\n<\/tbody>\n<\/table>\n<p>&nbsp;<\/p>\n<table class=\"all magic-5\">\n<tbody>\n<tr>\n<td>\n<div class=\"magic-6\">\n<div class=\"magic-7\" data-spm-anchor-id=\"a2700.custom-template.0.i54.6e4e33333hV8ac\">Nome del prodotto<\/div>\n<\/div>\n<\/td>\n<td>\n<div class=\"magic-8\">\n<div class=\"magic-7\" data-spm-anchor-id=\"a2700.custom-template.0.i66.6e4e33333hV8ac\">Escavatore Hyundai 220-9S<\/div>\n<\/div>\n<\/td>\n<\/tr>\n<tr>\n<td>\n<div class=\"magic-6\">\n<div class=\"magic-7\">Peso operativo<\/div>\n<\/div>\n<\/td>\n<td>\n<div class=\"magic-8\">\n<div class=\"magic-7\" data-spm-anchor-id=\"a2700.custom-template.0.i87.6e4e33333hV8ac\">21Ton<\/div>\n<\/div>\n<\/td>\n<\/tr>\n<tr>\n<td>\n<div class=\"magic-6\">\n<div class=\"magic-7\" data-spm-anchor-id=\"a2700.custom-template.0.i100.6e4e33333hV8ac\">Rapporto di prova del macchinario\/ore di lavoro<\/div>\n<\/div>\n<\/td>\n<td>\n<div class=\"magic-8\">\n<div class=\"magic-7\" data-spm-anchor-id=\"a2700.custom-template.0.i105.6e4e33333hV8ac\">Fornito<\/div>\n<\/div>\n<\/td>\n<\/tr>\n<tr>\n<td>\n<div class=\"magic-6\">\n<div class=\"magic-7\" data-spm-anchor-id=\"a2700.custom-template.0.i71.6e4e33333hV8ac\">Anno<\/div>\n<\/div>\n<\/td>\n<td>\n<div class=\"magic-8\">\n<div class=\"magic-7\" data-spm-anchor-id=\"a2700.custom-template.0.i74.6e4e33333hV8ac\">2022<\/div>\n<\/div>\n<\/td>\n<\/tr>\n<tr>\n<td>\n<div class=\"magic-6\">\n<div class=\"magic-7\" data-spm-anchor-id=\"a2700.custom-template.0.i101.6e4e33333hV8ac\">Orario di lavoro<\/div>\n<\/div>\n<\/td>\n<td>\n<div class=\"magic-8\">\n<div class=\"magic-7\" data-spm-anchor-id=\"a2700.pc-decorate.0.i16.4b8e3333hOwQ41\">0-1200 ore<\/div>\n<\/div>\n<\/td>\n<\/tr>\n<tr>\n<td>\n<div class=\"magic-6\">\n<div class=\"magic-7\" data-spm-anchor-id=\"a2700.custom-template.0.i95.6e4e33333hV8ac\">Componenti principali<\/div>\n<\/div>\n<\/td>\n<td>\n<div class=\"magic-8\">\n<div class=\"magic-7\" data-spm-anchor-id=\"a2700.custom-template.0.i103.6e4e33333hV8ac\">Motore, motore, pompa, ingranaggio<\/div>\n<\/div>\n<\/td>\n<\/tr>\n<tr>\n<td>\n<div class=\"magic-6\">\n<div class=\"magic-7\" data-spm-anchor-id=\"a2700.custom-template.0.i108.6e4e33333hV8ac\">Marca del cilindro idraulico\/marca della pompa idraulica\/marca della valvola idraulica<\/div>\n<\/div>\n<\/td>\n<td>\n<div class=\"magic-8\">\n<div class=\"magic-7\" data-spm-anchor-id=\"a2700.custom-template.0.i109.6e4e33333hV8ac\">originale<\/div>\n<\/div>\n<\/td>\n<\/tr>\n<\/tbody>\n<\/table>\n<\/div>","protected":false},"featured_media":3640,"comment_status":"open","ping_status":"closed","template":"","meta":{"_acf_changed":false,"site-sidebar-layout":"no-sidebar","site-content-layout":"","ast-site-content-layout":"full-width-container","site-content-style":"default","site-sidebar-style":"default","ast-global-header-display":"","ast-banner-title-visibility":"","ast-main-header-display":"","ast-hfb-above-header-display":"","ast-hfb-below-header-display":"","ast-hfb-mobile-header-display":"","site-post-title":"disabled","ast-breadcrumbs-content":"","ast-featured-img":"disabled","footer-sml-layout":"","theme-transparent-header-meta":"default","adv-header-id-meta":"","stick-header-meta":"default","header-above-stick-meta":"","header-main-stick-meta":"","header-below-stick-meta":"","astra-migrate-meta-layouts":"set","ast-page-background-enabled":"default","ast-page-background-meta":{"desktop":{"background-color":"var(--ast-global-color-4)","background-image":"","background-repeat":"repeat","background-position":"center center","background-size":"auto","background-attachment":"scroll","background-type":"","background-media":"","overlay-type":"","overlay-color":"","overlay-opacity":"","overlay-gradient":""},"tablet":{"background-color":"","background-image":"","background-repeat":"repeat","background-position":"center center","background-size":"auto","background-attachment":"scroll","background-type":"","background-media":"","overlay-type":"","overlay-color":"","overlay-opacity":"","overlay-gradient":""},"mobile":{"background-color":"","background-image":"","background-repeat":"repeat","background-position":"center center","background-size":"auto","background-attachment":"scroll","background-type":"","background-media":"","overlay-type":"","overlay-color":"","overlay-opacity":"","overlay-gradient":""}},"ast-content-background-meta":{"desktop":{"background-color":"var(--ast-global-color-5)","background-image":"","background-repeat":"repeat","background-position":"center center","background-size":"auto","background-attachment":"scroll","background-type":"","background-media":"","overlay-type":"","overlay-color":"","overlay-opacity":"","overlay-gradient":""},"tablet":{"background-color":"var(--ast-global-color-5)","background-image":"","background-repeat":"repeat","background-position":"center center","background-size":"auto","background-attachment":"scroll","background-type":"","background-media":"","overlay-type":"","overlay-color":"","overlay-opacity":"","overlay-gradient":""},"mobile":{"background-color":"var(--ast-global-color-5)","background-image":"","background-repeat":"repeat","background-position":"center center","background-size":"auto","background-attachment":"scroll","background-type":"","background-media":"","overlay-type":"","overlay-color":"","overlay-opacity":"","overlay-gradient":""}}},"product_cat":[60,96],"product_tag":[],"class_list":{"0":"post-3639","1":"product","2":"type-product","3":"status-publish","4":"has-post-thumbnail","6":"product_cat-excavator","7":"product_cat-hyundai","8":"desktop-align-left","9":"tablet-align-left","10":"mobile-align-left","11":"ast-product-gallery-layout-horizontal-slider","12":"ast-product-tabs-layout-horizontal","14":"first","15":"instock","16":"shipping-taxable","17":"product-type-simple"},"acf":[],"_links":{"self":[{"href":"https:\/\/www.kaiyuexcavator.com\/it\/wp-json\/wp\/v2\/product\/3639","targetHints":{"allow":["GET"]}}],"collection":[{"href":"https:\/\/www.kaiyuexcavator.com\/it\/wp-json\/wp\/v2\/product"}],"about":[{"href":"https:\/\/www.kaiyuexcavator.com\/it\/wp-json\/wp\/v2\/types\/product"}],"replies":[{"embeddable":true,"href":"https:\/\/www.kaiyuexcavator.com\/it\/wp-json\/wp\/v2\/comments?post=3639"}],"version-history":[{"count":2,"href":"https:\/\/www.kaiyuexcavator.com\/it\/wp-json\/wp\/v2\/product\/3639\/revisions"}],"predecessor-version":[{"id":3690,"href":"https:\/\/www.kaiyuexcavator.com\/it\/wp-json\/wp\/v2\/product\/3639\/revisions\/3690"}],"wp:featuredmedia":[{"embeddable":true,"href":"https:\/\/www.kaiyuexcavator.com\/it\/wp-json\/wp\/v2\/media\/3640"}],"wp:attachment":[{"href":"https:\/\/www.kaiyuexcavator.com\/it\/wp-json\/wp\/v2\/media?parent=3639"}],"wp:term":[{"taxonomy":"product_cat","embeddable":true,"href":"https:\/\/www.kaiyuexcavator.com\/it\/wp-json\/wp\/v2\/product_cat?post=3639"},{"taxonomy":"product_tag","embeddable":true,"href":"https:\/\/www.kaiyuexcavator.com\/it\/wp-json\/wp\/v2\/product_tag?post=3639"}],"curies":[{"name":"wp","href":"https:\/\/api.w.org\/{rel}","templated":true}]}}