{"id":5204,"date":"2024-12-10T05:21:20","date_gmt":"2024-12-10T05:21:20","guid":{"rendered":"https:\/\/www.kaiyuexcavator.com\/?post_type=product&#038;p=5204"},"modified":"2024-12-10T05:24:04","modified_gmt":"2024-12-10T05:24:04","slug":"pelle-sur-chenilles-volvo-ec290-doccasion-de-haute-qualite-avec-composants-principaux-prete-a-la-vente-pelle-sur-chenilles-volvo-ec290-doccasion","status":"publish","type":"product","link":"https:\/\/www.kaiyuexcavator.com\/fr\/product\/pelle-sur-chenilles-volvo-ec290-doccasion-de-haute-qualite-avec-composants-principaux-prete-a-la-vente-pelle-sur-chenilles-volvo-ec290-doccasion\/","title":{"rendered":"Pelle sur chenilles Volvo EC290 d'occasion de haute qualit\u00e9 avec composants principaux pr\u00eate \u00e0 la vente Pelle sur chenilles Volvo EC290 d'occasion"},"content":{"rendered":"<h2 class=\"wp-block-heading\"><strong>Caract\u00e9ristiques principales<\/strong><\/h2>\n<p><strong>Attributs sp\u00e9cifiques \u00e0 l'industrie<\/strong><\/p>\n<table width=\"362\">\n<tbody>\n<tr>\n<td width=\"181\">Ann\u00e9e<\/td>\n<td width=\"181\">2023<\/td>\n<\/tr>\n<tr>\n<td>Poids en ordre de marche<\/td>\n<td>29 TON<\/td>\n<\/tr>\n<tr>\n<td>Capacit\u00e9 du godet<\/td>\n<td>2.1 M\u00b3<\/td>\n<\/tr>\n<tr>\n<td>Poids de la machine<\/td>\n<td>29 TON<\/td>\n<\/tr>\n<tr>\n<td>Puissance<\/td>\n<td>153 kw<\/td>\n<\/tr>\n<tr>\n<td>Heures de travail<\/td>\n<td>600 heures<\/td>\n<\/tr>\n<tr>\n<td>Condition<\/td>\n<td>90% Nouveau<\/td>\n<\/tr>\n<tr>\n<td>Marque du v\u00e9rin hydraulique<\/td>\n<td>Original<\/td>\n<\/tr>\n<tr>\n<td>Composants essentiels<\/td>\n<td>Moteur, pompe, bo\u00eete de vitesses, moteur<\/td>\n<\/tr>\n<tr>\n<td>Profondeur de fouille maximale<\/td>\n<td>7790 mm<\/td>\n<\/tr>\n<tr>\n<td>Hauteur de fouille maximale<\/td>\n<td>10920 mm<\/td>\n<\/tr>\n<tr>\n<td>Rayon de creusement maximum<\/td>\n<td>10690 mm<\/td>\n<\/tr>\n<\/tbody>\n<\/table>\n<h2><strong>Pr\u00e9sentoir de produits<\/strong><\/h2>\n<h2><\/h2>\n<p><img fetchpriority=\"high\" decoding=\"async\" class=\"alignnone size-full wp-image-5206\" src=\"https:\/\/www.kaiyuexcavator.com\/wp-content\/uploads\/2024\/12\/\u5fae\u4fe1\u56fe\u7247_20241106120753_WH_800x800px.webp\" alt=\"\" width=\"800\" height=\"800\" srcset=\"https:\/\/www.kaiyuexcavator.com\/wp-content\/uploads\/2024\/12\/\u5fae\u4fe1\u56fe\u7247_20241106120753_WH_800x800px.webp 800w, https:\/\/www.kaiyuexcavator.com\/wp-content\/uploads\/2024\/12\/\u5fae\u4fe1\u56fe\u7247_20241106120753_WH_800x800px-768x768.webp 768w, https:\/\/www.kaiyuexcavator.com\/wp-content\/uploads\/2024\/12\/\u5fae\u4fe1\u56fe\u7247_20241106120753_WH_800x800px-300x300.webp 300w, https:\/\/www.kaiyuexcavator.com\/wp-content\/uploads\/2024\/12\/\u5fae\u4fe1\u56fe\u7247_20241106120753_WH_800x800px-600x600.webp 600w, https:\/\/www.kaiyuexcavator.com\/wp-content\/uploads\/2024\/12\/\u5fae\u4fe1\u56fe\u7247_20241106120753_WH_800x800px-100x100.webp 100w\" sizes=\"(max-width: 800px) 100vw, 800px\" \/> <img decoding=\"async\" class=\"alignnone size-medium wp-image-5207\" src=\"https:\/\/www.kaiyuexcavator.com\/wp-content\/uploads\/2024\/12\/\u5fae\u4fe1\u56fe\u7247_20241106120801_WH_800x800px.webp\" alt=\"\" width=\"800\" height=\"800\" srcset=\"https:\/\/www.kaiyuexcavator.com\/wp-content\/uploads\/2024\/12\/\u5fae\u4fe1\u56fe\u7247_20241106120801_WH_800x800px.webp 800w, https:\/\/www.kaiyuexcavator.com\/wp-content\/uploads\/2024\/12\/\u5fae\u4fe1\u56fe\u7247_20241106120801_WH_800x800px-768x768.webp 768w, https:\/\/www.kaiyuexcavator.com\/wp-content\/uploads\/2024\/12\/\u5fae\u4fe1\u56fe\u7247_20241106120801_WH_800x800px-300x300.webp 300w, https:\/\/www.kaiyuexcavator.com\/wp-content\/uploads\/2024\/12\/\u5fae\u4fe1\u56fe\u7247_20241106120801_WH_800x800px-600x600.webp 600w, https:\/\/www.kaiyuexcavator.com\/wp-content\/uploads\/2024\/12\/\u5fae\u4fe1\u56fe\u7247_20241106120801_WH_800x800px-100x100.webp 100w\" sizes=\"(max-width: 800px) 100vw, 800px\" \/> <img decoding=\"async\" class=\"alignnone size-medium wp-image-5208\" src=\"https:\/\/www.kaiyuexcavator.com\/wp-content\/uploads\/2024\/12\/\u5fae\u4fe1\u56fe\u7247_20241106120806_WH_800x800px.webp\" alt=\"\" width=\"800\" height=\"800\" srcset=\"https:\/\/www.kaiyuexcavator.com\/wp-content\/uploads\/2024\/12\/\u5fae\u4fe1\u56fe\u7247_20241106120806_WH_800x800px.webp 800w, https:\/\/www.kaiyuexcavator.com\/wp-content\/uploads\/2024\/12\/\u5fae\u4fe1\u56fe\u7247_20241106120806_WH_800x800px-768x768.webp 768w, https:\/\/www.kaiyuexcavator.com\/wp-content\/uploads\/2024\/12\/\u5fae\u4fe1\u56fe\u7247_20241106120806_WH_800x800px-300x300.webp 300w, https:\/\/www.kaiyuexcavator.com\/wp-content\/uploads\/2024\/12\/\u5fae\u4fe1\u56fe\u7247_20241106120806_WH_800x800px-600x600.webp 600w, https:\/\/www.kaiyuexcavator.com\/wp-content\/uploads\/2024\/12\/\u5fae\u4fe1\u56fe\u7247_20241106120806_WH_800x800px-100x100.webp 100w\" sizes=\"(max-width: 800px) 100vw, 800px\" \/> <img loading=\"lazy\" decoding=\"async\" class=\"alignnone size-medium wp-image-5209\" src=\"https:\/\/www.kaiyuexcavator.com\/wp-content\/uploads\/2024\/12\/\u5fae\u4fe1\u56fe\u7247_20241106120810_WH_800x800px.webp\" alt=\"\" width=\"800\" height=\"800\" srcset=\"https:\/\/www.kaiyuexcavator.com\/wp-content\/uploads\/2024\/12\/\u5fae\u4fe1\u56fe\u7247_20241106120810_WH_800x800px.webp 800w, https:\/\/www.kaiyuexcavator.com\/wp-content\/uploads\/2024\/12\/\u5fae\u4fe1\u56fe\u7247_20241106120810_WH_800x800px-768x768.webp 768w, https:\/\/www.kaiyuexcavator.com\/wp-content\/uploads\/2024\/12\/\u5fae\u4fe1\u56fe\u7247_20241106120810_WH_800x800px-300x300.webp 300w, https:\/\/www.kaiyuexcavator.com\/wp-content\/uploads\/2024\/12\/\u5fae\u4fe1\u56fe\u7247_20241106120810_WH_800x800px-600x600.webp 600w, https:\/\/www.kaiyuexcavator.com\/wp-content\/uploads\/2024\/12\/\u5fae\u4fe1\u56fe\u7247_20241106120810_WH_800x800px-100x100.webp 100w\" sizes=\"(max-width: 800px) 100vw, 800px\" \/><\/p>","protected":false},"excerpt":{"rendered":"<table width=\"362\">\n<tbody>\n<tr>\n<td width=\"181\">1 - 2 unit\u00e9s<\/td>\n<td width=\"181\">&gt;= 3 unit\u00e9s<\/td>\n<\/tr>\n<tr>\n<td>USD$35000<\/td>\n<td>USD$32000<\/td>\n<\/tr>\n<\/tbody>\n<\/table>\n<table style=\"font-size: 16px;font-style: normal\" width=\"362\">\n<tbody>\n<tr>\n<td width=\"181\">Nom du produit<\/td>\n<td width=\"181\">Pelles d'occasion Volvo EC290<\/td>\n<\/tr>\n<tr>\n<td>Min. Ordre de fabrication<\/td>\n<td>1 unit\u00e9<\/td>\n<\/tr>\n<tr>\n<td>Poids<\/td>\n<td>29 TON<\/td>\n<\/tr>\n<tr>\n<td>Ann\u00e9e<\/td>\n<td>2023<\/td>\n<\/tr>\n<tr>\n<td>Heures de travail<\/td>\n<td>600 heures<\/td>\n<\/tr>\n<\/tbody>\n<\/table>","protected":false},"featured_media":5207,"comment_status":"open","ping_status":"closed","template":"","meta":{"_acf_changed":false,"site-sidebar-layout":"default","site-content-layout":"","ast-site-content-layout":"default","site-content-style":"default","site-sidebar-style":"default","ast-global-header-display":"","ast-banner-title-visibility":"","ast-main-header-display":"","ast-hfb-above-header-display":"","ast-hfb-below-header-display":"","ast-hfb-mobile-header-display":"","site-post-title":"disabled","ast-breadcrumbs-content":"","ast-featured-img":"disabled","footer-sml-layout":"","theme-transparent-header-meta":"default","adv-header-id-meta":"","stick-header-meta":"default","header-above-stick-meta":"","header-main-stick-meta":"","header-below-stick-meta":"","astra-migrate-meta-layouts":"set","ast-page-background-enabled":"default","ast-page-background-meta":{"desktop":{"background-color":"var(--ast-global-color-4)","background-image":"","background-repeat":"repeat","background-position":"center center","background-size":"auto","background-attachment":"scroll","background-type":"","background-media":"","overlay-type":"","overlay-color":"","overlay-opacity":"","overlay-gradient":""},"tablet":{"background-color":"","background-image":"","background-repeat":"repeat","background-position":"center center","background-size":"auto","background-attachment":"scroll","background-type":"","background-media":"","overlay-type":"","overlay-color":"","overlay-opacity":"","overlay-gradient":""},"mobile":{"background-color":"","background-image":"","background-repeat":"repeat","background-position":"center center","background-size":"auto","background-attachment":"scroll","background-type":"","background-media":"","overlay-type":"","overlay-color":"","overlay-opacity":"","overlay-gradient":""}},"ast-content-background-meta":{"desktop":{"background-color":"var(--ast-global-color-5)","background-image":"","background-repeat":"repeat","background-position":"center center","background-size":"auto","background-attachment":"scroll","background-type":"","background-media":"","overlay-type":"","overlay-color":"","overlay-opacity":"","overlay-gradient":""},"tablet":{"background-color":"var(--ast-global-color-5)","background-image":"","background-repeat":"repeat","background-position":"center center","background-size":"auto","background-attachment":"scroll","background-type":"","background-media":"","overlay-type":"","overlay-color":"","overlay-opacity":"","overlay-gradient":""},"mobile":{"background-color":"var(--ast-global-color-5)","background-image":"","background-repeat":"repeat","background-position":"center center","background-size":"auto","background-attachment":"scroll","background-type":"","background-media":"","overlay-type":"","overlay-color":"","overlay-opacity":"","overlay-gradient":""}}},"product_cat":[60,95],"product_tag":[],"class_list":{"0":"post-5204","1":"product","2":"type-product","3":"status-publish","4":"has-post-thumbnail","6":"product_cat-excavator","7":"product_cat-volvo","8":"desktop-align-left","9":"tablet-align-left","10":"mobile-align-left","11":"ast-product-gallery-layout-horizontal-slider","12":"ast-product-tabs-layout-horizontal","14":"first","15":"instock","16":"shipping-taxable","17":"product-type-simple"},"acf":[],"_links":{"self":[{"href":"https:\/\/www.kaiyuexcavator.com\/fr\/wp-json\/wp\/v2\/product\/5204","targetHints":{"allow":["GET"]}}],"collection":[{"href":"https:\/\/www.kaiyuexcavator.com\/fr\/wp-json\/wp\/v2\/product"}],"about":[{"href":"https:\/\/www.kaiyuexcavator.com\/fr\/wp-json\/wp\/v2\/types\/product"}],"replies":[{"embeddable":true,"href":"https:\/\/www.kaiyuexcavator.com\/fr\/wp-json\/wp\/v2\/comments?post=5204"}],"version-history":[{"count":1,"href":"https:\/\/www.kaiyuexcavator.com\/fr\/wp-json\/wp\/v2\/product\/5204\/revisions"}],"predecessor-version":[{"id":5210,"href":"https:\/\/www.kaiyuexcavator.com\/fr\/wp-json\/wp\/v2\/product\/5204\/revisions\/5210"}],"wp:featuredmedia":[{"embeddable":true,"href":"https:\/\/www.kaiyuexcavator.com\/fr\/wp-json\/wp\/v2\/media\/5207"}],"wp:attachment":[{"href":"https:\/\/www.kaiyuexcavator.com\/fr\/wp-json\/wp\/v2\/media?parent=5204"}],"wp:term":[{"taxonomy":"product_cat","embeddable":true,"href":"https:\/\/www.kaiyuexcavator.com\/fr\/wp-json\/wp\/v2\/product_cat?post=5204"},{"taxonomy":"product_tag","embeddable":true,"href":"https:\/\/www.kaiyuexcavator.com\/fr\/wp-json\/wp\/v2\/product_tag?post=5204"}],"curies":[{"name":"wp","href":"https:\/\/api.w.org\/{rel}","templated":true}]}}