{"id":3692,"date":"2024-11-21T14:36:29","date_gmt":"2024-11-21T14:36:29","guid":{"rendered":"https:\/\/kaiyuexcavator.com\/?post_type=product&#038;p=3692"},"modified":"2024-11-21T14:43:45","modified_gmt":"2024-11-21T14:43:45","slug":"original-korea-hyundai-305-9t-excavator-with-core-components-cheap-price-used-hyundai-305-9t-excavator-for-sale","status":"publish","type":"product","link":"https:\/\/www.kaiyuexcavator.com\/fr\/product\/original-korea-hyundai-305-9t-excavator-with-core-components-cheap-price-used-hyundai-305-9t-excavator-for-sale\/","title":{"rendered":"Original Korea Hyundai 305-9T Excavator with Core Components Cheap Price Used Hyundai 305-9T Excavator for Sale"},"content":{"rendered":"<h2 class=\"wp-block-heading\"><strong>Caract\u00e9ristiques principales<\/strong><\/h2>\n<p><strong>Attributs sp\u00e9cifiques \u00e0 l'industrie<\/strong><\/p>\n<figure class=\"wp-block-table\">\n<table>\n<tbody>\n<tr>\n<td>Ann\u00e9e<\/td>\n<td>2022<\/td>\n<\/tr>\n<\/tbody>\n<\/table>\n<\/figure>\n<p>&nbsp;<\/p>\n<h3><strong>Autres caract\u00e9ristiques<\/strong><\/h3>\n<p>&nbsp;<\/p>\n<h6><\/h6>\n<figure class=\"wp-block-table\">\n<table>\n<tbody>\n<tr>\n<td>Emplacement de la salle d'exposition<\/td>\n<td>Inde, Bangladesh, autres, Indon\u00e9sie, Tadjikistan, Roumanie<\/td>\n<\/tr>\n<tr>\n<td>Poids en ordre de marche<\/td>\n<td>30 tonnes<\/td>\n<\/tr>\n<tr>\n<td>Capacit\u00e9 du godet<\/td>\n<td>1.38M\u00b3<\/td>\n<\/tr>\n<tr>\n<td>Poids de la machine<\/td>\n<td>30000KG<\/td>\n<\/tr>\n<tr>\n<td>Marque du v\u00e9rin hydraulique<\/td>\n<td>Original<\/td>\n<\/tr>\n<tr>\n<td>Puissance<\/td>\n<td>198kw<\/td>\n<\/tr>\n<tr>\n<td>Composants essentiels<\/td>\n<td>Moteur, pompe, bo\u00eete de vitesses, moteur<\/td>\n<\/tr>\n<tr>\n<td>Heures de travail<\/td>\n<td>0-1200Hrs<\/td>\n<\/tr>\n<tr>\n<td>Profondeur de fouille maximale \/ Hauteur de fouille maximale \/ Rayon de fouille maximal<\/td>\n<td>6940mm\/7179mm\/6172mm<\/td>\n<\/tr>\n<tr>\n<td>Condition<\/td>\n<td>90%NEW<\/td>\n<\/tr>\n<\/tbody>\n<\/table>\n<\/figure>\n<h3><strong>Emballage et livraison<\/strong><\/h3>\n<p>&nbsp;<\/p>\n<figure class=\"wp-block-table\">\n<table>\n<tbody>\n<tr>\n<td>D\u00e9tails de l'emballage<\/td>\n<td>1. Le ch\u00e2ssis plat est plus adapt\u00e9 aux grands \u00e9quipements de construction sans d\u00e9montage.<br \/>\n2. Les conteneurs sont les moins chers et les plus rapides.<br \/>\n3. Les vraquiers conviennent mieux aux gros engins de chantier.<br \/>\n4. L'exp\u00e9dition Ro-Ro est rapide et convient \u00e0 tous les types de machines. Vous pouvez choisir le mode de transport en fonction de vos besoins.<\/td>\n<\/tr>\n<tr>\n<td>Port<\/td>\n<td>port de shanghai port de ningbo port de qingdao<\/td>\n<\/tr>\n<\/tbody>\n<\/table>\n<\/figure>\n<h2><strong>D\u00e9lai d'ex\u00e9cution<\/strong><\/h2>\n<figure class=\"wp-block-table\">\n<table>\n<tbody>\n<tr>\n<td>Quantit\u00e9 (unit\u00e9s)<\/td>\n<td>1 - 1<\/td>\n<td>2 - 5<\/td>\n<td>2 - 5<\/td>\n<\/tr>\n<tr>\n<td>D\u00e9lai d'ex\u00e9cution (jours)<\/td>\n<td>3<\/td>\n<td>5<\/td>\n<td>A n\u00e9gocier<\/td>\n<\/tr>\n<\/tbody>\n<\/table>\n<\/figure>\n<p>&nbsp;<\/p>\n<h3 id=\"customization\" class=\"wp-block-heading\"><strong>Personnalisation<\/strong><\/h3>\n<p>&nbsp;<\/p>\n<p>Logo personnalis\u00e9<br \/>\nCommande min : 3<br \/>\nPersonnalisation graphique<br \/>\nCommande min : 3<br \/>\nEmballage personnalis\u00e9<br \/>\nCommande min : 3<\/p>\n<h2><strong>Pr\u00e9sentoir de produits<\/strong><\/h2>\n<figure class=\"wp-block-gallery has-nested-images columns-default is-cropped wp-block-gallery-1 is-layout-flex wp-block-gallery-is-layout-flex\">\n<figure class=\"wp-block-image size-full\"><img fetchpriority=\"high\" decoding=\"async\" class=\"wp-image-2415\" title=\"Original Korea Hyundai 305-9T Excavator with Core Components Cheap Price Used Hyundai 305-9T Excavator for Sale 1\" src=\"https:\/\/kaiyuexcavator.com\/wp-content\/uploads\/2024\/11\/E5BEAEE4BFA1E59BBEE78987_20240611144927.jpg\" sizes=\"(max-width: 800px) 100vw, 800px\" srcset=\"https:\/\/kaiyuexcavator.com\/wp-content\/uploads\/2024\/11\/\u5fae\u4fe1\u56fe\u7247_20240611144927.jpg 800w, https:\/\/kaiyuexcavator.com\/wp-content\/uploads\/2024\/11\/1_\u5fae\u4fe1\u56fe\u7247_20240611144927-300x300.jpg 300w, https:\/\/kaiyuexcavator.com\/wp-content\/uploads\/2024\/11\/\u5fae\u4fe1\u56fe\u7247_20240611144927-150x150.jpg 150w, https:\/\/kaiyuexcavator.com\/wp-content\/uploads\/2024\/11\/1_\u5fae\u4fe1\u56fe\u7247_20240611144927-768x768.jpg 768w, https:\/\/kaiyuexcavator.com\/wp-content\/uploads\/2024\/11\/\u5fae\u4fe1\u56fe\u7247_20240611144927-12x12.jpg 12w\" alt=\"Original Korea Hyundai 305-9T Excavator with Core Components Cheap Price Used Hyundai 305-9T Excavator for Sale\" width=\"800\" height=\"800\" data-id=\"2415\" \/><\/figure>\n<figure class=\"wp-block-image size-full\"><img decoding=\"async\" class=\"wp-image-2414\" title=\"Original Korea Hyundai 305-9T Excavator with Core Components Cheap Price Used Hyundai 305-9T Excavator for Sale 2\" src=\"https:\/\/kaiyuexcavator.com\/wp-content\/uploads\/2024\/11\/E5BEAEE4BFA1E59BBEE78987_20240611144917.jpg\" sizes=\"(max-width: 800px) 100vw, 800px\" srcset=\"https:\/\/kaiyuexcavator.com\/wp-content\/uploads\/2024\/11\/\u5fae\u4fe1\u56fe\u7247_20240611144917.jpg 800w, https:\/\/kaiyuexcavator.com\/wp-content\/uploads\/2024\/11\/1_\u5fae\u4fe1\u56fe\u7247_20240611144917-300x300.jpg 300w, https:\/\/kaiyuexcavator.com\/wp-content\/uploads\/2024\/11\/\u5fae\u4fe1\u56fe\u7247_20240611144917-150x150.jpg 150w, https:\/\/kaiyuexcavator.com\/wp-content\/uploads\/2024\/11\/1_\u5fae\u4fe1\u56fe\u7247_20240611144917-768x768.jpg 768w, https:\/\/kaiyuexcavator.com\/wp-content\/uploads\/2024\/11\/\u5fae\u4fe1\u56fe\u7247_20240611144917-12x12.jpg 12w\" alt=\"Original Korea Hyundai 305-9T Excavator with Core Components Cheap Price Used Hyundai 305-9T Excavator for Sale\" width=\"800\" height=\"800\" data-id=\"2414\" \/><\/figure>\n<\/figure>\n<figure class=\"wp-block-gallery has-nested-images columns-default is-cropped wp-block-gallery-2 is-layout-flex wp-block-gallery-is-layout-flex\">\n<figure class=\"wp-block-image size-full\"><img decoding=\"async\" class=\"wp-image-2498\" title=\"Original Korea Hyundai 305-9T Excavator with Core Components Cheap Price Used Hyundai 305-9T Excavator for Sale 3\" src=\"https:\/\/kaiyuexcavator.com\/wp-content\/uploads\/2024\/11\/E5BEAEE4BFA1E59BBEE78987_20240611144850.jpg\" sizes=\"(max-width: 800px) 100vw, 800px\" srcset=\"https:\/\/kaiyuexcavator.com\/wp-content\/uploads\/2024\/11\/\u5fae\u4fe1\u56fe\u7247_20240611144850.jpg 800w, https:\/\/kaiyuexcavator.com\/wp-content\/uploads\/2024\/11\/1_\u5fae\u4fe1\u56fe\u7247_20240611144850-300x300.jpg 300w, https:\/\/kaiyuexcavator.com\/wp-content\/uploads\/2024\/11\/\u5fae\u4fe1\u56fe\u7247_20240611144850-150x150.jpg 150w, https:\/\/kaiyuexcavator.com\/wp-content\/uploads\/2024\/11\/1_\u5fae\u4fe1\u56fe\u7247_20240611144850-768x768.jpg 768w, https:\/\/kaiyuexcavator.com\/wp-content\/uploads\/2024\/11\/\u5fae\u4fe1\u56fe\u7247_20240611144850-12x12.jpg 12w\" alt=\"Original Korea Hyundai 305-9T Excavator with Core Components Cheap Price Used Hyundai 305-9T Excavator for Sale\" width=\"800\" height=\"800\" data-id=\"2498\" \/><\/figure>\n<figure class=\"wp-block-image size-full\"><img loading=\"lazy\" decoding=\"async\" class=\"wp-image-2497\" title=\"Original Korea Hyundai 305-9T Excavator with Core Components Cheap Price Used Hyundai 305-9T Excavator for Sale 4\" src=\"https:\/\/kaiyuexcavator.com\/wp-content\/uploads\/2024\/11\/E5BEAEE4BFA1E59BBEE78987_20240611144912.jpg\" sizes=\"(max-width: 800px) 100vw, 800px\" srcset=\"https:\/\/kaiyuexcavator.com\/wp-content\/uploads\/2024\/11\/\u5fae\u4fe1\u56fe\u7247_20240611144912.jpg 800w, https:\/\/kaiyuexcavator.com\/wp-content\/uploads\/2024\/11\/1_\u5fae\u4fe1\u56fe\u7247_20240611144912-300x300.jpg 300w, https:\/\/kaiyuexcavator.com\/wp-content\/uploads\/2024\/11\/\u5fae\u4fe1\u56fe\u7247_20240611144912-150x150.jpg 150w, https:\/\/kaiyuexcavator.com\/wp-content\/uploads\/2024\/11\/1_\u5fae\u4fe1\u56fe\u7247_20240611144912-768x768.jpg 768w, https:\/\/kaiyuexcavator.com\/wp-content\/uploads\/2024\/11\/\u5fae\u4fe1\u56fe\u7247_20240611144912-12x12.jpg 12w\" alt=\"Original Korea Hyundai 305-9T Excavator with Core Components Cheap Price Used Hyundai 305-9T Excavator for Sale\" width=\"800\" height=\"800\" data-id=\"2497\" \/><\/figure>\n<\/figure>\n<figure class=\"wp-block-gallery has-nested-images columns-default is-cropped wp-block-gallery-1 is-layout-flex wp-block-gallery-is-layout-flex\">\n<figure class=\"wp-block-image size-full\"><\/figure>\n<\/figure>\n<figure class=\"wp-block-gallery has-nested-images columns-default is-cropped wp-block-gallery-2 is-layout-flex wp-block-gallery-is-layout-flex\">\n<figure class=\"wp-block-image size-full\"><\/figure>\n<figure class=\"wp-block-image size-full\"><\/figure>\n<\/figure>","protected":false},"excerpt":{"rendered":"<div class=\"txt\">\n<table>\n<tbody>\n<tr>\n<td>1 - 4 unit\u00e9s<\/td>\n<td>&gt;= 6 pi\u00e8ces<\/td>\n<\/tr>\n<tr>\n<td><strong>USD$37100.00<\/strong><\/td>\n<td><strong>USD$36000.00<\/strong><\/td>\n<\/tr>\n<\/tbody>\n<\/table>\n<p>&nbsp;<\/p>\n<table class=\"all magic-5\">\n<tbody>\n<tr>\n<td>\n<div class=\"magic-6\">\n<div class=\"magic-7\" data-spm-anchor-id=\"a2700.custom-template.0.i54.6e4e33333hV8ac\">Nom du produit<\/div>\n<\/div>\n<\/td>\n<td>\n<div class=\"magic-8\">\n<div class=\"magic-7\" data-spm-anchor-id=\"a2700.custom-template.0.i66.6e4e33333hV8ac\">\u00a0Pelle d'occasion Hyundai 305-9T<\/div>\n<\/div>\n<\/td>\n<\/tr>\n<tr>\n<td>\n<div class=\"magic-6\">\n<div class=\"magic-7\">Poids en ordre de marche<\/div>\n<\/div>\n<\/td>\n<td>\n<div class=\"magic-8\">\n<div class=\"magic-7\" data-spm-anchor-id=\"a2700.custom-template.0.i87.6e4e33333hV8ac\">30 tonnes<\/div>\n<\/div>\n<\/td>\n<\/tr>\n<tr>\n<td>\n<div class=\"magic-6\">\n<div class=\"magic-7\" data-spm-anchor-id=\"a2700.custom-template.0.i100.6e4e33333hV8ac\">Rapport d'essai des machines\/heures de travail<\/div>\n<\/div>\n<\/td>\n<td>\n<div class=\"magic-8\">\n<div class=\"magic-7\" data-spm-anchor-id=\"a2700.custom-template.0.i105.6e4e33333hV8ac\">Fourni<\/div>\n<\/div>\n<\/td>\n<\/tr>\n<tr>\n<td>\n<div class=\"magic-6\">\n<div class=\"magic-7\" data-spm-anchor-id=\"a2700.custom-template.0.i71.6e4e33333hV8ac\">Ann\u00e9e<\/div>\n<\/div>\n<\/td>\n<td>\n<div class=\"magic-8\">\n<div class=\"magic-7\" data-spm-anchor-id=\"a2700.custom-template.0.i74.6e4e33333hV8ac\">2022<\/div>\n<\/div>\n<\/td>\n<\/tr>\n<tr>\n<td>\n<div class=\"magic-6\">\n<div class=\"magic-7\" data-spm-anchor-id=\"a2700.custom-template.0.i101.6e4e33333hV8ac\">Heures de travail<\/div>\n<\/div>\n<\/td>\n<td>\n<div class=\"magic-8\">\n<div class=\"magic-7\" data-spm-anchor-id=\"a2700.pc-decorate.0.i16.4b8e3333hOwQ41\">0-1200Hrs<\/div>\n<\/div>\n<\/td>\n<\/tr>\n<tr>\n<td>\n<div class=\"magic-6\">\n<div class=\"magic-7\" data-spm-anchor-id=\"a2700.custom-template.0.i95.6e4e33333hV8ac\">Composants essentiels<\/div>\n<\/div>\n<\/td>\n<td>\n<div class=\"magic-8\">\n<div class=\"magic-7\" data-spm-anchor-id=\"a2700.custom-template.0.i103.6e4e33333hV8ac\">Moteur, pompe, engrenage<\/div>\n<\/div>\n<\/td>\n<\/tr>\n<tr>\n<td>\n<div class=\"magic-6\">\n<div class=\"magic-7\" data-spm-anchor-id=\"a2700.custom-template.0.i108.6e4e33333hV8ac\">Marque du v\u00e9rin hydraulique\/marque de la pompe hydraulique\/marque de la soupape hydraulique<\/div>\n<\/div>\n<\/td>\n<td>\n<div class=\"magic-8\">\n<div class=\"magic-7\" data-spm-anchor-id=\"a2700.custom-template.0.i109.6e4e33333hV8ac\">original<\/div>\n<\/div>\n<\/td>\n<\/tr>\n<\/tbody>\n<\/table>\n<\/div>","protected":false},"featured_media":3693,"comment_status":"open","ping_status":"closed","template":"","meta":{"_acf_changed":false,"site-sidebar-layout":"no-sidebar","site-content-layout":"","ast-site-content-layout":"full-width-container","site-content-style":"default","site-sidebar-style":"default","ast-global-header-display":"","ast-banner-title-visibility":"","ast-main-header-display":"","ast-hfb-above-header-display":"","ast-hfb-below-header-display":"","ast-hfb-mobile-header-display":"","site-post-title":"disabled","ast-breadcrumbs-content":"","ast-featured-img":"disabled","footer-sml-layout":"","theme-transparent-header-meta":"default","adv-header-id-meta":"","stick-header-meta":"default","header-above-stick-meta":"","header-main-stick-meta":"","header-below-stick-meta":"","astra-migrate-meta-layouts":"set","ast-page-background-enabled":"default","ast-page-background-meta":{"desktop":{"background-color":"var(--ast-global-color-4)","background-image":"","background-repeat":"repeat","background-position":"center center","background-size":"auto","background-attachment":"scroll","background-type":"","background-media":"","overlay-type":"","overlay-color":"","overlay-opacity":"","overlay-gradient":""},"tablet":{"background-color":"","background-image":"","background-repeat":"repeat","background-position":"center center","background-size":"auto","background-attachment":"scroll","background-type":"","background-media":"","overlay-type":"","overlay-color":"","overlay-opacity":"","overlay-gradient":""},"mobile":{"background-color":"","background-image":"","background-repeat":"repeat","background-position":"center center","background-size":"auto","background-attachment":"scroll","background-type":"","background-media":"","overlay-type":"","overlay-color":"","overlay-opacity":"","overlay-gradient":""}},"ast-content-background-meta":{"desktop":{"background-color":"var(--ast-global-color-5)","background-image":"","background-repeat":"repeat","background-position":"center center","background-size":"auto","background-attachment":"scroll","background-type":"","background-media":"","overlay-type":"","overlay-color":"","overlay-opacity":"","overlay-gradient":""},"tablet":{"background-color":"var(--ast-global-color-5)","background-image":"","background-repeat":"repeat","background-position":"center center","background-size":"auto","background-attachment":"scroll","background-type":"","background-media":"","overlay-type":"","overlay-color":"","overlay-opacity":"","overlay-gradient":""},"mobile":{"background-color":"var(--ast-global-color-5)","background-image":"","background-repeat":"repeat","background-position":"center center","background-size":"auto","background-attachment":"scroll","background-type":"","background-media":"","overlay-type":"","overlay-color":"","overlay-opacity":"","overlay-gradient":""}}},"product_cat":[60,96],"product_tag":[],"class_list":{"0":"post-3692","1":"product","2":"type-product","3":"status-publish","4":"has-post-thumbnail","6":"product_cat-excavator","7":"product_cat-hyundai","8":"desktop-align-left","9":"tablet-align-left","10":"mobile-align-left","11":"ast-product-gallery-layout-horizontal-slider","12":"ast-product-tabs-layout-horizontal","14":"first","15":"instock","16":"shipping-taxable","17":"product-type-simple"},"acf":[],"_links":{"self":[{"href":"https:\/\/www.kaiyuexcavator.com\/fr\/wp-json\/wp\/v2\/product\/3692","targetHints":{"allow":["GET"]}}],"collection":[{"href":"https:\/\/www.kaiyuexcavator.com\/fr\/wp-json\/wp\/v2\/product"}],"about":[{"href":"https:\/\/www.kaiyuexcavator.com\/fr\/wp-json\/wp\/v2\/types\/product"}],"replies":[{"embeddable":true,"href":"https:\/\/www.kaiyuexcavator.com\/fr\/wp-json\/wp\/v2\/comments?post=3692"}],"version-history":[{"count":2,"href":"https:\/\/www.kaiyuexcavator.com\/fr\/wp-json\/wp\/v2\/product\/3692\/revisions"}],"predecessor-version":[{"id":3728,"href":"https:\/\/www.kaiyuexcavator.com\/fr\/wp-json\/wp\/v2\/product\/3692\/revisions\/3728"}],"wp:featuredmedia":[{"embeddable":true,"href":"https:\/\/www.kaiyuexcavator.com\/fr\/wp-json\/wp\/v2\/media\/3693"}],"wp:attachment":[{"href":"https:\/\/www.kaiyuexcavator.com\/fr\/wp-json\/wp\/v2\/media?parent=3692"}],"wp:term":[{"taxonomy":"product_cat","embeddable":true,"href":"https:\/\/www.kaiyuexcavator.com\/fr\/wp-json\/wp\/v2\/product_cat?post=3692"},{"taxonomy":"product_tag","embeddable":true,"href":"https:\/\/www.kaiyuexcavator.com\/fr\/wp-json\/wp\/v2\/product_tag?post=3692"}],"curies":[{"name":"wp","href":"https:\/\/api.w.org\/{rel}","templated":true}]}}