{"id":3633,"date":"2024-11-21T08:17:35","date_gmt":"2024-11-21T08:17:35","guid":{"rendered":"https:\/\/kaiyuexcavator.com\/?post_type=product&#038;p=3633"},"modified":"2025-01-15T05:18:46","modified_gmt":"2025-01-15T05:18:46","slug":"moteur-doccasion-volvo-ec210-excavateur-moteur-original-pompe-90-nouveau-ec60-ec140-ec150-ec210-ec240-ec250-ec290-ec300-equipement-sur-chenilles","status":"publish","type":"product","link":"https:\/\/www.kaiyuexcavator.com\/fr\/product\/moteur-doccasion-volvo-ec210-excavateur-moteur-original-pompe-90-nouveau-ec60-ec140-ec150-ec210-ec240-ec250-ec290-ec300-equipement-sur-chenilles\/","title":{"rendered":"Second Hand Volvo EC210 Excavator Original Engine Motor Pump 90% New EC60 EC140 EC150 EC210 EC240 EC250 EC290 EC300 Crawler Equipment"},"content":{"rendered":"<h3><strong>Caract\u00e9ristiques principales<\/strong><\/h3>\n<p>&nbsp;<\/p>\n<figure class=\"wp-block-table\">\n<table>\n<tbody>\n<tr>\n<td>Ann\u00e9e<\/td>\n<td>2022<\/td>\n<\/tr>\n<tr>\n<td>Poids en ordre de marche<\/td>\n<td>21Ton<\/td>\n<\/tr>\n<tr>\n<td>Capacit\u00e9 du godet<\/td>\n<td>1M\u00b3<\/td>\n<\/tr>\n<tr>\n<td>Poids de la machine<\/td>\n<td>21000 KG<\/td>\n<\/tr>\n<tr>\n<td>Marque du v\u00e9rin hydraulique<\/td>\n<td>Original<\/td>\n<\/tr>\n<tr>\n<td>Puissance<\/td>\n<td>112 kw<\/td>\n<\/tr>\n<tr>\n<td>Composants essentiels<\/td>\n<td>Moteur, pompe, bo\u00eete de vitesses, moteur<\/td>\n<\/tr>\n<tr>\n<td>Heures de travail<\/td>\n<td>600Hrs<\/td>\n<\/tr>\n<tr>\n<td>Profondeur\/hauteur\/rayon de creusement maximum<\/td>\n<td>6730mm\/9220 mm\/9930 mm<\/td>\n<\/tr>\n<tr>\n<td>Condition<\/td>\n<td>90%NEW<\/td>\n<\/tr>\n<\/tbody>\n<\/table>\n<\/figure>\n<h3><strong>Emballage et livraison<\/strong><\/h3>\n<p>&nbsp;<\/p>\n<figure class=\"wp-block-table\">\n<table>\n<tbody>\n<tr>\n<td>D\u00e9tails de l'emballage<\/td>\n<td>1. Le ch\u00e2ssis plat est plus adapt\u00e9 aux grands \u00e9quipements de construction sans d\u00e9montage.<br \/>\n2. Les conteneurs sont les moins chers et les plus rapides.<br \/>\n3. Les vraquiers conviennent mieux aux gros engins de chantier.<br \/>\n4. L'exp\u00e9dition Ro-Ro est rapide et convient \u00e0 tous les types de machines. Vous pouvez choisir le mode de transport en fonction de vos besoins.<\/td>\n<\/tr>\n<tr>\n<td>Port<\/td>\n<td>port de shanghai port de ningbo port de qingdao<\/td>\n<\/tr>\n<\/tbody>\n<\/table>\n<\/figure>\n<h2><strong>D\u00e9lai d'ex\u00e9cution<\/strong><\/h2>\n<p>&nbsp;<\/p>\n<figure class=\"wp-block-table\">\n<table>\n<tbody>\n<tr>\n<td>Quantit\u00e9 (unit\u00e9s)<\/td>\n<td>1 - 1<\/td>\n<td>2 - 5<\/td>\n<td>2 - 5<\/td>\n<\/tr>\n<tr>\n<td>D\u00e9lai d'ex\u00e9cution (jours)<\/td>\n<td>3<\/td>\n<td>5<\/td>\n<td>A n\u00e9gocier<\/td>\n<\/tr>\n<\/tbody>\n<\/table>\n<\/figure>\n<h2><strong>Pr\u00e9sentoir de produits<\/strong><\/h2>\n<p>&nbsp;<\/p>\n<p><img fetchpriority=\"high\" decoding=\"async\" class=\"alignnone size-full wp-image-5339\" src=\"https:\/\/www.kaiyuexcavator.com\/wp-content\/uploads\/2024\/11\/\u5fae\u4fe1\u56fe\u7247_20241106145013.webp\" alt=\"\" width=\"800\" height=\"800\" srcset=\"https:\/\/www.kaiyuexcavator.com\/wp-content\/uploads\/2024\/11\/\u5fae\u4fe1\u56fe\u7247_20241106145013.webp 800w, https:\/\/www.kaiyuexcavator.com\/wp-content\/uploads\/2024\/11\/\u5fae\u4fe1\u56fe\u7247_20241106145013-768x768.webp 768w, https:\/\/www.kaiyuexcavator.com\/wp-content\/uploads\/2024\/11\/\u5fae\u4fe1\u56fe\u7247_20241106145013-300x300.webp 300w, https:\/\/www.kaiyuexcavator.com\/wp-content\/uploads\/2024\/11\/\u5fae\u4fe1\u56fe\u7247_20241106145013-600x600.webp 600w, https:\/\/www.kaiyuexcavator.com\/wp-content\/uploads\/2024\/11\/\u5fae\u4fe1\u56fe\u7247_20241106145013-100x100.webp 100w\" sizes=\"(max-width: 800px) 100vw, 800px\" \/> <img decoding=\"async\" class=\"alignnone size-full wp-image-5341\" src=\"https:\/\/www.kaiyuexcavator.com\/wp-content\/uploads\/2024\/11\/\u5fae\u4fe1\u56fe\u7247_20241106145016.webp\" alt=\"\" width=\"800\" height=\"800\" srcset=\"https:\/\/www.kaiyuexcavator.com\/wp-content\/uploads\/2024\/11\/\u5fae\u4fe1\u56fe\u7247_20241106145016.webp 800w, https:\/\/www.kaiyuexcavator.com\/wp-content\/uploads\/2024\/11\/\u5fae\u4fe1\u56fe\u7247_20241106145016-768x768.webp 768w, https:\/\/www.kaiyuexcavator.com\/wp-content\/uploads\/2024\/11\/\u5fae\u4fe1\u56fe\u7247_20241106145016-300x300.webp 300w, https:\/\/www.kaiyuexcavator.com\/wp-content\/uploads\/2024\/11\/\u5fae\u4fe1\u56fe\u7247_20241106145016-600x600.webp 600w, https:\/\/www.kaiyuexcavator.com\/wp-content\/uploads\/2024\/11\/\u5fae\u4fe1\u56fe\u7247_20241106145016-100x100.webp 100w\" sizes=\"(max-width: 800px) 100vw, 800px\" \/> <img decoding=\"async\" class=\"alignnone size-full wp-image-5342\" src=\"https:\/\/www.kaiyuexcavator.com\/wp-content\/uploads\/2024\/11\/\u5fae\u4fe1\u56fe\u7247_20241106145017.webp\" alt=\"\" width=\"800\" height=\"800\" srcset=\"https:\/\/www.kaiyuexcavator.com\/wp-content\/uploads\/2024\/11\/\u5fae\u4fe1\u56fe\u7247_20241106145017.webp 800w, https:\/\/www.kaiyuexcavator.com\/wp-content\/uploads\/2024\/11\/\u5fae\u4fe1\u56fe\u7247_20241106145017-768x768.webp 768w, https:\/\/www.kaiyuexcavator.com\/wp-content\/uploads\/2024\/11\/\u5fae\u4fe1\u56fe\u7247_20241106145017-300x300.webp 300w, https:\/\/www.kaiyuexcavator.com\/wp-content\/uploads\/2024\/11\/\u5fae\u4fe1\u56fe\u7247_20241106145017-600x600.webp 600w, https:\/\/www.kaiyuexcavator.com\/wp-content\/uploads\/2024\/11\/\u5fae\u4fe1\u56fe\u7247_20241106145017-100x100.webp 100w\" sizes=\"(max-width: 800px) 100vw, 800px\" \/> <img loading=\"lazy\" decoding=\"async\" class=\"alignnone size-full wp-image-5338\" src=\"https:\/\/www.kaiyuexcavator.com\/wp-content\/uploads\/2024\/11\/\u5fae\u4fe1\u56fe\u7247_202411061450171.webp\" alt=\"\" width=\"800\" height=\"800\" srcset=\"https:\/\/www.kaiyuexcavator.com\/wp-content\/uploads\/2024\/11\/\u5fae\u4fe1\u56fe\u7247_202411061450171.webp 800w, https:\/\/www.kaiyuexcavator.com\/wp-content\/uploads\/2024\/11\/\u5fae\u4fe1\u56fe\u7247_202411061450171-768x768.webp 768w, https:\/\/www.kaiyuexcavator.com\/wp-content\/uploads\/2024\/11\/\u5fae\u4fe1\u56fe\u7247_202411061450171-300x300.webp 300w, https:\/\/www.kaiyuexcavator.com\/wp-content\/uploads\/2024\/11\/\u5fae\u4fe1\u56fe\u7247_202411061450171-600x600.webp 600w, https:\/\/www.kaiyuexcavator.com\/wp-content\/uploads\/2024\/11\/\u5fae\u4fe1\u56fe\u7247_202411061450171-100x100.webp 100w\" sizes=\"(max-width: 800px) 100vw, 800px\" \/><\/p>","protected":false},"excerpt":{"rendered":"<div class=\"txt\">\n<table>\n<tbody>\n<tr>\n<td>1 - 2 unit\u00e9s<\/td>\n<td>&gt;= 3 pi\u00e8ces<\/td>\n<\/tr>\n<tr>\n<td><strong>USD$19000.00<\/strong><\/td>\n<td><strong>USD$18000.00<\/strong><\/td>\n<\/tr>\n<\/tbody>\n<\/table>\n<p>&nbsp;<\/p>\n<table class=\"all magic-5\">\n<tbody>\n<tr>\n<td>\n<div class=\"magic-6\">\n<div class=\"magic-7\" data-spm-anchor-id=\"a2700.custom-template.0.i54.6e4e33333hV8ac\">Nom du produit<\/div>\n<\/div>\n<\/td>\n<td>\n<div class=\"magic-8\">\n<div class=\"magic-7\" data-spm-anchor-id=\"a2700.custom-template.0.i66.6e4e33333hV8ac\">Excavateur Volvo EC210 d'occasion<\/div>\n<\/div>\n<\/td>\n<\/tr>\n<tr>\n<td>\n<div class=\"magic-6\">\n<div class=\"magic-7\">Poids en ordre de marche<\/div>\n<\/div>\n<\/td>\n<td>\n<div class=\"magic-8\">\n<div class=\"magic-7\" data-spm-anchor-id=\"a2700.custom-template.0.i87.6e4e33333hV8ac\">21Ton<\/div>\n<\/div>\n<\/td>\n<\/tr>\n<tr>\n<td>\n<div class=\"magic-6\">\n<div class=\"magic-7\" data-spm-anchor-id=\"a2700.custom-template.0.i100.6e4e33333hV8ac\">Rapport d'essai des machines<\/div>\n<\/div>\n<\/td>\n<td>\n<div class=\"magic-8\">\n<div class=\"magic-7\" data-spm-anchor-id=\"a2700.custom-template.0.i105.6e4e33333hV8ac\">Fourni<\/div>\n<\/div>\n<\/td>\n<\/tr>\n<tr>\n<td>\n<div class=\"magic-6\">\n<div class=\"magic-7\" data-spm-anchor-id=\"a2700.custom-template.0.i71.6e4e33333hV8ac\">Ann\u00e9e<\/div>\n<\/div>\n<\/td>\n<td>\n<div class=\"magic-8\">\n<div class=\"magic-7\" data-spm-anchor-id=\"a2700.custom-template.0.i74.6e4e33333hV8ac\">2022<\/div>\n<\/div>\n<\/td>\n<\/tr>\n<tr>\n<td>\n<div class=\"magic-6\">\n<div class=\"magic-7\" data-spm-anchor-id=\"a2700.custom-template.0.i101.6e4e33333hV8ac\">Heures de travail<\/div>\n<\/div>\n<\/td>\n<td>\n<div class=\"magic-8\">\n<div class=\"magic-7\" data-spm-anchor-id=\"a2700.pc-decorate.0.i16.4b8e3333hOwQ41\">600Hrs<\/div>\n<\/div>\n<\/td>\n<\/tr>\n<tr>\n<td>\n<div class=\"magic-6\">\n<div class=\"magic-7\" data-spm-anchor-id=\"a2700.custom-template.0.i95.6e4e33333hV8ac\">Composants essentiels<\/div>\n<\/div>\n<\/td>\n<td>\n<div class=\"magic-8\">\n<div class=\"magic-7\" data-spm-anchor-id=\"a2700.custom-template.0.i103.6e4e33333hV8ac\">Moteur, pompe, engrenage<\/div>\n<\/div>\n<\/td>\n<\/tr>\n<tr>\n<td>\n<div class=\"magic-6\">\n<div class=\"magic-7\" data-spm-anchor-id=\"a2700.custom-template.0.i108.6e4e33333hV8ac\">Marque du v\u00e9rin hydraulique\/Pompe\/Valve<\/div>\n<\/div>\n<\/td>\n<td>\n<div class=\"magic-8\">\n<div class=\"magic-7\" data-spm-anchor-id=\"a2700.custom-template.0.i109.6e4e33333hV8ac\">Original<\/div>\n<\/div>\n<\/td>\n<\/tr>\n<\/tbody>\n<\/table>\n<\/div>","protected":false},"featured_media":5342,"comment_status":"open","ping_status":"closed","template":"","meta":{"_acf_changed":false,"site-sidebar-layout":"no-sidebar","site-content-layout":"","ast-site-content-layout":"full-width-container","site-content-style":"default","site-sidebar-style":"default","ast-global-header-display":"","ast-banner-title-visibility":"","ast-main-header-display":"","ast-hfb-above-header-display":"","ast-hfb-below-header-display":"","ast-hfb-mobile-header-display":"","site-post-title":"disabled","ast-breadcrumbs-content":"","ast-featured-img":"disabled","footer-sml-layout":"","theme-transparent-header-meta":"default","adv-header-id-meta":"","stick-header-meta":"default","header-above-stick-meta":"","header-main-stick-meta":"","header-below-stick-meta":"","astra-migrate-meta-layouts":"set","ast-page-background-enabled":"default","ast-page-background-meta":{"desktop":{"background-color":"var(--ast-global-color-4)","background-image":"","background-repeat":"repeat","background-position":"center center","background-size":"auto","background-attachment":"scroll","background-type":"","background-media":"","overlay-type":"","overlay-color":"","overlay-opacity":"","overlay-gradient":""},"tablet":{"background-color":"","background-image":"","background-repeat":"repeat","background-position":"center center","background-size":"auto","background-attachment":"scroll","background-type":"","background-media":"","overlay-type":"","overlay-color":"","overlay-opacity":"","overlay-gradient":""},"mobile":{"background-color":"","background-image":"","background-repeat":"repeat","background-position":"center center","background-size":"auto","background-attachment":"scroll","background-type":"","background-media":"","overlay-type":"","overlay-color":"","overlay-opacity":"","overlay-gradient":""}},"ast-content-background-meta":{"desktop":{"background-color":"var(--ast-global-color-5)","background-image":"","background-repeat":"repeat","background-position":"center center","background-size":"auto","background-attachment":"scroll","background-type":"","background-media":"","overlay-type":"","overlay-color":"","overlay-opacity":"","overlay-gradient":""},"tablet":{"background-color":"var(--ast-global-color-5)","background-image":"","background-repeat":"repeat","background-position":"center center","background-size":"auto","background-attachment":"scroll","background-type":"","background-media":"","overlay-type":"","overlay-color":"","overlay-opacity":"","overlay-gradient":""},"mobile":{"background-color":"var(--ast-global-color-5)","background-image":"","background-repeat":"repeat","background-position":"center center","background-size":"auto","background-attachment":"scroll","background-type":"","background-media":"","overlay-type":"","overlay-color":"","overlay-opacity":"","overlay-gradient":""}}},"product_cat":[60,95],"product_tag":[],"class_list":{"0":"post-3633","1":"product","2":"type-product","3":"status-publish","4":"has-post-thumbnail","6":"product_cat-excavator","7":"product_cat-volvo","8":"desktop-align-left","9":"tablet-align-left","10":"mobile-align-left","11":"ast-product-gallery-layout-horizontal-slider","12":"ast-product-tabs-layout-horizontal","14":"first","15":"instock","16":"shipping-taxable","17":"product-type-simple"},"acf":[],"_links":{"self":[{"href":"https:\/\/www.kaiyuexcavator.com\/fr\/wp-json\/wp\/v2\/product\/3633","targetHints":{"allow":["GET"]}}],"collection":[{"href":"https:\/\/www.kaiyuexcavator.com\/fr\/wp-json\/wp\/v2\/product"}],"about":[{"href":"https:\/\/www.kaiyuexcavator.com\/fr\/wp-json\/wp\/v2\/types\/product"}],"replies":[{"embeddable":true,"href":"https:\/\/www.kaiyuexcavator.com\/fr\/wp-json\/wp\/v2\/comments?post=3633"}],"version-history":[{"count":4,"href":"https:\/\/www.kaiyuexcavator.com\/fr\/wp-json\/wp\/v2\/product\/3633\/revisions"}],"predecessor-version":[{"id":5623,"href":"https:\/\/www.kaiyuexcavator.com\/fr\/wp-json\/wp\/v2\/product\/3633\/revisions\/5623"}],"wp:featuredmedia":[{"embeddable":true,"href":"https:\/\/www.kaiyuexcavator.com\/fr\/wp-json\/wp\/v2\/media\/5342"}],"wp:attachment":[{"href":"https:\/\/www.kaiyuexcavator.com\/fr\/wp-json\/wp\/v2\/media?parent=3633"}],"wp:term":[{"taxonomy":"product_cat","embeddable":true,"href":"https:\/\/www.kaiyuexcavator.com\/fr\/wp-json\/wp\/v2\/product_cat?post=3633"},{"taxonomy":"product_tag","embeddable":true,"href":"https:\/\/www.kaiyuexcavator.com\/fr\/wp-json\/wp\/v2\/product_tag?post=3633"}],"curies":[{"name":"wp","href":"https:\/\/api.w.org\/{rel}","templated":true}]}}