{"id":6808,"date":"2025-11-17T09:28:22","date_gmt":"2025-11-17T09:28:22","guid":{"rendered":"https:\/\/www.kaiyuexcavator.com\/?post_type=product&#038;p=6808"},"modified":"2025-12-02T05:45:59","modified_gmt":"2025-12-02T05:45:59","slug":"japon-original-usado-pequena-excavadora-usada-7ton-komatsu-pc70-excavadora-de-segunda-mano-hidraulica-sobre-orugas-komatsu-pc20mr-pc30mr-pc35mr-excavadora-mini-excavadora-para-la-venta","status":"publish","type":"product","link":"https:\/\/www.kaiyuexcavator.com\/es\/product\/japon-original-usado-pequena-excavadora-usada-7ton-komatsu-pc70-excavadora-de-segunda-mano-hidraulica-sobre-orugas-komatsu-pc20mr-pc30mr-pc35mr-excavadora-mini-excavadora-para-la-venta\/","title":{"rendered":"Original de Jap\u00f3n Peque\u00f1a excavadora usada 7ton Komatsu PC70 Excavadora de segunda mano hidr\u00e1ulica sobre orugas Komatsu PC20mr Pc30mr Pc35mr Miniexcavadora para la venta"},"content":{"rendered":"<h2 class=\"wp-block-heading\"><strong>Atributos clave<\/strong><\/h2>\n<p><strong>Atributos espec\u00edficos del sector<\/strong><\/p>\n<table width=\"362\">\n<tbody>\n<tr>\n<td width=\"181\">A\u00f1o<\/td>\n<td width=\"181\">2024<\/td>\n<\/tr>\n<tr>\n<td>Peso operativo<\/td>\n<td>7TON<\/td>\n<\/tr>\n<tr>\n<td>Capacidad del cubo<\/td>\n<td>0.39M\u00b3<\/td>\n<\/tr>\n<tr>\n<td>Peso de la m\u00e1quina<\/td>\n<td>7TON<\/td>\n<\/tr>\n<tr>\n<td>Potencia<\/td>\n<td>48,5 kW<\/td>\n<\/tr>\n<tr>\n<td>Horario de trabajo<\/td>\n<td>500 horas<\/td>\n<\/tr>\n<tr>\n<td>Condici\u00f3n<\/td>\n<td>90% Nuevo<\/td>\n<\/tr>\n<tr>\n<td>Cilindro hidr\u00e1ulico Marca<\/td>\n<td>Original<\/td>\n<\/tr>\n<tr>\n<td>Componentes b\u00e1sicos<\/td>\n<td>Motor, bomba, caja de cambios, motor<\/td>\n<\/tr>\n<tr>\n<td>Profundidad m\u00e1xima de excavaci\u00f3n<\/td>\n<td>4100 mm<\/td>\n<\/tr>\n<tr>\n<td>Altura m\u00e1xima de excavaci\u00f3n<\/td>\n<td>7150 mm<\/td>\n<\/tr>\n<tr>\n<td>Radio m\u00e1ximo de excavaci\u00f3n<\/td>\n<td>6360 mm<\/td>\n<\/tr>\n<\/tbody>\n<\/table>\n<h2><strong>Expositor de productos<\/strong><\/h2>\n<h2><strong> <img fetchpriority=\"high\" decoding=\"async\" class=\"alignnone wp-image-6809 size-full\" src=\"https:\/\/www.kaiyuexcavator.com\/wp-content\/uploads\/2025\/11\/\u5fae\u4fe1\u56fe\u7247_2025-07-26_151624_805.jpg\" alt=\"\" width=\"1276\" height=\"1276\" srcset=\"https:\/\/www.kaiyuexcavator.com\/wp-content\/uploads\/2025\/11\/\u5fae\u4fe1\u56fe\u7247_2025-07-26_151624_805.jpg 1276w, https:\/\/www.kaiyuexcavator.com\/wp-content\/uploads\/2025\/11\/\u5fae\u4fe1\u56fe\u7247_2025-07-26_151624_805-768x768.jpg 768w, https:\/\/www.kaiyuexcavator.com\/wp-content\/uploads\/2025\/11\/\u5fae\u4fe1\u56fe\u7247_2025-07-26_151624_805-300x300.jpg 300w, https:\/\/www.kaiyuexcavator.com\/wp-content\/uploads\/2025\/11\/\u5fae\u4fe1\u56fe\u7247_2025-07-26_151624_805-600x600.jpg 600w, https:\/\/www.kaiyuexcavator.com\/wp-content\/uploads\/2025\/11\/\u5fae\u4fe1\u56fe\u7247_2025-07-26_151624_805-100x100.jpg 100w\" sizes=\"(max-width: 1276px) 100vw, 1276px\" \/> <img decoding=\"async\" class=\"alignnone wp-image-6810 size-full\" src=\"https:\/\/www.kaiyuexcavator.com\/wp-content\/uploads\/2025\/11\/\u5fae\u4fe1\u56fe\u7247_2025-07-26_151656_429.jpg\" alt=\"\" width=\"1276\" height=\"1276\" srcset=\"https:\/\/www.kaiyuexcavator.com\/wp-content\/uploads\/2025\/11\/\u5fae\u4fe1\u56fe\u7247_2025-07-26_151656_429.jpg 1276w, https:\/\/www.kaiyuexcavator.com\/wp-content\/uploads\/2025\/11\/\u5fae\u4fe1\u56fe\u7247_2025-07-26_151656_429-768x768.jpg 768w, https:\/\/www.kaiyuexcavator.com\/wp-content\/uploads\/2025\/11\/\u5fae\u4fe1\u56fe\u7247_2025-07-26_151656_429-300x300.jpg 300w, https:\/\/www.kaiyuexcavator.com\/wp-content\/uploads\/2025\/11\/\u5fae\u4fe1\u56fe\u7247_2025-07-26_151656_429-600x600.jpg 600w, https:\/\/www.kaiyuexcavator.com\/wp-content\/uploads\/2025\/11\/\u5fae\u4fe1\u56fe\u7247_2025-07-26_151656_429-100x100.jpg 100w\" sizes=\"(max-width: 1276px) 100vw, 1276px\" \/> <img decoding=\"async\" class=\"alignnone wp-image-6811\" src=\"https:\/\/www.kaiyuexcavator.com\/wp-content\/uploads\/2025\/11\/\u5fae\u4fe1\u56fe\u7247_20250102095045-scaled.jpg\" alt=\"\" width=\"1279\" height=\"1279\" srcset=\"https:\/\/www.kaiyuexcavator.com\/wp-content\/uploads\/2025\/11\/\u5fae\u4fe1\u56fe\u7247_20250102095045-scaled.jpg 2560w, https:\/\/www.kaiyuexcavator.com\/wp-content\/uploads\/2025\/11\/\u5fae\u4fe1\u56fe\u7247_20250102095045-768x768.jpg 768w, https:\/\/www.kaiyuexcavator.com\/wp-content\/uploads\/2025\/11\/\u5fae\u4fe1\u56fe\u7247_20250102095045-1536x1536.jpg 1536w, https:\/\/www.kaiyuexcavator.com\/wp-content\/uploads\/2025\/11\/\u5fae\u4fe1\u56fe\u7247_20250102095045-2048x2048.jpg 2048w, https:\/\/www.kaiyuexcavator.com\/wp-content\/uploads\/2025\/11\/\u5fae\u4fe1\u56fe\u7247_20250102095045-300x300.jpg 300w, https:\/\/www.kaiyuexcavator.com\/wp-content\/uploads\/2025\/11\/\u5fae\u4fe1\u56fe\u7247_20250102095045-600x600.jpg 600w, https:\/\/www.kaiyuexcavator.com\/wp-content\/uploads\/2025\/11\/\u5fae\u4fe1\u56fe\u7247_20250102095045-100x100.jpg 100w\" sizes=\"(max-width: 1279px) 100vw, 1279px\" \/> <img loading=\"lazy\" decoding=\"async\" class=\"alignnone wp-image-6815 size-full\" src=\"https:\/\/www.kaiyuexcavator.com\/wp-content\/uploads\/2025\/11\/\u5fae\u4fe1\u56fe\u7247_20250102095037-scaled.jpg\" alt=\"\" width=\"2560\" height=\"2560\" srcset=\"https:\/\/www.kaiyuexcavator.com\/wp-content\/uploads\/2025\/11\/\u5fae\u4fe1\u56fe\u7247_20250102095037-scaled.jpg 2560w, https:\/\/www.kaiyuexcavator.com\/wp-content\/uploads\/2025\/11\/\u5fae\u4fe1\u56fe\u7247_20250102095037-768x768.jpg 768w, https:\/\/www.kaiyuexcavator.com\/wp-content\/uploads\/2025\/11\/\u5fae\u4fe1\u56fe\u7247_20250102095037-1536x1536.jpg 1536w, https:\/\/www.kaiyuexcavator.com\/wp-content\/uploads\/2025\/11\/\u5fae\u4fe1\u56fe\u7247_20250102095037-2048x2048.jpg 2048w, https:\/\/www.kaiyuexcavator.com\/wp-content\/uploads\/2025\/11\/\u5fae\u4fe1\u56fe\u7247_20250102095037-300x300.jpg 300w, https:\/\/www.kaiyuexcavator.com\/wp-content\/uploads\/2025\/11\/\u5fae\u4fe1\u56fe\u7247_20250102095037-600x600.jpg 600w, https:\/\/www.kaiyuexcavator.com\/wp-content\/uploads\/2025\/11\/\u5fae\u4fe1\u56fe\u7247_20250102095037-100x100.jpg 100w\" sizes=\"(max-width: 2560px) 100vw, 2560px\" \/><\/strong><\/h2>","protected":false},"excerpt":{"rendered":"<table width=\"362\">\n<tbody>\n<tr>\n<td width=\"181\">1 - 2 unidades<\/td>\n<td width=\"181\">&gt;= 3 unidades<\/td>\n<\/tr>\n<tr>\n<td>USD$14000<\/td>\n<td>USD$13000<\/td>\n<\/tr>\n<\/tbody>\n<\/table>\n<table style=\"font-size: 16px;font-style: normal\" width=\"362\">\n<tbody>\n<tr>\n<td width=\"181\">Nombre del producto<\/td>\n<td width=\"181\">Excavadora usada Komatsu PC70<\/td>\n<\/tr>\n<tr>\n<td>M\u00edn. Pedido<\/td>\n<td>1 Unidad<\/td>\n<\/tr>\n<tr>\n<td>Peso<\/td>\n<td>7TON<\/td>\n<\/tr>\n<tr>\n<td>A\u00f1o<\/td>\n<td>2024<\/td>\n<\/tr>\n<tr>\n<td>Horario laboral<\/td>\n<td>500 horas<\/td>\n<\/tr>\n<\/tbody>\n<\/table>","protected":false},"featured_media":6816,"comment_status":"open","ping_status":"closed","template":"","meta":{"_acf_changed":false,"site-sidebar-layout":"default","site-content-layout":"","ast-site-content-layout":"default","site-content-style":"default","site-sidebar-style":"default","ast-global-header-display":"","ast-banner-title-visibility":"","ast-main-header-display":"","ast-hfb-above-header-display":"","ast-hfb-below-header-display":"","ast-hfb-mobile-header-display":"","site-post-title":"disabled","ast-breadcrumbs-content":"","ast-featured-img":"disabled","footer-sml-layout":"","theme-transparent-header-meta":"default","adv-header-id-meta":"","stick-header-meta":"default","header-above-stick-meta":"","header-main-stick-meta":"","header-below-stick-meta":"","astra-migrate-meta-layouts":"set","ast-page-background-enabled":"default","ast-page-background-meta":{"desktop":{"background-color":"var(--ast-global-color-4)","background-image":"","background-repeat":"repeat","background-position":"center center","background-size":"auto","background-attachment":"scroll","background-type":"","background-media":"","overlay-type":"","overlay-color":"","overlay-opacity":"","overlay-gradient":""},"tablet":{"background-color":"","background-image":"","background-repeat":"repeat","background-position":"center center","background-size":"auto","background-attachment":"scroll","background-type":"","background-media":"","overlay-type":"","overlay-color":"","overlay-opacity":"","overlay-gradient":""},"mobile":{"background-color":"","background-image":"","background-repeat":"repeat","background-position":"center center","background-size":"auto","background-attachment":"scroll","background-type":"","background-media":"","overlay-type":"","overlay-color":"","overlay-opacity":"","overlay-gradient":""}},"ast-content-background-meta":{"desktop":{"background-color":"var(--ast-global-color-5)","background-image":"","background-repeat":"repeat","background-position":"center center","background-size":"auto","background-attachment":"scroll","background-type":"","background-media":"","overlay-type":"","overlay-color":"","overlay-opacity":"","overlay-gradient":""},"tablet":{"background-color":"var(--ast-global-color-5)","background-image":"","background-repeat":"repeat","background-position":"center center","background-size":"auto","background-attachment":"scroll","background-type":"","background-media":"","overlay-type":"","overlay-color":"","overlay-opacity":"","overlay-gradient":""},"mobile":{"background-color":"var(--ast-global-color-5)","background-image":"","background-repeat":"repeat","background-position":"center center","background-size":"auto","background-attachment":"scroll","background-type":"","background-media":"","overlay-type":"","overlay-color":"","overlay-opacity":"","overlay-gradient":""}}},"product_cat":[60,88],"product_tag":[104],"class_list":{"0":"post-6808","1":"product","2":"type-product","3":"status-publish","4":"has-post-thumbnail","6":"product_cat-excavator","7":"product_cat-komatsu","8":"product_tag-komatsu-pc70","9":"desktop-align-left","10":"tablet-align-left","11":"mobile-align-left","12":"ast-product-gallery-layout-horizontal-slider","13":"ast-product-tabs-layout-horizontal","15":"first","16":"instock","17":"shipping-taxable","18":"product-type-simple"},"acf":[],"_links":{"self":[{"href":"https:\/\/www.kaiyuexcavator.com\/es\/wp-json\/wp\/v2\/product\/6808","targetHints":{"allow":["GET"]}}],"collection":[{"href":"https:\/\/www.kaiyuexcavator.com\/es\/wp-json\/wp\/v2\/product"}],"about":[{"href":"https:\/\/www.kaiyuexcavator.com\/es\/wp-json\/wp\/v2\/types\/product"}],"replies":[{"embeddable":true,"href":"https:\/\/www.kaiyuexcavator.com\/es\/wp-json\/wp\/v2\/comments?post=6808"}],"version-history":[{"count":4,"href":"https:\/\/www.kaiyuexcavator.com\/es\/wp-json\/wp\/v2\/product\/6808\/revisions"}],"predecessor-version":[{"id":6838,"href":"https:\/\/www.kaiyuexcavator.com\/es\/wp-json\/wp\/v2\/product\/6808\/revisions\/6838"}],"wp:featuredmedia":[{"embeddable":true,"href":"https:\/\/www.kaiyuexcavator.com\/es\/wp-json\/wp\/v2\/media\/6816"}],"wp:attachment":[{"href":"https:\/\/www.kaiyuexcavator.com\/es\/wp-json\/wp\/v2\/media?parent=6808"}],"wp:term":[{"taxonomy":"product_cat","embeddable":true,"href":"https:\/\/www.kaiyuexcavator.com\/es\/wp-json\/wp\/v2\/product_cat?post=6808"},{"taxonomy":"product_tag","embeddable":true,"href":"https:\/\/www.kaiyuexcavator.com\/es\/wp-json\/wp\/v2\/product_tag?post=6808"}],"curies":[{"name":"wp","href":"https:\/\/api.w.org\/{rel}","templated":true}]}}