{"id":6367,"date":"2025-06-20T08:41:02","date_gmt":"2025-06-20T08:41:02","guid":{"rendered":"https:\/\/www.kaiyuexcavator.com\/?post_type=product&#038;p=6367"},"modified":"2025-06-20T08:46:21","modified_gmt":"2025-06-20T08:46:21","slug":"usado-kobelco-sk260lc-excavadora-sobre-orugas-26ton-excavadora-sk200-sk260-sk350-sk480-maquina-de-ingenieria-hidraulica-para-la-venta","status":"publish","type":"product","link":"https:\/\/www.kaiyuexcavator.com\/es\/product\/usado-kobelco-sk260lc-excavadora-sobre-orugas-26ton-excavadora-sk200-sk260-sk350-sk480-maquina-de-ingenieria-hidraulica-para-la-venta\/","title":{"rendered":"Usado Kobelco SK260LC Excavadora de cadenas 26Ton Digger sk200 sk260 sk350 sk480 M\u00e1quina de Ingenier\u00eda Hidr\u00e1ulica para la venta"},"content":{"rendered":"<h2 class=\"wp-block-heading\"><strong>Atributos clave<\/strong><\/h2>\n<p><strong>Atributos espec\u00edficos del sector<\/strong><\/p>\n<table width=\"362\">\n<tbody>\n<tr>\n<td width=\"181\">A\u00f1o<\/td>\n<td width=\"181\">2024<\/td>\n<\/tr>\n<tr>\n<td>Peso operativo<\/td>\n<td>26 TON<\/td>\n<\/tr>\n<tr>\n<td>Capacidad del cubo<\/td>\n<td>1.3 M\u00b3<\/td>\n<\/tr>\n<tr>\n<td>Peso de la m\u00e1quina<\/td>\n<td>26 TON<\/td>\n<\/tr>\n<tr>\n<td>Potencia<\/td>\n<td>137 kw<\/td>\n<\/tr>\n<tr>\n<td>Horario laboral<\/td>\n<td>800 horas<\/td>\n<\/tr>\n<tr>\n<td>Condici\u00f3n<\/td>\n<td>90% Nuevo<\/td>\n<\/tr>\n<tr>\n<td>Cilindro hidr\u00e1ulico Marca<\/td>\n<td>Original<\/td>\n<\/tr>\n<tr>\n<td>Componentes b\u00e1sicos<\/td>\n<td>Motor, bomba, caja de cambios, motor<\/td>\n<\/tr>\n<tr>\n<td>Profundidad m\u00e1xima de excavaci\u00f3n<\/td>\n<td>7000 mm<\/td>\n<\/tr>\n<tr>\n<td>Altura m\u00e1xima de excavaci\u00f3n<\/td>\n<td>9740 mm<\/td>\n<\/tr>\n<tr>\n<td>Radio m\u00e1ximo de excavaci\u00f3n<\/td>\n<td>10310 mm<\/td>\n<\/tr>\n<\/tbody>\n<\/table>\n<h2><strong>Expositor de productos<\/strong><\/h2>\n<p><img fetchpriority=\"high\" decoding=\"async\" class=\"alignnone size-full wp-image-6368\" src=\"https:\/\/www.kaiyuexcavator.com\/wp-content\/uploads\/2025\/06\/\u5fae\u4fe1\u56fe\u7247_20241106092511.jpg\" alt=\"\" width=\"800\" height=\"800\" srcset=\"https:\/\/www.kaiyuexcavator.com\/wp-content\/uploads\/2025\/06\/\u5fae\u4fe1\u56fe\u7247_20241106092511.jpg 800w, https:\/\/www.kaiyuexcavator.com\/wp-content\/uploads\/2025\/06\/\u5fae\u4fe1\u56fe\u7247_20241106092511-768x768.jpg 768w, https:\/\/www.kaiyuexcavator.com\/wp-content\/uploads\/2025\/06\/\u5fae\u4fe1\u56fe\u7247_20241106092511-300x300.jpg 300w, https:\/\/www.kaiyuexcavator.com\/wp-content\/uploads\/2025\/06\/\u5fae\u4fe1\u56fe\u7247_20241106092511-600x600.jpg 600w, https:\/\/www.kaiyuexcavator.com\/wp-content\/uploads\/2025\/06\/\u5fae\u4fe1\u56fe\u7247_20241106092511-100x100.jpg 100w\" sizes=\"(max-width: 800px) 100vw, 800px\" \/> <img decoding=\"async\" class=\"alignnone size-full wp-image-6370\" src=\"https:\/\/www.kaiyuexcavator.com\/wp-content\/uploads\/2025\/06\/\u5fae\u4fe1\u56fe\u7247_20241106092514.jpg\" alt=\"\" width=\"800\" height=\"800\" srcset=\"https:\/\/www.kaiyuexcavator.com\/wp-content\/uploads\/2025\/06\/\u5fae\u4fe1\u56fe\u7247_20241106092514.jpg 800w, https:\/\/www.kaiyuexcavator.com\/wp-content\/uploads\/2025\/06\/\u5fae\u4fe1\u56fe\u7247_20241106092514-768x768.jpg 768w, https:\/\/www.kaiyuexcavator.com\/wp-content\/uploads\/2025\/06\/\u5fae\u4fe1\u56fe\u7247_20241106092514-300x300.jpg 300w, https:\/\/www.kaiyuexcavator.com\/wp-content\/uploads\/2025\/06\/\u5fae\u4fe1\u56fe\u7247_20241106092514-600x600.jpg 600w, https:\/\/www.kaiyuexcavator.com\/wp-content\/uploads\/2025\/06\/\u5fae\u4fe1\u56fe\u7247_20241106092514-100x100.jpg 100w\" sizes=\"(max-width: 800px) 100vw, 800px\" \/> <img decoding=\"async\" class=\"alignnone size-full wp-image-6372\" src=\"https:\/\/www.kaiyuexcavator.com\/wp-content\/uploads\/2025\/06\/\u5fae\u4fe1\u56fe\u7247_202411060925151.jpg\" alt=\"\" width=\"800\" height=\"800\" srcset=\"https:\/\/www.kaiyuexcavator.com\/wp-content\/uploads\/2025\/06\/\u5fae\u4fe1\u56fe\u7247_202411060925151.jpg 800w, https:\/\/www.kaiyuexcavator.com\/wp-content\/uploads\/2025\/06\/\u5fae\u4fe1\u56fe\u7247_202411060925151-768x768.jpg 768w, https:\/\/www.kaiyuexcavator.com\/wp-content\/uploads\/2025\/06\/\u5fae\u4fe1\u56fe\u7247_202411060925151-300x300.jpg 300w, https:\/\/www.kaiyuexcavator.com\/wp-content\/uploads\/2025\/06\/\u5fae\u4fe1\u56fe\u7247_202411060925151-600x600.jpg 600w, https:\/\/www.kaiyuexcavator.com\/wp-content\/uploads\/2025\/06\/\u5fae\u4fe1\u56fe\u7247_202411060925151-100x100.jpg 100w\" sizes=\"(max-width: 800px) 100vw, 800px\" \/> <img loading=\"lazy\" decoding=\"async\" class=\"alignnone size-full wp-image-6371\" src=\"https:\/\/www.kaiyuexcavator.com\/wp-content\/uploads\/2025\/06\/\u5fae\u4fe1\u56fe\u7247_20241106092518.jpg\" alt=\"\" width=\"800\" height=\"800\" srcset=\"https:\/\/www.kaiyuexcavator.com\/wp-content\/uploads\/2025\/06\/\u5fae\u4fe1\u56fe\u7247_20241106092518.jpg 800w, https:\/\/www.kaiyuexcavator.com\/wp-content\/uploads\/2025\/06\/\u5fae\u4fe1\u56fe\u7247_20241106092518-768x768.jpg 768w, https:\/\/www.kaiyuexcavator.com\/wp-content\/uploads\/2025\/06\/\u5fae\u4fe1\u56fe\u7247_20241106092518-300x300.jpg 300w, https:\/\/www.kaiyuexcavator.com\/wp-content\/uploads\/2025\/06\/\u5fae\u4fe1\u56fe\u7247_20241106092518-600x600.jpg 600w, https:\/\/www.kaiyuexcavator.com\/wp-content\/uploads\/2025\/06\/\u5fae\u4fe1\u56fe\u7247_20241106092518-100x100.jpg 100w\" sizes=\"(max-width: 800px) 100vw, 800px\" \/><\/p>","protected":false},"excerpt":{"rendered":"<table width=\"362\">\n<tbody>\n<tr>\n<td width=\"181\">1 - 2 unidades<\/td>\n<td width=\"181\">&gt;= 3 unidades<\/td>\n<\/tr>\n<tr>\n<td>USD$32800<\/td>\n<td>USD$31700<\/td>\n<\/tr>\n<\/tbody>\n<\/table>\n<table style=\"font-size: 16px;font-style: normal\" width=\"362\">\n<tbody>\n<tr>\n<td width=\"181\">Nombre del producto<\/td>\n<td width=\"181\">Excavadora usada Kobelco SK260LC<\/td>\n<\/tr>\n<tr>\n<td>M\u00edn. Pedido<\/td>\n<td>1 Unidad<\/td>\n<\/tr>\n<tr>\n<td>Peso<\/td>\n<td>26 TON<\/td>\n<\/tr>\n<tr>\n<td>A\u00f1o<\/td>\n<td>2024<\/td>\n<\/tr>\n<tr>\n<td>Horario laboral<\/td>\n<td>800 horas<\/td>\n<\/tr>\n<\/tbody>\n<\/table>","protected":false},"featured_media":6368,"comment_status":"open","ping_status":"closed","template":"","meta":{"_acf_changed":false,"site-sidebar-layout":"default","site-content-layout":"","ast-site-content-layout":"default","site-content-style":"default","site-sidebar-style":"default","ast-global-header-display":"","ast-banner-title-visibility":"","ast-main-header-display":"","ast-hfb-above-header-display":"","ast-hfb-below-header-display":"","ast-hfb-mobile-header-display":"","site-post-title":"disabled","ast-breadcrumbs-content":"","ast-featured-img":"disabled","footer-sml-layout":"","theme-transparent-header-meta":"default","adv-header-id-meta":"","stick-header-meta":"default","header-above-stick-meta":"","header-main-stick-meta":"","header-below-stick-meta":"","astra-migrate-meta-layouts":"set","ast-page-background-enabled":"default","ast-page-background-meta":{"desktop":{"background-color":"var(--ast-global-color-4)","background-image":"","background-repeat":"repeat","background-position":"center center","background-size":"auto","background-attachment":"scroll","background-type":"","background-media":"","overlay-type":"","overlay-color":"","overlay-opacity":"","overlay-gradient":""},"tablet":{"background-color":"","background-image":"","background-repeat":"repeat","background-position":"center center","background-size":"auto","background-attachment":"scroll","background-type":"","background-media":"","overlay-type":"","overlay-color":"","overlay-opacity":"","overlay-gradient":""},"mobile":{"background-color":"","background-image":"","background-repeat":"repeat","background-position":"center center","background-size":"auto","background-attachment":"scroll","background-type":"","background-media":"","overlay-type":"","overlay-color":"","overlay-opacity":"","overlay-gradient":""}},"ast-content-background-meta":{"desktop":{"background-color":"var(--ast-global-color-5)","background-image":"","background-repeat":"repeat","background-position":"center center","background-size":"auto","background-attachment":"scroll","background-type":"","background-media":"","overlay-type":"","overlay-color":"","overlay-opacity":"","overlay-gradient":""},"tablet":{"background-color":"var(--ast-global-color-5)","background-image":"","background-repeat":"repeat","background-position":"center center","background-size":"auto","background-attachment":"scroll","background-type":"","background-media":"","overlay-type":"","overlay-color":"","overlay-opacity":"","overlay-gradient":""},"mobile":{"background-color":"var(--ast-global-color-5)","background-image":"","background-repeat":"repeat","background-position":"center center","background-size":"auto","background-attachment":"scroll","background-type":"","background-media":"","overlay-type":"","overlay-color":"","overlay-opacity":"","overlay-gradient":""}}},"product_cat":[60,94],"product_tag":[],"class_list":{"0":"post-6367","1":"product","2":"type-product","3":"status-publish","4":"has-post-thumbnail","6":"product_cat-excavator","7":"product_cat-kobelco","8":"desktop-align-left","9":"tablet-align-left","10":"mobile-align-left","11":"ast-product-gallery-layout-horizontal-slider","12":"ast-product-tabs-layout-horizontal","14":"first","15":"instock","16":"shipping-taxable","17":"product-type-simple"},"acf":[],"_links":{"self":[{"href":"https:\/\/www.kaiyuexcavator.com\/es\/wp-json\/wp\/v2\/product\/6367","targetHints":{"allow":["GET"]}}],"collection":[{"href":"https:\/\/www.kaiyuexcavator.com\/es\/wp-json\/wp\/v2\/product"}],"about":[{"href":"https:\/\/www.kaiyuexcavator.com\/es\/wp-json\/wp\/v2\/types\/product"}],"replies":[{"embeddable":true,"href":"https:\/\/www.kaiyuexcavator.com\/es\/wp-json\/wp\/v2\/comments?post=6367"}],"version-history":[{"count":1,"href":"https:\/\/www.kaiyuexcavator.com\/es\/wp-json\/wp\/v2\/product\/6367\/revisions"}],"predecessor-version":[{"id":6373,"href":"https:\/\/www.kaiyuexcavator.com\/es\/wp-json\/wp\/v2\/product\/6367\/revisions\/6373"}],"wp:featuredmedia":[{"embeddable":true,"href":"https:\/\/www.kaiyuexcavator.com\/es\/wp-json\/wp\/v2\/media\/6368"}],"wp:attachment":[{"href":"https:\/\/www.kaiyuexcavator.com\/es\/wp-json\/wp\/v2\/media?parent=6367"}],"wp:term":[{"taxonomy":"product_cat","embeddable":true,"href":"https:\/\/www.kaiyuexcavator.com\/es\/wp-json\/wp\/v2\/product_cat?post=6367"},{"taxonomy":"product_tag","embeddable":true,"href":"https:\/\/www.kaiyuexcavator.com\/es\/wp-json\/wp\/v2\/product_tag?post=6367"}],"curies":[{"name":"wp","href":"https:\/\/api.w.org\/{rel}","templated":true}]}}