{"id":6301,"date":"2025-06-17T07:42:44","date_gmt":"2025-06-17T07:42:44","guid":{"rendered":"https:\/\/www.kaiyuexcavator.com\/?post_type=product&#038;p=6301"},"modified":"2025-06-17T08:03:37","modified_gmt":"2025-06-17T08:03:37","slug":"hyundai-220lc-9s-usado-excavadora-22ton-oruga-hidraulica-construccion-excavacion-ingenieria-industrial-maquina-de-movimiento-de-tierras-para-la-venta","status":"publish","type":"product","link":"https:\/\/www.kaiyuexcavator.com\/es\/product\/hyundai-220lc-9s-usado-excavadora-22ton-oruga-hidraulica-construccion-excavacion-ingenieria-industrial-maquina-de-movimiento-de-tierras-para-la-venta\/","title":{"rendered":"Hyundai 220LC-9S Used Excavadora 22Ton orugas hidr\u00e1ulicas de construcci\u00f3n excavaci\u00f3n Ingenier\u00eda Industrial movimiento de tierras M\u00e1quina para la venta"},"content":{"rendered":"<h2 class=\"wp-block-heading\"><strong>Atributos clave<\/strong><\/h2>\n<p><strong>Atributos espec\u00edficos del sector<\/strong><\/p>\n<table width=\"362\">\n<tbody>\n<tr>\n<td width=\"181\">A\u00f1o<\/td>\n<td width=\"181\">2024<\/td>\n<\/tr>\n<tr>\n<td>Peso operativo<\/td>\n<td>22TON<\/td>\n<\/tr>\n<tr>\n<td>Capacidad del cubo<\/td>\n<td>\u00a01.2M\u00b3<\/td>\n<\/tr>\n<tr>\n<td>Peso de la m\u00e1quina<\/td>\n<td>22Ton<\/td>\n<\/tr>\n<tr>\n<td>Potencia<\/td>\n<td>107kw<\/td>\n<\/tr>\n<tr>\n<td>Horario de trabajo<\/td>\n<td>600 horas<\/td>\n<\/tr>\n<tr>\n<td>Condici\u00f3n<\/td>\n<td>95% Nuevo<\/td>\n<\/tr>\n<tr>\n<td>Cilindro hidr\u00e1ulico Marca<\/td>\n<td>Original<\/td>\n<\/tr>\n<tr>\n<td>Componentes b\u00e1sicos<\/td>\n<td>Motor, bomba, caja de cambios, motor<\/td>\n<\/tr>\n<tr>\n<td>Profundidad m\u00e1xima de excavaci\u00f3n<\/td>\n<td>6780 mm<\/td>\n<\/tr>\n<tr>\n<td>Altura m\u00e1xima de excavaci\u00f3n<\/td>\n<td>7179 mm<\/td>\n<\/tr>\n<tr>\n<td>Radio m\u00e1ximo de excavaci\u00f3n<\/td>\n<td>6172 mm<\/td>\n<\/tr>\n<\/tbody>\n<\/table>\n<h2><strong>Expositor de productos<\/strong><\/h2>\n<h2><strong><img fetchpriority=\"high\" decoding=\"async\" class=\"alignnone size-full wp-image-6305\" src=\"https:\/\/www.kaiyuexcavator.com\/wp-content\/uploads\/2025\/06\/\u5fae\u4fe1\u56fe\u7247_2025-04-27_175206_617.jpg\" alt=\"\" width=\"800\" height=\"800\" srcset=\"https:\/\/www.kaiyuexcavator.com\/wp-content\/uploads\/2025\/06\/\u5fae\u4fe1\u56fe\u7247_2025-04-27_175206_617.jpg 800w, https:\/\/www.kaiyuexcavator.com\/wp-content\/uploads\/2025\/06\/\u5fae\u4fe1\u56fe\u7247_2025-04-27_175206_617-768x768.jpg 768w, https:\/\/www.kaiyuexcavator.com\/wp-content\/uploads\/2025\/06\/\u5fae\u4fe1\u56fe\u7247_2025-04-27_175206_617-300x300.jpg 300w, https:\/\/www.kaiyuexcavator.com\/wp-content\/uploads\/2025\/06\/\u5fae\u4fe1\u56fe\u7247_2025-04-27_175206_617-600x600.jpg 600w, https:\/\/www.kaiyuexcavator.com\/wp-content\/uploads\/2025\/06\/\u5fae\u4fe1\u56fe\u7247_2025-04-27_175206_617-100x100.jpg 100w\" sizes=\"(max-width: 800px) 100vw, 800px\" \/> <img decoding=\"async\" class=\"alignnone size-full wp-image-6304\" src=\"https:\/\/www.kaiyuexcavator.com\/wp-content\/uploads\/2025\/06\/\u5fae\u4fe1\u56fe\u7247_2025-04-27_175200_674.jpg\" alt=\"\" width=\"800\" height=\"800\" srcset=\"https:\/\/www.kaiyuexcavator.com\/wp-content\/uploads\/2025\/06\/\u5fae\u4fe1\u56fe\u7247_2025-04-27_175200_674.jpg 800w, https:\/\/www.kaiyuexcavator.com\/wp-content\/uploads\/2025\/06\/\u5fae\u4fe1\u56fe\u7247_2025-04-27_175200_674-768x768.jpg 768w, https:\/\/www.kaiyuexcavator.com\/wp-content\/uploads\/2025\/06\/\u5fae\u4fe1\u56fe\u7247_2025-04-27_175200_674-300x300.jpg 300w, https:\/\/www.kaiyuexcavator.com\/wp-content\/uploads\/2025\/06\/\u5fae\u4fe1\u56fe\u7247_2025-04-27_175200_674-600x600.jpg 600w, https:\/\/www.kaiyuexcavator.com\/wp-content\/uploads\/2025\/06\/\u5fae\u4fe1\u56fe\u7247_2025-04-27_175200_674-100x100.jpg 100w\" sizes=\"(max-width: 800px) 100vw, 800px\" \/> <img decoding=\"async\" class=\"alignnone size-full wp-image-6302\" src=\"https:\/\/www.kaiyuexcavator.com\/wp-content\/uploads\/2025\/06\/\u5fae\u4fe1\u56fe\u7247_2025-04-27_175153_537.jpg\" alt=\"\" width=\"800\" height=\"800\" srcset=\"https:\/\/www.kaiyuexcavator.com\/wp-content\/uploads\/2025\/06\/\u5fae\u4fe1\u56fe\u7247_2025-04-27_175153_537.jpg 800w, https:\/\/www.kaiyuexcavator.com\/wp-content\/uploads\/2025\/06\/\u5fae\u4fe1\u56fe\u7247_2025-04-27_175153_537-768x768.jpg 768w, https:\/\/www.kaiyuexcavator.com\/wp-content\/uploads\/2025\/06\/\u5fae\u4fe1\u56fe\u7247_2025-04-27_175153_537-300x300.jpg 300w, https:\/\/www.kaiyuexcavator.com\/wp-content\/uploads\/2025\/06\/\u5fae\u4fe1\u56fe\u7247_2025-04-27_175153_537-600x600.jpg 600w, https:\/\/www.kaiyuexcavator.com\/wp-content\/uploads\/2025\/06\/\u5fae\u4fe1\u56fe\u7247_2025-04-27_175153_537-100x100.jpg 100w\" sizes=\"(max-width: 800px) 100vw, 800px\" \/> <img loading=\"lazy\" decoding=\"async\" class=\"alignnone size-full wp-image-6306\" src=\"https:\/\/www.kaiyuexcavator.com\/wp-content\/uploads\/2025\/06\/\u5fae\u4fe1\u56fe\u7247_2025-04-27_175215_497.jpg\" alt=\"\" width=\"800\" height=\"800\" srcset=\"https:\/\/www.kaiyuexcavator.com\/wp-content\/uploads\/2025\/06\/\u5fae\u4fe1\u56fe\u7247_2025-04-27_175215_497.jpg 800w, https:\/\/www.kaiyuexcavator.com\/wp-content\/uploads\/2025\/06\/\u5fae\u4fe1\u56fe\u7247_2025-04-27_175215_497-768x768.jpg 768w, https:\/\/www.kaiyuexcavator.com\/wp-content\/uploads\/2025\/06\/\u5fae\u4fe1\u56fe\u7247_2025-04-27_175215_497-300x300.jpg 300w, https:\/\/www.kaiyuexcavator.com\/wp-content\/uploads\/2025\/06\/\u5fae\u4fe1\u56fe\u7247_2025-04-27_175215_497-600x600.jpg 600w, https:\/\/www.kaiyuexcavator.com\/wp-content\/uploads\/2025\/06\/\u5fae\u4fe1\u56fe\u7247_2025-04-27_175215_497-100x100.jpg 100w\" sizes=\"(max-width: 800px) 100vw, 800px\" \/><\/strong><\/h2>","protected":false},"excerpt":{"rendered":"<table width=\"362\">\n<tbody>\n<tr>\n<td width=\"181\">1 - 2 unidades<\/td>\n<td width=\"181\">&gt;= 3 unidades<\/td>\n<\/tr>\n<tr>\n<td>USD$22000<\/td>\n<td>USD$19000<\/td>\n<\/tr>\n<\/tbody>\n<\/table>\n<table style=\"font-size: 16px;font-style: normal\" width=\"362\">\n<tbody>\n<tr>\n<td width=\"181\">Nombre del producto<\/td>\n<td width=\"181\">Excavadora usada Hyundai 220LC-9S<\/td>\n<\/tr>\n<tr>\n<td>M\u00edn. Pedido<\/td>\n<td>1 Unidad<\/td>\n<\/tr>\n<tr>\n<td>Peso<\/td>\n<td>22TON<\/td>\n<\/tr>\n<tr>\n<td>A\u00f1o<\/td>\n<td>2024<\/td>\n<\/tr>\n<tr>\n<td>Horario laboral<\/td>\n<td>600 horas<\/td>\n<\/tr>\n<\/tbody>\n<\/table>","protected":false},"featured_media":6304,"comment_status":"open","ping_status":"closed","template":"","meta":{"_acf_changed":false,"site-sidebar-layout":"default","site-content-layout":"","ast-site-content-layout":"default","site-content-style":"default","site-sidebar-style":"default","ast-global-header-display":"","ast-banner-title-visibility":"","ast-main-header-display":"","ast-hfb-above-header-display":"","ast-hfb-below-header-display":"","ast-hfb-mobile-header-display":"","site-post-title":"disabled","ast-breadcrumbs-content":"","ast-featured-img":"disabled","footer-sml-layout":"","theme-transparent-header-meta":"default","adv-header-id-meta":"","stick-header-meta":"default","header-above-stick-meta":"","header-main-stick-meta":"","header-below-stick-meta":"","astra-migrate-meta-layouts":"set","ast-page-background-enabled":"default","ast-page-background-meta":{"desktop":{"background-color":"var(--ast-global-color-4)","background-image":"","background-repeat":"repeat","background-position":"center center","background-size":"auto","background-attachment":"scroll","background-type":"","background-media":"","overlay-type":"","overlay-color":"","overlay-opacity":"","overlay-gradient":""},"tablet":{"background-color":"","background-image":"","background-repeat":"repeat","background-position":"center center","background-size":"auto","background-attachment":"scroll","background-type":"","background-media":"","overlay-type":"","overlay-color":"","overlay-opacity":"","overlay-gradient":""},"mobile":{"background-color":"","background-image":"","background-repeat":"repeat","background-position":"center center","background-size":"auto","background-attachment":"scroll","background-type":"","background-media":"","overlay-type":"","overlay-color":"","overlay-opacity":"","overlay-gradient":""}},"ast-content-background-meta":{"desktop":{"background-color":"var(--ast-global-color-5)","background-image":"","background-repeat":"repeat","background-position":"center center","background-size":"auto","background-attachment":"scroll","background-type":"","background-media":"","overlay-type":"","overlay-color":"","overlay-opacity":"","overlay-gradient":""},"tablet":{"background-color":"var(--ast-global-color-5)","background-image":"","background-repeat":"repeat","background-position":"center center","background-size":"auto","background-attachment":"scroll","background-type":"","background-media":"","overlay-type":"","overlay-color":"","overlay-opacity":"","overlay-gradient":""},"mobile":{"background-color":"var(--ast-global-color-5)","background-image":"","background-repeat":"repeat","background-position":"center center","background-size":"auto","background-attachment":"scroll","background-type":"","background-media":"","overlay-type":"","overlay-color":"","overlay-opacity":"","overlay-gradient":""}}},"product_cat":[60,96],"product_tag":[],"class_list":{"0":"post-6301","1":"product","2":"type-product","3":"status-publish","4":"has-post-thumbnail","6":"product_cat-excavator","7":"product_cat-hyundai","8":"desktop-align-left","9":"tablet-align-left","10":"mobile-align-left","11":"ast-product-gallery-layout-horizontal-slider","12":"ast-product-tabs-layout-horizontal","14":"first","15":"instock","16":"shipping-taxable","17":"product-type-simple"},"acf":[],"_links":{"self":[{"href":"https:\/\/www.kaiyuexcavator.com\/es\/wp-json\/wp\/v2\/product\/6301","targetHints":{"allow":["GET"]}}],"collection":[{"href":"https:\/\/www.kaiyuexcavator.com\/es\/wp-json\/wp\/v2\/product"}],"about":[{"href":"https:\/\/www.kaiyuexcavator.com\/es\/wp-json\/wp\/v2\/types\/product"}],"replies":[{"embeddable":true,"href":"https:\/\/www.kaiyuexcavator.com\/es\/wp-json\/wp\/v2\/comments?post=6301"}],"version-history":[{"count":1,"href":"https:\/\/www.kaiyuexcavator.com\/es\/wp-json\/wp\/v2\/product\/6301\/revisions"}],"predecessor-version":[{"id":6307,"href":"https:\/\/www.kaiyuexcavator.com\/es\/wp-json\/wp\/v2\/product\/6301\/revisions\/6307"}],"wp:featuredmedia":[{"embeddable":true,"href":"https:\/\/www.kaiyuexcavator.com\/es\/wp-json\/wp\/v2\/media\/6304"}],"wp:attachment":[{"href":"https:\/\/www.kaiyuexcavator.com\/es\/wp-json\/wp\/v2\/media?parent=6301"}],"wp:term":[{"taxonomy":"product_cat","embeddable":true,"href":"https:\/\/www.kaiyuexcavator.com\/es\/wp-json\/wp\/v2\/product_cat?post=6301"},{"taxonomy":"product_tag","embeddable":true,"href":"https:\/\/www.kaiyuexcavator.com\/es\/wp-json\/wp\/v2\/product_tag?post=6301"}],"curies":[{"name":"wp","href":"https:\/\/api.w.org\/{rel}","templated":true}]}}