{"id":6024,"date":"2025-04-21T06:33:11","date_gmt":"2025-04-21T06:33:11","guid":{"rendered":"https:\/\/www.kaiyuexcavator.com\/?post_type=product&#038;p=6024"},"modified":"2025-04-21T08:10:09","modified_gmt":"2025-04-21T08:10:09","slug":"mejor-calidad-usado-sany-sy235c-excavadora-hidraulica-sobre-orugas-sy125-135-155-205-215-235-265-305-365-maquinaria-de-construccion-equipos-de-excavacion","status":"publish","type":"product","link":"https:\/\/www.kaiyuexcavator.com\/es\/product\/mejor-calidad-usado-sany-sy235c-excavadora-hidraulica-sobre-orugas-sy125-135-155-205-215-235-265-305-365-maquinaria-de-construccion-equipos-de-excavacion\/","title":{"rendered":"Mejor Calidad Usada Sany SY235C Excavadora Hidr\u00e1ulica de Cadenas SY125 135 155 205 215 235 265 305 365 Maquinaria de Construcci\u00f3n Equipos de Excavaci\u00f3n"},"content":{"rendered":"<h2 class=\"wp-block-heading\"><strong>Atributos clave<\/strong><\/h2>\n<p><strong>Atributos espec\u00edficos del sector<\/strong><\/p>\n<table width=\"362\">\n<tbody>\n<tr>\n<td width=\"181\">A\u00f1o<\/td>\n<td width=\"181\">2024<\/td>\n<\/tr>\n<tr>\n<td>Peso operativo<\/td>\n<td>22,9TON<\/td>\n<\/tr>\n<tr>\n<td>Capacidad del cubo<\/td>\n<td>1M\u00b3<\/td>\n<\/tr>\n<tr>\n<td>Peso de la m\u00e1quina<\/td>\n<td>23000KG<\/td>\n<\/tr>\n<tr>\n<td>Potencia<\/td>\n<td>125kw<\/td>\n<\/tr>\n<tr>\n<td>Horario de trabajo<\/td>\n<td>400 horas<\/td>\n<\/tr>\n<tr>\n<td>Condici\u00f3n<\/td>\n<td>95% Nuevo<\/td>\n<\/tr>\n<tr>\n<td>Cilindro hidr\u00e1ulico Marca<\/td>\n<td>Original<\/td>\n<\/tr>\n<tr>\n<td>Componentes b\u00e1sicos<\/td>\n<td>Motor, bomba, caja de cambios, motor<\/td>\n<\/tr>\n<tr>\n<td>Profundidad m\u00e1xima de excavaci\u00f3n<\/td>\n<td>6920 mm<\/td>\n<\/tr>\n<tr>\n<td>Altura m\u00e1xima de excavaci\u00f3n<\/td>\n<td>9380 mm<\/td>\n<\/tr>\n<tr>\n<td>Radio m\u00e1ximo de excavaci\u00f3n<\/td>\n<td>10180mm<\/td>\n<\/tr>\n<\/tbody>\n<\/table>\n<h2><strong>Expositor de productos<\/strong><\/h2>\n<p><img fetchpriority=\"high\" decoding=\"async\" class=\"alignnone size-full wp-image-6026\" src=\"https:\/\/www.kaiyuexcavator.com\/wp-content\/uploads\/2025\/04\/2-1.jpg\" alt=\"\" width=\"1280\" height=\"1280\" srcset=\"https:\/\/www.kaiyuexcavator.com\/wp-content\/uploads\/2025\/04\/2-1.jpg 1280w, https:\/\/www.kaiyuexcavator.com\/wp-content\/uploads\/2025\/04\/2-1-768x768.jpg 768w, https:\/\/www.kaiyuexcavator.com\/wp-content\/uploads\/2025\/04\/2-1-300x300.jpg 300w, https:\/\/www.kaiyuexcavator.com\/wp-content\/uploads\/2025\/04\/2-1-600x600.jpg 600w, https:\/\/www.kaiyuexcavator.com\/wp-content\/uploads\/2025\/04\/2-1-100x100.jpg 100w\" sizes=\"(max-width: 1280px) 100vw, 1280px\" \/> <img decoding=\"async\" class=\"alignnone size-full wp-image-6027\" src=\"https:\/\/www.kaiyuexcavator.com\/wp-content\/uploads\/2025\/04\/3-1.jpg\" alt=\"\" width=\"1280\" height=\"1280\" srcset=\"https:\/\/www.kaiyuexcavator.com\/wp-content\/uploads\/2025\/04\/3-1.jpg 1280w, https:\/\/www.kaiyuexcavator.com\/wp-content\/uploads\/2025\/04\/3-1-768x768.jpg 768w, https:\/\/www.kaiyuexcavator.com\/wp-content\/uploads\/2025\/04\/3-1-300x300.jpg 300w, https:\/\/www.kaiyuexcavator.com\/wp-content\/uploads\/2025\/04\/3-1-600x600.jpg 600w, https:\/\/www.kaiyuexcavator.com\/wp-content\/uploads\/2025\/04\/3-1-100x100.jpg 100w\" sizes=\"(max-width: 1280px) 100vw, 1280px\" \/> <img decoding=\"async\" class=\"alignnone size-full wp-image-6025\" src=\"https:\/\/www.kaiyuexcavator.com\/wp-content\/uploads\/2025\/04\/1-1.jpg\" alt=\"\" width=\"1280\" height=\"1280\" srcset=\"https:\/\/www.kaiyuexcavator.com\/wp-content\/uploads\/2025\/04\/1-1.jpg 1280w, https:\/\/www.kaiyuexcavator.com\/wp-content\/uploads\/2025\/04\/1-1-768x768.jpg 768w, https:\/\/www.kaiyuexcavator.com\/wp-content\/uploads\/2025\/04\/1-1-300x300.jpg 300w, https:\/\/www.kaiyuexcavator.com\/wp-content\/uploads\/2025\/04\/1-1-600x600.jpg 600w, https:\/\/www.kaiyuexcavator.com\/wp-content\/uploads\/2025\/04\/1-1-100x100.jpg 100w\" sizes=\"(max-width: 1280px) 100vw, 1280px\" \/> <img loading=\"lazy\" decoding=\"async\" class=\"alignnone size-full wp-image-6028\" src=\"https:\/\/www.kaiyuexcavator.com\/wp-content\/uploads\/2025\/04\/4-1.jpg\" alt=\"\" width=\"1280\" height=\"1280\" srcset=\"https:\/\/www.kaiyuexcavator.com\/wp-content\/uploads\/2025\/04\/4-1.jpg 1280w, https:\/\/www.kaiyuexcavator.com\/wp-content\/uploads\/2025\/04\/4-1-768x768.jpg 768w, https:\/\/www.kaiyuexcavator.com\/wp-content\/uploads\/2025\/04\/4-1-300x300.jpg 300w, https:\/\/www.kaiyuexcavator.com\/wp-content\/uploads\/2025\/04\/4-1-600x600.jpg 600w, https:\/\/www.kaiyuexcavator.com\/wp-content\/uploads\/2025\/04\/4-1-100x100.jpg 100w\" sizes=\"(max-width: 1280px) 100vw, 1280px\" \/><\/p>","protected":false},"excerpt":{"rendered":"<table width=\"362\">\n<tbody>\n<tr>\n<td width=\"181\">1 - 2 unidades<\/td>\n<td width=\"181\">&gt;= 3 unidades<\/td>\n<\/tr>\n<tr>\n<td>USD$21000<\/td>\n<td>USD$20000<\/td>\n<\/tr>\n<\/tbody>\n<\/table>\n<table style=\"font-size: 16px;font-style: normal\" width=\"362\">\n<tbody>\n<tr>\n<td width=\"181\">Nombre del producto<\/td>\n<td width=\"181\">Excavadora Usada Sany SY235C<\/td>\n<\/tr>\n<tr>\n<td>M\u00edn. Pedido<\/td>\n<td>1 Unidad<\/td>\n<\/tr>\n<tr>\n<td>Peso<\/td>\n<td>22,9 TON<\/td>\n<\/tr>\n<tr>\n<td>A\u00f1o<\/td>\n<td>2024<\/td>\n<\/tr>\n<tr>\n<td>Horario laboral<\/td>\n<td>400 horas<\/td>\n<\/tr>\n<\/tbody>\n<\/table>","protected":false},"featured_media":6026,"comment_status":"open","ping_status":"closed","template":"","meta":{"_acf_changed":false,"site-sidebar-layout":"default","site-content-layout":"","ast-site-content-layout":"default","site-content-style":"default","site-sidebar-style":"default","ast-global-header-display":"","ast-banner-title-visibility":"","ast-main-header-display":"","ast-hfb-above-header-display":"","ast-hfb-below-header-display":"","ast-hfb-mobile-header-display":"","site-post-title":"disabled","ast-breadcrumbs-content":"","ast-featured-img":"disabled","footer-sml-layout":"","theme-transparent-header-meta":"default","adv-header-id-meta":"","stick-header-meta":"default","header-above-stick-meta":"","header-main-stick-meta":"","header-below-stick-meta":"","astra-migrate-meta-layouts":"set","ast-page-background-enabled":"default","ast-page-background-meta":{"desktop":{"background-color":"var(--ast-global-color-4)","background-image":"","background-repeat":"repeat","background-position":"center center","background-size":"auto","background-attachment":"scroll","background-type":"","background-media":"","overlay-type":"","overlay-color":"","overlay-opacity":"","overlay-gradient":""},"tablet":{"background-color":"","background-image":"","background-repeat":"repeat","background-position":"center center","background-size":"auto","background-attachment":"scroll","background-type":"","background-media":"","overlay-type":"","overlay-color":"","overlay-opacity":"","overlay-gradient":""},"mobile":{"background-color":"","background-image":"","background-repeat":"repeat","background-position":"center center","background-size":"auto","background-attachment":"scroll","background-type":"","background-media":"","overlay-type":"","overlay-color":"","overlay-opacity":"","overlay-gradient":""}},"ast-content-background-meta":{"desktop":{"background-color":"var(--ast-global-color-5)","background-image":"","background-repeat":"repeat","background-position":"center center","background-size":"auto","background-attachment":"scroll","background-type":"","background-media":"","overlay-type":"","overlay-color":"","overlay-opacity":"","overlay-gradient":""},"tablet":{"background-color":"var(--ast-global-color-5)","background-image":"","background-repeat":"repeat","background-position":"center center","background-size":"auto","background-attachment":"scroll","background-type":"","background-media":"","overlay-type":"","overlay-color":"","overlay-opacity":"","overlay-gradient":""},"mobile":{"background-color":"var(--ast-global-color-5)","background-image":"","background-repeat":"repeat","background-position":"center center","background-size":"auto","background-attachment":"scroll","background-type":"","background-media":"","overlay-type":"","overlay-color":"","overlay-opacity":"","overlay-gradient":""}}},"product_cat":[60,91],"product_tag":[],"class_list":{"0":"post-6024","1":"product","2":"type-product","3":"status-publish","4":"has-post-thumbnail","6":"product_cat-excavator","7":"product_cat-sany","8":"desktop-align-left","9":"tablet-align-left","10":"mobile-align-left","11":"ast-product-gallery-layout-horizontal-slider","12":"ast-product-tabs-layout-horizontal","14":"first","15":"instock","16":"shipping-taxable","17":"product-type-simple"},"acf":[],"_links":{"self":[{"href":"https:\/\/www.kaiyuexcavator.com\/es\/wp-json\/wp\/v2\/product\/6024","targetHints":{"allow":["GET"]}}],"collection":[{"href":"https:\/\/www.kaiyuexcavator.com\/es\/wp-json\/wp\/v2\/product"}],"about":[{"href":"https:\/\/www.kaiyuexcavator.com\/es\/wp-json\/wp\/v2\/types\/product"}],"replies":[{"embeddable":true,"href":"https:\/\/www.kaiyuexcavator.com\/es\/wp-json\/wp\/v2\/comments?post=6024"}],"version-history":[{"count":1,"href":"https:\/\/www.kaiyuexcavator.com\/es\/wp-json\/wp\/v2\/product\/6024\/revisions"}],"predecessor-version":[{"id":6029,"href":"https:\/\/www.kaiyuexcavator.com\/es\/wp-json\/wp\/v2\/product\/6024\/revisions\/6029"}],"wp:featuredmedia":[{"embeddable":true,"href":"https:\/\/www.kaiyuexcavator.com\/es\/wp-json\/wp\/v2\/media\/6026"}],"wp:attachment":[{"href":"https:\/\/www.kaiyuexcavator.com\/es\/wp-json\/wp\/v2\/media?parent=6024"}],"wp:term":[{"taxonomy":"product_cat","embeddable":true,"href":"https:\/\/www.kaiyuexcavator.com\/es\/wp-json\/wp\/v2\/product_cat?post=6024"},{"taxonomy":"product_tag","embeddable":true,"href":"https:\/\/www.kaiyuexcavator.com\/es\/wp-json\/wp\/v2\/product_tag?post=6024"}],"curies":[{"name":"wp","href":"https:\/\/api.w.org\/{rel}","templated":true}]}}