{"id":5144,"date":"2024-12-10T03:11:39","date_gmt":"2024-12-10T03:11:39","guid":{"rendered":"https:\/\/www.kaiyuexcavator.com\/?post_type=product&#038;p=5144"},"modified":"2025-01-15T02:14:08","modified_gmt":"2025-01-15T02:14:08","slug":"china-buena-calidad-36ton-sany-sy365h-excavadoras-usadas-excavadora-sobre-orugas-sy155c-215c-235c-245h-305h-365h-485h-550h","status":"publish","type":"product","link":"https:\/\/www.kaiyuexcavator.com\/es\/product\/china-buena-calidad-36ton-sany-sy365h-excavadoras-usadas-excavadora-sobre-orugas-sy155c-215c-235c-245h-305h-365h-485h-550h\/","title":{"rendered":"China De Buena Calidad 36Ton Sany sy365H Used Excavadoras Crawler Excavator SY155C 215C 235C 245H 305H 365H 485H 550H"},"content":{"rendered":"<h2 class=\"wp-block-heading\"><strong>Atributos clave<\/strong><\/h2>\n<p><strong>Atributos espec\u00edficos del sector<\/strong><\/p>\n<figure class=\"wp-block-table\">\n<table>\n<tbody>\n<tr>\n<td>A\u00f1o<\/td>\n<td>2022<\/td>\n<\/tr>\n<tr>\n<td>Peso operativo<\/td>\n<td>36Ton<\/td>\n<\/tr>\n<tr>\n<td>Capacidad de la cuchara<\/td>\n<td>1.6 M\u00b3<\/td>\n<\/tr>\n<tr>\n<td>Peso de la m\u00e1quina<\/td>\n<td>36000 KG<\/td>\n<\/tr>\n<tr>\n<td>Cilindro hidr\u00e1ulico Marca<\/td>\n<td>Original<\/td>\n<\/tr>\n<tr>\n<td>Color<\/td>\n<td>Amarillo y negro<\/td>\n<\/tr>\n<tr>\n<td>Componentes b\u00e1sicos<\/td>\n<td>Motor, bomba, caja de cambios, motor<\/td>\n<\/tr>\n<tr>\n<td>Horario de trabajo<\/td>\n<td>600 horas<\/td>\n<\/tr>\n<tr>\n<td>Profundidad\/altura\/radio de excavaci\u00f3n m\u00e1ximos<\/td>\n<td>7050mm\/9890mm\/10780mm<\/td>\n<\/tr>\n<tr>\n<td>Potencia<\/td>\n<td>212 KW<\/td>\n<\/tr>\n<\/tbody>\n<\/table>\n<\/figure>\n<h3><strong>Embalaje y entrega<\/strong><\/h3>\n<figure class=\"wp-block-table\">\n<table>\n<tbody>\n<tr>\n<td>Detalles del embalaje<\/td>\n<td>1. El bastidor plano es m\u00e1s adecuado para grandes equipos de construcci\u00f3n sin desmontaje.<br \/>\n2. Los contenedores son los m\u00e1s baratos y r\u00e1pidos.<br \/>\n3. Los graneleros son m\u00e1s adecuados para grandes equipos de construcci\u00f3n.<br \/>\n4. Ro-ro env\u00edo es r\u00e1pido y adecuado para todo tipo de m\u00e1quinas, puede elegir cualquier modo de transporte de acuerdo a sus necesidades.<\/td>\n<\/tr>\n<tr>\n<td>Puerto<\/td>\n<td>Puerto de Shanghai Puerto de Ningbo Puerto de Qingdao<\/td>\n<\/tr>\n<\/tbody>\n<\/table>\n<\/figure>\n<h2><strong>Plazo de entrega<\/strong><\/h2>\n<figure class=\"wp-block-table\">\n<table>\n<tbody>\n<tr>\n<td>Cantidad (unidades)<\/td>\n<td>1 - 1<\/td>\n<td>2 - 5<\/td>\n<td>2 - 5<\/td>\n<\/tr>\n<tr>\n<td>Plazo de entrega (d\u00edas)<\/td>\n<td>3<\/td>\n<td>5<\/td>\n<td>A negociar<\/td>\n<\/tr>\n<\/tbody>\n<\/table>\n<\/figure>\n<h2><strong>Expositor de productos<\/strong><\/h2>\n<figure class=\"wp-block-gallery has-nested-images columns-default is-cropped wp-block-gallery-1 is-layout-flex wp-block-gallery-is-layout-flex\">\n<figure class=\"wp-block-image size-full\"><img fetchpriority=\"high\" decoding=\"async\" class=\"wp-image-2458\" title=\"Nuevo Excavadora usada Sany SY365 Excavadora de segunda mano con buen estado para la venta 1\" src=\"https:\/\/kaiyuexcavator.com\/wp-content\/uploads\/2024\/11\/f3f2909b2002ffe5026f.jpg\" alt=\"Nueva Llegada Usado Sany SY365 excavadora de segunda mano con buen estado para la venta\" width=\"800\" height=\"800\" data-id=\"2458\" \/><\/figure>\n<figure class=\"wp-block-image size-full\"><img decoding=\"async\" class=\"wp-image-2457\" title=\"Nueva Llegada Usado Sany SY365 excavadora de segunda mano con buen estado para la venta 2\" src=\"https:\/\/kaiyuexcavator.com\/wp-content\/uploads\/2024\/11\/E5BEAEE4BFA1E59BBEE78987_20240530104005.jpg\" alt=\"Nueva Llegada Usado Sany SY365 excavadora de segunda mano con buen estado para la venta\" width=\"800\" height=\"800\" data-id=\"2457\" \/><\/figure>\n<\/figure>\n<figure class=\"wp-block-gallery has-nested-images columns-default is-cropped wp-block-gallery-2 is-layout-flex wp-block-gallery-is-layout-flex\">\n<figure class=\"wp-block-image size-full\"><img decoding=\"async\" class=\"wp-image-2459\" title=\"Nueva Llegada Usado Sany SY365 excavadora de segunda mano con buen estado para la venta 3\" src=\"https:\/\/kaiyuexcavator.com\/wp-content\/uploads\/2024\/11\/E5BEAEE4BFA1E59BBEE78987_20231102134743.jpg\" alt=\"Nueva Llegada Usado Sany SY365 excavadora de segunda mano con buen estado para la venta\" width=\"800\" height=\"800\" data-id=\"2459\" \/><\/figure>\n<figure class=\"wp-block-image size-full\"><img loading=\"lazy\" decoding=\"async\" class=\"wp-image-2460\" title=\"Nueva Llegada Usado Sany SY365 excavadora de segunda mano con buen estado para la venta 4\" src=\"https:\/\/kaiyuexcavator.com\/wp-content\/uploads\/2024\/11\/E5BEAEE4BFA1E59BBEE78987_20240530104910.jpg\" alt=\"Nueva Llegada Usado Sany SY365 excavadora de segunda mano con buen estado para la venta\" width=\"800\" height=\"800\" data-id=\"2460\" \/><\/figure>\n<\/figure>\n<figure class=\"wp-block-gallery has-nested-images columns-default is-cropped wp-block-gallery-1 is-layout-flex wp-block-gallery-is-layout-flex\">\n<figure class=\"wp-block-image size-full\"><\/figure>\n<figure class=\"wp-block-image size-full\"><\/figure>\n<\/figure>\n<figure class=\"wp-block-gallery has-nested-images columns-default is-cropped wp-block-gallery-2 is-layout-flex wp-block-gallery-is-layout-flex\">\n<figure class=\"wp-block-image size-full\"><\/figure>\n<figure class=\"wp-block-image size-full\"><\/figure>\n<\/figure>\n<figure class=\"wp-block-gallery has-nested-images columns-default is-cropped wp-block-gallery-1 is-layout-flex wp-block-gallery-is-layout-flex\">\n<figure class=\"wp-block-image size-full\"><\/figure>\n<\/figure>","protected":false},"excerpt":{"rendered":"<div class=\"txt\">\n<table>\n<tbody>\n<tr>\n<td>1 - 2 unidades<\/td>\n<td>&gt;= 3 piezas<\/td>\n<\/tr>\n<tr>\n<td><strong>USD$36000.00<\/strong><\/td>\n<td><strong>USD$32000.00<\/strong><\/td>\n<\/tr>\n<\/tbody>\n<\/table>\n<p>&nbsp;<\/p>\n<table class=\"all magic-5\">\n<tbody>\n<tr>\n<td>\n<div class=\"magic-6\">\n<div class=\"magic-7\" data-spm-anchor-id=\"a2700.custom-template.0.i54.6e4e33333hV8ac\">Nombre del producto<\/div>\n<\/div>\n<\/td>\n<td>\n<div class=\"magic-8\">\n<div class=\"magic-7\" data-spm-anchor-id=\"a2700.custom-template.0.i66.6e4e33333hV8ac\">Excavadora usada SY365H<\/div>\n<\/div>\n<\/td>\n<\/tr>\n<tr>\n<td>\n<div class=\"magic-6\">\n<div class=\"magic-7\">Peso operativo<\/div>\n<\/div>\n<\/td>\n<td>\n<div class=\"magic-8\">\n<div class=\"magic-7\" data-spm-anchor-id=\"a2700.custom-template.0.i87.6e4e33333hV8ac\">36Ton<\/div>\n<\/div>\n<\/td>\n<\/tr>\n<tr>\n<td>\n<div class=\"magic-6\">\n<div class=\"magic-7\" data-spm-anchor-id=\"a2700.custom-template.0.i100.6e4e33333hV8ac\">Informe de ensayo de maquinaria<\/div>\n<\/div>\n<\/td>\n<td>\n<div class=\"magic-8\">\n<div class=\"magic-7\" data-spm-anchor-id=\"a2700.custom-template.0.i105.6e4e33333hV8ac\">Proporcionado<\/div>\n<\/div>\n<\/td>\n<\/tr>\n<tr>\n<td>\n<div class=\"magic-6\">\n<div class=\"magic-7\" data-spm-anchor-id=\"a2700.custom-template.0.i71.6e4e33333hV8ac\">A\u00f1o<\/div>\n<\/div>\n<\/td>\n<td>\n<div class=\"magic-8\">\n<div class=\"magic-7\" data-spm-anchor-id=\"a2700.custom-template.0.i74.6e4e33333hV8ac\">2022<\/div>\n<\/div>\n<\/td>\n<\/tr>\n<tr>\n<td>\n<div class=\"magic-6\">\n<div class=\"magic-7\" data-spm-anchor-id=\"a2700.custom-template.0.i101.6e4e33333hV8ac\">Horario de trabajo<\/div>\n<\/div>\n<\/td>\n<td>\n<div class=\"magic-8\">\n<div class=\"magic-7\" data-spm-anchor-id=\"a2700.pc-decorate.0.i16.4b8e3333hOwQ41\">700 horas<\/div>\n<\/div>\n<\/td>\n<\/tr>\n<tr>\n<td>\n<div class=\"magic-6\">\n<div class=\"magic-7\" data-spm-anchor-id=\"a2700.custom-template.0.i95.6e4e33333hV8ac\">Componentes b\u00e1sicos<\/div>\n<\/div>\n<\/td>\n<td>\n<div class=\"magic-8\">\n<div class=\"magic-7\" data-spm-anchor-id=\"a2700.custom-template.0.i103.6e4e33333hV8ac\">Motor, bomba, engranaje<\/div>\n<\/div>\n<\/td>\n<\/tr>\n<tr>\n<td>\n<div class=\"magic-6\">\n<div class=\"magic-7\" data-spm-anchor-id=\"a2700.custom-template.0.i108.6e4e33333hV8ac\">Cilindro hidr\u00e1ulico\/bomba\/v\u00e1lvula<\/div>\n<\/div>\n<\/td>\n<td>\n<div class=\"magic-8\">\n<div class=\"magic-7\" data-spm-anchor-id=\"a2700.custom-template.0.i109.6e4e33333hV8ac\">Original<\/div>\n<\/div>\n<\/td>\n<\/tr>\n<\/tbody>\n<\/table>\n<\/div>","protected":false},"featured_media":3372,"comment_status":"open","ping_status":"closed","template":"","meta":{"_acf_changed":false,"site-sidebar-layout":"no-sidebar","site-content-layout":"","ast-site-content-layout":"full-width-container","site-content-style":"default","site-sidebar-style":"default","ast-global-header-display":"","ast-banner-title-visibility":"","ast-main-header-display":"","ast-hfb-above-header-display":"","ast-hfb-below-header-display":"","ast-hfb-mobile-header-display":"","site-post-title":"disabled","ast-breadcrumbs-content":"","ast-featured-img":"disabled","footer-sml-layout":"","theme-transparent-header-meta":"default","adv-header-id-meta":"","stick-header-meta":"default","header-above-stick-meta":"","header-main-stick-meta":"","header-below-stick-meta":"","astra-migrate-meta-layouts":"set","ast-page-background-enabled":"default","ast-page-background-meta":{"desktop":{"background-color":"var(--ast-global-color-4)","background-image":"","background-repeat":"repeat","background-position":"center center","background-size":"auto","background-attachment":"scroll","background-type":"","background-media":"","overlay-type":"","overlay-color":"","overlay-opacity":"","overlay-gradient":""},"tablet":{"background-color":"","background-image":"","background-repeat":"repeat","background-position":"center center","background-size":"auto","background-attachment":"scroll","background-type":"","background-media":"","overlay-type":"","overlay-color":"","overlay-opacity":"","overlay-gradient":""},"mobile":{"background-color":"","background-image":"","background-repeat":"repeat","background-position":"center center","background-size":"auto","background-attachment":"scroll","background-type":"","background-media":"","overlay-type":"","overlay-color":"","overlay-opacity":"","overlay-gradient":""}},"ast-content-background-meta":{"desktop":{"background-color":"var(--ast-global-color-5)","background-image":"","background-repeat":"repeat","background-position":"center center","background-size":"auto","background-attachment":"scroll","background-type":"","background-media":"","overlay-type":"","overlay-color":"","overlay-opacity":"","overlay-gradient":""},"tablet":{"background-color":"var(--ast-global-color-5)","background-image":"","background-repeat":"repeat","background-position":"center center","background-size":"auto","background-attachment":"scroll","background-type":"","background-media":"","overlay-type":"","overlay-color":"","overlay-opacity":"","overlay-gradient":""},"mobile":{"background-color":"var(--ast-global-color-5)","background-image":"","background-repeat":"repeat","background-position":"center center","background-size":"auto","background-attachment":"scroll","background-type":"","background-media":"","overlay-type":"","overlay-color":"","overlay-opacity":"","overlay-gradient":""}}},"product_cat":[60,91],"product_tag":[],"class_list":{"0":"post-5144","1":"product","2":"type-product","3":"status-publish","4":"has-post-thumbnail","6":"product_cat-excavator","7":"product_cat-sany","8":"desktop-align-left","9":"tablet-align-left","10":"mobile-align-left","11":"ast-product-gallery-layout-horizontal-slider","12":"ast-product-tabs-layout-horizontal","14":"first","15":"instock","16":"shipping-taxable","17":"product-type-simple"},"acf":[],"_links":{"self":[{"href":"https:\/\/www.kaiyuexcavator.com\/es\/wp-json\/wp\/v2\/product\/5144","targetHints":{"allow":["GET"]}}],"collection":[{"href":"https:\/\/www.kaiyuexcavator.com\/es\/wp-json\/wp\/v2\/product"}],"about":[{"href":"https:\/\/www.kaiyuexcavator.com\/es\/wp-json\/wp\/v2\/types\/product"}],"replies":[{"embeddable":true,"href":"https:\/\/www.kaiyuexcavator.com\/es\/wp-json\/wp\/v2\/comments?post=5144"}],"version-history":[{"count":2,"href":"https:\/\/www.kaiyuexcavator.com\/es\/wp-json\/wp\/v2\/product\/5144\/revisions"}],"predecessor-version":[{"id":5577,"href":"https:\/\/www.kaiyuexcavator.com\/es\/wp-json\/wp\/v2\/product\/5144\/revisions\/5577"}],"wp:featuredmedia":[{"embeddable":true,"href":"https:\/\/www.kaiyuexcavator.com\/es\/wp-json\/wp\/v2\/media\/3372"}],"wp:attachment":[{"href":"https:\/\/www.kaiyuexcavator.com\/es\/wp-json\/wp\/v2\/media?parent=5144"}],"wp:term":[{"taxonomy":"product_cat","embeddable":true,"href":"https:\/\/www.kaiyuexcavator.com\/es\/wp-json\/wp\/v2\/product_cat?post=5144"},{"taxonomy":"product_tag","embeddable":true,"href":"https:\/\/www.kaiyuexcavator.com\/es\/wp-json\/wp\/v2\/product_tag?post=5144"}],"curies":[{"name":"wp","href":"https:\/\/api.w.org\/{rel}","templated":true}]}}