{"id":3639,"date":"2024-11-21T14:19:51","date_gmt":"2024-11-21T14:19:51","guid":{"rendered":"https:\/\/kaiyuexcavator.com\/?post_type=product&#038;p=3639"},"modified":"2024-11-21T14:35:41","modified_gmt":"2024-11-21T14:35:41","slug":"made-in-korea-excavadora-sobre-orugas-excavadora-usada-hyundai-220-9s-con-buen-estado-de-funcionamiento","status":"publish","type":"product","link":"https:\/\/www.kaiyuexcavator.com\/es\/product\/made-in-korea-excavadora-sobre-orugas-excavadora-usada-hyundai-220-9s-con-buen-estado-de-funcionamiento\/","title":{"rendered":"Hecho en Corea Excavadora sobre orugas Excavadora usada Hyundai 220-9s con buen estado de funcionamiento"},"content":{"rendered":"<h2 class=\"wp-block-heading\"><strong>Atributos clave<\/strong><\/h2>\n<p><strong>Atributos espec\u00edficos del sector<\/strong><\/p>\n<figure class=\"wp-block-table\">\n<table>\n<tbody>\n<tr>\n<td>A\u00f1o<\/td>\n<td>2022<\/td>\n<\/tr>\n<\/tbody>\n<\/table>\n<\/figure>\n<p>&nbsp;<\/p>\n<h3><strong>Otros atributos<\/strong><\/h3>\n<p>&nbsp;<\/p>\n<h6><\/h6>\n<figure class=\"wp-block-table\">\n<table>\n<tbody>\n<tr>\n<td>Ubicaci\u00f3n de la sala de exposiciones<\/td>\n<td>India, Bangladesh, Otros, Indonesia, Tayikist\u00e1n, Ruman\u00eda<\/td>\n<\/tr>\n<tr>\n<td>Peso operativo<\/td>\n<td>22Ton<\/td>\n<\/tr>\n<tr>\n<td>Capacidad de la cuchara<\/td>\n<td>1.2M\u00b3<\/td>\n<\/tr>\n<tr>\n<td>Peso de la m\u00e1quina<\/td>\n<td>22515 KG<\/td>\n<\/tr>\n<tr>\n<td>Cilindro hidr\u00e1ulico Marca<\/td>\n<td>Original<\/td>\n<\/tr>\n<tr>\n<td>Potencia<\/td>\n<td>107 kw<\/td>\n<\/tr>\n<tr>\n<td>Componentes b\u00e1sicos<\/td>\n<td>Motor, bomba, caja de cambios, motor<\/td>\n<\/tr>\n<tr>\n<td>Horario de trabajo<\/td>\n<td>0-1200Hrs<\/td>\n<\/tr>\n<tr>\n<td>Profundidad m\u00e1xima de excavaci\u00f3n\/Altura m\u00e1xima de excavaci\u00f3n\/Radio m\u00e1ximo de excavaci\u00f3n<\/td>\n<td>6940mm\/7179mm\/6172mm<\/td>\n<\/tr>\n<tr>\n<td>Condici\u00f3n<\/td>\n<td>90%NEW<\/td>\n<\/tr>\n<\/tbody>\n<\/table>\n<\/figure>\n<h3><strong>Embalaje y entrega<\/strong><\/h3>\n<p>&nbsp;<\/p>\n<figure class=\"wp-block-table\">\n<table>\n<tbody>\n<tr>\n<td>Detalles del embalaje<\/td>\n<td>1. El bastidor plano es m\u00e1s adecuado para grandes equipos de construcci\u00f3n sin desmontaje.<br \/>\n2. Los contenedores son los m\u00e1s baratos y r\u00e1pidos.<br \/>\n3. Los graneleros son m\u00e1s adecuados para grandes equipos de construcci\u00f3n.<br \/>\n4. Ro-ro env\u00edo es r\u00e1pido y adecuado para todo tipo de m\u00e1quinas, puede elegir cualquier modo de transporte de acuerdo a sus necesidades.<\/td>\n<\/tr>\n<tr>\n<td>Puerto<\/td>\n<td>puerto de shanghai puerto de ningbo puerto de qingdao<\/td>\n<\/tr>\n<\/tbody>\n<\/table>\n<\/figure>\n<h2><strong>Plazo de entrega<\/strong><\/h2>\n<figure class=\"wp-block-table\">\n<table>\n<tbody>\n<tr>\n<td>Cantidad (unidades)<\/td>\n<td>1 - 1<\/td>\n<td>2 - 5<\/td>\n<td>2 - 5<\/td>\n<\/tr>\n<tr>\n<td>Plazo de entrega (d\u00edas)<\/td>\n<td>3<\/td>\n<td>5<\/td>\n<td>A negociar<\/td>\n<\/tr>\n<\/tbody>\n<\/table>\n<\/figure>\n<p>&nbsp;<\/p>\n<h3 id=\"customization\" class=\"wp-block-heading\"><strong>Personalizaci\u00f3n<\/strong><\/h3>\n<p>&nbsp;<\/p>\n<p>Logotipo personalizado<br \/>\nPedido m\u00edn: 3<br \/>\nPersonalizaci\u00f3n gr\u00e1fica<br \/>\nPedido m\u00edn: 3<br \/>\nEmbalaje personalizado<br \/>\nPedido m\u00edn: 3<\/p>\n<h2><strong>Expositor de productos<\/strong><\/h2>\n<figure class=\"wp-block-gallery has-nested-images columns-default is-cropped wp-block-gallery-1 is-layout-flex wp-block-gallery-is-layout-flex\">\n<figure class=\"wp-block-image size-full\"><img fetchpriority=\"high\" decoding=\"async\" class=\"wp-image-2559\" title=\"Hecho en Corea Excavadora sobre orugas Excavadora usada Hyundai 220-9s con buen estado de funcionamiento 1\" src=\"https:\/\/kaiyuexcavator.com\/wp-content\/uploads\/2024\/11\/E5BEAEE4BFA1E59BBEE78987_20240627160942.jpg\" sizes=\"(max-width: 800px) 100vw, 800px\" srcset=\"https:\/\/kaiyuexcavator.com\/wp-content\/uploads\/2024\/11\/\u5fae\u4fe1\u56fe\u7247_20240627160942.jpg 800w, https:\/\/kaiyuexcavator.com\/wp-content\/uploads\/2024\/11\/1_\u5fae\u4fe1\u56fe\u7247_20240627160942-300x300.jpg 300w, https:\/\/kaiyuexcavator.com\/wp-content\/uploads\/2024\/11\/\u5fae\u4fe1\u56fe\u7247_20240627160942-150x150.jpg 150w, https:\/\/kaiyuexcavator.com\/wp-content\/uploads\/2024\/11\/1_\u5fae\u4fe1\u56fe\u7247_20240627160942-768x768.jpg 768w, https:\/\/kaiyuexcavator.com\/wp-content\/uploads\/2024\/11\/\u5fae\u4fe1\u56fe\u7247_20240627160942-12x12.jpg 12w\" alt=\"Hecho en Corea Excavadora sobre orugas Excavadora usada Hyundai 220-9s con buen estado de funcionamiento\" width=\"800\" height=\"800\" data-id=\"2559\" \/><\/figure>\n<figure class=\"wp-block-image size-full\"><img decoding=\"async\" class=\"wp-image-2558\" title=\"Hecho en Corea Excavadora sobre orugas Excavadora usada Hyundai 220-9s con buen estado de funcionamiento 2\" src=\"https:\/\/kaiyuexcavator.com\/wp-content\/uploads\/2024\/11\/E5BEAEE4BFA1E59BBEE78987_20240627160921.jpg\" sizes=\"(max-width: 800px) 100vw, 800px\" srcset=\"https:\/\/kaiyuexcavator.com\/wp-content\/uploads\/2024\/11\/\u5fae\u4fe1\u56fe\u7247_20240627160921.jpg 800w, https:\/\/kaiyuexcavator.com\/wp-content\/uploads\/2024\/11\/1_\u5fae\u4fe1\u56fe\u7247_20240627160921-300x300.jpg 300w, https:\/\/kaiyuexcavator.com\/wp-content\/uploads\/2024\/11\/\u5fae\u4fe1\u56fe\u7247_20240627160921-150x150.jpg 150w, https:\/\/kaiyuexcavator.com\/wp-content\/uploads\/2024\/11\/1_\u5fae\u4fe1\u56fe\u7247_20240627160921-768x768.jpg 768w, https:\/\/kaiyuexcavator.com\/wp-content\/uploads\/2024\/11\/\u5fae\u4fe1\u56fe\u7247_20240627160921-12x12.jpg 12w\" alt=\"Hecho en Corea Excavadora sobre orugas Excavadora usada Hyundai 220-9s con buen estado de funcionamiento\" width=\"800\" height=\"800\" data-id=\"2558\" \/><\/figure>\n<\/figure>\n<figure class=\"wp-block-gallery has-nested-images columns-default is-cropped wp-block-gallery-2 is-layout-flex wp-block-gallery-is-layout-flex\">\n<figure class=\"wp-block-image size-full\"><img decoding=\"async\" class=\"wp-image-2560\" title=\"Hecho en Corea Excavadora sobre orugas Excavadora usada Hyundai 220-9s con buen estado de funcionamiento 3\" src=\"https:\/\/kaiyuexcavator.com\/wp-content\/uploads\/2024\/11\/E5BEAEE4BFA1E59BBEE78987_20240627160950.jpg\" sizes=\"(max-width: 800px) 100vw, 800px\" srcset=\"https:\/\/kaiyuexcavator.com\/wp-content\/uploads\/2024\/11\/\u5fae\u4fe1\u56fe\u7247_20240627160950.jpg 800w, https:\/\/kaiyuexcavator.com\/wp-content\/uploads\/2024\/11\/1_\u5fae\u4fe1\u56fe\u7247_20240627160950-300x300.jpg 300w, https:\/\/kaiyuexcavator.com\/wp-content\/uploads\/2024\/11\/\u5fae\u4fe1\u56fe\u7247_20240627160950-150x150.jpg 150w, https:\/\/kaiyuexcavator.com\/wp-content\/uploads\/2024\/11\/1_\u5fae\u4fe1\u56fe\u7247_20240627160950-768x768.jpg 768w, https:\/\/kaiyuexcavator.com\/wp-content\/uploads\/2024\/11\/\u5fae\u4fe1\u56fe\u7247_20240627160950-12x12.jpg 12w\" alt=\"Hecho en Corea Excavadora sobre orugas Excavadora usada Hyundai 220-9s con buen estado de funcionamiento\" width=\"800\" height=\"800\" data-id=\"2560\" \/><\/figure>\n<figure class=\"wp-block-image size-full\"><img loading=\"lazy\" decoding=\"async\" class=\"wp-image-2354\" title=\"Hecho en Corea Excavadora sobre orugas Excavadora usada Hyundai 220-9s con buen estado de funcionamiento 4\" src=\"https:\/\/kaiyuexcavator.com\/wp-content\/uploads\/2024\/11\/E5BEAEE4BFA1E59BBEE78987_20240611145940.jpg\" sizes=\"(max-width: 800px) 100vw, 800px\" srcset=\"https:\/\/kaiyuexcavator.com\/wp-content\/uploads\/2024\/11\/\u5fae\u4fe1\u56fe\u7247_20240611145940.jpg 800w, https:\/\/kaiyuexcavator.com\/wp-content\/uploads\/2024\/11\/1_\u5fae\u4fe1\u56fe\u7247_20240611145940-300x300.jpg 300w, https:\/\/kaiyuexcavator.com\/wp-content\/uploads\/2024\/11\/\u5fae\u4fe1\u56fe\u7247_20240611145940-150x150.jpg 150w, https:\/\/kaiyuexcavator.com\/wp-content\/uploads\/2024\/11\/1_\u5fae\u4fe1\u56fe\u7247_20240611145940-768x768.jpg 768w, https:\/\/kaiyuexcavator.com\/wp-content\/uploads\/2024\/11\/\u5fae\u4fe1\u56fe\u7247_20240611145940-12x12.jpg 12w\" alt=\"Hecho en Corea Excavadora sobre orugas Excavadora usada Hyundai 220-9s con buen estado de funcionamiento\" width=\"800\" height=\"800\" data-id=\"2354\" \/><\/figure>\n<\/figure>","protected":false},"excerpt":{"rendered":"<div class=\"txt\">\n<table>\n<tbody>\n<tr>\n<td>1 - 4 unidades<\/td>\n<td>&gt;= 6 piezas<\/td>\n<\/tr>\n<tr>\n<td><strong>USD$25000.00<\/strong><\/td>\n<td><strong>USD$22800.00<\/strong><\/td>\n<\/tr>\n<\/tbody>\n<\/table>\n<p>&nbsp;<\/p>\n<table class=\"all magic-5\">\n<tbody>\n<tr>\n<td>\n<div class=\"magic-6\">\n<div class=\"magic-7\" data-spm-anchor-id=\"a2700.custom-template.0.i54.6e4e33333hV8ac\">Nombre del producto<\/div>\n<\/div>\n<\/td>\n<td>\n<div class=\"magic-8\">\n<div class=\"magic-7\" data-spm-anchor-id=\"a2700.custom-template.0.i66.6e4e33333hV8ac\">Excavadora usada Hyundai 220-9S<\/div>\n<\/div>\n<\/td>\n<\/tr>\n<tr>\n<td>\n<div class=\"magic-6\">\n<div class=\"magic-7\">Peso operativo<\/div>\n<\/div>\n<\/td>\n<td>\n<div class=\"magic-8\">\n<div class=\"magic-7\" data-spm-anchor-id=\"a2700.custom-template.0.i87.6e4e33333hV8ac\">21Ton<\/div>\n<\/div>\n<\/td>\n<\/tr>\n<tr>\n<td>\n<div class=\"magic-6\">\n<div class=\"magic-7\" data-spm-anchor-id=\"a2700.custom-template.0.i100.6e4e33333hV8ac\">Informe de prueba de maquinaria\/Horas de trabajo<\/div>\n<\/div>\n<\/td>\n<td>\n<div class=\"magic-8\">\n<div class=\"magic-7\" data-spm-anchor-id=\"a2700.custom-template.0.i105.6e4e33333hV8ac\">Proporcionado<\/div>\n<\/div>\n<\/td>\n<\/tr>\n<tr>\n<td>\n<div class=\"magic-6\">\n<div class=\"magic-7\" data-spm-anchor-id=\"a2700.custom-template.0.i71.6e4e33333hV8ac\">A\u00f1o<\/div>\n<\/div>\n<\/td>\n<td>\n<div class=\"magic-8\">\n<div class=\"magic-7\" data-spm-anchor-id=\"a2700.custom-template.0.i74.6e4e33333hV8ac\">2022<\/div>\n<\/div>\n<\/td>\n<\/tr>\n<tr>\n<td>\n<div class=\"magic-6\">\n<div class=\"magic-7\" data-spm-anchor-id=\"a2700.custom-template.0.i101.6e4e33333hV8ac\">Horario de trabajo<\/div>\n<\/div>\n<\/td>\n<td>\n<div class=\"magic-8\">\n<div class=\"magic-7\" data-spm-anchor-id=\"a2700.pc-decorate.0.i16.4b8e3333hOwQ41\">0-1200Hrs<\/div>\n<\/div>\n<\/td>\n<\/tr>\n<tr>\n<td>\n<div class=\"magic-6\">\n<div class=\"magic-7\" data-spm-anchor-id=\"a2700.custom-template.0.i95.6e4e33333hV8ac\">Componentes b\u00e1sicos<\/div>\n<\/div>\n<\/td>\n<td>\n<div class=\"magic-8\">\n<div class=\"magic-7\" data-spm-anchor-id=\"a2700.custom-template.0.i103.6e4e33333hV8ac\">Motor, bomba, engranaje<\/div>\n<\/div>\n<\/td>\n<\/tr>\n<tr>\n<td>\n<div class=\"magic-6\">\n<div class=\"magic-7\" data-spm-anchor-id=\"a2700.custom-template.0.i108.6e4e33333hV8ac\">Marca del cilindro hidr\u00e1ulico\/Marca de la bomba hidr\u00e1ulica\/Marca de la v\u00e1lvula hidr\u00e1ulica<\/div>\n<\/div>\n<\/td>\n<td>\n<div class=\"magic-8\">\n<div class=\"magic-7\" data-spm-anchor-id=\"a2700.custom-template.0.i109.6e4e33333hV8ac\">original<\/div>\n<\/div>\n<\/td>\n<\/tr>\n<\/tbody>\n<\/table>\n<\/div>","protected":false},"featured_media":3640,"comment_status":"open","ping_status":"closed","template":"","meta":{"_acf_changed":false,"site-sidebar-layout":"no-sidebar","site-content-layout":"","ast-site-content-layout":"full-width-container","site-content-style":"default","site-sidebar-style":"default","ast-global-header-display":"","ast-banner-title-visibility":"","ast-main-header-display":"","ast-hfb-above-header-display":"","ast-hfb-below-header-display":"","ast-hfb-mobile-header-display":"","site-post-title":"disabled","ast-breadcrumbs-content":"","ast-featured-img":"disabled","footer-sml-layout":"","theme-transparent-header-meta":"default","adv-header-id-meta":"","stick-header-meta":"default","header-above-stick-meta":"","header-main-stick-meta":"","header-below-stick-meta":"","astra-migrate-meta-layouts":"set","ast-page-background-enabled":"default","ast-page-background-meta":{"desktop":{"background-color":"var(--ast-global-color-4)","background-image":"","background-repeat":"repeat","background-position":"center center","background-size":"auto","background-attachment":"scroll","background-type":"","background-media":"","overlay-type":"","overlay-color":"","overlay-opacity":"","overlay-gradient":""},"tablet":{"background-color":"","background-image":"","background-repeat":"repeat","background-position":"center center","background-size":"auto","background-attachment":"scroll","background-type":"","background-media":"","overlay-type":"","overlay-color":"","overlay-opacity":"","overlay-gradient":""},"mobile":{"background-color":"","background-image":"","background-repeat":"repeat","background-position":"center center","background-size":"auto","background-attachment":"scroll","background-type":"","background-media":"","overlay-type":"","overlay-color":"","overlay-opacity":"","overlay-gradient":""}},"ast-content-background-meta":{"desktop":{"background-color":"var(--ast-global-color-5)","background-image":"","background-repeat":"repeat","background-position":"center center","background-size":"auto","background-attachment":"scroll","background-type":"","background-media":"","overlay-type":"","overlay-color":"","overlay-opacity":"","overlay-gradient":""},"tablet":{"background-color":"var(--ast-global-color-5)","background-image":"","background-repeat":"repeat","background-position":"center center","background-size":"auto","background-attachment":"scroll","background-type":"","background-media":"","overlay-type":"","overlay-color":"","overlay-opacity":"","overlay-gradient":""},"mobile":{"background-color":"var(--ast-global-color-5)","background-image":"","background-repeat":"repeat","background-position":"center center","background-size":"auto","background-attachment":"scroll","background-type":"","background-media":"","overlay-type":"","overlay-color":"","overlay-opacity":"","overlay-gradient":""}}},"product_cat":[60,96],"product_tag":[],"class_list":{"0":"post-3639","1":"product","2":"type-product","3":"status-publish","4":"has-post-thumbnail","6":"product_cat-excavator","7":"product_cat-hyundai","8":"desktop-align-left","9":"tablet-align-left","10":"mobile-align-left","11":"ast-product-gallery-layout-horizontal-slider","12":"ast-product-tabs-layout-horizontal","14":"first","15":"instock","16":"shipping-taxable","17":"product-type-simple"},"acf":[],"_links":{"self":[{"href":"https:\/\/www.kaiyuexcavator.com\/es\/wp-json\/wp\/v2\/product\/3639","targetHints":{"allow":["GET"]}}],"collection":[{"href":"https:\/\/www.kaiyuexcavator.com\/es\/wp-json\/wp\/v2\/product"}],"about":[{"href":"https:\/\/www.kaiyuexcavator.com\/es\/wp-json\/wp\/v2\/types\/product"}],"replies":[{"embeddable":true,"href":"https:\/\/www.kaiyuexcavator.com\/es\/wp-json\/wp\/v2\/comments?post=3639"}],"version-history":[{"count":2,"href":"https:\/\/www.kaiyuexcavator.com\/es\/wp-json\/wp\/v2\/product\/3639\/revisions"}],"predecessor-version":[{"id":3690,"href":"https:\/\/www.kaiyuexcavator.com\/es\/wp-json\/wp\/v2\/product\/3639\/revisions\/3690"}],"wp:featuredmedia":[{"embeddable":true,"href":"https:\/\/www.kaiyuexcavator.com\/es\/wp-json\/wp\/v2\/media\/3640"}],"wp:attachment":[{"href":"https:\/\/www.kaiyuexcavator.com\/es\/wp-json\/wp\/v2\/media?parent=3639"}],"wp:term":[{"taxonomy":"product_cat","embeddable":true,"href":"https:\/\/www.kaiyuexcavator.com\/es\/wp-json\/wp\/v2\/product_cat?post=3639"},{"taxonomy":"product_tag","embeddable":true,"href":"https:\/\/www.kaiyuexcavator.com\/es\/wp-json\/wp\/v2\/product_tag?post=3639"}],"curies":[{"name":"wp","href":"https:\/\/api.w.org\/{rel}","templated":true}]}}