{"id":3337,"date":"2024-11-20T14:42:46","date_gmt":"2024-11-20T14:42:46","guid":{"rendered":"https:\/\/kaiyuexcavator.com\/?post_type=product&#038;p=3337"},"modified":"2025-06-20T01:50:23","modified_gmt":"2025-06-20T01:50:23","slug":"new-arrival-used-sany-sy215c-excavator-secondhand-digging-machine-road-building-construction-sany215c-155c-135c-125c-95c-75c-60c","status":"publish","type":"product","link":"https:\/\/www.kaiyuexcavator.com\/es\/product\/new-arrival-used-sany-sy215c-excavator-secondhand-digging-machine-road-building-construction-sany215c-155c-135c-125c-95c-75c-60c\/","title":{"rendered":"New Arrival Used Sany SY215C Excavator Secondhand Digging Machine Road Building Construction Sany215c 155c 135c 125c 95c 75c 60c"},"content":{"rendered":"<h2 class=\"wp-block-heading\"><strong>Atributos clave<\/strong><\/h2>\n<p><strong>Atributos espec\u00edficos del sector<\/strong><\/p>\n<figure class=\"wp-block-table\">\n<table>\n<tbody>\n<tr>\n<td>A\u00f1o<\/td>\n<td>2024<\/td>\n<\/tr>\n<tr>\n<td>Peso operativo<\/td>\n<td>21.5 Ton<\/td>\n<\/tr>\n<tr>\n<td>Capacidad del cubo<\/td>\n<td>1.2 M\u00b3<\/td>\n<\/tr>\n<tr>\n<td>Peso de la m\u00e1quina<\/td>\n<td>21500 KG<\/td>\n<\/tr>\n<tr>\n<td>Cilindro hidr\u00e1ulico Marca<\/td>\n<td>Original<\/td>\n<\/tr>\n<tr>\n<td>Potencia<\/td>\n<td>110 kw<\/td>\n<\/tr>\n<tr>\n<td>Componentes b\u00e1sicos<\/td>\n<td>Motor, bomba, caja de cambios, motor<\/td>\n<\/tr>\n<tr>\n<td>Horario laboral<\/td>\n<td>500 horas<\/td>\n<\/tr>\n<tr>\n<td>Profundidad\/altura\/radio de excavaci\u00f3n m\u00e1ximos<\/td>\n<td>6600 mm\/9600 mm\/10280 mm<\/td>\n<\/tr>\n<tr>\n<td>Condici\u00f3n<\/td>\n<td>90%NEW<\/td>\n<\/tr>\n<\/tbody>\n<\/table>\n<\/figure>\n<h3><strong>Embalaje y entrega<\/strong><\/h3>\n<figure class=\"wp-block-table\">\n<table>\n<tbody>\n<tr>\n<td>Detalles del embalaje<\/td>\n<td>1. El bastidor plano es m\u00e1s adecuado para grandes equipos de construcci\u00f3n sin desmontaje.<br \/>\n2. Los contenedores son los m\u00e1s baratos y r\u00e1pidos.<br \/>\n3. Los graneleros son m\u00e1s adecuados para grandes equipos de construcci\u00f3n.<br \/>\n4. Ro-ro env\u00edo es r\u00e1pido y adecuado para todo tipo de m\u00e1quinas, puede elegir cualquier modo de transporte de acuerdo a sus necesidades.<\/td>\n<\/tr>\n<tr>\n<td>Puerto<\/td>\n<td>Puerto de Shanghai; puerto de Ningbo; puerto de Qingdao<\/td>\n<\/tr>\n<\/tbody>\n<\/table>\n<\/figure>\n<h2><strong>Plazo de entrega<\/strong><\/h2>\n<figure class=\"wp-block-table\">\n<table>\n<tbody>\n<tr>\n<td>Cantidad (unidades)<\/td>\n<td>1 - 1<\/td>\n<td>2 - 5<\/td>\n<td>2 - 5<\/td>\n<\/tr>\n<tr>\n<td>Plazo de entrega (d\u00edas)<\/td>\n<td>3<\/td>\n<td>5<\/td>\n<td>A negociar<\/td>\n<\/tr>\n<\/tbody>\n<\/table>\n<\/figure>\n<h2><strong>Expositor de productos<\/strong><\/h2>\n<figure class=\"wp-block-gallery has-nested-images columns-default is-cropped wp-block-gallery-1 is-layout-flex wp-block-gallery-is-layout-flex\">\n<figure class=\"wp-block-image size-full\"><\/figure>\n<figure class=\"wp-block-image size-full\"><\/figure>\n<\/figure>\n<figure class=\"wp-block-gallery has-nested-images columns-default is-cropped wp-block-gallery-2 is-layout-flex wp-block-gallery-is-layout-flex\">\n<figure class=\"wp-block-image size-full\"><\/figure>\n<figure class=\"wp-block-image size-full\"><img fetchpriority=\"high\" decoding=\"async\" class=\"alignnone size-full wp-image-5361\" src=\"https:\/\/www.kaiyuexcavator.com\/wp-content\/uploads\/2024\/11\/\u5fae\u4fe1\u56fe\u7247_20231101130306.jpg\" alt=\"\" width=\"800\" height=\"800\" srcset=\"https:\/\/www.kaiyuexcavator.com\/wp-content\/uploads\/2024\/11\/\u5fae\u4fe1\u56fe\u7247_20231101130306.jpg 800w, https:\/\/www.kaiyuexcavator.com\/wp-content\/uploads\/2024\/11\/\u5fae\u4fe1\u56fe\u7247_20231101130306-768x768.jpg 768w, https:\/\/www.kaiyuexcavator.com\/wp-content\/uploads\/2024\/11\/\u5fae\u4fe1\u56fe\u7247_20231101130306-300x300.jpg 300w, https:\/\/www.kaiyuexcavator.com\/wp-content\/uploads\/2024\/11\/\u5fae\u4fe1\u56fe\u7247_20231101130306-600x600.jpg 600w, https:\/\/www.kaiyuexcavator.com\/wp-content\/uploads\/2024\/11\/\u5fae\u4fe1\u56fe\u7247_20231101130306-100x100.jpg 100w\" sizes=\"(max-width: 800px) 100vw, 800px\" \/> <img decoding=\"async\" class=\"alignnone size-full wp-image-5362\" src=\"https:\/\/www.kaiyuexcavator.com\/wp-content\/uploads\/2024\/11\/\u5fae\u4fe1\u56fe\u7247_20231101130312.jpg\" alt=\"\" width=\"800\" height=\"800\" srcset=\"https:\/\/www.kaiyuexcavator.com\/wp-content\/uploads\/2024\/11\/\u5fae\u4fe1\u56fe\u7247_20231101130312.jpg 800w, https:\/\/www.kaiyuexcavator.com\/wp-content\/uploads\/2024\/11\/\u5fae\u4fe1\u56fe\u7247_20231101130312-768x768.jpg 768w, https:\/\/www.kaiyuexcavator.com\/wp-content\/uploads\/2024\/11\/\u5fae\u4fe1\u56fe\u7247_20231101130312-300x300.jpg 300w, https:\/\/www.kaiyuexcavator.com\/wp-content\/uploads\/2024\/11\/\u5fae\u4fe1\u56fe\u7247_20231101130312-600x600.jpg 600w, https:\/\/www.kaiyuexcavator.com\/wp-content\/uploads\/2024\/11\/\u5fae\u4fe1\u56fe\u7247_20231101130312-100x100.jpg 100w\" sizes=\"(max-width: 800px) 100vw, 800px\" \/> <img decoding=\"async\" class=\"alignnone size-full wp-image-5363\" src=\"https:\/\/www.kaiyuexcavator.com\/wp-content\/uploads\/2024\/11\/\u5fae\u4fe1\u56fe\u7247_20231101130323-1.jpg\" alt=\"\" width=\"800\" height=\"800\" srcset=\"https:\/\/www.kaiyuexcavator.com\/wp-content\/uploads\/2024\/11\/\u5fae\u4fe1\u56fe\u7247_20231101130323-1.jpg 800w, https:\/\/www.kaiyuexcavator.com\/wp-content\/uploads\/2024\/11\/\u5fae\u4fe1\u56fe\u7247_20231101130323-1-768x768.jpg 768w, https:\/\/www.kaiyuexcavator.com\/wp-content\/uploads\/2024\/11\/\u5fae\u4fe1\u56fe\u7247_20231101130323-1-300x300.jpg 300w, https:\/\/www.kaiyuexcavator.com\/wp-content\/uploads\/2024\/11\/\u5fae\u4fe1\u56fe\u7247_20231101130323-1-600x600.jpg 600w, https:\/\/www.kaiyuexcavator.com\/wp-content\/uploads\/2024\/11\/\u5fae\u4fe1\u56fe\u7247_20231101130323-1-100x100.jpg 100w\" sizes=\"(max-width: 800px) 100vw, 800px\" \/> <img loading=\"lazy\" decoding=\"async\" class=\"alignnone size-full wp-image-5364\" src=\"https:\/\/www.kaiyuexcavator.com\/wp-content\/uploads\/2024\/11\/\u5fae\u4fe1\u56fe\u7247_20240510121717-1.jpg\" alt=\"\" width=\"800\" height=\"800\" srcset=\"https:\/\/www.kaiyuexcavator.com\/wp-content\/uploads\/2024\/11\/\u5fae\u4fe1\u56fe\u7247_20240510121717-1.jpg 800w, https:\/\/www.kaiyuexcavator.com\/wp-content\/uploads\/2024\/11\/\u5fae\u4fe1\u56fe\u7247_20240510121717-1-768x768.jpg 768w, https:\/\/www.kaiyuexcavator.com\/wp-content\/uploads\/2024\/11\/\u5fae\u4fe1\u56fe\u7247_20240510121717-1-300x300.jpg 300w, https:\/\/www.kaiyuexcavator.com\/wp-content\/uploads\/2024\/11\/\u5fae\u4fe1\u56fe\u7247_20240510121717-1-600x600.jpg 600w, https:\/\/www.kaiyuexcavator.com\/wp-content\/uploads\/2024\/11\/\u5fae\u4fe1\u56fe\u7247_20240510121717-1-100x100.jpg 100w\" sizes=\"(max-width: 800px) 100vw, 800px\" \/><\/figure>\n<\/figure>\n<figure class=\"wp-block-gallery has-nested-images columns-default is-cropped wp-block-gallery-1 is-layout-flex wp-block-gallery-is-layout-flex\">\n<figure class=\"wp-block-image size-full\"><\/figure>\n<figure class=\"wp-block-image size-full\"><\/figure>\n<\/figure>\n<figure class=\"wp-block-gallery has-nested-images columns-default is-cropped wp-block-gallery-2 is-layout-flex wp-block-gallery-is-layout-flex\">\n<figure class=\"wp-block-image size-full\"><\/figure>\n<figure class=\"wp-block-image size-full\"><\/figure>\n<\/figure>\n<figure class=\"wp-block-gallery has-nested-images columns-default is-cropped wp-block-gallery-1 is-layout-flex wp-block-gallery-is-layout-flex\">\n<figure class=\"wp-block-image size-full\"><\/figure>\n<\/figure>","protected":false},"excerpt":{"rendered":"<div class=\"txt\">\n<table>\n<tbody>\n<tr>\n<td>1 - 4 unidades<\/td>\n<td>&gt;= 6 piezas<\/td>\n<\/tr>\n<tr>\n<td><strong>USD$20000.00<\/strong><\/td>\n<td><strong>USD$19000.00<\/strong><\/td>\n<\/tr>\n<\/tbody>\n<\/table>\n<p>&nbsp;<\/p>\n<table class=\"all magic-5\">\n<tbody>\n<tr>\n<td>\n<div class=\"magic-6\">\n<div class=\"magic-7\" data-spm-anchor-id=\"a2700.custom-template.0.i54.6e4e33333hV8ac\">Nombre del producto<\/div>\n<\/div>\n<\/td>\n<td>\n<div class=\"magic-8\">\n<div class=\"magic-7\" data-spm-anchor-id=\"a2700.custom-template.0.i66.6e4e33333hV8ac\">Excavadora usada Sany215C<\/div>\n<\/div>\n<\/td>\n<\/tr>\n<tr>\n<td>\n<div class=\"magic-6\">\n<div class=\"magic-7\">Peso operativo<\/div>\n<\/div>\n<\/td>\n<td>\n<div class=\"magic-8\">\n<div class=\"magic-7\" data-spm-anchor-id=\"a2700.custom-template.0.i87.6e4e33333hV8ac\">21.5 Ton<\/div>\n<\/div>\n<\/td>\n<\/tr>\n<tr>\n<td>\n<div class=\"magic-6\">\n<div class=\"magic-7\" data-spm-anchor-id=\"a2700.custom-template.0.i100.6e4e33333hV8ac\">Informe de ensayo de maquinaria<\/div>\n<\/div>\n<\/td>\n<td>\n<div class=\"magic-8\">\n<div class=\"magic-7\" data-spm-anchor-id=\"a2700.custom-template.0.i105.6e4e33333hV8ac\">Proporcionado<\/div>\n<\/div>\n<\/td>\n<\/tr>\n<tr>\n<td>\n<div class=\"magic-6\">\n<div class=\"magic-7\" data-spm-anchor-id=\"a2700.custom-template.0.i71.6e4e33333hV8ac\">A\u00f1o<\/div>\n<\/div>\n<\/td>\n<td>\n<div class=\"magic-8\">\n<div class=\"magic-7\" data-spm-anchor-id=\"a2700.custom-template.0.i74.6e4e33333hV8ac\">2024<\/div>\n<\/div>\n<\/td>\n<\/tr>\n<tr>\n<td>\n<div class=\"magic-6\">\n<div class=\"magic-7\" data-spm-anchor-id=\"a2700.custom-template.0.i101.6e4e33333hV8ac\">Horario laboral<\/div>\n<\/div>\n<\/td>\n<td>\n<div class=\"magic-8\">\n<div class=\"magic-7\" data-spm-anchor-id=\"a2700.pc-decorate.0.i16.4b8e3333hOwQ41\">500Hrs<\/div>\n<\/div>\n<\/td>\n<\/tr>\n<tr>\n<td>\n<div class=\"magic-6\">\n<div class=\"magic-7\" data-spm-anchor-id=\"a2700.custom-template.0.i95.6e4e33333hV8ac\">Componentes b\u00e1sicos<\/div>\n<\/div>\n<\/td>\n<td>\n<div class=\"magic-8\">\n<div class=\"magic-7\" data-spm-anchor-id=\"a2700.custom-template.0.i103.6e4e33333hV8ac\">Motor, bomba, engranaje<\/div>\n<\/div>\n<\/td>\n<\/tr>\n<tr>\n<td>\n<div class=\"magic-6\">\n<div class=\"magic-7\" data-spm-anchor-id=\"a2700.custom-template.0.i108.6e4e33333hV8ac\">Cilindro hidr\u00e1ulico\/bomba\/v\u00e1lvula<\/div>\n<\/div>\n<\/td>\n<td>\n<div class=\"magic-8\">\n<div class=\"magic-7\" data-spm-anchor-id=\"a2700.custom-template.0.i109.6e4e33333hV8ac\">Original<\/div>\n<\/div>\n<\/td>\n<\/tr>\n<\/tbody>\n<\/table>\n<\/div>","protected":false},"featured_media":5362,"comment_status":"open","ping_status":"closed","template":"","meta":{"_acf_changed":false,"site-sidebar-layout":"no-sidebar","site-content-layout":"","ast-site-content-layout":"full-width-container","site-content-style":"default","site-sidebar-style":"default","ast-global-header-display":"","ast-banner-title-visibility":"","ast-main-header-display":"","ast-hfb-above-header-display":"","ast-hfb-below-header-display":"","ast-hfb-mobile-header-display":"","site-post-title":"disabled","ast-breadcrumbs-content":"","ast-featured-img":"disabled","footer-sml-layout":"","theme-transparent-header-meta":"default","adv-header-id-meta":"","stick-header-meta":"default","header-above-stick-meta":"","header-main-stick-meta":"","header-below-stick-meta":"","astra-migrate-meta-layouts":"set","ast-page-background-enabled":"default","ast-page-background-meta":{"desktop":{"background-color":"var(--ast-global-color-4)","background-image":"","background-repeat":"repeat","background-position":"center center","background-size":"auto","background-attachment":"scroll","background-type":"","background-media":"","overlay-type":"","overlay-color":"","overlay-opacity":"","overlay-gradient":""},"tablet":{"background-color":"","background-image":"","background-repeat":"repeat","background-position":"center center","background-size":"auto","background-attachment":"scroll","background-type":"","background-media":"","overlay-type":"","overlay-color":"","overlay-opacity":"","overlay-gradient":""},"mobile":{"background-color":"","background-image":"","background-repeat":"repeat","background-position":"center center","background-size":"auto","background-attachment":"scroll","background-type":"","background-media":"","overlay-type":"","overlay-color":"","overlay-opacity":"","overlay-gradient":""}},"ast-content-background-meta":{"desktop":{"background-color":"var(--ast-global-color-5)","background-image":"","background-repeat":"repeat","background-position":"center center","background-size":"auto","background-attachment":"scroll","background-type":"","background-media":"","overlay-type":"","overlay-color":"","overlay-opacity":"","overlay-gradient":""},"tablet":{"background-color":"var(--ast-global-color-5)","background-image":"","background-repeat":"repeat","background-position":"center center","background-size":"auto","background-attachment":"scroll","background-type":"","background-media":"","overlay-type":"","overlay-color":"","overlay-opacity":"","overlay-gradient":""},"mobile":{"background-color":"var(--ast-global-color-5)","background-image":"","background-repeat":"repeat","background-position":"center center","background-size":"auto","background-attachment":"scroll","background-type":"","background-media":"","overlay-type":"","overlay-color":"","overlay-opacity":"","overlay-gradient":""}}},"product_cat":[60,91],"product_tag":[],"class_list":{"0":"post-3337","1":"product","2":"type-product","3":"status-publish","4":"has-post-thumbnail","6":"product_cat-excavator","7":"product_cat-sany","8":"desktop-align-left","9":"tablet-align-left","10":"mobile-align-left","11":"ast-product-gallery-layout-horizontal-slider","12":"ast-product-tabs-layout-horizontal","14":"first","15":"instock","16":"shipping-taxable","17":"product-type-simple"},"acf":[],"_links":{"self":[{"href":"https:\/\/www.kaiyuexcavator.com\/es\/wp-json\/wp\/v2\/product\/3337","targetHints":{"allow":["GET"]}}],"collection":[{"href":"https:\/\/www.kaiyuexcavator.com\/es\/wp-json\/wp\/v2\/product"}],"about":[{"href":"https:\/\/www.kaiyuexcavator.com\/es\/wp-json\/wp\/v2\/types\/product"}],"replies":[{"embeddable":true,"href":"https:\/\/www.kaiyuexcavator.com\/es\/wp-json\/wp\/v2\/comments?post=3337"}],"version-history":[{"count":5,"href":"https:\/\/www.kaiyuexcavator.com\/es\/wp-json\/wp\/v2\/product\/3337\/revisions"}],"predecessor-version":[{"id":6366,"href":"https:\/\/www.kaiyuexcavator.com\/es\/wp-json\/wp\/v2\/product\/3337\/revisions\/6366"}],"wp:featuredmedia":[{"embeddable":true,"href":"https:\/\/www.kaiyuexcavator.com\/es\/wp-json\/wp\/v2\/media\/5362"}],"wp:attachment":[{"href":"https:\/\/www.kaiyuexcavator.com\/es\/wp-json\/wp\/v2\/media?parent=3337"}],"wp:term":[{"taxonomy":"product_cat","embeddable":true,"href":"https:\/\/www.kaiyuexcavator.com\/es\/wp-json\/wp\/v2\/product_cat?post=3337"},{"taxonomy":"product_tag","embeddable":true,"href":"https:\/\/www.kaiyuexcavator.com\/es\/wp-json\/wp\/v2\/product_tag?post=3337"}],"curies":[{"name":"wp","href":"https:\/\/api.w.org\/{rel}","templated":true}]}}