{"id":3167,"date":"2024-11-20T06:46:58","date_gmt":"2024-11-20T06:46:58","guid":{"rendered":"https:\/\/kaiyuexcavator.com\/?post_type=product&#038;p=3167"},"modified":"2025-06-19T09:44:31","modified_gmt":"2025-06-19T09:44:31","slug":"original-hitachi-zx210-excellent-condition-crawler-excavators-engineering-machinery-zx60-zx70-zx120-zx200-zx240-zx270-zx350-zx360","status":"publish","type":"product","link":"https:\/\/www.kaiyuexcavator.com\/es\/product\/original-hitachi-zx210-excellent-condition-crawler-excavators-engineering-machinery-zx60-zx70-zx120-zx200-zx240-zx270-zx350-zx360\/","title":{"rendered":"Original Hitachi ZX210 Excelente Estado Excavadoras sobre orugas Ingenier\u00eda Maquinaria zx60 zx70 zx120 zx200 zx240 zx270 zx350 zx360"},"content":{"rendered":"<h2 class=\"wp-block-heading\"><strong>Atributos clave<\/strong><\/h2>\n<p><strong>Atributos espec\u00edficos del sector<\/strong><\/p>\n<figure class=\"wp-block-table\">\n<table>\n<tbody>\n<tr>\n<td>A\u00f1o<\/td>\n<td>2024<\/td>\n<\/tr>\n<\/tbody>\n<\/table>\n<\/figure>\n<p>&nbsp;<\/p>\n<h3><strong>Otros atributos<\/strong><\/h3>\n<p>&nbsp;<\/p>\n<h6><\/h6>\n<figure class=\"wp-block-table\">\n<table>\n<tbody>\n<tr>\n<td>Ubicaci\u00f3n de la sala de exposiciones<\/td>\n<td>India, Bangladesh, Otros, Indonesia, Tayikist\u00e1n, Ruman\u00eda<\/td>\n<\/tr>\n<tr>\n<td>Peso operativo<\/td>\n<td>21Ton<\/td>\n<\/tr>\n<tr>\n<td>Capacidad del cubo<\/td>\n<td>0.91M\u00b3<\/td>\n<\/tr>\n<tr>\n<td>Peso de la m\u00e1quina<\/td>\n<td>21000 KG<\/td>\n<\/tr>\n<tr>\n<td>Cilindro hidr\u00e1ulico Marca<\/td>\n<td>Original<\/td>\n<\/tr>\n<tr>\n<td>Potencia<\/td>\n<td>122KW<\/td>\n<\/tr>\n<tr>\n<td>Componentes b\u00e1sicos<\/td>\n<td>Motor, bomba, caja de cambios, motor<\/td>\n<\/tr>\n<tr>\n<td>Horario laboral<\/td>\n<td>600 horas<\/td>\n<\/tr>\n<tr>\n<td>Profundidad\/ Altura\/ Radio de excavaci\u00f3n m\u00e1ximos<\/td>\n<td>10040\/6670\/9920mm<\/td>\n<\/tr>\n<tr>\n<td>Condici\u00f3n<\/td>\n<td>90%NEW<\/td>\n<\/tr>\n<\/tbody>\n<\/table>\n<\/figure>\n<h3><strong>Embalaje y entrega<\/strong><\/h3>\n<p>&nbsp;<\/p>\n<figure class=\"wp-block-table\">\n<table>\n<tbody>\n<tr>\n<td>Detalles del embalaje<\/td>\n<td>1. El bastidor plano es m\u00e1s adecuado para grandes equipos de construcci\u00f3n sin desmontaje.<br \/>\n2. Los contenedores son los m\u00e1s baratos y r\u00e1pidos.<br \/>\n3. Los graneleros son m\u00e1s adecuados para grandes equipos de construcci\u00f3n.<br \/>\n4. Ro-ro env\u00edo es r\u00e1pido y adecuado para todo tipo de m\u00e1quinas, puede elegir cualquier modo de transporte de acuerdo a sus necesidades.<\/td>\n<\/tr>\n<tr>\n<td>Puerto<\/td>\n<td>Puerto de Shanghai\/ Puerto de Ningbo\/ Puerto de Qingdao<\/td>\n<\/tr>\n<\/tbody>\n<\/table>\n<\/figure>\n<h2><strong>Plazo de entrega<\/strong><\/h2>\n<figure class=\"wp-block-table\">\n<table>\n<tbody>\n<tr>\n<td>Cantidad (unidades)<\/td>\n<td>1 - 1<\/td>\n<td>2 - 5<\/td>\n<td>2 - 5<\/td>\n<\/tr>\n<tr>\n<td>Plazo de entrega (d\u00edas)<\/td>\n<td>3<\/td>\n<td>5<\/td>\n<td>A negociar<\/td>\n<\/tr>\n<\/tbody>\n<\/table>\n<\/figure>\n<p>&nbsp;<\/p>\n<h3 id=\"customization\" class=\"wp-block-heading\"><strong>Personalizaci\u00f3n<\/strong><\/h3>\n<p>Logotipo personalizado<br \/>\nPedido m\u00edn: 3<br \/>\nPersonalizaci\u00f3n gr\u00e1fica<br \/>\nPedido m\u00edn: 3<br \/>\nEmbalaje personalizado<br \/>\nPedido m\u00edn: 3<\/p>\n<h2><strong>Expositor de productos<\/strong><\/h2>\n<figure class=\"wp-block-gallery has-nested-images columns-default is-cropped wp-block-gallery-1 is-layout-flex wp-block-gallery-is-layout-flex\">\n<figure class=\"wp-block-image size-full\">\n<figure class=\"wp-block-gallery has-nested-images columns-default is-cropped wp-block-gallery-1 is-layout-flex wp-block-gallery-is-layout-flex\">\n<figure class=\"wp-block-image size-full\"><\/figure>\n<figure class=\"wp-block-image size-full\"><\/figure>\n<\/figure>\n<figure class=\"wp-block-gallery has-nested-images columns-default is-cropped wp-block-gallery-2 is-layout-flex wp-block-gallery-is-layout-flex\">\n<figure class=\"wp-block-image size-full\"><\/figure>\n<figure class=\"wp-block-image size-full\"><img fetchpriority=\"high\" decoding=\"async\" class=\"alignnone size-full wp-image-5600\" src=\"https:\/\/www.kaiyuexcavator.com\/wp-content\/uploads\/2024\/11\/\u5fae\u4fe1\u56fe\u7247_20241106092236.jpg\" alt=\"\" width=\"800\" height=\"800\" srcset=\"https:\/\/www.kaiyuexcavator.com\/wp-content\/uploads\/2024\/11\/\u5fae\u4fe1\u56fe\u7247_20241106092236.jpg 800w, https:\/\/www.kaiyuexcavator.com\/wp-content\/uploads\/2024\/11\/\u5fae\u4fe1\u56fe\u7247_20241106092236-768x768.jpg 768w, https:\/\/www.kaiyuexcavator.com\/wp-content\/uploads\/2024\/11\/\u5fae\u4fe1\u56fe\u7247_20241106092236-300x300.jpg 300w, https:\/\/www.kaiyuexcavator.com\/wp-content\/uploads\/2024\/11\/\u5fae\u4fe1\u56fe\u7247_20241106092236-600x600.jpg 600w, https:\/\/www.kaiyuexcavator.com\/wp-content\/uploads\/2024\/11\/\u5fae\u4fe1\u56fe\u7247_20241106092236-100x100.jpg 100w\" sizes=\"(max-width: 800px) 100vw, 800px\" \/> <img decoding=\"async\" class=\"alignnone size-full wp-image-5601\" src=\"https:\/\/www.kaiyuexcavator.com\/wp-content\/uploads\/2024\/11\/\u5fae\u4fe1\u56fe\u7247_20241106092238.jpg\" alt=\"\" width=\"800\" height=\"800\" srcset=\"https:\/\/www.kaiyuexcavator.com\/wp-content\/uploads\/2024\/11\/\u5fae\u4fe1\u56fe\u7247_20241106092238.jpg 800w, https:\/\/www.kaiyuexcavator.com\/wp-content\/uploads\/2024\/11\/\u5fae\u4fe1\u56fe\u7247_20241106092238-768x768.jpg 768w, https:\/\/www.kaiyuexcavator.com\/wp-content\/uploads\/2024\/11\/\u5fae\u4fe1\u56fe\u7247_20241106092238-300x300.jpg 300w, https:\/\/www.kaiyuexcavator.com\/wp-content\/uploads\/2024\/11\/\u5fae\u4fe1\u56fe\u7247_20241106092238-600x600.jpg 600w, https:\/\/www.kaiyuexcavator.com\/wp-content\/uploads\/2024\/11\/\u5fae\u4fe1\u56fe\u7247_20241106092238-100x100.jpg 100w\" sizes=\"(max-width: 800px) 100vw, 800px\" \/> <img decoding=\"async\" class=\"alignnone size-full wp-image-5603\" src=\"https:\/\/www.kaiyuexcavator.com\/wp-content\/uploads\/2024\/11\/\u5fae\u4fe1\u56fe\u7247_20241106092242.jpg\" alt=\"\" width=\"800\" height=\"800\" srcset=\"https:\/\/www.kaiyuexcavator.com\/wp-content\/uploads\/2024\/11\/\u5fae\u4fe1\u56fe\u7247_20241106092242.jpg 800w, https:\/\/www.kaiyuexcavator.com\/wp-content\/uploads\/2024\/11\/\u5fae\u4fe1\u56fe\u7247_20241106092242-768x768.jpg 768w, https:\/\/www.kaiyuexcavator.com\/wp-content\/uploads\/2024\/11\/\u5fae\u4fe1\u56fe\u7247_20241106092242-300x300.jpg 300w, https:\/\/www.kaiyuexcavator.com\/wp-content\/uploads\/2024\/11\/\u5fae\u4fe1\u56fe\u7247_20241106092242-600x600.jpg 600w, https:\/\/www.kaiyuexcavator.com\/wp-content\/uploads\/2024\/11\/\u5fae\u4fe1\u56fe\u7247_20241106092242-100x100.jpg 100w\" sizes=\"(max-width: 800px) 100vw, 800px\" \/> <img loading=\"lazy\" decoding=\"async\" class=\"alignnone size-full wp-image-5604\" src=\"https:\/\/www.kaiyuexcavator.com\/wp-content\/uploads\/2024\/11\/\u5fae\u4fe1\u56fe\u7247_20241106092245.jpg\" alt=\"\" width=\"800\" height=\"800\" srcset=\"https:\/\/www.kaiyuexcavator.com\/wp-content\/uploads\/2024\/11\/\u5fae\u4fe1\u56fe\u7247_20241106092245.jpg 800w, https:\/\/www.kaiyuexcavator.com\/wp-content\/uploads\/2024\/11\/\u5fae\u4fe1\u56fe\u7247_20241106092245-768x768.jpg 768w, https:\/\/www.kaiyuexcavator.com\/wp-content\/uploads\/2024\/11\/\u5fae\u4fe1\u56fe\u7247_20241106092245-300x300.jpg 300w, https:\/\/www.kaiyuexcavator.com\/wp-content\/uploads\/2024\/11\/\u5fae\u4fe1\u56fe\u7247_20241106092245-600x600.jpg 600w, https:\/\/www.kaiyuexcavator.com\/wp-content\/uploads\/2024\/11\/\u5fae\u4fe1\u56fe\u7247_20241106092245-100x100.jpg 100w\" sizes=\"(max-width: 800px) 100vw, 800px\" \/><\/figure>\n<\/figure>\n<\/figure>\n<\/figure>\n<figure class=\"wp-block-gallery has-nested-images columns-default is-cropped wp-block-gallery-1 is-layout-flex wp-block-gallery-is-layout-flex\">\n<figure class=\"wp-block-image size-full\"><\/figure>\n<figure class=\"wp-block-image size-full\"><\/figure>\n<\/figure>\n<figure class=\"wp-block-gallery has-nested-images columns-default is-cropped wp-block-gallery-2 is-layout-flex wp-block-gallery-is-layout-flex\">\n<figure class=\"wp-block-image size-full\"><\/figure>\n<figure class=\"wp-block-image size-full\"><\/figure>\n<\/figure>\n<figure class=\"wp-block-gallery has-nested-images columns-default is-cropped wp-block-gallery-1 is-layout-flex wp-block-gallery-is-layout-flex\">\n<figure class=\"wp-block-image size-full\"><\/figure>\n<\/figure>","protected":false},"excerpt":{"rendered":"<div class=\"txt\">\n<table>\n<tbody>\n<tr>\n<td>1 - 2 unidades<\/td>\n<td>&gt;= 3 piezas<\/td>\n<\/tr>\n<tr>\n<td><strong>USD$20000.00<\/strong><\/td>\n<td><strong>USD$18000.00<\/strong><\/td>\n<\/tr>\n<\/tbody>\n<\/table>\n<p>&nbsp;<\/p>\n<table class=\"all magic-5\">\n<tbody>\n<tr>\n<td>\n<div class=\"magic-6\">\n<div class=\"magic-7\" data-spm-anchor-id=\"a2700.custom-template.0.i54.6e4e33333hV8ac\">Nombre del producto<\/div>\n<\/div>\n<\/td>\n<td>\n<div class=\"magic-8\">\n<div class=\"magic-7\" data-spm-anchor-id=\"a2700.custom-template.0.i66.6e4e33333hV8ac\">Excavadora usada Hitachi ZX210<\/div>\n<\/div>\n<\/td>\n<\/tr>\n<tr>\n<td>\n<div class=\"magic-6\">\n<div class=\"magic-7\">Peso operativo<\/div>\n<\/div>\n<\/td>\n<td>\n<div class=\"magic-8\">\n<div class=\"magic-7\" data-spm-anchor-id=\"a2700.custom-template.0.i87.6e4e33333hV8ac\">21Ton<\/div>\n<\/div>\n<\/td>\n<\/tr>\n<tr>\n<td>\n<div class=\"magic-6\">\n<div class=\"magic-7\" data-spm-anchor-id=\"a2700.custom-template.0.i100.6e4e33333hV8ac\">Informe de prueba de maquinaria\/Horas de trabajo<\/div>\n<\/div>\n<\/td>\n<td>\n<div class=\"magic-8\">\n<div class=\"magic-7\" data-spm-anchor-id=\"a2700.custom-template.0.i105.6e4e33333hV8ac\">Proporcionado<\/div>\n<\/div>\n<\/td>\n<\/tr>\n<tr>\n<td>\n<div class=\"magic-6\">\n<div class=\"magic-7\" data-spm-anchor-id=\"a2700.custom-template.0.i71.6e4e33333hV8ac\">A\u00f1o<\/div>\n<\/div>\n<\/td>\n<td>\n<div class=\"magic-8\">\n<div class=\"magic-7\" data-spm-anchor-id=\"a2700.custom-template.0.i74.6e4e33333hV8ac\">2023<\/div>\n<\/div>\n<\/td>\n<\/tr>\n<tr>\n<td>\n<div class=\"magic-6\">\n<div class=\"magic-7\" data-spm-anchor-id=\"a2700.custom-template.0.i101.6e4e33333hV8ac\">Horario laboral<\/div>\n<\/div>\n<\/td>\n<td>\n<div class=\"magic-8\">\n<div class=\"magic-7\" data-spm-anchor-id=\"a2700.pc-decorate.0.i16.4b8e3333hOwQ41\">600 horas<\/div>\n<\/div>\n<\/td>\n<\/tr>\n<tr>\n<td>\n<div class=\"magic-6\">\n<div class=\"magic-7\" data-spm-anchor-id=\"a2700.custom-template.0.i95.6e4e33333hV8ac\">Componentes b\u00e1sicos<\/div>\n<\/div>\n<\/td>\n<td>\n<div class=\"magic-8\">\n<div class=\"magic-7\" data-spm-anchor-id=\"a2700.custom-template.0.i103.6e4e33333hV8ac\">Motor, bomba, engranaje<\/div>\n<\/div>\n<\/td>\n<\/tr>\n<tr>\n<td>\n<div class=\"magic-6\">\n<div class=\"magic-7\" data-spm-anchor-id=\"a2700.custom-template.0.i108.6e4e33333hV8ac\">Cilindro hidr\u00e1ulico \/ Bomba \/ V\u00e1lvula Marca<\/div>\n<\/div>\n<\/td>\n<td>\n<div class=\"magic-8\">\n<div class=\"magic-7\" data-spm-anchor-id=\"a2700.custom-template.0.i109.6e4e33333hV8ac\">Original<\/div>\n<\/div>\n<\/td>\n<\/tr>\n<\/tbody>\n<\/table>\n<\/div>","protected":false},"featured_media":5601,"comment_status":"open","ping_status":"closed","template":"","meta":{"_acf_changed":false,"site-sidebar-layout":"no-sidebar","site-content-layout":"","ast-site-content-layout":"full-width-container","site-content-style":"default","site-sidebar-style":"default","ast-global-header-display":"","ast-banner-title-visibility":"","ast-main-header-display":"","ast-hfb-above-header-display":"","ast-hfb-below-header-display":"","ast-hfb-mobile-header-display":"","site-post-title":"disabled","ast-breadcrumbs-content":"","ast-featured-img":"disabled","footer-sml-layout":"","theme-transparent-header-meta":"default","adv-header-id-meta":"","stick-header-meta":"default","header-above-stick-meta":"","header-main-stick-meta":"","header-below-stick-meta":"","astra-migrate-meta-layouts":"set","ast-page-background-enabled":"default","ast-page-background-meta":{"desktop":{"background-color":"var(--ast-global-color-4)","background-image":"","background-repeat":"repeat","background-position":"center center","background-size":"auto","background-attachment":"scroll","background-type":"","background-media":"","overlay-type":"","overlay-color":"","overlay-opacity":"","overlay-gradient":""},"tablet":{"background-color":"","background-image":"","background-repeat":"repeat","background-position":"center center","background-size":"auto","background-attachment":"scroll","background-type":"","background-media":"","overlay-type":"","overlay-color":"","overlay-opacity":"","overlay-gradient":""},"mobile":{"background-color":"","background-image":"","background-repeat":"repeat","background-position":"center center","background-size":"auto","background-attachment":"scroll","background-type":"","background-media":"","overlay-type":"","overlay-color":"","overlay-opacity":"","overlay-gradient":""}},"ast-content-background-meta":{"desktop":{"background-color":"var(--ast-global-color-5)","background-image":"","background-repeat":"repeat","background-position":"center center","background-size":"auto","background-attachment":"scroll","background-type":"","background-media":"","overlay-type":"","overlay-color":"","overlay-opacity":"","overlay-gradient":""},"tablet":{"background-color":"var(--ast-global-color-5)","background-image":"","background-repeat":"repeat","background-position":"center center","background-size":"auto","background-attachment":"scroll","background-type":"","background-media":"","overlay-type":"","overlay-color":"","overlay-opacity":"","overlay-gradient":""},"mobile":{"background-color":"var(--ast-global-color-5)","background-image":"","background-repeat":"repeat","background-position":"center center","background-size":"auto","background-attachment":"scroll","background-type":"","background-media":"","overlay-type":"","overlay-color":"","overlay-opacity":"","overlay-gradient":""}}},"product_cat":[60,89],"product_tag":[],"class_list":{"0":"post-3167","1":"product","2":"type-product","3":"status-publish","4":"has-post-thumbnail","6":"product_cat-excavator","7":"product_cat-hitachi","8":"desktop-align-left","9":"tablet-align-left","10":"mobile-align-left","11":"ast-product-gallery-layout-horizontal-slider","12":"ast-product-tabs-layout-horizontal","14":"first","15":"instock","16":"shipping-taxable","17":"product-type-simple"},"acf":[],"_links":{"self":[{"href":"https:\/\/www.kaiyuexcavator.com\/es\/wp-json\/wp\/v2\/product\/3167","targetHints":{"allow":["GET"]}}],"collection":[{"href":"https:\/\/www.kaiyuexcavator.com\/es\/wp-json\/wp\/v2\/product"}],"about":[{"href":"https:\/\/www.kaiyuexcavator.com\/es\/wp-json\/wp\/v2\/types\/product"}],"replies":[{"embeddable":true,"href":"https:\/\/www.kaiyuexcavator.com\/es\/wp-json\/wp\/v2\/comments?post=3167"}],"version-history":[{"count":6,"href":"https:\/\/www.kaiyuexcavator.com\/es\/wp-json\/wp\/v2\/product\/3167\/revisions"}],"predecessor-version":[{"id":6363,"href":"https:\/\/www.kaiyuexcavator.com\/es\/wp-json\/wp\/v2\/product\/3167\/revisions\/6363"}],"wp:featuredmedia":[{"embeddable":true,"href":"https:\/\/www.kaiyuexcavator.com\/es\/wp-json\/wp\/v2\/media\/5601"}],"wp:attachment":[{"href":"https:\/\/www.kaiyuexcavator.com\/es\/wp-json\/wp\/v2\/media?parent=3167"}],"wp:term":[{"taxonomy":"product_cat","embeddable":true,"href":"https:\/\/www.kaiyuexcavator.com\/es\/wp-json\/wp\/v2\/product_cat?post=3167"},{"taxonomy":"product_tag","embeddable":true,"href":"https:\/\/www.kaiyuexcavator.com\/es\/wp-json\/wp\/v2\/product_tag?post=3167"}],"curies":[{"name":"wp","href":"https:\/\/api.w.org\/{rel}","templated":true}]}}