{"id":1771,"date":"2024-10-25T01:29:10","date_gmt":"2024-10-25T01:29:10","guid":{"rendered":"https:\/\/kaiyuexcavator.com\/?page_id=1771"},"modified":"2024-10-25T01:35:55","modified_gmt":"2024-10-25T01:35:55","slug":"privacidad","status":"publish","type":"page","link":"https:\/\/www.kaiyuexcavator.com\/es\/privacidad\/","title":{"rendered":"Privacidad"},"content":{"rendered":"<div data-elementor-type=\"wp-page\" data-elementor-id=\"1771\" class=\"elementor elementor-1771\" data-elementor-post-type=\"page\">\n\t\t\t\t<div class=\"elementor-element elementor-element-ff67b73 e-flex e-con-boxed e-con e-parent\" data-id=\"ff67b73\" data-element_type=\"container\" data-settings=\"{&quot;ekit_has_onepagescroll_dot&quot;:&quot;yes&quot;}\">\n\t\t\t\t\t<div class=\"e-con-inner\">\n\t\t\t\t<div class=\"elementor-element elementor-element-4fdaf6f elementor-widget elementor-widget-heading\" data-id=\"4fdaf6f\" data-element_type=\"widget\" data-settings=\"{&quot;ekit_we_effect_on&quot;:&quot;none&quot;}\" data-widget_type=\"heading.default\">\n\t\t\t\t<div class=\"elementor-widget-container\">\n\t\t\t<h1 class=\"elementor-heading-title elementor-size-default\">Pol\u00edtica de privacidad<\/h1>\t\t<\/div>\n\t\t\t\t<\/div>\n\t\t\t\t<div class=\"elementor-element elementor-element-358b594 elementor-widget elementor-widget-text-editor\" data-id=\"358b594\" data-element_type=\"widget\" data-settings=\"{&quot;ekit_we_effect_on&quot;:&quot;none&quot;}\" data-widget_type=\"text-editor.default\">\n\t\t\t\t<div class=\"elementor-widget-container\">\n\t\t\t\t\t\t\t<p>La privacidad y seguridad de su informaci\u00f3n es muy importante para nosotros.<br \/>Consulte la pol\u00edtica de privacidad completa a continuaci\u00f3n para obtener m\u00e1s informaci\u00f3n.<br \/>Introducci\u00f3n<br \/>Esta pol\u00edtica de privacidad explica c\u00f3mo nuestra empresa y sus afiliados recogen y utilizan su informaci\u00f3n. Nuestra pol\u00edtica de privacidad se aplica a todas las personas que visitan y utilizan nuestro sitio web, nuestra empresa y servicios en l\u00ednea, y los sitios web y servicios en l\u00ednea proporcionados por nuestros afiliados (denominados colectivamente \u201csitios\u201d). Las empresas afiliadas son entidades directa o indirectamente propiedad de nuestra empresa, o entidades controladas o controladas conjuntamente por nuestra empresa. Las referencias a \u201cbasic health\u201d, \u201cnosotros\u201d, \u201cnuestro\u201d o \u201cnos\u201d en esta pol\u00edtica de privacidad se refieren a la entidad responsable de la recogida y uso de sus datos personales, normalmente la entidad que obtiene sus datos personales en cada caso bajo. Esta entidad tambi\u00e9n se denomina responsable del tratamiento. Esta pol\u00edtica de privacidad no cubre los sitios web y servicios en l\u00ednea operados por nuestra empresa o nuestras empresas afiliadas. Estos sitios web y servicios en l\u00ednea tienen pol\u00edticas de privacidad independientes y no est\u00e1n vinculados a esta pol\u00edtica de privacidad ni fusionados por referencia. Tambi\u00e9n pueden aplicarse pol\u00edticas de privacidad diferentes a otras partes de nuestro sitio web, como las \u00e1reas protegidas por contrase\u00f1a o las p\u00e1ginas web utilizadas para la contrataci\u00f3n en l\u00ednea. Nuestra pol\u00edtica de privacidad s\u00f3lo se aplica a las actividades que realizamos en este sitio web y no se aplica a las actividades \u201cfuera de l\u00ednea\u201d o no relacionadas con este sitio web. Esta pol\u00edtica de privacidad se ha incorporado a nuestros t\u00e9rminos y condiciones, y lo mismo se aplica cuando usted utiliza nuestro sitio web. Al utilizar este sitio web y facilitar sus datos personales y otra informaci\u00f3n a trav\u00e9s del mismo, usted reconoce que sus datos personales ser\u00e1n tratados de acuerdo con los t\u00e9rminos de esta pol\u00edtica de privacidad. Si no est\u00e1 de acuerdo con las pr\u00e1cticas descritas en esta pol\u00edtica de privacidad, le rogamos que no nos facilite sus datos personales ni interact\u00fae con el sitio web de ninguna otra forma. Nos reservamos el derecho a modificar esta pol\u00edtica de privacidad en cualquier momento. Si realizamos alg\u00fan cambio importante en nuestra pol\u00edtica de privacidad, lo notificaremos en este sitio web antes de que los cambios entren en vigor. Puede determinar la fecha de la \u00faltima revisi\u00f3n de esta pol\u00edtica de privacidad consultando la fecha de \u201c\u00faltima actualizaci\u00f3n\u201d que figura m\u00e1s arriba. Puede consultar la \u00faltima versi\u00f3n de esta pol\u00edtica de privacidad. Le recomendamos que consulte peri\u00f3dicamente la pol\u00edtica de privacidad para comprobar si se han producido cambios.<\/p><p>\u00bfQu\u00e9 datos personales recogemos sobre usted?<br \/>Los datos personales utilizados en esta pol\u00edtica de privacidad se refieren a cualquier informaci\u00f3n relacionada con un individuo identificado o identificable, o seg\u00fan lo definido por las leyes aplicables. Cuando visite nuestro sitio web e interact\u00fae voluntariamente con \u00e9l, recopilaremos los siguientes datos personales:<br \/>Tu nombre y apellidos;<br \/>Nombre de la empresa;<br \/>Direcci\u00f3n de Protocolo de Internet (IP);<br \/>Informaci\u00f3n de contacto (por ejemplo, n\u00famero de tel\u00e9fono, direcci\u00f3n de correo electr\u00f3nico);<br \/>o, Otra informaci\u00f3n que facilite voluntariamente.<\/p><p>\u00bfCu\u00e1ndo recopilamos sus datos personales?<br \/>A menos que usted decida voluntariamente revelar dicha informaci\u00f3n, nuestra empresa no recopilar\u00e1 ning\u00fan dato personal suyo a trav\u00e9s de este sitio web. Es posible que le pidamos que facilite determinados datos personales en distintos momentos y lugares del sitio web. En algunos casos, si decide no facilitarnos los datos personales solicitados, es posible que no pueda acceder a todo el contenido de este sitio web ni participar en todas sus funciones. Por ejemplo, podemos recabar sus datos personales cuando realice las siguientes acciones:<br \/>Adquiera productos de nuestra empresa a trav\u00e9s de nuestro sitio web;<br \/>Abra o responda a nuestro correo electr\u00f3nico;<br \/>Cuando usted nos proporciona voluntariamente informaci\u00f3n a trav\u00e9s de encuestas a clientes, podemos vincularla a los datos personales que hayamos recogido previamente sobre usted;<br \/>P\u00f3ngase en contacto con el servicio de atenci\u00f3n al cliente, utilice nuestra funci\u00f3n \u201cConectar\u201d para hablar con los representantes de nuestra empresa o utilice nuestras herramientas de atenci\u00f3n al cliente;<br \/>Conectar, enlazar o \u201ccompartir\u201d nuestro sitio web a trav\u00e9s de las redes sociales;<br \/>Si nos facilita datos personales de un tercero, significa que usted ha avisado al tercero y que \u00e9ste le ha autorizado a facilitar dicha informaci\u00f3n.<\/p><p>\u00bfC\u00f3mo utilizamos los datos personales?<br \/>Nuestra empresa utiliza los datos personales que recopila para prestarle servicios o celebrar un acuerdo contractual con usted cuando visita nuestro sitio web. Esto incluye:<br \/>Crear una cuenta de sitio web en l\u00ednea para usted de acuerdo a sus necesidades;<br \/>Prestar servicios de atenci\u00f3n al cliente (por ejemplo, responder a sus preguntas o peticiones);<br \/>Enviarle recordatorios, actualizaciones, asistencia, mensajes de gesti\u00f3n, anuncios de servicio e informaci\u00f3n solicitada;<br \/>Utilizaremos los datos personales perseguidos por un tercero o por nosotros por motivos comerciales leg\u00edtimos, siempre que los datos sean compatibles con sus derechos y expectativas de privacidad. Esto incluye:<br \/>Operar, mantener y mejorar este sitio web, nuestros servicios y nuestros productos;<br \/>Realizar an\u00e1lisis e investigaciones sobre los clientes;<br \/>Verificar su capacidad para acceder o utilizar determinados productos o servicios que s\u00f3lo est\u00e1n disponibles para personas que cumplen determinados requisitos o normas de cualificaci\u00f3n, como los profesionales sanitarios;<br \/>Permitirle interactuar con determinados proveedores de servicios de contenidos de terceros (por ejemplo, para permitirle enlazar o ver contenidos de sitios web de terceros dentro de este sitio web, o ver nuestros contenidos en sitios web de terceros);<br \/>Permitirle participar en las funciones interactivas de nuestro sitio web;<br \/>Gestionar encuestas en l\u00ednea u ofertas especiales proporcionadas por nosotros o a trav\u00e9s de nuestros socios comerciales externos;<br \/>Mejorar nuestro sitio web, el servicio al cliente, los productos y servicios y la experiencia general del usuario;<br \/>Mejorar otra informaci\u00f3n que tengamos sobre usted para ayudarnos a comprenderle mejor y determinar sus intereses;<br \/>Determinar sus preferencias para poder notificarle nuevos productos u otros productos, servicios y promociones que puedan ser de su inter\u00e9s;<br \/>Nuestra empresa tambi\u00e9n tiene una base jur\u00eddica para utilizar sus datos personales:<br \/>Para prevenir el fraude, la seguridad p\u00fablica y para hacer cumplir las obligaciones de informaci\u00f3n y los t\u00e9rminos y condiciones de nuestra empresa, as\u00ed como para cumplir las leyes, reglamentos, \u00f3rdenes judiciales, citaciones u otros procedimientos legales.<br \/>Cuando lo exija la ley, tambi\u00e9n podremos utilizar la informaci\u00f3n recopilada de acuerdo con esta pol\u00edtica de privacidad con su consentimiento \u201copt-in\u201d para ofrecerle bienes o servicios que pensamos que pueden ser de inter\u00e9s para usted Informaci\u00f3n.<\/p><p>\u00bfC\u00f3mo tratar los datos personales sensibles?<br \/>Los datos personales sensibles utilizados en la pol\u00edtica de privacidad (tambi\u00e9n denominados \u201ccategor\u00edas especiales de datos personales\u201d) se refieren a datos relacionados con su raza o etnia, opiniones pol\u00edticas, religi\u00f3n u otras creencias, salud, caracter\u00edsticas gen\u00e9ticas o biol\u00f3gicas, vida sexual o sexualidad. Informaci\u00f3n sobre orientaci\u00f3n, antecedentes penales o afiliaci\u00f3n sindical. Nuestra empresa s\u00f3lo recopila datos personales sensibles en las siguientes circunstancias limitadas:<br \/>Con su consentimiento expl\u00edcito;<br \/>Proteger sus intereses vitales o los de otras personas si usted no puede acceder f\u00edsica o legalmente;<br \/>Si el tratamiento es necesario para fines m\u00e9dicos preventivos o laborales, prestar asistencia sanitaria o social o tratamiento o gestionar sistemas y servicios de asistencia sanitaria o social de conformidad con la legislaci\u00f3n de la Uni\u00f3n o de los Estados miembros o de conformidad con contratos con profesionales sanitarios; o se utiliza para establecer, ejercer o defender reclamaciones legales, o en la medida en que lo permita y lo exija la legislaci\u00f3n aplicable.<br \/>A menos que la legislaci\u00f3n aplicable exija lo contrario, no es necesario que nos facilite datos personales sensibles cuando utilice nuestro sitio web. Si decide no hacerlo, su decisi\u00f3n no le impedir\u00e1 utilizar nuestro sitio web.<\/p><p>\u00bfQu\u00e9 otra informaci\u00f3n recopilamos?<br \/>Al igual que muchos otros sitios web, cuando usted navega e interact\u00faa con nuestro sitio web, podemos utilizar tecnolog\u00eda de recopilaci\u00f3n autom\u00e1tica para recoger cierta informaci\u00f3n sobre su dispositivo, operaciones de navegaci\u00f3n y patrones, incluyendo:<br \/>Los detalles de su visita a nuestro sitio web, incluidos los recursos que visita y utiliza en nuestro sitio web, datos de tr\u00e1fico, datos de localizaci\u00f3n, registros, idioma;<br \/>Fecha y hora de acceso, frecuencia y otros datos de comunicaci\u00f3n;<br \/>Informaci\u00f3n sobre el ordenador y la conexi\u00f3n a Internet, incluido el sistema operativo, el dominio del host y el tipo de navegador (como Internet Explorer); o bien<br \/>Detalles del sitio web recomendado (URL).<br \/>La informaci\u00f3n que recopilamos autom\u00e1ticamente son datos estad\u00edsticos que pueden ayudarnos a mejorar nuestro sitio web y proporcionar servicios mejores y m\u00e1s personalizados, lo que incluye permitirnos:<br \/>Determinar los patrones de tr\u00e1fico del sitio web;<br \/>Cuente el n\u00famero de visitas a los centros;<br \/>Identificar la fuente de tr\u00e1fico para poder medir y mejorar el rendimiento del sitio web;<br \/>Compartir o vender dicha informaci\u00f3n a terceros;<br \/>Ayudarnos a comprender qu\u00e9 p\u00e1ginas y contenidos son los m\u00e1s populares y los menos populares.<br \/>Determinar la frecuencia y la \u00faltima fecha de su visita a nuestro sitio web.<\/p><p>Cookies y otras tecnolog\u00edas<br \/>Cuando visita nuestro sitio web o interact\u00faa con nuestros correos electr\u00f3nicos, utilizamos cookies, balizas web\/etiquetas de p\u00edxel y otras tecnolog\u00edas (denominadas colectivamente \u201ccookies\u201d) para identificarle. Las \u201ccookies\u201d son peque\u00f1as cantidades de datos almacenados en cach\u00e9 o almacenados en un ordenador en funci\u00f3n de la actividad en Internet. Estas \u201ccookies\u201d pueden ser de origen o de terceros. Por ejemplo, podemos recopilar informaci\u00f3n sobre su tipo y versi\u00f3n de navegador, sistema operativo, idioma del usuario, proveedor de servicios de Internet, p\u00e1ginas web visitadas, enlaces pulsados, direcci\u00f3n IP, si hay un complemento \u201cFlash\u201d, resoluci\u00f3n de pantalla e informaci\u00f3n de conexi\u00f3n. Tipos, sitios web visitados antes y despu\u00e9s de visitar nuestro sitio web, informaci\u00f3n detallada sobre los productos adquiridos y correos electr\u00f3nicos que env\u00eda, reenv\u00eda o en los que hace clic para entrar en nuestro sitio web. Al recopilar esta informaci\u00f3n, podemos comprender mejor c\u00f3mo interact\u00faa con nuestro sitio web; ofrecerle una experiencia en l\u00ednea m\u00e1s personalizada y optimizada mediante el seguimiento de sus preferencias; mejorar nuestro sitio web; realizar contratos con nuestros socios comerciales; ayudar a confirmar la recepci\u00f3n y respuesta a nuestro correo electr\u00f3nico; y proporcionar un servicio de atenci\u00f3n al cliente m\u00e1s eficaz. Para obtener m\u00e1s informaci\u00f3n sobre las cookies que recopilamos y c\u00f3mo desactivarlas, visite nuestra Pol\u00edtica de cookies y la secci\u00f3n 9 a continuaci\u00f3n. Plugins de redes sociales. Nuestro sitio web utiliza los denominados plugins sociales (\"plugins\") de las redes sociales Facebook, Twitter y LinkedIn. Estos plugins est\u00e1n indicados por los respectivos logotipos de las redes sociales. Cuando visite el sitio, su navegador establecer\u00e1 una conexi\u00f3n directa con los servidores de estas redes sociales. La red social transfiere el contenido del plug-in directamente a su navegador y luego lo integra en el sitio web. La integraci\u00f3n de plug-ins permite a las redes sociales recibir la informaci\u00f3n que usted ha cargado en las p\u00e1ginas correspondientes del sitio. Por ejemplo, si inicia sesi\u00f3n con Facebook, \u00e9ste podr\u00e1 asignar su visita a su cuenta. Cuando visita nuestro sitio web, tanto si interact\u00faa con el plug-in como si no, ya ha intercambiado esta informaci\u00f3n. Si interact\u00faa con el plug-in, la informaci\u00f3n correspondiente se enviar\u00e1 directamente a Facebook a trav\u00e9s de su navegador y se guardar\u00e1 all\u00ed. Puede encontrar informaci\u00f3n sobre c\u00f3mo utilizan los datos las redes sociales, as\u00ed como sus derechos y opciones de configuraci\u00f3n en las redes sociales para proteger su privacidad. Si no desea que las redes sociales recopilen datos sobre usted a trav\u00e9s de nuestro sitio web, debe iniciar sesi\u00f3n en el dominio de la red social antes de visitar el sitio web. Para evitar el intercambio de informaci\u00f3n con las redes sociales durante su visita a nuestro sitio web, puede desactivar las cookies a trav\u00e9s de la configuraci\u00f3n de su navegador y otras herramientas.<\/p><p>\u00bfC\u00f3mo compartimos la informaci\u00f3n?<br \/>Nuestra empresa se compromete a mantener la confidencialidad de sus datos personales. Salvo lo dispuesto en esta pol\u00edtica de privacidad, no venderemos, comercializaremos ni alquilaremos a terceros sus datos personales recogidos en el sitio web. Podemos compartir sus datos personales de acuerdo con los siguientes requisitos o permisos legales:<br \/>En el proceso comercial diario, cualquier empresa afiliada a Anhui Yongsheng Used Excavators. s\u00f3lo puede utilizar sus datos personales para los fines descritos en esta pol\u00edtica de privacidad (por ejemplo, para responder a sus consultas sobre nuestros productos y servicios);<br \/>Con contratistas, vendedores y proveedores que nos prestan servicios en nuestro nombre, como procesamiento y cumplimiento de pedidos; an\u00e1lisis y almacenamiento de datos; asistencia en marketing directo y distribuci\u00f3n de correos electr\u00f3nicos y otras comunicaciones; servicios de prevenci\u00f3n del fraude; entrega y log\u00edstica; y otros fines completos de la recopilaci\u00f3n anterior;<br \/>Si nosotros o cualquiera de nuestras empresas afiliadas se declara en quiebra o la transferencia de propiedad (o activos) relacionada con la reorganizaci\u00f3n corporativa propuesta o completa de cualquiera de nuestras empresas afiliadas, como fusiones reales o potenciales, adquisiciones o ventas de unidades de negocio;<br \/>Cumplir las \u00f3rdenes legales y los requisitos gubernamentales, o apoyar las funciones de auditor\u00eda, cumplimiento y gobierno corporativo seg\u00fan sea necesario;<br \/>Para combatir el fraude o la actividad delictiva, y para proteger nuestros derechos o los de nuestras filiales, usuarios y socios comerciales, o como parte de procedimientos legales que afecten a nuestra empresa, incluida la aplicaci\u00f3n de nuestros t\u00e9rminos y condiciones.<\/p>\t\t\t\t\t\t<\/div>\n\t\t\t\t<\/div>\n\t\t\t\t\t<\/div>\n\t\t\t\t<\/div>\n\t\t\t\t<\/div>","protected":false},"excerpt":{"rendered":"<p>Privacy Policy The privacy and security of your information is very important to us.Please view the full privacy policy below [&hellip;]<\/p>","protected":false},"author":1,"featured_media":0,"parent":0,"menu_order":0,"comment_status":"closed","ping_status":"closed","template":"","meta":{"_acf_changed":false,"site-sidebar-layout":"no-sidebar","site-content-layout":"","ast-site-content-layout":"full-width-container","site-content-style":"default","site-sidebar-style":"default","ast-global-header-display":"","ast-banner-title-visibility":"","ast-main-header-display":"","ast-hfb-above-header-display":"","ast-hfb-below-header-display":"","ast-hfb-mobile-header-display":"","site-post-title":"disabled","ast-breadcrumbs-content":"","ast-featured-img":"disabled","footer-sml-layout":"","theme-transparent-header-meta":"","adv-header-id-meta":"","stick-header-meta":"","header-above-stick-meta":"","header-main-stick-meta":"","header-below-stick-meta":"","astra-migrate-meta-layouts":"default","ast-page-background-enabled":"default","ast-page-background-meta":{"desktop":{"background-color":"var(--ast-global-color-4)","background-image":"","background-repeat":"repeat","background-position":"center center","background-size":"auto","background-attachment":"scroll","background-type":"","background-media":"","overlay-type":"","overlay-color":"","overlay-opacity":"","overlay-gradient":""},"tablet":{"background-color":"","background-image":"","background-repeat":"repeat","background-position":"center center","background-size":"auto","background-attachment":"scroll","background-type":"","background-media":"","overlay-type":"","overlay-color":"","overlay-opacity":"","overlay-gradient":""},"mobile":{"background-color":"","background-image":"","background-repeat":"repeat","background-position":"center center","background-size":"auto","background-attachment":"scroll","background-type":"","background-media":"","overlay-type":"","overlay-color":"","overlay-opacity":"","overlay-gradient":""}},"ast-content-background-meta":{"desktop":{"background-color":"var(--ast-global-color-5)","background-image":"","background-repeat":"repeat","background-position":"center center","background-size":"auto","background-attachment":"scroll","background-type":"","background-media":"","overlay-type":"","overlay-color":"","overlay-opacity":"","overlay-gradient":""},"tablet":{"background-color":"var(--ast-global-color-5)","background-image":"","background-repeat":"repeat","background-position":"center center","background-size":"auto","background-attachment":"scroll","background-type":"","background-media":"","overlay-type":"","overlay-color":"","overlay-opacity":"","overlay-gradient":""},"mobile":{"background-color":"var(--ast-global-color-5)","background-image":"","background-repeat":"repeat","background-position":"center center","background-size":"auto","background-attachment":"scroll","background-type":"","background-media":"","overlay-type":"","overlay-color":"","overlay-opacity":"","overlay-gradient":""}},"footnotes":""},"class_list":["post-1771","page","type-page","status-publish","hentry"],"acf":[],"_links":{"self":[{"href":"https:\/\/www.kaiyuexcavator.com\/es\/wp-json\/wp\/v2\/pages\/1771","targetHints":{"allow":["GET"]}}],"collection":[{"href":"https:\/\/www.kaiyuexcavator.com\/es\/wp-json\/wp\/v2\/pages"}],"about":[{"href":"https:\/\/www.kaiyuexcavator.com\/es\/wp-json\/wp\/v2\/types\/page"}],"author":[{"embeddable":true,"href":"https:\/\/www.kaiyuexcavator.com\/es\/wp-json\/wp\/v2\/users\/1"}],"replies":[{"embeddable":true,"href":"https:\/\/www.kaiyuexcavator.com\/es\/wp-json\/wp\/v2\/comments?post=1771"}],"version-history":[{"count":3,"href":"https:\/\/www.kaiyuexcavator.com\/es\/wp-json\/wp\/v2\/pages\/1771\/revisions"}],"predecessor-version":[{"id":1774,"href":"https:\/\/www.kaiyuexcavator.com\/es\/wp-json\/wp\/v2\/pages\/1771\/revisions\/1774"}],"wp:attachment":[{"href":"https:\/\/www.kaiyuexcavator.com\/es\/wp-json\/wp\/v2\/media?parent=1771"}],"curies":[{"name":"wp","href":"https:\/\/api.w.org\/{rel}","templated":true}]}}